{"id":3551,"date":"2025-10-23T18:40:27","date_gmt":"2025-10-23T16:40:27","guid":{"rendered":"https:\/\/mibooko.com\/?post_type=product&#038;p=3551"},"modified":"2026-03-18T19:55:53","modified_gmt":"2026-03-18T18:55:53","slug":"mystery-book-box-3-personalized-books","status":"publish","type":"product","link":"https:\/\/mibooko.com\/pt_br\/product\/mystery-book-box-3-personalized-books\/","title":{"rendered":"Mystery Book Box \u2013 3 Livros Personalizados para Crian\u00e7as"},"content":{"rendered":"<p data-start=\"1352\" data-end=\"1549\">Transforme a hora da leitura em uma experi\u00eancia m\u00e1gica com o <strong data-start=\"1405\" data-end=\"1425\">Mystery Book Box<\/strong> \u2014 um conjunto surpresa de <strong data-start=\"1446\" data-end=\"1480\">tr\u00eas livros totalmente personalizados<\/strong>, Cada uma delas \u00e9 personalizada de acordo com o nome, a apar\u00eancia e a personalidade do seu filho.<\/p>\n<p data-start=\"1551\" data-end=\"1631\">Cada hist\u00f3ria traz um tema e uma aventura diferentes, tornando esta caixa perfeita para:<\/p>\n<ul data-start=\"1632\" data-end=\"1755\">\n<li data-start=\"1632\" data-end=\"1656\">\n<p data-start=\"1634\" data-end=\"1656\">despertando a imagina\u00e7\u00e3o<\/p>\n<\/li>\n<li data-start=\"1657\" data-end=\"1685\">\n<p data-start=\"1659\" data-end=\"1685\">incentivando mais a leitura<\/p>\n<\/li>\n<li data-start=\"1686\" data-end=\"1719\">\n<p data-start=\"1688\" data-end=\"1719\">Construindo confian\u00e7a emocional<\/p>\n<\/li>\n<li data-start=\"1720\" data-end=\"1755\">\n<p data-start=\"1722\" data-end=\"1755\">Criando rituais alegres para a hora de dormir<\/p>\n<\/li>\n<\/ul>\n<p data-start=\"1757\" data-end=\"2081\">Este Mystery Book Box faz parte de um <strong data-start=\"1792\" data-end=\"1819\">cole\u00e7\u00e3o maior de 7 conjuntos<\/strong>, cada conjunto contendo <strong data-start=\"1841\" data-end=\"1872\">3 livros personalizados exclusivos<\/strong>.<br data-start=\"1873\" data-end=\"1876\" \/>Juntos, eles formam o <strong data-start=\"1900\" data-end=\"1940\">S\u00e9rie de livros de mist\u00e9rio com 21 aventuras.<\/strong> (7 conjuntos \u00d7 3 livros).<br data-start=\"1960\" data-end=\"1963\" \/>Seu filho poder\u00e1 explorar novos mundos, personagens, emo\u00e7\u00f5es e desafios ao longo de toda a s\u00e9rie \u2014 sempre como o her\u00f3i.<\/p>\n<p data-start=\"2083\" data-end=\"2196\">Cada livro \u00e9 ilustrado por artistas profissionais da \u00e1rea infantil e constru\u00eddo utilizando princ\u00edpios de narrativa que apoiam:<\/p>\n<ul data-start=\"2197\" data-end=\"2269\">\n<li data-start=\"2197\" data-end=\"2215\">\n<p data-start=\"2199\" data-end=\"2215\">alfabetiza\u00e7\u00e3o precoce<\/p>\n<\/li>\n<li data-start=\"2216\" data-end=\"2227\">\n<p data-start=\"2218\" data-end=\"2227\">empatia<\/p>\n<\/li>\n<li data-start=\"2228\" data-end=\"2241\">\n<p data-start=\"2230\" data-end=\"2241\">curiosidade<\/p>\n<\/li>\n<li data-start=\"2242\" data-end=\"2269\">\n<p data-start=\"2244\" data-end=\"2269\">compreens\u00e3o emocional<\/p>\n<\/li>\n<\/ul>\n<p data-start=\"2271\" data-end=\"2406\">Voc\u00ea recebe <strong data-start=\"2283\" data-end=\"2309\">acesso digital instant\u00e2neo<\/strong> Para os tr\u00eas livros \u2014 sem espera, sem atrasos.<br data-start=\"2353\" data-end=\"2356\" \/>Seu filho pode come\u00e7ar suas aventuras imediatamente.<\/p>\n<p data-start=\"2408\" data-end=\"2497\">D\u00ea a eles uma surpresa que jamais esquecer\u00e3o \u2014 tr\u00eas hist\u00f3rias onde <strong data-start=\"2472\" data-end=\"2480\">eles<\/strong> torne-se o her\u00f3i<\/p>","protected":false},"excerpt":{"rendered":"<p>Descubra a magia do Mystery Book Box \u2014 um conjunto surpresa de tr\u00eas livros personalizados e lindamente ilustrados, onde seu filho se torna o her\u00f3i. Cada livro oferece uma aventura diferente, feita sob medida para o nome, apar\u00eancia e personalidade da crian\u00e7a. Parte de uma cole\u00e7\u00e3o maior com 7 conjuntos (21 livros no total), esta caixa desbloqueia instantaneamente tr\u00eas hist\u00f3rias exclusivas para despertar a imagina\u00e7\u00e3o, a confian\u00e7a e momentos de leitura prazerosos. Acesso digital instant\u00e2neo inclu\u00eddo.<\/p>","protected":false},"featured_media":0,"comment_status":"open","ping_status":"closed","template":"","meta":{"_acf_changed":false,"site-sidebar-layout":"default","site-content-layout":"","ast-site-content-layout":"default","site-content-style":"default","site-sidebar-style":"default","ast-global-header-display":"","ast-banner-title-visibility":"","ast-main-header-display":"","ast-hfb-above-header-display":"","ast-hfb-below-header-display":"","ast-hfb-mobile-header-display":"","site-post-title":"","ast-breadcrumbs-content":"","ast-featured-img":"","footer-sml-layout":"","theme-transparent-header-meta":"default","adv-header-id-meta":"","stick-header-meta":"","header-above-stick-meta":"","header-main-stick-meta":"","header-below-stick-meta":"","astra-migrate-meta-layouts":"set","ast-page-background-enabled":"default","ast-page-background-meta":{"desktop":{"background-color":"var(--ast-global-color-5)","background-image":"","background-repeat":"repeat","background-position":"center center","background-size":"auto","background-attachment":"scroll","background-type":"","background-media":"","overlay-type":"","overlay-color":"","overlay-opacity":"","overlay-gradient":""},"tablet":{"background-color":"","background-image":"","background-repeat":"repeat","background-position":"center center","background-size":"auto","background-attachment":"scroll","background-type":"","background-media":"","overlay-type":"","overlay-color":"","overlay-opacity":"","overlay-gradient":""},"mobile":{"background-color":"","background-image":"","background-repeat":"repeat","background-position":"center center","background-size":"auto","background-attachment":"scroll","background-type":"","background-media":"","overlay-type":"","overlay-color":"","overlay-opacity":"","overlay-gradient":""}},"ast-content-background-meta":{"desktop":{"background-color":"var(--ast-global-color-4)","background-image":"","background-repeat":"repeat","background-position":"center center","background-size":"auto","background-attachment":"scroll","background-type":"","background-media":"","overlay-type":"","overlay-color":"","overlay-opacity":"","overlay-gradient":""},"tablet":{"background-color":"var(--ast-global-color-4)","background-image":"","background-repeat":"repeat","background-position":"center center","background-size":"auto","background-attachment":"scroll","background-type":"","background-media":"","overlay-type":"","overlay-color":"","overlay-opacity":"","overlay-gradient":""},"mobile":{"background-color":"var(--ast-global-color-4)","background-image":"","background-repeat":"repeat","background-position":"center center","background-size":"auto","background-attachment":"scroll","background-type":"","background-media":"","overlay-type":"","overlay-color":"","overlay-opacity":"","overlay-gradient":""}},"_glsr_average":0,"_glsr_ranking":0,"_glsr_reviews":0},"product_brand":[],"product_cat":[168,18],"product_tag":[],"class_list":{"0":"post-3551","1":"product","2":"type-product","3":"status-publish","5":"product_cat-digital-book","6":"product_cat-uncategorized","7":"desktop-align-left","8":"tablet-align-left","9":"mobile-align-left","11":"first","12":"instock","13":"downloadable","14":"taxable","15":"shipping-taxable","16":"purchasable","17":"product-type-simple"},"acf":[],"_links":{"self":[{"href":"https:\/\/mibooko.com\/pt_br\/wp-json\/wp\/v2\/product\/3551","targetHints":{"allow":["GET"]}}],"collection":[{"href":"https:\/\/mibooko.com\/pt_br\/wp-json\/wp\/v2\/product"}],"about":[{"href":"https:\/\/mibooko.com\/pt_br\/wp-json\/wp\/v2\/types\/product"}],"replies":[{"embeddable":true,"href":"https:\/\/mibooko.com\/pt_br\/wp-json\/wp\/v2\/comments?post=3551"}],"wp:attachment":[{"href":"https:\/\/mibooko.com\/pt_br\/wp-json\/wp\/v2\/media?parent=3551"}],"wp:term":[{"taxonomy":"product_brand","embeddable":true,"href":"https:\/\/mibooko.com\/pt_br\/wp-json\/wp\/v2\/product_brand?post=3551"},{"taxonomy":"product_cat","embeddable":true,"href":"https:\/\/mibooko.com\/pt_br\/wp-json\/wp\/v2\/product_cat?post=3551"},{"taxonomy":"product_tag","embeddable":true,"href":"https:\/\/mibooko.com\/pt_br\/wp-json\/wp\/v2\/product_tag?post=3551"}],"curies":[{"name":"wp","href":"https:\/\/api.w.org\/{rel}","templated":true}]}}