{"id":4399,"date":"2025-11-07T15:05:56","date_gmt":"2025-11-07T14:05:56","guid":{"rendered":"https:\/\/mibooko.com\/?post_type=product&#038;p=4399"},"modified":"2026-03-18T19:55:13","modified_gmt":"2026-03-18T18:55:13","slug":"mystery-book-box-3-personalized-storybooks","status":"publish","type":"product","link":"https:\/\/mibooko.com\/pt_br\/product\/mystery-book-box-3-personalized-storybooks\/","title":{"rendered":"Mystery Book Box \u2013 3 Livros de Hist\u00f3rias Personalizados para Crian\u00e7as"},"content":{"rendered":"<p data-start=\"2228\" data-end=\"2428\">Proporcione ao seu filho uma experi\u00eancia de leitura inesquec\u00edvel com o <strong data-start=\"2289\" data-end=\"2314\">Mystery Book Box<\/strong> \u2014 uma cole\u00e7\u00e3o premium de <strong data-start=\"2341\" data-end=\"2380\">tr\u00eas livros de hist\u00f3rias totalmente personalizados<\/strong>, Cada um deles foi criado pensando no mundo \u00fanico do seu filho.<\/p>\n<p data-start=\"2430\" data-end=\"2453\">Cada livro infantil oferece:<\/p>\n<ul data-start=\"2454\" data-end=\"2562\">\n<li data-start=\"2454\" data-end=\"2477\">\n<p data-start=\"2456\" data-end=\"2477\">narrativa mais rica<\/p>\n<\/li>\n<li data-start=\"2478\" data-end=\"2502\">\n<p data-start=\"2480\" data-end=\"2502\">cenas mais detalhadas<\/p>\n<\/li>\n<li data-start=\"2503\" data-end=\"2531\">\n<p data-start=\"2505\" data-end=\"2531\">ilustra\u00e7\u00f5es expressivas<\/p>\n<\/li>\n<li data-start=\"2532\" data-end=\"2562\">\n<p data-start=\"2534\" data-end=\"2562\">imers\u00e3o emocional mais profunda<\/p>\n<\/li>\n<\/ul>\n<p data-start=\"2564\" data-end=\"2594\">Ideal para fam\u00edlias que adoram:<\/p>\n<ul data-start=\"2595\" data-end=\"2744\">\n<li data-start=\"2595\" data-end=\"2621\">\n<p data-start=\"2597\" data-end=\"2621\">leitura mais longa antes de dormir<\/p>\n<\/li>\n<li data-start=\"2622\" data-end=\"2654\">\n<p data-start=\"2624\" data-end=\"2654\">hist\u00f3rias envolventes e significativas<\/p>\n<\/li>\n<li data-start=\"2655\" data-end=\"2693\">\n<p data-start=\"2657\" data-end=\"2693\">aventuras lindamente ilustradas<\/p>\n<\/li>\n<li data-start=\"2694\" data-end=\"2744\">\n<p data-start=\"2696\" data-end=\"2744\">Cultivar a confian\u00e7a emocional e a imagina\u00e7\u00e3o.<\/p>\n<\/li>\n<\/ul>\n<p data-start=\"2746\" data-end=\"3030\">Este Mystery Book Box faz parte de um <strong data-start=\"2786\" data-end=\"2802\">S\u00e9rie de 7 conjuntos<\/strong>, com cada conjunto contendo <strong data-start=\"2829\" data-end=\"2858\">3 livros de hist\u00f3rias personalizados<\/strong>, totalizando <strong data-start=\"2879\" data-end=\"2903\">21 aventuras \u00fanicas<\/strong>.<br data-start=\"2904\" data-end=\"2907\" \/>Seu filho pode explorar uma biblioteca inteira de temas, emo\u00e7\u00f5es, personagens e desafios \u2014 sempre como o her\u00f3i da hist\u00f3ria.<\/p>\n<p data-start=\"3032\" data-end=\"3126\">Cada livro de hist\u00f3rias MIBOOKO \u00e9 criado utilizando princ\u00edpios de narrativa que promovem o desenvolvimento e apoiam:<\/p>\n<ul data-start=\"3127\" data-end=\"3209\">\n<li data-start=\"3127\" data-end=\"3138\">\n<p data-start=\"3129\" data-end=\"3138\">empatia<\/p>\n<\/li>\n<li data-start=\"3139\" data-end=\"3153\">\n<p data-start=\"3141\" data-end=\"3153\">resili\u00eancia<\/p>\n<\/li>\n<li data-start=\"3154\" data-end=\"3167\">\n<p data-start=\"3156\" data-end=\"3167\">curiosidade<\/p>\n<\/li>\n<li data-start=\"3168\" data-end=\"3183\">\n<p data-start=\"3170\" data-end=\"3183\">imagina\u00e7\u00e3o<\/p>\n<\/li>\n<li data-start=\"3184\" data-end=\"3209\">\n<p data-start=\"3186\" data-end=\"3209\">habilidades iniciais de alfabetiza\u00e7\u00e3o<\/p>\n<\/li>\n<\/ul>\n<p data-start=\"3211\" data-end=\"3342\">Voc\u00ea recebe <strong data-start=\"3223\" data-end=\"3249\">acesso digital instant\u00e2neo<\/strong> para todos os tr\u00eas livros de hist\u00f3rias.<br data-start=\"3274\" data-end=\"3277\" \/>A aventura do seu filho come\u00e7a no momento em que voc\u00ea conclui seu pedido.<\/p>\n<p data-start=\"3344\" data-end=\"3442\">Ofere\u00e7a a eles uma experi\u00eancia de leitura premium \u2014 tr\u00eas hist\u00f3rias ricamente elaboradas onde <strong data-start=\"3420\" data-end=\"3428\">eles<\/strong> s\u00e3o os her\u00f3is.<\/p>","protected":false},"excerpt":{"rendered":"<p>Uma caixa surpresa premium contendo tr\u00eas livros de hist\u00f3rias personalizados e ricamente ilustrados. Cada hist\u00f3ria coloca seu filho no centro de uma aventura mais profunda e envolvente, feita sob medida para seu nome, apar\u00eancia e personalidade. Parte de uma s\u00e9rie de 7 conjuntos, totalizando 21 livros de hist\u00f3rias exclusivos, esta caixa desbloqueia tr\u00eas jornadas inesquec\u00edveis. Acesso digital instant\u00e2neo inclu\u00eddo.<\/p>","protected":false},"featured_media":0,"comment_status":"open","ping_status":"closed","template":"","meta":{"_acf_changed":false,"site-sidebar-layout":"default","site-content-layout":"","ast-site-content-layout":"default","site-content-style":"default","site-sidebar-style":"default","ast-global-header-display":"","ast-banner-title-visibility":"","ast-main-header-display":"","ast-hfb-above-header-display":"","ast-hfb-below-header-display":"","ast-hfb-mobile-header-display":"","site-post-title":"","ast-breadcrumbs-content":"","ast-featured-img":"","footer-sml-layout":"","theme-transparent-header-meta":"default","adv-header-id-meta":"","stick-header-meta":"","header-above-stick-meta":"","header-main-stick-meta":"","header-below-stick-meta":"","astra-migrate-meta-layouts":"set","ast-page-background-enabled":"default","ast-page-background-meta":{"desktop":{"background-color":"var(--ast-global-color-5)","background-image":"","background-repeat":"repeat","background-position":"center center","background-size":"auto","background-attachment":"scroll","background-type":"","background-media":"","overlay-type":"","overlay-color":"","overlay-opacity":"","overlay-gradient":""},"tablet":{"background-color":"","background-image":"","background-repeat":"repeat","background-position":"center center","background-size":"auto","background-attachment":"scroll","background-type":"","background-media":"","overlay-type":"","overlay-color":"","overlay-opacity":"","overlay-gradient":""},"mobile":{"background-color":"","background-image":"","background-repeat":"repeat","background-position":"center center","background-size":"auto","background-attachment":"scroll","background-type":"","background-media":"","overlay-type":"","overlay-color":"","overlay-opacity":"","overlay-gradient":""}},"ast-content-background-meta":{"desktop":{"background-color":"var(--ast-global-color-4)","background-image":"","background-repeat":"repeat","background-position":"center center","background-size":"auto","background-attachment":"scroll","background-type":"","background-media":"","overlay-type":"","overlay-color":"","overlay-opacity":"","overlay-gradient":""},"tablet":{"background-color":"var(--ast-global-color-4)","background-image":"","background-repeat":"repeat","background-position":"center center","background-size":"auto","background-attachment":"scroll","background-type":"","background-media":"","overlay-type":"","overlay-color":"","overlay-opacity":"","overlay-gradient":""},"mobile":{"background-color":"var(--ast-global-color-4)","background-image":"","background-repeat":"repeat","background-position":"center center","background-size":"auto","background-attachment":"scroll","background-type":"","background-media":"","overlay-type":"","overlay-color":"","overlay-opacity":"","overlay-gradient":""}},"_glsr_average":0,"_glsr_ranking":0,"_glsr_reviews":0},"product_brand":[],"product_cat":[168,18],"product_tag":[],"class_list":{"0":"post-4399","1":"product","2":"type-product","3":"status-publish","5":"product_cat-digital-book","6":"product_cat-uncategorized","7":"desktop-align-left","8":"tablet-align-left","9":"mobile-align-left","11":"first","12":"instock","13":"downloadable","14":"taxable","15":"shipping-taxable","16":"purchasable","17":"product-type-simple"},"acf":[],"_links":{"self":[{"href":"https:\/\/mibooko.com\/pt_br\/wp-json\/wp\/v2\/product\/4399","targetHints":{"allow":["GET"]}}],"collection":[{"href":"https:\/\/mibooko.com\/pt_br\/wp-json\/wp\/v2\/product"}],"about":[{"href":"https:\/\/mibooko.com\/pt_br\/wp-json\/wp\/v2\/types\/product"}],"replies":[{"embeddable":true,"href":"https:\/\/mibooko.com\/pt_br\/wp-json\/wp\/v2\/comments?post=4399"}],"wp:attachment":[{"href":"https:\/\/mibooko.com\/pt_br\/wp-json\/wp\/v2\/media?parent=4399"}],"wp:term":[{"taxonomy":"product_brand","embeddable":true,"href":"https:\/\/mibooko.com\/pt_br\/wp-json\/wp\/v2\/product_brand?post=4399"},{"taxonomy":"product_cat","embeddable":true,"href":"https:\/\/mibooko.com\/pt_br\/wp-json\/wp\/v2\/product_cat?post=4399"},{"taxonomy":"product_tag","embeddable":true,"href":"https:\/\/mibooko.com\/pt_br\/wp-json\/wp\/v2\/product_tag?post=4399"}],"curies":[{"name":"wp","href":"https:\/\/api.w.org\/{rel}","templated":true}]}}