{"id":4400,"date":"2025-11-07T15:10:02","date_gmt":"2025-11-07T14:10:02","guid":{"rendered":"https:\/\/mibooko.com\/?post_type=product&#038;p=4400"},"modified":"2026-03-18T19:54:50","modified_gmt":"2026-03-18T18:54:50","slug":"personalized-storybook-subscription-for-children","status":"publish","type":"product","link":"https:\/\/mibooko.com\/pt_br\/product\/personalized-storybook-subscription-for-children\/","title":{"rendered":"Assinatura personalizada de livros de hist\u00f3rias para crian\u00e7as"},"content":{"rendered":"<p data-start=\"2003\" data-end=\"2243\">Proporcione ao seu filho um ano repleto de leituras significativas e envolventes por meio do <strong data-start=\"2080\" data-end=\"2119\">Assinatura de livro de hist\u00f3rias personalizado<\/strong> \u2014 uma cole\u00e7\u00e3o de <strong data-start=\"2138\" data-end=\"2174\">12 livros de hist\u00f3rias ricamente ilustrados<\/strong>, Cada uma delas adaptada ao seu mundo, personalidade e necessidades de desenvolvimento.<\/p>\n<p data-start=\"2245\" data-end=\"2303\">Diferentemente dos livros convencionais, cada hist\u00f3ria se adapta \u00e0 idade do seu filho:<\/p>\n<ul data-start=\"2304\" data-end=\"2474\">\n<li data-start=\"2304\" data-end=\"2346\">\n<p data-start=\"2306\" data-end=\"2346\">nome, apar\u00eancia e estrutura familiar<\/p>\n<\/li>\n<li data-start=\"2347\" data-end=\"2372\">\n<p data-start=\"2349\" data-end=\"2372\">idade e n\u00edvel de leitura<\/p>\n<\/li>\n<li data-start=\"2373\" data-end=\"2395\">\n<p data-start=\"2375\" data-end=\"2395\">tra\u00e7os de personalidade<\/p>\n<\/li>\n<li data-start=\"2396\" data-end=\"2415\">\n<p data-start=\"2398\" data-end=\"2415\">necessidades emocionais<\/p>\n<\/li>\n<li data-start=\"2416\" data-end=\"2438\">\n<p data-start=\"2418\" data-end=\"2438\">desafios atuais<\/p>\n<\/li>\n<li data-start=\"2439\" data-end=\"2474\">\n<p data-start=\"2441\" data-end=\"2474\">interesses, medos e pontos fortes<\/p>\n<\/li>\n<\/ul>\n<p data-start=\"2476\" data-end=\"2602\">Esta assinatura tem como foco <strong data-start=\"2505\" data-end=\"2544\">crescimento emocional e cognitivo profundo<\/strong>, ajudando as crian\u00e7as a praticar e aprimorar habilidades como:<\/p>\n<ul data-start=\"2603\" data-end=\"2798\">\n<li data-start=\"2603\" data-end=\"2637\">\n<p data-start=\"2605\" data-end=\"2637\">resili\u00eancia e autoconfian\u00e7a<\/p>\n<\/li>\n<li data-start=\"2638\" data-end=\"2662\">\n<p data-start=\"2640\" data-end=\"2662\">regula\u00e7\u00e3o emocional<\/p>\n<\/li>\n<li data-start=\"2663\" data-end=\"2687\">\n<p data-start=\"2665\" data-end=\"2687\">empatia e bondade<\/p>\n<\/li>\n<li data-start=\"2688\" data-end=\"2717\">\n<p data-start=\"2690\" data-end=\"2717\">curiosidade e imagina\u00e7\u00e3o<\/p>\n<\/li>\n<li data-start=\"2718\" data-end=\"2737\">\n<p data-start=\"2720\" data-end=\"2737\">resolu\u00e7\u00e3o de problemas<\/p>\n<\/li>\n<li data-start=\"2738\" data-end=\"2773\">\n<p data-start=\"2740\" data-end=\"2773\">compreens\u00e3o de situa\u00e7\u00f5es sociais<\/p>\n<\/li>\n<li data-start=\"2774\" data-end=\"2798\">\n<p data-start=\"2776\" data-end=\"2798\">paci\u00eancia e coragem<\/p>\n<\/li>\n<\/ul>\n<p data-start=\"2800\" data-end=\"2913\">Cada livro infantil oferece uma <strong data-start=\"2824\" data-end=\"2859\">narrativa mais longa e detalhada<\/strong> do que a edi\u00e7\u00e3o normal do livro, tornando-a perfeita para:<\/p>\n<ul data-start=\"2914\" data-end=\"3028\">\n<li data-start=\"2914\" data-end=\"2946\">\n<p data-start=\"2916\" data-end=\"2946\">rituais de contar hist\u00f3rias antes de dormir<\/p>\n<\/li>\n<li data-start=\"2947\" data-end=\"2966\">\n<p data-start=\"2949\" data-end=\"2966\">leitores engajados<\/p>\n<\/li>\n<li data-start=\"2967\" data-end=\"2992\">\n<p data-start=\"2969\" data-end=\"2992\">desenvolvimento emocional<\/p>\n<\/li>\n<li data-start=\"2993\" data-end=\"3028\">\n<p data-start=\"2995\" data-end=\"3028\">Construindo h\u00e1bitos de leitura duradouros<\/p>\n<\/li>\n<\/ul>\n<p data-start=\"3030\" data-end=\"3256\">Todo m\u00eas (ou semana, ou a cada duas semanas), seu filho entra em um novo mundo \u2014 sempre como o her\u00f3i \u2014 aprendendo a lidar com desafios, celebrar seus pontos fortes e compreender suas emo\u00e7\u00f5es por meio de hist\u00f3rias envolventes e baseadas em evid\u00eancias.<\/p>\n<p data-start=\"3258\" data-end=\"3506\">Voc\u00ea recebe <strong data-start=\"3270\" data-end=\"3296\">acesso digital instant\u00e2neo<\/strong> Para cada livro de hist\u00f3rias, assim que for lan\u00e7ado, para que seu filho possa come\u00e7ar a explorar imediatamente.<br data-start=\"3388\" data-end=\"3391\" \/>Sua assinatura pode chegar <strong data-start=\"3420\" data-end=\"3430\">semanalmente<\/strong>, <strong data-start=\"3432\" data-end=\"3445\">quinzenal<\/strong>, ou <strong data-start=\"3450\" data-end=\"3461\">mensal<\/strong> Dependendo do que melhor se adapta ao ritmo da sua fam\u00edlia.<\/p>\n<p data-start=\"3508\" data-end=\"3634\">D\u00ea ao seu filho 12 hist\u00f3rias impactantes que contribuam para a forma\u00e7\u00e3o de quem ele est\u00e1 se tornando \u2014 uma aventura, uma li\u00e7\u00e3o, um momento de hero\u00edsmo de cada vez.<\/p>\n<p data-start=\"3636\" data-end=\"3682\">Porque em cada hist\u00f3ria, <strong data-start=\"3660\" data-end=\"3668\">eles<\/strong> s\u00e3o os her\u00f3is.<\/p>","protected":false},"excerpt":{"rendered":"<p>Ofere\u00e7a ao seu filho 12 livros de hist\u00f3rias personalizados e ricamente ilustrados, entregues semanalmente, quinzenalmente ou mensalmente. Cada hist\u00f3ria envolvente ajuda a desenvolver habilidades emocionais, confian\u00e7a, resili\u00eancia e imagina\u00e7\u00e3o \u2014 sempre com seu filho como protagonista. Um ritual de leitura significativo que cresce com ele.<\/p>","protected":false},"featured_media":0,"comment_status":"open","ping_status":"closed","template":"","meta":{"_acf_changed":false,"site-sidebar-layout":"default","site-content-layout":"","ast-site-content-layout":"default","site-content-style":"default","site-sidebar-style":"default","ast-global-header-display":"","ast-banner-title-visibility":"","ast-main-header-display":"","ast-hfb-above-header-display":"","ast-hfb-below-header-display":"","ast-hfb-mobile-header-display":"","site-post-title":"","ast-breadcrumbs-content":"","ast-featured-img":"","footer-sml-layout":"","theme-transparent-header-meta":"default","adv-header-id-meta":"","stick-header-meta":"","header-above-stick-meta":"","header-main-stick-meta":"","header-below-stick-meta":"","astra-migrate-meta-layouts":"set","ast-page-background-enabled":"default","ast-page-background-meta":{"desktop":{"background-color":"var(--ast-global-color-5)","background-image":"","background-repeat":"repeat","background-position":"center center","background-size":"auto","background-attachment":"scroll","background-type":"","background-media":"","overlay-type":"","overlay-color":"","overlay-opacity":"","overlay-gradient":""},"tablet":{"background-color":"","background-image":"","background-repeat":"repeat","background-position":"center center","background-size":"auto","background-attachment":"scroll","background-type":"","background-media":"","overlay-type":"","overlay-color":"","overlay-opacity":"","overlay-gradient":""},"mobile":{"background-color":"","background-image":"","background-repeat":"repeat","background-position":"center center","background-size":"auto","background-attachment":"scroll","background-type":"","background-media":"","overlay-type":"","overlay-color":"","overlay-opacity":"","overlay-gradient":""}},"ast-content-background-meta":{"desktop":{"background-color":"var(--ast-global-color-4)","background-image":"","background-repeat":"repeat","background-position":"center center","background-size":"auto","background-attachment":"scroll","background-type":"","background-media":"","overlay-type":"","overlay-color":"","overlay-opacity":"","overlay-gradient":""},"tablet":{"background-color":"var(--ast-global-color-4)","background-image":"","background-repeat":"repeat","background-position":"center center","background-size":"auto","background-attachment":"scroll","background-type":"","background-media":"","overlay-type":"","overlay-color":"","overlay-opacity":"","overlay-gradient":""},"mobile":{"background-color":"var(--ast-global-color-4)","background-image":"","background-repeat":"repeat","background-position":"center center","background-size":"auto","background-attachment":"scroll","background-type":"","background-media":"","overlay-type":"","overlay-color":"","overlay-opacity":"","overlay-gradient":""}},"_glsr_average":0,"_glsr_ranking":0,"_glsr_reviews":0},"product_brand":[],"product_cat":[168,18],"product_tag":[],"class_list":{"0":"post-4400","1":"product","2":"type-product","3":"status-publish","5":"product_cat-digital-book","6":"product_cat-uncategorized","7":"desktop-align-left","8":"tablet-align-left","9":"mobile-align-left","11":"first","12":"instock","13":"taxable","14":"shipping-taxable","15":"purchasable","16":"product-type-variable"},"acf":[],"_links":{"self":[{"href":"https:\/\/mibooko.com\/pt_br\/wp-json\/wp\/v2\/product\/4400","targetHints":{"allow":["GET"]}}],"collection":[{"href":"https:\/\/mibooko.com\/pt_br\/wp-json\/wp\/v2\/product"}],"about":[{"href":"https:\/\/mibooko.com\/pt_br\/wp-json\/wp\/v2\/types\/product"}],"replies":[{"embeddable":true,"href":"https:\/\/mibooko.com\/pt_br\/wp-json\/wp\/v2\/comments?post=4400"}],"wp:attachment":[{"href":"https:\/\/mibooko.com\/pt_br\/wp-json\/wp\/v2\/media?parent=4400"}],"wp:term":[{"taxonomy":"product_brand","embeddable":true,"href":"https:\/\/mibooko.com\/pt_br\/wp-json\/wp\/v2\/product_brand?post=4400"},{"taxonomy":"product_cat","embeddable":true,"href":"https:\/\/mibooko.com\/pt_br\/wp-json\/wp\/v2\/product_cat?post=4400"},{"taxonomy":"product_tag","embeddable":true,"href":"https:\/\/mibooko.com\/pt_br\/wp-json\/wp\/v2\/product_tag?post=4400"}],"curies":[{"name":"wp","href":"https:\/\/api.w.org\/{rel}","templated":true}]}}