{"id":6012,"date":"2025-11-27T00:45:27","date_gmt":"2025-11-26T23:45:27","guid":{"rendered":"https:\/\/mibooko.com\/?post_type=product&#038;p=6012"},"modified":"2026-03-18T19:54:26","modified_gmt":"2026-03-18T18:54:26","slug":"special-moment-personalized-book","status":"publish","type":"product","link":"https:\/\/mibooko.com\/pt_br\/product\/special-moment-personalized-book\/","title":{"rendered":"Livro personalizado para momentos especiais"},"content":{"rendered":"<p>O Livro dos Momentos Especiais \u00e9 uma hist\u00f3ria infantil totalmente personalizada, criada para celebrar, homenagear ou marcar os momentos mais importantes. Sejam eles alegres, festivos, emocionantes ou reflexivos, este livro transforma a ocasi\u00e3o escolhida em uma aventura lindamente ilustrada, onde seu filho se torna o personagem principal.<\/p>\n<p>Comece personalizando o nome, a apar\u00eancia e os membros da fam\u00edlia que aparecem ao lado do seu filho. Adicione uma dedicat\u00f3ria pessoal, escolha o tom do momento e veja a hist\u00f3ria se adaptar instantaneamente. Quando estiver pronto, seu livro ser\u00e1 entregue nos formatos PDF e EPUB, f\u00e1ceis de usar e perfeitos para ler em qualquer dispositivo ou imprimir em casa como lembran\u00e7a. A narra\u00e7\u00e3o opcional por texto para fala tamb\u00e9m pode estar dispon\u00edvel, dependendo do idioma.<\/p>\n<p>Esta edi\u00e7\u00e3o \u00e9 ideal para pais que desejam uma hist\u00f3ria r\u00e1pida e emocionante, mas que ainda capture a ess\u00eancia da ocasi\u00e3o.<\/p>\n<p><strong>Ocasi\u00f5es para as quais voc\u00ea pode criar uma hist\u00f3ria<\/strong><\/p>\n<p>O nosso Livro de Momentos Especiais atualmente apoia uma ampla sele\u00e7\u00e3o de eventos familiares e culturais, incluindo:<\/p>\n<ul>\n<li>Anivers\u00e1rio<\/li>\n<li>Natal<\/li>\n<li>Ano Novo<\/li>\n<li>P\u00e1scoa<\/li>\n<li>Eid Mubarak<\/li>\n<li>Chag Sameach<\/li>\n<li>Dia do Nome<\/li>\n<li>Dia das M\u00e3es<\/li>\n<li>Dia dos Pais<\/li>\n<li>Dia das Crian\u00e7as<\/li>\n<li>Novo beb\u00ea \/ Bem-vindo ao mundo<\/li>\n<li>Halloween<\/li>\n<li>Diwali<\/li>\n<li>Dia dos Namorados<\/li>\n<li>Ano Novo Lunar (Tema do Cavalo de Fogo)<\/li>\n<li>Funeral \/ Despedida \/ Lembran\u00e7a \u2014 narrativa delicada e reconfortante.<\/li>\n<\/ul>\n<p>Se o seu momento n\u00e3o estiver listado, voc\u00ea pode escolher \u201cOutra Ocasi\u00e3o\u201d durante a personaliza\u00e7\u00e3o e descrever o seu cen\u00e1rio. Nosso sistema adaptar\u00e1 a hist\u00f3ria respeitosamente \u00e0s necessidades da sua fam\u00edlia.<br \/>\n<strong>Por que as fam\u00edlias adoram o livro &quot;Momentos Especiais&quot;<\/strong><\/p>\n<ul>\n<li>Uma lembran\u00e7a significativa para momentos importantes ou transi\u00e7\u00f5es emocionais.<\/li>\n<li>Her\u00f3i, fam\u00edlia e mensagem personalizados<\/li>\n<li>Tons suaves e delicados, adaptados \u00e0 sua ocasi\u00e3o.<\/li>\n<li>Acesso instant\u00e2neo \u2014 sem necessidade de envio<\/li>\n<li>Perfeito para fam\u00edlias, parentes e para quem gosta de presentear com carinho.<\/li>\n<\/ul>\n<p>Este livro se torna uma lembran\u00e7a querida que cresce com seu filho \u2014 algo ao qual ele retornar\u00e1 ano ap\u00f3s ano como parte da tradi\u00e7\u00e3o familiar de contar hist\u00f3rias.<\/p>","protected":false},"excerpt":{"rendered":"<p>Um livro infantil personalizado, criado para qualquer momento especial \u2014 anivers\u00e1rios, feriados, nascimento de beb\u00eas ou lembran\u00e7as. Personalize com o nome, a apar\u00eancia, os membros da fam\u00edlia e a dedicat\u00f3ria do seu filho. Dispon\u00edvel instantaneamente em PDF e EPUB para impress\u00e3o em casa ou leitura digital.<\/p>","protected":false},"featured_media":0,"comment_status":"open","ping_status":"closed","template":"","meta":{"_acf_changed":false,"site-sidebar-layout":"default","site-content-layout":"","ast-site-content-layout":"default","site-content-style":"default","site-sidebar-style":"default","ast-global-header-display":"","ast-banner-title-visibility":"","ast-main-header-display":"","ast-hfb-above-header-display":"","ast-hfb-below-header-display":"","ast-hfb-mobile-header-display":"","site-post-title":"","ast-breadcrumbs-content":"","ast-featured-img":"","footer-sml-layout":"","theme-transparent-header-meta":"default","adv-header-id-meta":"","stick-header-meta":"","header-above-stick-meta":"","header-main-stick-meta":"","header-below-stick-meta":"","astra-migrate-meta-layouts":"set","ast-page-background-enabled":"default","ast-page-background-meta":{"desktop":{"background-color":"var(--ast-global-color-5)","background-image":"","background-repeat":"repeat","background-position":"center center","background-size":"auto","background-attachment":"scroll","background-type":"","background-media":"","overlay-type":"","overlay-color":"","overlay-opacity":"","overlay-gradient":""},"tablet":{"background-color":"","background-image":"","background-repeat":"repeat","background-position":"center center","background-size":"auto","background-attachment":"scroll","background-type":"","background-media":"","overlay-type":"","overlay-color":"","overlay-opacity":"","overlay-gradient":""},"mobile":{"background-color":"","background-image":"","background-repeat":"repeat","background-position":"center center","background-size":"auto","background-attachment":"scroll","background-type":"","background-media":"","overlay-type":"","overlay-color":"","overlay-opacity":"","overlay-gradient":""}},"ast-content-background-meta":{"desktop":{"background-color":"var(--ast-global-color-4)","background-image":"","background-repeat":"repeat","background-position":"center center","background-size":"auto","background-attachment":"scroll","background-type":"","background-media":"","overlay-type":"","overlay-color":"","overlay-opacity":"","overlay-gradient":""},"tablet":{"background-color":"var(--ast-global-color-4)","background-image":"","background-repeat":"repeat","background-position":"center center","background-size":"auto","background-attachment":"scroll","background-type":"","background-media":"","overlay-type":"","overlay-color":"","overlay-opacity":"","overlay-gradient":""},"mobile":{"background-color":"var(--ast-global-color-4)","background-image":"","background-repeat":"repeat","background-position":"center center","background-size":"auto","background-attachment":"scroll","background-type":"","background-media":"","overlay-type":"","overlay-color":"","overlay-opacity":"","overlay-gradient":""}},"_glsr_average":0,"_glsr_ranking":0,"_glsr_reviews":0},"product_brand":[],"product_cat":[168,18],"product_tag":[],"class_list":{"0":"post-6012","1":"product","2":"type-product","3":"status-publish","5":"product_cat-digital-book","6":"product_cat-uncategorized","7":"desktop-align-left","8":"tablet-align-left","9":"mobile-align-left","11":"first","12":"instock","13":"downloadable","14":"taxable","15":"shipping-taxable","16":"purchasable","17":"product-type-simple"},"acf":[],"_links":{"self":[{"href":"https:\/\/mibooko.com\/pt_br\/wp-json\/wp\/v2\/product\/6012","targetHints":{"allow":["GET"]}}],"collection":[{"href":"https:\/\/mibooko.com\/pt_br\/wp-json\/wp\/v2\/product"}],"about":[{"href":"https:\/\/mibooko.com\/pt_br\/wp-json\/wp\/v2\/types\/product"}],"replies":[{"embeddable":true,"href":"https:\/\/mibooko.com\/pt_br\/wp-json\/wp\/v2\/comments?post=6012"}],"wp:attachment":[{"href":"https:\/\/mibooko.com\/pt_br\/wp-json\/wp\/v2\/media?parent=6012"}],"wp:term":[{"taxonomy":"product_brand","embeddable":true,"href":"https:\/\/mibooko.com\/pt_br\/wp-json\/wp\/v2\/product_brand?post=6012"},{"taxonomy":"product_cat","embeddable":true,"href":"https:\/\/mibooko.com\/pt_br\/wp-json\/wp\/v2\/product_cat?post=6012"},{"taxonomy":"product_tag","embeddable":true,"href":"https:\/\/mibooko.com\/pt_br\/wp-json\/wp\/v2\/product_tag?post=6012"}],"curies":[{"name":"wp","href":"https:\/\/api.w.org\/{rel}","templated":true}]}}