{"id":2413,"date":"2025-10-15T13:52:47","date_gmt":"2025-10-15T11:52:47","guid":{"rendered":"https:\/\/mibooko.com\/privacy-statement-uk\/"},"modified":"2025-11-22T13:15:07","modified_gmt":"2025-11-22T12:15:07","slug":"privacy-statement-uk","status":"publish","type":"page","link":"https:\/\/mibooko.com\/sv\/privacy-statement-uk\/","title":{"rendered":"Privacy Statement (UK)"},"content":{"rendered":"<!-- Legal document generated by Complianz | GDPR\/CCPA Cookie Consent https:\/\/wordpress.org\/plugins\/complianz-gdpr -->\n<div id=\"cmplz-document\" class=\"cmplz-document privacy-statement cmplz-document-uk\"><p><i>This privacy statement was last updated on 2026-03-18 and applies to citizens and legal permanent residents of the United Kingdom.<\/i><br><br><\/p><p>I denna integritetspolicy f\u00f6rklarar vi vad vi g\u00f6r med de uppgifter vi inh\u00e4mtar om dig via <a href=\"https:\/\/mibooko.com\/sv\/\">https:\/\/mibooko.com\/sv\/<\/a>. Vi rekommenderar att du l\u00e4ser detta meddelande noggrant. I v\u00e5r behandling f\u00f6ljer vi kraven i integritetslagstiftningen. Det inneb\u00e4r bland annat att:<\/p><ul>\n                <li>Vi anger tydligt syftena med att behandla personuppgifter. Vi g\u00f6r detta genom denna integritetspolicy;<\/li>\n                <li>vi str\u00e4var efter att begr\u00e4nsa v\u00e5r insamling av personuppgifter till endast de personuppgifter som kr\u00e4vs f\u00f6r legitima \u00e4ndam\u00e5l;<\/li>\n                <li>vi ber f\u00f6rst om ditt uttryckliga samtycke till att behandla dina personuppgifter i de fall som kr\u00e4ver ditt samtycke;<\/li>\n                <li>vi vidtar l\u00e4mpliga s\u00e4kerhets\u00e5tg\u00e4rder f\u00f6r att skydda dina personuppgifter och kr\u00e4ver \u00e4ven detta fr\u00e5n parter som behandlar personuppgifter f\u00f6r v\u00e5r r\u00e4kning;<\/li>\n                <li>Vi respekterar din r\u00e4tt att f\u00e5 tillg\u00e5ng till dina personuppgifter eller f\u00e5 dem korrigerade eller raderade, p\u00e5 din beg\u00e4ran.<\/li>\n            <\/ul><p>Om du har n\u00e5gra fr\u00e5gor, eller vill veta exakt vilka uppgifter vi lagrar om dig, v\u00e4nligen kontakta oss.<\/p><h2>1. Syfte, uppgifter och lagringsperiod<\/h2>Vi kan komma att samla in eller ta emot personuppgifter f\u00f6r ett antal \u00e4ndam\u00e5l i samband med v\u00e5r aff\u00e4rsverksamhet, vilka kan inkludera f\u00f6ljande: (klicka f\u00f6r att expandera)<details class=\"cmplz-dropdown dropdown-privacy-statement\"><summary><div><h3>1.1 Att s\u00e4lja eller dela data med en tredje part<\/h3><\/div><\/summary><p class=\"cmplz-subtitle\">F\u00f6r detta \u00e4ndam\u00e5l anv\u00e4nder vi f\u00f6ljande uppgifter:<\/p><p><ul><li>Ett f\u00f6r- och efternamn<\/li><li>En e-postadress<\/li><li>Geolokaliseringsdata<\/li><\/ul><\/p><p class=\"cmplz-subtitle\">Grunden f\u00f6r att vi kan behandla dessa uppgifter \u00e4r:<\/p><p class=\"cmplz-subtitle\">Lagringsperiod<\/p><p>Vi sparar dessa uppgifter efter att tj\u00e4nsten upph\u00f6rt i f\u00f6ljande antal m\u00e5nader: 36<\/p><\/details><details class=\"cmplz-dropdown dropdown-privacy-statement\"><summary><div><h3>1.2 Leveranser<\/h3><\/div><\/summary><p class=\"cmplz-subtitle\">F\u00f6r detta \u00e4ndam\u00e5l anv\u00e4nder vi f\u00f6ljande uppgifter:<\/p><p><ul><li>Ett f\u00f6r- och efternamn<\/li><li>En hemadress eller annan fysisk adress, inklusive gatunamn och namn p\u00e5 en stad eller ort<\/li><li>En e-postadress<\/li><li>Ett telefonnummer<\/li><\/ul><\/p><p class=\"cmplz-subtitle\">Grunden f\u00f6r att vi kan behandla dessa uppgifter \u00e4r:<\/p><p class=\"cmplz-subtitle\">Lagringsperiod<\/p><p>Vi sparar dessa uppgifter efter att tj\u00e4nsten upph\u00f6rt i f\u00f6ljande antal m\u00e5nader: 36<\/p><\/details><details class=\"cmplz-dropdown dropdown-privacy-statement\"><summary><div><h3>1.3 Sammanst\u00e4lla och analysera statistik f\u00f6r webbplatsf\u00f6rb\u00e4ttring.<\/h3><\/div><\/summary><p class=\"cmplz-subtitle\">F\u00f6r detta \u00e4ndam\u00e5l anv\u00e4nder vi f\u00f6ljande uppgifter:<\/p><p><ul><li>Geolokaliseringsdata<\/li><li>IP-adress<\/li><li>Information om internetaktivitet, inklusive, men inte begr\u00e4nsat till, webbhistorik, s\u00f6khistorik och information om en konsuments interaktion med en webbplats, applikation eller annons p\u00e5 internet<\/li><\/ul><\/p><p class=\"cmplz-subtitle\">Grunden f\u00f6r att vi kan behandla dessa uppgifter \u00e4r:<\/p><p class=\"cmplz-subtitle\">Lagringsperiod<\/p><p>Vi sparar dessa uppgifter efter att tj\u00e4nsten upph\u00f6rt i f\u00f6ljande antal m\u00e5nader: 36<\/p><\/details><details class=\"cmplz-dropdown dropdown-privacy-statement\"><summary><div><h3>1.4 F\u00f6r att st\u00f6dja tj\u00e4nster eller produkter som en kund vill k\u00f6pa eller har k\u00f6pt<\/h3><\/div><\/summary><p class=\"cmplz-subtitle\">F\u00f6r detta \u00e4ndam\u00e5l anv\u00e4nder vi f\u00f6ljande uppgifter:<\/p><p><ul><li>Ett f\u00f6r- och efternamn<\/li><li>Kontonamn eller alias<\/li><li>En e-postadress<\/li><li>IP-adress<\/li><li>Information om internetaktivitet, inklusive, men inte begr\u00e4nsat till, webbhistorik, s\u00f6khistorik och information om en konsuments interaktion med en webbplats, applikation eller annons p\u00e5 internet<\/li><li>Geolokaliseringsdata<\/li><\/ul><\/p><p class=\"cmplz-subtitle\">Grunden f\u00f6r att vi kan behandla dessa uppgifter \u00e4r:<\/p><p class=\"cmplz-subtitle\">Lagringsperiod<\/p><p>Vi sparar dessa uppgifter efter att tj\u00e4nsten upph\u00f6rt i f\u00f6ljande antal m\u00e5nader: 36<\/p><\/details><details class=\"cmplz-dropdown dropdown-privacy-statement\"><summary><div><h3>1.5 Betalningar<\/h3><\/div><\/summary><p class=\"cmplz-subtitle\">F\u00f6r detta \u00e4ndam\u00e5l anv\u00e4nder vi f\u00f6ljande uppgifter:<\/p><p><ul><li>Ett f\u00f6r- och efternamn<\/li><li>En e-postadress<\/li><li>IP-adress<\/li><li>Kontonamn eller alias<\/li><\/ul><\/p><p class=\"cmplz-subtitle\">Grunden f\u00f6r att vi kan behandla dessa uppgifter \u00e4r:<\/p><p class=\"cmplz-subtitle\">Lagringsperiod<\/p><p>Vi sparar dessa uppgifter tills tj\u00e4nsten avslutas.<\/p><\/details><details class=\"cmplz-dropdown dropdown-privacy-statement\"><summary><div><h3>1.6 Kontakt - Via telefon, post, e-post och\/eller webbformul\u00e4r<\/h3><\/div><\/summary><p class=\"cmplz-subtitle\">F\u00f6r detta \u00e4ndam\u00e5l anv\u00e4nder vi f\u00f6ljande uppgifter:<\/p><p><ul><li>En e-postadress<\/li><li>Ett f\u00f6r- och efternamn<\/li><li>IP-adress<\/li><li>Geolokaliseringsdata<\/li><li>Information om internetaktivitet, inklusive, men inte begr\u00e4nsat till, webbhistorik, s\u00f6khistorik och information om en konsuments interaktion med en webbplats, applikation eller annons p\u00e5 internet<\/li><\/ul><\/p><p class=\"cmplz-subtitle\">Grunden f\u00f6r att vi kan behandla dessa uppgifter \u00e4r:<\/p><p class=\"cmplz-subtitle\">Lagringsperiod<\/p><p>Vi sparar dessa uppgifter efter att tj\u00e4nsten upph\u00f6rt i f\u00f6ljande antal m\u00e5nader: 36<\/p><\/details><details class=\"cmplz-dropdown dropdown-privacy-statement\"><summary><div><h3>1.7 Registrera ett konto<\/h3><\/div><\/summary><p class=\"cmplz-subtitle\">F\u00f6r detta \u00e4ndam\u00e5l anv\u00e4nder vi f\u00f6ljande uppgifter:<\/p><p><ul><li>Ett f\u00f6r- och efternamn<\/li><li>En hemadress eller annan fysisk adress, inklusive gatunamn och namn p\u00e5 en stad eller ort<\/li><li>En e-postadress<\/li><li>Ett telefonnummer<\/li><li>IP-adress<\/li><li>Geolokaliseringsdata<\/li><li>Kontonamn eller alias<\/li><\/ul><\/p><p class=\"cmplz-subtitle\">Grunden f\u00f6r att vi kan behandla dessa uppgifter \u00e4r:<\/p><p class=\"cmplz-subtitle\">Lagringsperiod<\/p><p>Vi sparar dessa uppgifter efter att tj\u00e4nsten upph\u00f6rt i f\u00f6ljande antal m\u00e5nader: 36<\/p><\/details><h2>2. Delning med andra parter<\/h2><p>Vi delar eller l\u00e4mnar endast ut dessa uppgifter till personuppgiftsbehandlare f\u00f6r f\u00f6ljande \u00e4ndam\u00e5l:<\/p><p class=\"cmplz-subtitle\">Processorer<\/p><p><b>Namn:<\/b>&nbsp;Stripe Payments Europe Ltd<br>\n                <b>Land:<\/b>&nbsp;Irland<br>\n                <b>\u00c4ndam\u00e5l:<\/b>&nbsp;Betalningshantering f\u00f6r onlinebest\u00e4llningar<br><\/p><h2>3. Kakor<\/h2><p>V\u00e5r webbplats anv\u00e4nder cookies. F\u00f6r mer information om cookies, v\u00e4nligen se v\u00e5r <a href=\"https:\/\/mibooko.com\/sv\/cookie-policy-uk\/\">Cookiepolicy<\/a>.&nbsp;<\/p><h2>4. Rutiner f\u00f6r offentligg\u00f6rande<\/h2><p><p>Vi l\u00e4mnar ut personuppgifter om vi \u00e4r skyldiga enligt lag eller ett domstolsbeslut, som svar p\u00e5 en brottsbek\u00e4mpande myndighet, i den utstr\u00e4ckning det \u00e4r till\u00e5tet enligt andra lagbest\u00e4mmelser, att tillhandah\u00e5lla information eller f\u00f6r en utredning i en fr\u00e5ga som r\u00f6r allm\u00e4n s\u00e4kerhet.<\/p><p>Om v\u00e5r webbplats eller organisation tas \u00f6ver, s\u00e4ljs eller blir involverad i en fusion eller ett f\u00f6rv\u00e4rv, kan dina uppgifter komma att l\u00e4mnas ut till v\u00e5ra r\u00e5dgivare och eventuella potentiella k\u00f6pare och kommer att vidarebefordras till de nya \u00e4garna.<\/p><\/p><p>Vi har ing\u00e5tt ett databehandlingsavtal med Google.<\/p><p>Google f\u00e5r inte anv\u00e4nda informationen f\u00f6r n\u00e5gra andra Google-tj\u00e4nster.<\/p><p>Vi blockerar inkluderingen av fullst\u00e4ndiga IP-adresser.<\/p><h2>5. S\u00e4kerhet<\/h2><p>Vi \u00e4r engagerade i s\u00e4kerheten f\u00f6r personuppgifter. Vi vidtar l\u00e4mpliga s\u00e4kerhets\u00e5tg\u00e4rder f\u00f6r att begr\u00e4nsa missbruk av och obeh\u00f6rig \u00e5tkomst till personuppgifter. Detta s\u00e4kerst\u00e4ller att endast n\u00f6dv\u00e4ndiga personer har tillg\u00e5ng till dina uppgifter, att \u00e5tkomsten till uppgifterna \u00e4r skyddad och att v\u00e5ra s\u00e4kerhets\u00e5tg\u00e4rder regelbundet ses \u00f6ver.<\/p><h2>6. Tredjepartswebbplatser<\/h2><p>Denna integritetspolicy g\u00e4ller inte f\u00f6r tredjepartswebbplatser som \u00e4r anslutna via l\u00e4nkar p\u00e5 v\u00e5r webbplats. Vi kan inte garantera att dessa tredje parter hanterar dina personuppgifter p\u00e5 ett tillf\u00f6rlitligt eller s\u00e4kert s\u00e4tt. Vi rekommenderar att du l\u00e4ser integritetspolicyerna f\u00f6r dessa webbplatser innan du anv\u00e4nder dem.<\/p><h2>7. \u00c4ndringar i denna integritetspolicy<\/h2><p>Vi f\u00f6rbeh\u00e5ller oss r\u00e4tten att g\u00f6ra \u00e4ndringar i denna integritetspolicy. Det rekommenderas att du regelbundet l\u00e4ser denna integritetspolicy f\u00f6r att h\u00e5lla dig uppdaterad om eventuella \u00e4ndringar. Dessutom kommer vi aktivt att informera dig n\u00e4r det \u00e4r m\u00f6jligt.<\/p><h2>8. \u00c5tkomst till och \u00e4ndring av dina uppgifter<\/h2><p>Om du har n\u00e5gra fr\u00e5gor eller vill veta vilka personuppgifter vi har om dig, v\u00e4nligen kontakta oss. Du kan kontakta oss med hj\u00e4lp av informationen nedan. Du har f\u00f6ljande r\u00e4ttigheter:<\/p><ul>\n                <li>Du har r\u00e4tt att veta varf\u00f6r dina personuppgifter beh\u00f6vs, vad som kommer att h\u00e4nda med dem och hur l\u00e4nge de kommer att sparas.<\/li>\n                <li>R\u00e4tt till \u00e5tkomst: Du har r\u00e4tt att f\u00e5 tillg\u00e5ng till dina personuppgifter som vi k\u00e4nner till.<\/li>\n                <li>R\u00e4tt till r\u00e4ttelse: du har r\u00e4tt att komplettera, korrigera, f\u00e5 dina personuppgifter raderade eller blockerade n\u00e4r du vill.<\/li>\n                <li>Om du ger oss ditt samtycke till att behandla dina uppgifter har du r\u00e4tt att \u00e5terkalla det samtycket och f\u00e5 dina personuppgifter raderade.<\/li>\n                <li>R\u00e4tt att \u00f6verf\u00f6ra dina uppgifter: du har r\u00e4tt att beg\u00e4ra ut alla dina personuppgifter fr\u00e5n den personuppgiftsansvarige och \u00f6verf\u00f6ra dem i sin helhet till en annan personuppgiftsansvarig.<\/li>\n                <li>R\u00e4tt att inv\u00e4nda: du kan inv\u00e4nda mot behandlingen av dina uppgifter. Vi f\u00f6ljer detta, s\u00e5vida det inte finns ber\u00e4ttigade sk\u00e4l f\u00f6r behandlingen.<\/li>\n            <\/ul><p>Se till att alltid tydligt ange vem du \u00e4r, s\u00e5 att vi kan vara s\u00e4kra p\u00e5 att vi inte \u00e4ndrar eller raderar fel persons uppgifter.<\/p><h2>9. Inl\u00e4mnande av klagom\u00e5l<\/h2><p>If you are not satisfied with the way in which we handle (a complaint about) the processing of your personal data, you have the right to submit a complaint to the Information Commissioner's Office:<\/p><p><br>Wycliffe House<br>\n                        Water Lane<br>\n                        Wilmslow<br>\n                        Cheshire<br>\n                        SK9 5AF<\/p><h2>10. Barn<\/h2><p>V\u00e5r webbplats \u00e4r inte utformad f\u00f6r att attrahera barn och det \u00e4r inte v\u00e5r avsikt att samla in personuppgifter fr\u00e5n barn under samtyckes\u00e5ldern i deras hemland. Vi ber d\u00e4rf\u00f6r att barn under samtyckes\u00e5ldern inte l\u00e4mnar n\u00e5gra personuppgifter till oss.<\/p><h2>11. Kontaktuppgifter<\/h2><p>Mibooko Sp. z oo.<br>\n        Zolnierzy I AWP 8, 81-380 Gdynia<br>\n        Polen<br>\n        Webbplats: <a href=\"https:\/\/mibooko.com\/sv\/\">https:\/\/mibooko.com\/sv\/<\/a> <br>\n        E-post: <span class=\"cmplz-obfuscate\">&#112;&#114;i&#118;&#097;c&#121;@<span class=\"cmplz-fmail-domain\">ex.com<\/span>&#109;&#105;b&#111;o&#107;&#111;&#046;&#099;&#111;&#109;<\/span> <br>\n        Telefonnummer: +48660977702<\/p><h2>12. Dataf\u00f6rfr\u00e5gningar<\/h2><p>F\u00f6r de vanligaste f\u00f6rfr\u00e5gningarna erbjuder vi dig \u00e4ven m\u00f6jligheten att anv\u00e4nda v\u00e5rt formul\u00e4r f\u00f6r dataf\u00f6rfr\u00e5gningar.<br>\t\t\t<div class=\"cmplz-datarequest cmplz-alert\">\n\t\t\t\t<span class=\"cmplz-close\">\u00d7<\/span>\n\t\t\t\t<span id=\"cmplz-message\"><\/span>\n\t\t\t<\/div>\n\t\t\t<form id=\"cmplz-datarequest-form\" action=\"\">\n\t\t\t\t<input type=\"hidden\" required value=\"uk\" name=\"cmplz_datarequest_region\" id=\"cmplz_datarequest_region\">\n\n\t\t\t\t<label for=\"cmplz_datarequest_firstname\" class=\"cmplz-first-name\">Namn\t\t\t\t\t<input type=\"search\" class=\"datarequest-firstname\" value=\"\" placeholder=\"ditt f\u00f6rnamn\" id=\"cmplz_datarequest_firstname\" name=\"cmplz_datarequest_firstname\">\n\t\t\t\t<\/label>\n\t\t\t\t<div>\n\t\t\t\t\t<label for=\"cmplz_datarequest_name\">Namn<\/label>\n\t\t\t\t\t<input type=\"text\" required value=\"\" placeholder=\"Your name\" id=\"cmplz_datarequest_name\" name=\"cmplz_datarequest_name\">\n\t\t\t\t<\/div>\n\t\t\t\t<div>\n\t\t\t\t\t<label for=\"cmplz_datarequest_email\">E-postadress<\/label>\n\t\t\t\t\t<input type=\"email\" required value=\"\" placeholder=\"email@email.com\" id=\"cmplz_datarequest_email\" name=\"cmplz_datarequest_email\">\n\t\t\t\t<\/div>\n\t\t\t\t\t\t\t\t\t\t<div class=\"cmplz_datarequest cmplz_datarequest_request_for_access\">\n\t\t\t\t\t\t\t<label for=\"cmplz_datarequest_request_for_access\">\n\t\t\t\t\t\t\t\t<input type=\"checkbox\" value=\"1\" name=\"cmplz_datarequest_request_for_access\" id=\"cmplz_datarequest_request_for_access\" \/>\n\t\t\t\t\t\t\t\tSubmit a request for access to the data we process about you.\t\t\t\t\t\t\t<\/label>\n\t\t\t\t\t\t<\/div>\n\t\t\t\t\t\t\t\t\t\t<div class=\"cmplz_datarequest cmplz_datarequest_right_to_be_forgotten\">\n\t\t\t\t\t\t\t<label for=\"cmplz_datarequest_right_to_be_forgotten\">\n\t\t\t\t\t\t\t\t<input type=\"checkbox\" value=\"1\" name=\"cmplz_datarequest_right_to_be_forgotten\" id=\"cmplz_datarequest_right_to_be_forgotten\" \/>\n\t\t\t\t\t\t\t\tSubmit a request for deletion of the data if it is no longer relevant.\t\t\t\t\t\t\t<\/label>\n\t\t\t\t\t\t<\/div>\n\t\t\t\t\t\t\t\t\t\t<div class=\"cmplz_datarequest cmplz_datarequest_right_to_data_portability\">\n\t\t\t\t\t\t\t<label for=\"cmplz_datarequest_right_to_data_portability\">\n\t\t\t\t\t\t\t\t<input type=\"checkbox\" value=\"1\" name=\"cmplz_datarequest_right_to_data_portability\" id=\"cmplz_datarequest_right_to_data_portability\" \/>\n\t\t\t\t\t\t\t\tSubmit a request to receive an export file of the data we process about you.\t\t\t\t\t\t\t<\/label>\n\t\t\t\t\t\t<\/div>\n\t\t\t\t\t\t\t\t<input type=\"button\" id=\"cmplz-datarequest-submit\" value=\"Skicka\">\n\t\t\t<input type=\"hidden\" name=\"trp-form-language\" value=\"sv\"\/><\/form>\n\n\t\t\t<style>\n\t\t\t\t\/* first-name is honeypot *\/\n\t\t\t\t.cmplz-first-name {\n\t\t\t\t\tposition: absolute !important;\n\t\t\t\t\tleft: -5000px !important;\n\t\t\t\t}\n\t\t\t<\/style>\n\t\t\t<\/p><\/div>","protected":false},"excerpt":{"rendered":"","protected":false},"author":3,"featured_media":0,"parent":0,"menu_order":0,"comment_status":"closed","ping_status":"closed","template":"","meta":{"_acf_changed":false,"site-sidebar-layout":"default","site-content-layout":"","ast-site-content-layout":"default","site-content-style":"default","site-sidebar-style":"default","ast-global-header-display":"","ast-banner-title-visibility":"","ast-main-header-display":"","ast-hfb-above-header-display":"","ast-hfb-below-header-display":"","ast-hfb-mobile-header-display":"","site-post-title":"","ast-breadcrumbs-content":"","ast-featured-img":"","footer-sml-layout":"","theme-transparent-header-meta":"","adv-header-id-meta":"","stick-header-meta":"","header-above-stick-meta":"","header-main-stick-meta":"","header-below-stick-meta":"","astra-migrate-meta-layouts":"default","ast-page-background-enabled":"default","ast-page-background-meta":{"desktop":{"background-color":"var(--ast-global-color-5)","background-image":"","background-repeat":"repeat","background-position":"center center","background-size":"auto","background-attachment":"scroll","background-type":"","background-media":"","overlay-type":"","overlay-color":"","overlay-opacity":"","overlay-gradient":""},"tablet":{"background-color":"","background-image":"","background-repeat":"repeat","background-position":"center center","background-size":"auto","background-attachment":"scroll","background-type":"","background-media":"","overlay-type":"","overlay-color":"","overlay-opacity":"","overlay-gradient":""},"mobile":{"background-color":"","background-image":"","background-repeat":"repeat","background-position":"center center","background-size":"auto","background-attachment":"scroll","background-type":"","background-media":"","overlay-type":"","overlay-color":"","overlay-opacity":"","overlay-gradient":""}},"ast-content-background-meta":{"desktop":{"background-color":"var(--ast-global-color-4)","background-image":"","background-repeat":"repeat","background-position":"center center","background-size":"auto","background-attachment":"scroll","background-type":"","background-media":"","overlay-type":"","overlay-color":"","overlay-opacity":"","overlay-gradient":""},"tablet":{"background-color":"var(--ast-global-color-4)","background-image":"","background-repeat":"repeat","background-position":"center center","background-size":"auto","background-attachment":"scroll","background-type":"","background-media":"","overlay-type":"","overlay-color":"","overlay-opacity":"","overlay-gradient":""},"mobile":{"background-color":"var(--ast-global-color-4)","background-image":"","background-repeat":"repeat","background-position":"center center","background-size":"auto","background-attachment":"scroll","background-type":"","background-media":"","overlay-type":"","overlay-color":"","overlay-opacity":"","overlay-gradient":""}},"_glsr_average":0,"_glsr_ranking":0,"_glsr_reviews":0,"footnotes":""},"folder":[],"class_list":["post-2413","page","type-page","status-publish","hentry"],"acf":[],"_links":{"self":[{"href":"https:\/\/mibooko.com\/sv\/wp-json\/wp\/v2\/pages\/2413","targetHints":{"allow":["GET"]}}],"collection":[{"href":"https:\/\/mibooko.com\/sv\/wp-json\/wp\/v2\/pages"}],"about":[{"href":"https:\/\/mibooko.com\/sv\/wp-json\/wp\/v2\/types\/page"}],"author":[{"embeddable":true,"href":"https:\/\/mibooko.com\/sv\/wp-json\/wp\/v2\/users\/3"}],"replies":[{"embeddable":true,"href":"https:\/\/mibooko.com\/sv\/wp-json\/wp\/v2\/comments?post=2413"}],"version-history":[{"count":0,"href":"https:\/\/mibooko.com\/sv\/wp-json\/wp\/v2\/pages\/2413\/revisions"}],"wp:attachment":[{"href":"https:\/\/mibooko.com\/sv\/wp-json\/wp\/v2\/media?parent=2413"}],"wp:term":[{"taxonomy":"folder","embeddable":true,"href":"https:\/\/mibooko.com\/sv\/wp-json\/wp\/v2\/folder?post=2413"}],"curies":[{"name":"wp","href":"https:\/\/api.w.org\/{rel}","templated":true}]}}