{"id":2417,"date":"2025-10-15T13:52:50","date_gmt":"2025-10-15T11:52:50","guid":{"rendered":"https:\/\/mibooko.com\/privacy-statement-ca\/"},"modified":"2025-11-22T13:14:07","modified_gmt":"2025-11-22T12:14:07","slug":"privacy-statement-ca","status":"publish","type":"page","link":"https:\/\/mibooko.com\/sv\/privacy-statement-ca\/","title":{"rendered":"Integritetspolicy (CA)"},"content":{"rendered":"<!-- Legal document generated by Complianz | GDPR\/CCPA Cookie Consent https:\/\/wordpress.org\/plugins\/complianz-gdpr -->\n<div id=\"cmplz-document\" class=\"cmplz-document privacy-statement cmplz-document-ca\"><p><i>Denna integritetspolicy \u00e4ndrades senast 2026-03-18, kontrollerades senast 2026-03-18 och g\u00e4ller medborgare och lagliga permanenta inv\u00e5nare i Kanada.<\/i><br \/><br \/><\/p><p>I denna integritetspolicy f\u00f6rklarar vi vad vi g\u00f6r med de uppgifter vi inh\u00e4mtar om dig via <a href=\"https:\/\/mibooko.com\/sv\/\">https:\/\/mibooko.com\/sv\/<\/a>. Vi rekommenderar att du l\u00e4ser detta meddelande noggrant. I v\u00e5r behandling f\u00f6ljer vi kraven i integritetslagstiftningen. Det inneb\u00e4r bland annat att:<ul>\n                <li>Vi anger tydligt syftena med att behandla personuppgifter. Vi g\u00f6r detta genom denna integritetspolicy;<\/li>\n                <li>vi str\u00e4var efter att begr\u00e4nsa v\u00e5r insamling av personuppgifter till endast de personuppgifter som kr\u00e4vs f\u00f6r legitima \u00e4ndam\u00e5l;<\/li>\n                <li>vi ber f\u00f6rst om ditt uttryckliga samtycke till att behandla dina personuppgifter i de fall som kr\u00e4ver ditt samtycke;<\/li>\n                <li>vi vidtar l\u00e4mpliga s\u00e4kerhets\u00e5tg\u00e4rder f\u00f6r att skydda dina personuppgifter och kr\u00e4ver \u00e4ven detta fr\u00e5n parter som behandlar personuppgifter f\u00f6r v\u00e5r r\u00e4kning;<\/li>\n                <li>Vi respekterar din r\u00e4tt att f\u00e5 tillg\u00e5ng till dina personuppgifter eller f\u00e5 dem korrigerade eller raderade, p\u00e5 din beg\u00e4ran.<\/li>\n            <\/ul><\/p>Om du har n\u00e5gra fr\u00e5gor, eller vill veta exakt vilka uppgifter vi lagrar om dig, v\u00e4nligen kontakta oss.<h2>1. Syfte och kategorier av uppgifter<\/h2><p>Vi kan komma att samla in eller ta emot personuppgifter f\u00f6r ett antal \u00e4ndam\u00e5l i samband med v\u00e5r aff\u00e4rsverksamhet, vilka kan inkludera f\u00f6ljande: (klicka f\u00f6r att expandera)<\/b><\/p><details class=\"cmplz-dropdown dropdown-privacy-statement\"><summary><div><h3>1.1 Att s\u00e4lja eller dela data med en tredje part<\/h3><\/div><\/summary><p class=\"cmplz-subtitle\">F\u00f6ljande kategorier av data samlas in<\/p><p><ul><li>Ett f\u00f6r- och efternamn<\/li><li>En e-postadress<\/li><li>Geolokaliseringsdata<\/li><\/ul><\/p><p class=\"cmplz-subtitle\">Lagringsperiod<\/p><p>Vi sparar dessa uppgifter efter att tj\u00e4nsten upph\u00f6rt i f\u00f6ljande antal m\u00e5nader: 36<\/p><\/details><details class=\"cmplz-dropdown dropdown-privacy-statement\"><summary><div><h3>1.2 Leveranser<\/h3><\/div><\/summary><p class=\"cmplz-subtitle\">F\u00f6ljande kategorier av data samlas in<\/p><p><ul><li>Ett f\u00f6r- och efternamn<\/li><li>En hemadress eller annan fysisk adress, inklusive gatunamn och namn p\u00e5 en stad eller ort<\/li><li>En e-postadress<\/li><li>Ett telefonnummer<\/li><\/ul><\/p><p class=\"cmplz-subtitle\">Lagringsperiod<\/p><p>Vi sparar dessa uppgifter efter att tj\u00e4nsten upph\u00f6rt i f\u00f6ljande antal m\u00e5nader: 36<\/p><\/details><details class=\"cmplz-dropdown dropdown-privacy-statement\"><summary><div><h3>1.3 Sammanst\u00e4lla och analysera statistik f\u00f6r webbplatsf\u00f6rb\u00e4ttring.<\/h3><\/div><\/summary><p class=\"cmplz-subtitle\">F\u00f6ljande kategorier av data samlas in<\/p><p><ul><li>Geolokaliseringsdata<\/li><li>IP-adress<\/li><li>Information om internetaktivitet, inklusive, men inte begr\u00e4nsat till, webbhistorik, s\u00f6khistorik och information om en konsuments interaktion med en webbplats, applikation eller annons p\u00e5 internet<\/li><\/ul><\/p><p class=\"cmplz-subtitle\">Lagringsperiod<\/p><p>Vi sparar dessa uppgifter efter att tj\u00e4nsten upph\u00f6rt i f\u00f6ljande antal m\u00e5nader: 36<\/p><\/details><details class=\"cmplz-dropdown dropdown-privacy-statement\"><summary><div><h3>1.4 F\u00f6r att st\u00f6dja tj\u00e4nster eller produkter som en kund vill k\u00f6pa eller har k\u00f6pt<\/h3><\/div><\/summary><p class=\"cmplz-subtitle\">F\u00f6ljande kategorier av data samlas in<\/p><p><ul><li>Ett f\u00f6r- och efternamn<\/li><li>Kontonamn eller alias<\/li><li>En e-postadress<\/li><li>IP-adress<\/li><li>Information om internetaktivitet, inklusive, men inte begr\u00e4nsat till, webbhistorik, s\u00f6khistorik och information om en konsuments interaktion med en webbplats, applikation eller annons p\u00e5 internet<\/li><li>Geolokaliseringsdata<\/li><\/ul><\/p><p class=\"cmplz-subtitle\">Lagringsperiod<\/p><p>Vi sparar dessa uppgifter efter att tj\u00e4nsten upph\u00f6rt i f\u00f6ljande antal m\u00e5nader: 36<\/p><\/details><details class=\"cmplz-dropdown dropdown-privacy-statement\"><summary><div><h3>1.5 Betalningar<\/h3><\/div><\/summary><p class=\"cmplz-subtitle\">F\u00f6ljande kategorier av data samlas in<\/p><p><ul><li>Ett f\u00f6r- och efternamn<\/li><li>En e-postadress<\/li><li>IP-adress<\/li><li>Kontonamn eller alias<\/li><\/ul><\/p><p class=\"cmplz-subtitle\">Lagringsperiod<\/p><p>Vi sparar dessa uppgifter tills tj\u00e4nsten avslutas.<\/p><\/details><details class=\"cmplz-dropdown dropdown-privacy-statement\"><summary><div><h3>1.6 Kontakt - Via telefon, post, e-post och\/eller webbformul\u00e4r<\/h3><\/div><\/summary><p class=\"cmplz-subtitle\">F\u00f6ljande kategorier av data samlas in<\/p><p><ul><li>En e-postadress<\/li><li>Ett f\u00f6r- och efternamn<\/li><li>IP-adress<\/li><li>Geolokaliseringsdata<\/li><li>Information om internetaktivitet, inklusive, men inte begr\u00e4nsat till, webbhistorik, s\u00f6khistorik och information om en konsuments interaktion med en webbplats, applikation eller annons p\u00e5 internet<\/li><\/ul><\/p><p class=\"cmplz-subtitle\">Lagringsperiod<\/p><p>Vi sparar dessa uppgifter efter att tj\u00e4nsten upph\u00f6rt i f\u00f6ljande antal m\u00e5nader: 36<\/p><\/details><details class=\"cmplz-dropdown dropdown-privacy-statement\"><summary><div><h3>1.7 Registrera ett konto<\/h3><\/div><\/summary><p class=\"cmplz-subtitle\">F\u00f6ljande kategorier av data samlas in<\/p><p><ul><li>Ett f\u00f6r- och efternamn<\/li><li>En hemadress eller annan fysisk adress, inklusive gatunamn och namn p\u00e5 en stad eller ort<\/li><li>En e-postadress<\/li><li>Ett telefonnummer<\/li><li>IP-adress<\/li><li>Geolokaliseringsdata<\/li><li>Kontonamn eller alias<\/li><\/ul><\/p><p class=\"cmplz-subtitle\">Lagringsperiod<\/p><p>Vi sparar dessa uppgifter efter att tj\u00e4nsten upph\u00f6rt i f\u00f6ljande antal m\u00e5nader: 36<\/p><\/details><h2>2. Delning med andra parter<\/h2><p>Vi delar eller l\u00e4mnar endast ut dessa uppgifter till andra mottagare f\u00f6r f\u00f6ljande \u00e4ndam\u00e5l:<\/p><p><b>Syfte med data\u00f6verf\u00f6ringen:<\/b>&nbsp;Betalningshantering f\u00f6r onlinebest\u00e4llningar<br \/>\n             <b>Land eller stat d\u00e4r denna tj\u00e4nsteleverant\u00f6r finns:<\/b>&nbsp;Irland<br \/><\/p><h2>3. Rutiner f\u00f6r offentligg\u00f6rande<\/h2><p><p>Vi l\u00e4mnar ut personuppgifter om vi \u00e4r skyldiga enligt lag eller ett domstolsbeslut, som svar p\u00e5 en brottsbek\u00e4mpande myndighet, i den utstr\u00e4ckning det \u00e4r till\u00e5tet enligt andra lagbest\u00e4mmelser, att tillhandah\u00e5lla information eller f\u00f6r en utredning i en fr\u00e5ga som r\u00f6r allm\u00e4n s\u00e4kerhet.<\/p><p>Om v\u00e5r webbplats eller organisation tas \u00f6ver, s\u00e4ljs eller blir involverad i en fusion eller ett f\u00f6rv\u00e4rv, kan dina uppgifter komma att l\u00e4mnas ut till v\u00e5ra r\u00e5dgivare och eventuella potentiella k\u00f6pare och kommer att vidarebefordras till de nya \u00e4garna.<\/p><\/p><h2>4. Hur vi svarar p\u00e5 Do Not Track-signaler och global integritetskontroll <\/h2><p>V\u00e5r webbplats svarar p\u00e5 och st\u00f6der f\u00e4ltet Do Not Track (DNT) f\u00f6rfr\u00e5gningshuvudet. Om du aktiverar DNT i din webbl\u00e4sare meddelas dessa inst\u00e4llningar till oss i HTTP-f\u00f6rfr\u00e5gningshuvudet, och vi kommer inte att sp\u00e5ra ditt surfbeteende.<\/p><h2>5. Kakor<\/h2><p>V\u00e5r webbplats anv\u00e4nder cookies. F\u00f6r mer information om cookies, v\u00e4nligen se v\u00e5r cookiepolicy p\u00e5 v\u00e5r webbplats. <a href=\"https:\/\/mibooko.com\/sv\/cookie-policy-ca\/\">Cookiepolicy (CA)<\/a> webbsida.&nbsp;<\/p><p>Vi har ing\u00e5tt ett databehandlingsavtal med Google.<\/p><p>Google f\u00e5r inte anv\u00e4nda informationen f\u00f6r n\u00e5gra andra Google-tj\u00e4nster.<\/p><p>Vi blockerar inkluderingen av fullst\u00e4ndiga IP-adresser.<\/p><h2>6. S\u00e4kerhet<\/h2><p>Vi \u00e4r engagerade i s\u00e4kerheten f\u00f6r personuppgifter. Vi vidtar l\u00e4mpliga s\u00e4kerhets\u00e5tg\u00e4rder f\u00f6r att begr\u00e4nsa missbruk av och obeh\u00f6rig \u00e5tkomst till personuppgifter. Detta s\u00e4kerst\u00e4ller att endast n\u00f6dv\u00e4ndiga personer har tillg\u00e5ng till dina uppgifter, att \u00e5tkomsten till uppgifterna \u00e4r skyddad och att v\u00e5ra s\u00e4kerhets\u00e5tg\u00e4rder regelbundet ses \u00f6ver.<\/p><h2>7. Tredjepartswebbplatser<\/h2><p>Denna integritetspolicy g\u00e4ller inte f\u00f6r tredjepartswebbplatser som \u00e4r anslutna via l\u00e4nkar p\u00e5 v\u00e5r webbplats. Vi kan inte garantera att dessa tredje parter hanterar dina personuppgifter p\u00e5 ett tillf\u00f6rlitligt eller s\u00e4kert s\u00e4tt. Vi rekommenderar att du l\u00e4ser integritetspolicyerna f\u00f6r dessa webbplatser innan du anv\u00e4nder dem.<\/p><h2>8. \u00c4ndringar i denna integritetspolicy<\/h2><p>Vi f\u00f6rbeh\u00e5ller oss r\u00e4tten att g\u00f6ra \u00e4ndringar i denna integritetspolicy. Det rekommenderas att du regelbundet l\u00e4ser denna integritetspolicy f\u00f6r att h\u00e5lla dig uppdaterad om eventuella \u00e4ndringar. Dessutom kommer vi aktivt att informera dig n\u00e4r det \u00e4r m\u00f6jligt.<\/p><h2>9. \u00c5tkomst till och \u00e4ndring av dina uppgifter<\/h2><p>Om du har n\u00e5gra fr\u00e5gor eller vill veta vilka personuppgifter vi har om dig, v\u00e4nligen kontakta oss. Var noga med att alltid tydligt ange vem du \u00e4r, s\u00e5 att vi kan vara s\u00e4kra p\u00e5 att vi inte \u00e4ndrar eller raderar uppgifter om fel person. Vi kommer endast att tillhandah\u00e5lla den beg\u00e4rda informationen efter att vi mottagit en verifierbar konsumentf\u00f6rfr\u00e5gan. Du kan kontakta oss med hj\u00e4lp av informationen nedan.<\/p><p class=\"cmplz-subtitle\">9.1 Du har f\u00f6ljande r\u00e4ttigheter avseende dina personuppgifter<\/p><ol class=\"alphabetic\">\n                        <li>du kan beg\u00e4ra \u00e5tkomst till de uppgifter vi behandlar om dig;<\/li>\n                        <li>du kan beg\u00e4ra en \u00f6versikt, i ett vanligt f\u00f6rekommande format, \u00f6ver de uppgifter vi behandlar om dig;<\/li>\n                        <li>Du kan beg\u00e4ra r\u00e4ttelse eller radering av uppgifterna om de \u00e4r felaktiga, inte l\u00e4ngre relevanta eller inte l\u00e4ngre relevanta. I f\u00f6rekommande fall ska den \u00e4ndrade informationen \u00f6verf\u00f6ras till tredje part som har tillg\u00e5ng till informationen i fr\u00e5ga.<\/li>\n                        <li>Du har r\u00e4tt att n\u00e4r som helst \u00e5terkalla ditt samtycke, med f\u00f6rbeh\u00e5ll f\u00f6r juridiska eller avtalsenliga begr\u00e4nsningar och med rimlig varning. Du kommer att informeras om konsekvenserna av ett s\u00e5dant \u00e5terkallande.<\/li>\n                        <li>Du har r\u00e4tt att l\u00e4mna in ett klagom\u00e5l g\u00e4llande bristande efterlevnad av PIPEDA till v\u00e5r organisation och, om problemet inte \u00e4r l\u00f6st, till Office of the Privacy Commissioner of Canada.<\/li>\n                        <li>Vi ska ge tillg\u00e5ng till personuppgifter i ett alternativt format till en person med sensorisk funktionsneds\u00e4ttning som har r\u00e4tt att f\u00e5 tillg\u00e5ng till personuppgifter enligt PIPEDA och som beg\u00e4r att de \u00f6verf\u00f6rs i det alternativa formatet om (a) en version av informationen redan finns i det formatet; eller (b) dess konvertering till det formatet \u00e4r rimlig och n\u00f6dv\u00e4ndig f\u00f6r att individen ska kunna ut\u00f6va sina r\u00e4ttigheter.<\/li>\n                      <\/ol><h2>10. Barn<\/h2><p>V\u00e5r webbplats \u00e4r inte utformad f\u00f6r att attrahera barn och det \u00e4r inte v\u00e5r avsikt att samla in personuppgifter fr\u00e5n barn under samtyckes\u00e5ldern i deras hemland. Vi ber d\u00e4rf\u00f6r att barn under samtyckes\u00e5ldern inte l\u00e4mnar n\u00e5gra personuppgifter till oss.<\/p><h2>11. Kontaktuppgifter<\/h2><p>Mibooko Sp. z oo.<br \/>\n        Zolnierzy I AWP 8, 81-380 Gdynia<br \/>\n        Polen<br \/>\n        Webbplats: <a href=\"https:\/\/mibooko.com\/sv\/\">https:\/\/mibooko.com\/sv\/<\/a> <br \/>\n        E-post: <span class=\"cmplz-obfuscate\">privatliv@<span class=\"cmplz-fmail-domain\">ex.com<\/span>mi&#098;&#111;&#111;k&#111;&#046;c&#111;&#109;<\/span> <br \/>\n        <br \/>\n        Telefonnummer: +48660977702<\/p><h2>12. Dataf\u00f6rfr\u00e5gningar<\/h2><p>F\u00f6r de vanligaste f\u00f6rfr\u00e5gningarna erbjuder vi dig \u00e4ven m\u00f6jligheten att anv\u00e4nda v\u00e5rt formul\u00e4r f\u00f6r dataf\u00f6rfr\u00e5gningar.<br \/>\t\t\t<div class=\"cmplz-datarequest cmplz-alert\">\n\t\t\t\t<span class=\"cmplz-close\">\u00d7<\/span>\n\t\t\t\t<span id=\"cmplz-message\"><\/span>\n\t\t\t<\/div>\n\t\t\t<form id=\"cmplz-datarequest-form\" action=\"\">\n\t\t\t\t<input type=\"hidden\" required value=\"ca\" name=\"cmplz_datarequest_region\" id=\"cmplz_datarequest_region\">\n\n\t\t\t\t<label for=\"cmplz_datarequest_firstname\" class=\"cmplz-first-name\">Namn\t\t\t\t\t<input type=\"search\" class=\"datarequest-firstname\" value=\"\" placeholder=\"ditt f\u00f6rnamn\" id=\"cmplz_datarequest_firstname\" name=\"cmplz_datarequest_firstname\">\n\t\t\t\t<\/label>\n\t\t\t\t<div>\n\t\t\t\t\t<label for=\"cmplz_datarequest_name\">Namn<\/label>\n\t\t\t\t\t<input type=\"text\" required value=\"\" placeholder=\"Your name\" id=\"cmplz_datarequest_name\" name=\"cmplz_datarequest_name\">\n\t\t\t\t<\/div>\n\t\t\t\t<div>\n\t\t\t\t\t<label for=\"cmplz_datarequest_email\">E-postadress<\/label>\n\t\t\t\t\t<input type=\"email\" required value=\"\" placeholder=\"email@email.com\" id=\"cmplz_datarequest_email\" name=\"cmplz_datarequest_email\">\n\t\t\t\t<\/div>\n\t\t\t\t\t\t\t\t\t\t<div class=\"cmplz_datarequest cmplz_datarequest_request_for_access\">\n\t\t\t\t\t\t\t<label for=\"cmplz_datarequest_request_for_access\">\n\t\t\t\t\t\t\t\t<input type=\"checkbox\" value=\"1\" name=\"cmplz_datarequest_request_for_access\" id=\"cmplz_datarequest_request_for_access\" \/>\n\t\t\t\t\t\t\t\tSubmit a request for access to the data we process about you.\t\t\t\t\t\t\t<\/label>\n\t\t\t\t\t\t<\/div>\n\t\t\t\t\t\t\t\t\t\t<div class=\"cmplz_datarequest cmplz_datarequest_right_to_be_forgotten\">\n\t\t\t\t\t\t\t<label for=\"cmplz_datarequest_right_to_be_forgotten\">\n\t\t\t\t\t\t\t\t<input type=\"checkbox\" value=\"1\" name=\"cmplz_datarequest_right_to_be_forgotten\" id=\"cmplz_datarequest_right_to_be_forgotten\" \/>\n\t\t\t\t\t\t\t\tSubmit a request for deletion of the data if it is no longer relevant.\t\t\t\t\t\t\t<\/label>\n\t\t\t\t\t\t<\/div>\n\t\t\t\t\t\t\t\t\t\t<div class=\"cmplz_datarequest cmplz_datarequest_right_to_data_portability\">\n\t\t\t\t\t\t\t<label for=\"cmplz_datarequest_right_to_data_portability\">\n\t\t\t\t\t\t\t\t<input type=\"checkbox\" value=\"1\" name=\"cmplz_datarequest_right_to_data_portability\" id=\"cmplz_datarequest_right_to_data_portability\" \/>\n\t\t\t\t\t\t\t\tSubmit a request to receive an export file of the data we process about you.\t\t\t\t\t\t\t<\/label>\n\t\t\t\t\t\t<\/div>\n\t\t\t\t\t\t\t\t<input type=\"button\" id=\"cmplz-datarequest-submit\" value=\"Skicka\">\n\t\t\t<input type=\"hidden\" name=\"trp-form-language\" value=\"sv\"\/><\/form>\n\n\t\t\t<style>\n\t\t\t\t\/* first-name is honeypot *\/\n\t\t\t\t.cmplz-first-name {\n\t\t\t\t\tposition: absolute !important;\n\t\t\t\t\tleft: -5000px !important;\n\t\t\t\t}\n\t\t\t<\/style>\n\t\t\t<\/p><p>Vi har utsett en kontaktperson f\u00f6r organisationens policyer och praxis och till vilken klagom\u00e5l eller f\u00f6rfr\u00e5gningar kan skickas:<br \/>Artur Derwiszynski<br \/>Zolnierzy I AWP 8, 81-380 Gdynia<\/p><\/div>","protected":false},"excerpt":{"rendered":"","protected":false},"author":3,"featured_media":0,"parent":0,"menu_order":0,"comment_status":"closed","ping_status":"closed","template":"","meta":{"_acf_changed":false,"site-sidebar-layout":"default","site-content-layout":"","ast-site-content-layout":"default","site-content-style":"default","site-sidebar-style":"default","ast-global-header-display":"","ast-banner-title-visibility":"","ast-main-header-display":"","ast-hfb-above-header-display":"","ast-hfb-below-header-display":"","ast-hfb-mobile-header-display":"","site-post-title":"","ast-breadcrumbs-content":"","ast-featured-img":"","footer-sml-layout":"","theme-transparent-header-meta":"","adv-header-id-meta":"","stick-header-meta":"","header-above-stick-meta":"","header-main-stick-meta":"","header-below-stick-meta":"","astra-migrate-meta-layouts":"default","ast-page-background-enabled":"default","ast-page-background-meta":{"desktop":{"background-color":"var(--ast-global-color-5)","background-image":"","background-repeat":"repeat","background-position":"center center","background-size":"auto","background-attachment":"scroll","background-type":"","background-media":"","overlay-type":"","overlay-color":"","overlay-opacity":"","overlay-gradient":""},"tablet":{"background-color":"","background-image":"","background-repeat":"repeat","background-position":"center center","background-size":"auto","background-attachment":"scroll","background-type":"","background-media":"","overlay-type":"","overlay-color":"","overlay-opacity":"","overlay-gradient":""},"mobile":{"background-color":"","background-image":"","background-repeat":"repeat","background-position":"center center","background-size":"auto","background-attachment":"scroll","background-type":"","background-media":"","overlay-type":"","overlay-color":"","overlay-opacity":"","overlay-gradient":""}},"ast-content-background-meta":{"desktop":{"background-color":"var(--ast-global-color-4)","background-image":"","background-repeat":"repeat","background-position":"center center","background-size":"auto","background-attachment":"scroll","background-type":"","background-media":"","overlay-type":"","overlay-color":"","overlay-opacity":"","overlay-gradient":""},"tablet":{"background-color":"var(--ast-global-color-4)","background-image":"","background-repeat":"repeat","background-position":"center center","background-size":"auto","background-attachment":"scroll","background-type":"","background-media":"","overlay-type":"","overlay-color":"","overlay-opacity":"","overlay-gradient":""},"mobile":{"background-color":"var(--ast-global-color-4)","background-image":"","background-repeat":"repeat","background-position":"center center","background-size":"auto","background-attachment":"scroll","background-type":"","background-media":"","overlay-type":"","overlay-color":"","overlay-opacity":"","overlay-gradient":""}},"_glsr_average":0,"_glsr_ranking":0,"_glsr_reviews":0,"footnotes":""},"folder":[],"class_list":["post-2417","page","type-page","status-publish","hentry"],"acf":[],"_links":{"self":[{"href":"https:\/\/mibooko.com\/sv\/wp-json\/wp\/v2\/pages\/2417","targetHints":{"allow":["GET"]}}],"collection":[{"href":"https:\/\/mibooko.com\/sv\/wp-json\/wp\/v2\/pages"}],"about":[{"href":"https:\/\/mibooko.com\/sv\/wp-json\/wp\/v2\/types\/page"}],"author":[{"embeddable":true,"href":"https:\/\/mibooko.com\/sv\/wp-json\/wp\/v2\/users\/3"}],"replies":[{"embeddable":true,"href":"https:\/\/mibooko.com\/sv\/wp-json\/wp\/v2\/comments?post=2417"}],"version-history":[{"count":0,"href":"https:\/\/mibooko.com\/sv\/wp-json\/wp\/v2\/pages\/2417\/revisions"}],"wp:attachment":[{"href":"https:\/\/mibooko.com\/sv\/wp-json\/wp\/v2\/media?parent=2417"}],"wp:term":[{"taxonomy":"folder","embeddable":true,"href":"https:\/\/mibooko.com\/sv\/wp-json\/wp\/v2\/folder?post=2417"}],"curies":[{"name":"wp","href":"https:\/\/api.w.org\/{rel}","templated":true}]}}