{"id":8521,"date":"2025-12-30T04:06:32","date_gmt":"2025-12-30T03:06:32","guid":{"rendered":"https:\/\/mibooko.com\/?page_id=8521"},"modified":"2026-03-18T21:51:13","modified_gmt":"2026-03-18T20:51:13","slug":"continuous-stories-build-child-resilience","status":"publish","type":"page","link":"https:\/\/mibooko.com\/sv\/podcast\/continuous-stories-build-child-resilience\/","title":{"rendered":"Hur kontinuerliga ber\u00e4ttelser bygger emotionell motst\u00e5ndskraft hos barn"},"content":{"rendered":"<div data-elementor-type=\"wp-page\" data-elementor-id=\"8521\" class=\"elementor elementor-8521\" data-elementor-post-type=\"page\">\n\t\t\t\t<div class=\"elementor-element elementor-element-5baccab1 e-flex e-con-boxed e-con e-parent\" data-id=\"5baccab1\" data-element_type=\"container\" data-e-type=\"container\">\n\t\t\t\t\t<div class=\"e-con-inner\">\n\t\t\t\t<div class=\"elementor-element elementor-element-46a227d0 elementor-widget elementor-widget-text-editor\" data-id=\"46a227d0\" data-element_type=\"widget\" data-e-type=\"widget\" data-widget_type=\"text-editor.default\">\n\t\t\t\t\t\t\t\t\t<h1><strong>Hur kontinuerliga ber\u00e4ttelser bygger emotionell motst\u00e5ndskraft hos barn<\/strong><\/h1>\n<p><!-- \/wp:paragraph --><!-- wp:separator --><\/p>\n<hr class=\"wp-block-separator has-alpha-channel-opacity\" \/>\n<p><!-- \/wp:separator --><!-- wp:heading {\"level\":3} --><\/p>\n<p><!-- \/wp:heading --><!-- wp:paragraph --><\/p>\n<p>I det h\u00e4r avsnittet av MIBOOKO Research Podcast utforskar vi varf\u00f6r barn reagerar s\u00e5 starkt p\u00e5 kontinuerliga, v\u00e4lbekanta ber\u00e4ttelser \u2013 och hur kontinuerliga ber\u00e4ttelser kan st\u00f6dja emotionell motst\u00e5ndskraft, lugn och sj\u00e4lvf\u00f6rtroende.<\/p>\n<p><!-- \/wp:paragraph --><!-- wp:paragraph --><\/p>\n<p>F\u00f6r\u00e4ldrar m\u00e4rker ofta att barn ber om samma ber\u00e4ttelse kv\u00e4ll efter kv\u00e4ll. Detta \u00e4r inte upprepning f\u00f6r ber\u00e4ttelsens skull. Det \u00e4r ett tecken p\u00e5 att barn anv\u00e4nder bekanta ber\u00e4ttelser f\u00f6r att k\u00e4nna sig trygga, f\u00f6rst\u00e5 upplevelser och reglera k\u00e4nslor. I det h\u00e4r avsnittet f\u00f6rklarar vi vad som h\u00e4nder under ytan \u2013 och varf\u00f6r kontinuerliga ber\u00e4ttelser k\u00e4nns fundamentalt annorlunda \u00e4n slumpm\u00e4ssigt inneh\u00e5ll.<\/p>\n<p><!-- \/wp:paragraph --><!-- wp:paragraph --><\/p>\n<p>\ud83c\udfa7<a href=\"#podcast4\"> <em>Lyssna p\u00e5 avsnittet nedan -&gt;<\/em><\/a><\/p>\n<p><!-- \/wp:paragraph --><!-- wp:separator --><\/p>\n<hr class=\"wp-block-separator has-alpha-channel-opacity\" \/>\n<p><!-- \/wp:separator --><!-- wp:heading {\"level\":3} --><\/p>\n<h2 class=\"wp-block-heading\">Vad det h\u00e4r avsnittet tar upp<\/h2>\n<p><!-- \/wp:heading --><!-- wp:paragraph --><\/p>\n<p>I det h\u00e4r avsnittet diskuterar vi:<\/p>\n<p><!-- \/wp:paragraph --><!-- wp:list --><\/p>\n<ul class=\"wp-block-list\">\n<li style=\"list-style-type: none;\">\n<ul class=\"wp-block-list\"><!-- wp:list-item --><\/ul>\n<\/li>\n<\/ul>\n<ul class=\"wp-block-list\">\n<li style=\"list-style-type: none;\">\n<ul class=\"wp-block-list\">\n<li>Varf\u00f6r bekanta karakt\u00e4rer och konsekventa ber\u00e4ttelsev\u00e4rldar hj\u00e4lper barn att k\u00e4nna sig k\u00e4nslom\u00e4ssigt trygga<\/li>\n<\/ul>\n<\/li>\n<\/ul>\n<p><!-- \/wp:list-item --><!-- wp:list-item --><\/p>\n<ul class=\"wp-block-list\">\n<li style=\"list-style-type: none;\">\n<ul class=\"wp-block-list\">\n<li>Hur f\u00f6ruts\u00e4gbar ber\u00e4ttelsestruktur minskar stress och st\u00f6der fokus<\/li>\n<\/ul>\n<\/li>\n<\/ul>\n<p><!-- \/wp:list-item --><!-- wp:list-item --><\/p>\n<ul class=\"wp-block-list\">\n<li style=\"list-style-type: none;\">\n<ul class=\"wp-block-list\">\n<li>Delad l\u00e4sning som kvalitetstid f\u00f6r f\u00f6r\u00e4ldra-barn<\/li>\n<\/ul>\n<\/li>\n<\/ul>\n<p><!-- \/wp:list-item --><!-- wp:list-item --><\/p>\n<ul class=\"wp-block-list\">\n<li style=\"list-style-type: none;\">\n<ul class=\"wp-block-list\">\n<li>Varf\u00f6r det bygger sj\u00e4lvf\u00f6rtroende och handlingsfrihet att best\u00e4mma vad som h\u00e4nder h\u00e4rn\u00e4st tillsammans<\/li>\n<\/ul>\n<\/li>\n<\/ul>\n<p><!-- \/wp:list-item --><!-- wp:list-item --><\/p>\n<ul class=\"wp-block-list\">\n<li style=\"list-style-type: none;\">\n<ul class=\"wp-block-list\">\n<li>Hur p\u00e5g\u00e5ende ber\u00e4ttelser passar naturligt in i lugna l\u00e4ggdagsrutiner<\/li>\n<\/ul>\n<\/li>\n<\/ul>\n<p><!-- \/wp:list-item --><\/p>\n<p><!-- \/wp:list --><!-- wp:paragraph --><\/p>\n<p>Alla exempel och f\u00f6rklaringar \u00e4r grundade i forskning om barns utveckling och vardagliga f\u00f6r\u00e4ldraerfarenheter.<\/p>\n<p><!-- \/wp:paragraph --><!-- wp:separator --><\/p>\n<hr class=\"wp-block-separator has-alpha-channel-opacity\" \/>\n<p><!-- \/wp:separator --><!-- wp:heading {\"level\":3} --><\/p>\n<h2 class=\"wp-block-heading\">Varf\u00f6r kontinuerliga ber\u00e4ttelser \u00e4r viktiga<\/h2>\n<p><!-- \/wp:heading --><!-- wp:paragraph --><\/p>\n<p>Barn upplever inte ber\u00e4ttelser som isolerad underh\u00e5llning. De upplever dem som k\u00e4nslom\u00e4ssiga milj\u00f6er.<\/p>\n<p><!-- \/wp:paragraph --><!-- wp:paragraph --><\/p>\n<p>N\u00e4r en ber\u00e4ttelse forts\u00e4tter fr\u00e5n ett kapitel till n\u00e4sta, barn:<\/p>\n<p><!-- \/wp:paragraph --><!-- wp:list --><\/p>\n<ul class=\"wp-block-list\">\n<li style=\"list-style-type: none;\">\n<ul class=\"wp-block-list\"><!-- wp:list-item --><\/ul>\n<\/li>\n<\/ul>\n<ul class=\"wp-block-list\">\n<li style=\"list-style-type: none;\">\n<ul class=\"wp-block-list\">\n<li>veta vad man kan f\u00f6rv\u00e4nta sig<\/li>\n<\/ul>\n<\/li>\n<\/ul>\n<p><!-- \/wp:list-item --><!-- wp:list-item --><\/p>\n<ul class=\"wp-block-list\">\n<li style=\"list-style-type: none;\">\n<ul class=\"wp-block-list\">\n<li>k\u00e4nna igen karakt\u00e4rer och m\u00f6nster<\/li>\n<\/ul>\n<\/li>\n<\/ul>\n<p><!-- \/wp:list-item --><!-- wp:list-item --><\/p>\n<ul class=\"wp-block-list\">\n<li style=\"list-style-type: none;\">\n<ul class=\"wp-block-list\">\n<li>k\u00e4nna sig tillr\u00e4ckligt trygg f\u00f6r att utforska nya k\u00e4nslor<\/li>\n<\/ul>\n<\/li>\n<\/ul>\n<p><!-- \/wp:list-item --><\/p>\n<p><!-- \/wp:list --><!-- wp:paragraph --><\/p>\n<p>Denna k\u00e4nsla av kontinuitet hj\u00e4lper barn att bearbeta upplevelser, komma ih\u00e5g detaljer och bygga emotionell motst\u00e5ndskraft \u00f6ver tid \u2013 s\u00e4rskilt n\u00e4r ber\u00e4ttelser delas med en f\u00f6r\u00e4lder eller v\u00e5rdgivare.<\/p>\n<p><!-- \/wp:paragraph --><!-- wp:separator --><\/p>\n<hr class=\"wp-block-separator has-alpha-channel-opacity\" \/>\n<p><!-- \/wp:separator --><!-- wp:heading {\"level\":3} --><\/p>\n<h2 class=\"wp-block-heading\">Relaterad l\u00e4sning<\/h2>\n<p><!-- \/wp:heading --><!-- wp:paragraph --><\/p>\n<p>Om du vill utforska detta \u00e4mne vidare kan du \u00e4ven ha nytta av dessa resurser:<\/p>\n<p><!-- \/wp:paragraph --><!-- wp:list --><\/p>\n<ul class=\"wp-block-list\">\n<li style=\"list-style-type: none;\">\n<ul class=\"wp-block-list\"><!-- wp:list-item --><\/ul>\n<\/li>\n<\/ul>\n<ul class=\"wp-block-list\">\n<li style=\"list-style-type: none;\">\n<ul class=\"wp-block-list\">\n<li><a href=\"\/sv\/mibooko-storybook\/\">Vad \u00e4r en MIBOOKO-sagobok? -&gt;<\/a><\/li>\n<\/ul>\n<\/li>\n<\/ul>\n<p><!-- \/wp:list-item --><!-- wp:list-item --><\/p>\n<ul class=\"wp-block-list\">\n<li style=\"list-style-type: none;\">\n<ul class=\"wp-block-list\">\n<li><a href=\"https:\/\/mibooko.com\/sv\/never-ending-bedtime-stories-calm\/\">Varf\u00f6r f\u00f6ruts\u00e4gbara ber\u00e4ttelser lugnar barn vid l\u00e4ggdags -&gt;<\/a><\/li>\n<\/ul>\n<\/li>\n<\/ul>\n<p><!-- \/wp:list-item --><!-- wp:list-item --><\/p>\n<ul class=\"wp-block-list\">\n<li style=\"list-style-type: none;\">\n<ul class=\"wp-block-list\">\n<li><a href=\"\/sv\/story-choices-build-confidence\/\">Hur sm\u00e5 val bygger stort sj\u00e4lvf\u00f6rtroende -&gt;<\/a><\/li>\n<\/ul>\n<\/li>\n<\/ul>\n<p><!-- \/wp:list-item --><\/p>\n<p><!-- \/wp:list --><!-- wp:separator --><\/p>\n<p><!-- \/wp:heading --><!-- wp:paragraph --><\/p>\n<p>Det h\u00e4r avsnittet \u00e4r en del av MIBOOKO Research Podcast, d\u00e4r vi utforskar ber\u00e4ttande, barns utveckling och familjers l\u00e4srutiner genom ett lugnt, evidensbaserat perspektiv.<\/p>\n<p><!-- \/wp:paragraph --><!-- wp:paragraph --><\/p>\n<p>Nya avsnitt fokuserar p\u00e5 att hj\u00e4lpa f\u00f6r\u00e4ldrar att f\u00f6rst\u00e5 varf\u00f6r vissa metoder fungerar \u2013 inte bara vad de ska g\u00f6ra.<\/p>\n<p><!-- \/wp:paragraph --><\/p>\t\t\t\t\t\t\t\t<\/div>\n\t\t\t\t\t<\/div>\n\t\t\t\t<\/div>\n\t\t<div class=\"elementor-element elementor-element-d243fd7 e-flex e-con-boxed e-con e-parent\" data-id=\"d243fd7\" data-element_type=\"container\" data-e-type=\"container\" id=\"podcast4\">\n\t\t\t\t\t<div class=\"e-con-inner\">\n\t\t\t\t<div class=\"elementor-element elementor-element-afc66f8 elementor-widget elementor-widget-html\" data-id=\"afc66f8\" data-element_type=\"widget\" data-e-type=\"widget\" data-widget_type=\"html.default\">\n\t\t\t\t\t<audio controls preload=\"none\" style=\"width:100%;\">\r\n  <source src=\"https:\/\/mibooko.com\/wp-content\/uploads\/2025\/12\/Story_Structure_Builds_Brain_Security.mp3\" type=\"audio\/mpeg\">\r\n  Din webbl\u00e4sare st\u00f6der inte ljudelementet.\r\n<\/audio>\r\n\t\t\t\t<\/div>\n\t\t\t\t\t<\/div>\n\t\t\t\t<\/div>\n\t\t\t\t<\/div>","protected":false},"excerpt":{"rendered":"<p>How Continuous Stories Build Emotional Resilience in Children In this episode of the MIBOOKO Research Podcast, we explore why children [&hellip;]<\/p>\n","protected":false},"author":3,"featured_media":0,"parent":8519,"menu_order":0,"comment_status":"closed","ping_status":"closed","template":"","meta":{"_acf_changed":false,"site-sidebar-layout":"default","site-content-layout":"","ast-site-content-layout":"default","site-content-style":"default","site-sidebar-style":"default","ast-global-header-display":"","ast-banner-title-visibility":"","ast-main-header-display":"","ast-hfb-above-header-display":"","ast-hfb-below-header-display":"","ast-hfb-mobile-header-display":"","site-post-title":"disabled","ast-breadcrumbs-content":"","ast-featured-img":"","footer-sml-layout":"","theme-transparent-header-meta":"","adv-header-id-meta":"","stick-header-meta":"","header-above-stick-meta":"","header-main-stick-meta":"","header-below-stick-meta":"","astra-migrate-meta-layouts":"default","ast-page-background-enabled":"default","ast-page-background-meta":{"desktop":{"background-color":"var(--ast-global-color-5)","background-image":"","background-repeat":"repeat","background-position":"center center","background-size":"auto","background-attachment":"scroll","background-type":"","background-media":"","overlay-type":"","overlay-color":"","overlay-opacity":"","overlay-gradient":""},"tablet":{"background-color":"","background-image":"","background-repeat":"repeat","background-position":"center center","background-size":"auto","background-attachment":"scroll","background-type":"","background-media":"","overlay-type":"","overlay-color":"","overlay-opacity":"","overlay-gradient":""},"mobile":{"background-color":"","background-image":"","background-repeat":"repeat","background-position":"center center","background-size":"auto","background-attachment":"scroll","background-type":"","background-media":"","overlay-type":"","overlay-color":"","overlay-opacity":"","overlay-gradient":""}},"ast-content-background-meta":{"desktop":{"background-color":"var(--ast-global-color-4)","background-image":"","background-repeat":"repeat","background-position":"center center","background-size":"auto","background-attachment":"scroll","background-type":"","background-media":"","overlay-type":"","overlay-color":"","overlay-opacity":"","overlay-gradient":""},"tablet":{"background-color":"var(--ast-global-color-4)","background-image":"","background-repeat":"repeat","background-position":"center center","background-size":"auto","background-attachment":"scroll","background-type":"","background-media":"","overlay-type":"","overlay-color":"","overlay-opacity":"","overlay-gradient":""},"mobile":{"background-color":"var(--ast-global-color-4)","background-image":"","background-repeat":"repeat","background-position":"center center","background-size":"auto","background-attachment":"scroll","background-type":"","background-media":"","overlay-type":"","overlay-color":"","overlay-opacity":"","overlay-gradient":""}},"_glsr_average":0,"_glsr_ranking":0,"_glsr_reviews":0,"footnotes":""},"folder":[],"class_list":["post-8521","page","type-page","status-publish","hentry"],"acf":[],"_links":{"self":[{"href":"https:\/\/mibooko.com\/sv\/wp-json\/wp\/v2\/pages\/8521","targetHints":{"allow":["GET"]}}],"collection":[{"href":"https:\/\/mibooko.com\/sv\/wp-json\/wp\/v2\/pages"}],"about":[{"href":"https:\/\/mibooko.com\/sv\/wp-json\/wp\/v2\/types\/page"}],"author":[{"embeddable":true,"href":"https:\/\/mibooko.com\/sv\/wp-json\/wp\/v2\/users\/3"}],"replies":[{"embeddable":true,"href":"https:\/\/mibooko.com\/sv\/wp-json\/wp\/v2\/comments?post=8521"}],"version-history":[{"count":0,"href":"https:\/\/mibooko.com\/sv\/wp-json\/wp\/v2\/pages\/8521\/revisions"}],"up":[{"embeddable":true,"href":"https:\/\/mibooko.com\/sv\/wp-json\/wp\/v2\/pages\/8519"}],"wp:attachment":[{"href":"https:\/\/mibooko.com\/sv\/wp-json\/wp\/v2\/media?parent=8521"}],"wp:term":[{"taxonomy":"folder","embeddable":true,"href":"https:\/\/mibooko.com\/sv\/wp-json\/wp\/v2\/folder?post=8521"}],"curies":[{"name":"wp","href":"https:\/\/api.w.org\/{rel}","templated":true}]}}