{"id":3551,"date":"2025-10-23T18:40:27","date_gmt":"2025-10-23T16:40:27","guid":{"rendered":"https:\/\/mibooko.com\/?post_type=product&#038;p=3551"},"modified":"2026-03-18T19:55:53","modified_gmt":"2026-03-18T18:55:53","slug":"mystery-book-box-3-personalized-books","status":"publish","type":"product","link":"https:\/\/mibooko.com\/sv\/product\/mystery-book-box-3-personalized-books\/","title":{"rendered":"Mystery Book Box \u2013 3 personliga b\u00f6cker f\u00f6r barn"},"content":{"rendered":"<p data-start=\"1352\" data-end=\"1549\">F\u00f6rvandla l\u00e4sstunden till en magisk upplevelse med <strong data-start=\"1405\" data-end=\"1425\">Mystery Book Box<\/strong> \u2014 en \u00f6verraskningsupps\u00e4ttning av <strong data-start=\"1446\" data-end=\"1480\">tre helt personliga b\u00f6cker<\/strong>, var och en utformad kring ditt barns namn, utseende och personlighet.<\/p>\n<p data-start=\"1551\" data-end=\"1631\">Varje ber\u00e4ttelse har ett unikt tema och \u00e4ventyr, vilket g\u00f6r den h\u00e4r l\u00e5dan perfekt f\u00f6r:<\/p>\n<ul data-start=\"1632\" data-end=\"1755\">\n<li data-start=\"1632\" data-end=\"1656\">\n<p data-start=\"1634\" data-end=\"1656\">v\u00e4cker fantasin<\/p>\n<\/li>\n<li data-start=\"1657\" data-end=\"1685\">\n<p data-start=\"1659\" data-end=\"1685\">uppmuntrar till mer l\u00e4sning<\/p>\n<\/li>\n<li data-start=\"1686\" data-end=\"1719\">\n<p data-start=\"1688\" data-end=\"1719\">bygga emotionellt sj\u00e4lvf\u00f6rtroende<\/p>\n<\/li>\n<li data-start=\"1720\" data-end=\"1755\">\n<p data-start=\"1722\" data-end=\"1755\">skapa gl\u00e4djefyllda s\u00e4ngg\u00e5endesritualer<\/p>\n<\/li>\n<\/ul>\n<p data-start=\"1757\" data-end=\"2081\">Denna Mystery Book Box \u00e4r en del av en <strong data-start=\"1792\" data-end=\"1819\">st\u00f6rre 7-set-kollektion<\/strong>, varje upps\u00e4ttning inneh\u00e5ller <strong data-start=\"1841\" data-end=\"1872\">3 unika personliga b\u00f6cker<\/strong>.<br data-start=\"1873\" data-end=\"1876\" \/>Tillsammans bildar de <strong data-start=\"1900\" data-end=\"1940\">Mysteriebokserie med 21 \u00e4ventyr<\/strong> (7 set \u00d7 3 b\u00f6cker).<br data-start=\"1960\" data-end=\"1963\" \/>Ditt barn kan utforska nya v\u00e4rldar, karakt\u00e4rer, k\u00e4nslor och utmaningar genom hela serien \u2013 alltid som hj\u00e4lten.<\/p>\n<p data-start=\"2083\" data-end=\"2196\">Varje bok \u00e4r illustrerad av professionella barntecknare och byggd med hj\u00e4lp av ber\u00e4ttarprinciper som st\u00f6der:<\/p>\n<ul data-start=\"2197\" data-end=\"2269\">\n<li data-start=\"2197\" data-end=\"2215\">\n<p data-start=\"2199\" data-end=\"2215\">tidig l\u00e4skunnighet<\/p>\n<\/li>\n<li data-start=\"2216\" data-end=\"2227\">\n<p data-start=\"2218\" data-end=\"2227\">empati<\/p>\n<\/li>\n<li data-start=\"2228\" data-end=\"2241\">\n<p data-start=\"2230\" data-end=\"2241\">nyfikenhet<\/p>\n<\/li>\n<li data-start=\"2242\" data-end=\"2269\">\n<p data-start=\"2244\" data-end=\"2269\">emotionell f\u00f6rst\u00e5else<\/p>\n<\/li>\n<\/ul>\n<p data-start=\"2271\" data-end=\"2406\">Du f\u00e5r <strong data-start=\"2283\" data-end=\"2309\">omedelbar digital \u00e5tkomst<\/strong> till alla tre b\u00f6ckerna \u2014 ingen v\u00e4ntetid, inga f\u00f6rseningar.<br data-start=\"2353\" data-end=\"2356\" \/>Ditt barn kan b\u00f6rja sina \u00e4ventyr direkt.<\/p>\n<p data-start=\"2408\" data-end=\"2497\">Ge dem en \u00f6verraskning de aldrig kommer att gl\u00f6mma \u2014 tre v\u00e5ningar d\u00e4r <strong data-start=\"2472\" data-end=\"2480\">de<\/strong> bli hj\u00e4lten<\/p>","protected":false},"excerpt":{"rendered":"<p>Uppt\u00e4ck magin med Mystery Book Box \u2013 ett \u00f6verraskningsset med tre vackert illustrerade personliga b\u00f6cker d\u00e4r ditt barn blir hj\u00e4lten. Varje bok erbjuder ett unikt \u00e4ventyr skr\u00e4ddarsytt f\u00f6r barnets namn, utseende och personlighet. Som en del av en st\u00f6rre samling med 7 b\u00f6cker (totalt 21 b\u00f6cker) l\u00e5ser denna box direkt upp tre unika ber\u00e4ttelser som v\u00e4cker fantasi, sj\u00e4lvf\u00f6rtroende och gl\u00e4djefyllda l\u00e4sstunder. Omedelbar digital \u00e5tkomst ing\u00e5r.<\/p>","protected":false},"featured_media":0,"comment_status":"open","ping_status":"closed","template":"","meta":{"_acf_changed":false,"site-sidebar-layout":"default","site-content-layout":"","ast-site-content-layout":"default","site-content-style":"default","site-sidebar-style":"default","ast-global-header-display":"","ast-banner-title-visibility":"","ast-main-header-display":"","ast-hfb-above-header-display":"","ast-hfb-below-header-display":"","ast-hfb-mobile-header-display":"","site-post-title":"","ast-breadcrumbs-content":"","ast-featured-img":"","footer-sml-layout":"","theme-transparent-header-meta":"default","adv-header-id-meta":"","stick-header-meta":"","header-above-stick-meta":"","header-main-stick-meta":"","header-below-stick-meta":"","astra-migrate-meta-layouts":"set","ast-page-background-enabled":"default","ast-page-background-meta":{"desktop":{"background-color":"var(--ast-global-color-5)","background-image":"","background-repeat":"repeat","background-position":"center center","background-size":"auto","background-attachment":"scroll","background-type":"","background-media":"","overlay-type":"","overlay-color":"","overlay-opacity":"","overlay-gradient":""},"tablet":{"background-color":"","background-image":"","background-repeat":"repeat","background-position":"center center","background-size":"auto","background-attachment":"scroll","background-type":"","background-media":"","overlay-type":"","overlay-color":"","overlay-opacity":"","overlay-gradient":""},"mobile":{"background-color":"","background-image":"","background-repeat":"repeat","background-position":"center center","background-size":"auto","background-attachment":"scroll","background-type":"","background-media":"","overlay-type":"","overlay-color":"","overlay-opacity":"","overlay-gradient":""}},"ast-content-background-meta":{"desktop":{"background-color":"var(--ast-global-color-4)","background-image":"","background-repeat":"repeat","background-position":"center center","background-size":"auto","background-attachment":"scroll","background-type":"","background-media":"","overlay-type":"","overlay-color":"","overlay-opacity":"","overlay-gradient":""},"tablet":{"background-color":"var(--ast-global-color-4)","background-image":"","background-repeat":"repeat","background-position":"center center","background-size":"auto","background-attachment":"scroll","background-type":"","background-media":"","overlay-type":"","overlay-color":"","overlay-opacity":"","overlay-gradient":""},"mobile":{"background-color":"var(--ast-global-color-4)","background-image":"","background-repeat":"repeat","background-position":"center center","background-size":"auto","background-attachment":"scroll","background-type":"","background-media":"","overlay-type":"","overlay-color":"","overlay-opacity":"","overlay-gradient":""}},"_glsr_average":0,"_glsr_ranking":0,"_glsr_reviews":0},"product_brand":[],"product_cat":[168,18],"product_tag":[],"class_list":{"0":"post-3551","1":"product","2":"type-product","3":"status-publish","5":"product_cat-digital-book","6":"product_cat-uncategorized","7":"desktop-align-left","8":"tablet-align-left","9":"mobile-align-left","11":"first","12":"instock","13":"downloadable","14":"taxable","15":"shipping-taxable","16":"purchasable","17":"product-type-simple"},"acf":[],"_links":{"self":[{"href":"https:\/\/mibooko.com\/sv\/wp-json\/wp\/v2\/product\/3551","targetHints":{"allow":["GET"]}}],"collection":[{"href":"https:\/\/mibooko.com\/sv\/wp-json\/wp\/v2\/product"}],"about":[{"href":"https:\/\/mibooko.com\/sv\/wp-json\/wp\/v2\/types\/product"}],"replies":[{"embeddable":true,"href":"https:\/\/mibooko.com\/sv\/wp-json\/wp\/v2\/comments?post=3551"}],"wp:attachment":[{"href":"https:\/\/mibooko.com\/sv\/wp-json\/wp\/v2\/media?parent=3551"}],"wp:term":[{"taxonomy":"product_brand","embeddable":true,"href":"https:\/\/mibooko.com\/sv\/wp-json\/wp\/v2\/product_brand?post=3551"},{"taxonomy":"product_cat","embeddable":true,"href":"https:\/\/mibooko.com\/sv\/wp-json\/wp\/v2\/product_cat?post=3551"},{"taxonomy":"product_tag","embeddable":true,"href":"https:\/\/mibooko.com\/sv\/wp-json\/wp\/v2\/product_tag?post=3551"}],"curies":[{"name":"wp","href":"https:\/\/api.w.org\/{rel}","templated":true}]}}