{"id":4396,"date":"2025-11-07T14:45:43","date_gmt":"2025-11-07T13:45:43","guid":{"rendered":"https:\/\/mibooko.com\/?post_type=product&#038;p=4396"},"modified":"2026-03-18T19:55:27","modified_gmt":"2026-03-18T18:55:27","slug":"personalized-storybook-for-children","status":"publish","type":"product","link":"https:\/\/mibooko.com\/sv\/product\/personalized-storybook-for-children\/","title":{"rendered":"Personlig sagobok f\u00f6r barn"},"content":{"rendered":"<p data-start=\"1732\" data-end=\"2040\">Ge ditt barn en uppslukande l\u00e4supplevelse med en <strong data-start=\"1787\" data-end=\"1819\">helt personlig sagobok<\/strong> utformade utifr\u00e5n deras \u00e5lder, personlighet och k\u00e4nslom\u00e4ssiga v\u00e4rld.<br data-start=\"1880\" data-end=\"1883\" \/>Denna rikt utvecklade utg\u00e5va inneh\u00e5ller djupare ber\u00e4ttande, mer detaljerade scener och uttrycksfulla illustrationer som drar in ditt barn i sitt eget \u00e4ventyr.<\/p>\n<p data-start=\"2042\" data-end=\"2054\">Perfekt f\u00f6r:<\/p>\n<ul data-start=\"2055\" data-end=\"2221\">\n<li data-start=\"2055\" data-end=\"2086\">\n<p data-start=\"2057\" data-end=\"2086\">meningsfulla rutiner f\u00f6r s\u00e4ngg\u00e5endet<\/p>\n<\/li>\n<li data-start=\"2087\" data-end=\"2113\">\n<p data-start=\"2089\" data-end=\"2113\">gemensamma l\u00e4sstunder<\/p>\n<\/li>\n<li data-start=\"2114\" data-end=\"2161\">\n<p data-start=\"2116\" data-end=\"2161\">barn som tycker om l\u00e4ngre, engagerande ber\u00e4ttelser<\/p>\n<\/li>\n<li data-start=\"2162\" data-end=\"2221\">\n<p data-start=\"2164\" data-end=\"2221\">bygga fantasi, empati och emotionellt sj\u00e4lvf\u00f6rtroende<\/p>\n<\/li>\n<\/ul>\n<p data-start=\"2223\" data-end=\"2312\">Varje MIBOOKO-ber\u00e4ttelse skapas med hj\u00e4lp av forskningsbaserade ber\u00e4ttarprinciper som st\u00f6der:<\/p>\n<ul data-start=\"2313\" data-end=\"2403\">\n<li data-start=\"2313\" data-end=\"2337\">\n<p data-start=\"2315\" data-end=\"2337\">emotionell motst\u00e5ndskraft<\/p>\n<\/li>\n<li data-start=\"2338\" data-end=\"2351\">\n<p data-start=\"2340\" data-end=\"2351\">nyfikenhet<\/p>\n<\/li>\n<li data-start=\"2352\" data-end=\"2366\">\n<p data-start=\"2354\" data-end=\"2366\">f\u00f6rtroende<\/p>\n<\/li>\n<li data-start=\"2367\" data-end=\"2403\">\n<p data-start=\"2369\" data-end=\"2403\">tidig l\u00e4s- och skrivf\u00f6rm\u00e5ga och f\u00f6rst\u00e5else<\/p>\n<\/li>\n<\/ul>\n<p data-start=\"2405\" data-end=\"2548\">Du f\u00e5r <strong data-start=\"2417\" data-end=\"2443\">omedelbar digital \u00e5tkomst<\/strong> s\u00e5 att ditt barn kan b\u00f6rja l\u00e4sa direkt.<br data-start=\"2487\" data-end=\"2490\" \/>A <strong data-start=\"2492\" data-end=\"2547\">Tryckt utg\u00e5va finns tillg\u00e4nglig f\u00f6r leverans \u00f6ver hela v\u00e4rlden<\/strong>.<\/p>\n<p data-start=\"2550\" data-end=\"2627\">Skapa en ber\u00e4ttelse de kommer att minnas \u2013 f\u00f6r den h\u00e4r g\u00e5ngen, <strong data-start=\"2605\" data-end=\"2613\">de<\/strong> \u00e4r hj\u00e4lten.<\/p>","protected":false},"excerpt":{"rendered":"<p>En rikt illustrerad och personlig sagobok d\u00e4r ditt barn blir hj\u00e4lten. Skapad med djupare ber\u00e4ttande och livfulla bilder. Omedelbar digital \u00e5tkomst; tryckt utg\u00e5va tillg\u00e4nglig \u00f6ver hela v\u00e4rlden.<\/p>","protected":false},"featured_media":10244,"comment_status":"open","ping_status":"closed","template":"","meta":{"_acf_changed":false,"site-sidebar-layout":"default","site-content-layout":"","ast-site-content-layout":"default","site-content-style":"default","site-sidebar-style":"default","ast-global-header-display":"","ast-banner-title-visibility":"","ast-main-header-display":"","ast-hfb-above-header-display":"","ast-hfb-below-header-display":"","ast-hfb-mobile-header-display":"","site-post-title":"","ast-breadcrumbs-content":"","ast-featured-img":"","footer-sml-layout":"","theme-transparent-header-meta":"default","adv-header-id-meta":"","stick-header-meta":"","header-above-stick-meta":"","header-main-stick-meta":"","header-below-stick-meta":"","astra-migrate-meta-layouts":"set","ast-page-background-enabled":"default","ast-page-background-meta":{"desktop":{"background-color":"var(--ast-global-color-5)","background-image":"","background-repeat":"repeat","background-position":"center center","background-size":"auto","background-attachment":"scroll","background-type":"","background-media":"","overlay-type":"","overlay-color":"","overlay-opacity":"","overlay-gradient":""},"tablet":{"background-color":"","background-image":"","background-repeat":"repeat","background-position":"center center","background-size":"auto","background-attachment":"scroll","background-type":"","background-media":"","overlay-type":"","overlay-color":"","overlay-opacity":"","overlay-gradient":""},"mobile":{"background-color":"","background-image":"","background-repeat":"repeat","background-position":"center center","background-size":"auto","background-attachment":"scroll","background-type":"","background-media":"","overlay-type":"","overlay-color":"","overlay-opacity":"","overlay-gradient":""}},"ast-content-background-meta":{"desktop":{"background-color":"var(--ast-global-color-4)","background-image":"","background-repeat":"repeat","background-position":"center center","background-size":"auto","background-attachment":"scroll","background-type":"","background-media":"","overlay-type":"","overlay-color":"","overlay-opacity":"","overlay-gradient":""},"tablet":{"background-color":"var(--ast-global-color-4)","background-image":"","background-repeat":"repeat","background-position":"center center","background-size":"auto","background-attachment":"scroll","background-type":"","background-media":"","overlay-type":"","overlay-color":"","overlay-opacity":"","overlay-gradient":""},"mobile":{"background-color":"var(--ast-global-color-4)","background-image":"","background-repeat":"repeat","background-position":"center center","background-size":"auto","background-attachment":"scroll","background-type":"","background-media":"","overlay-type":"","overlay-color":"","overlay-opacity":"","overlay-gradient":""}},"_glsr_average":0,"_glsr_ranking":0,"_glsr_reviews":0},"product_brand":[],"product_cat":[168,18],"product_tag":[],"class_list":{"0":"post-4396","1":"product","2":"type-product","3":"status-publish","4":"has-post-thumbnail","6":"product_cat-digital-book","7":"product_cat-uncategorized","8":"desktop-align-left","9":"tablet-align-left","10":"mobile-align-left","12":"first","13":"instock","14":"downloadable","15":"taxable","16":"shipping-taxable","17":"purchasable","18":"product-type-simple"},"acf":[],"_links":{"self":[{"href":"https:\/\/mibooko.com\/sv\/wp-json\/wp\/v2\/product\/4396","targetHints":{"allow":["GET"]}}],"collection":[{"href":"https:\/\/mibooko.com\/sv\/wp-json\/wp\/v2\/product"}],"about":[{"href":"https:\/\/mibooko.com\/sv\/wp-json\/wp\/v2\/types\/product"}],"replies":[{"embeddable":true,"href":"https:\/\/mibooko.com\/sv\/wp-json\/wp\/v2\/comments?post=4396"}],"wp:featuredmedia":[{"embeddable":true,"href":"https:\/\/mibooko.com\/sv\/wp-json\/wp\/v2\/media\/10244"}],"wp:attachment":[{"href":"https:\/\/mibooko.com\/sv\/wp-json\/wp\/v2\/media?parent=4396"}],"wp:term":[{"taxonomy":"product_brand","embeddable":true,"href":"https:\/\/mibooko.com\/sv\/wp-json\/wp\/v2\/product_brand?post=4396"},{"taxonomy":"product_cat","embeddable":true,"href":"https:\/\/mibooko.com\/sv\/wp-json\/wp\/v2\/product_cat?post=4396"},{"taxonomy":"product_tag","embeddable":true,"href":"https:\/\/mibooko.com\/sv\/wp-json\/wp\/v2\/product_tag?post=4396"}],"curies":[{"name":"wp","href":"https:\/\/api.w.org\/{rel}","templated":true}]}}