{"id":4399,"date":"2025-11-07T15:05:56","date_gmt":"2025-11-07T14:05:56","guid":{"rendered":"https:\/\/mibooko.com\/?post_type=product&#038;p=4399"},"modified":"2026-03-18T19:55:13","modified_gmt":"2026-03-18T18:55:13","slug":"mystery-book-box-3-personalized-storybooks","status":"publish","type":"product","link":"https:\/\/mibooko.com\/sv\/product\/mystery-book-box-3-personalized-storybooks\/","title":{"rendered":"Mystery Book Box \u2013 3 personliga sagob\u00f6cker f\u00f6r barn"},"content":{"rendered":"<p data-start=\"2228\" data-end=\"2428\">Ge ditt barn en of\u00f6rgl\u00f6mlig l\u00e4supplevelse med <strong data-start=\"2289\" data-end=\"2314\">Mystery Book Box<\/strong> \u2014 en premiumkollektion av <strong data-start=\"2341\" data-end=\"2380\">tre helt personliga sagob\u00f6cker<\/strong>, var och en utformad kring ditt barns unika v\u00e4rld.<\/p>\n<p data-start=\"2430\" data-end=\"2453\">Varje sagobok erbjuder:<\/p>\n<ul data-start=\"2454\" data-end=\"2562\">\n<li data-start=\"2454\" data-end=\"2477\">\n<p data-start=\"2456\" data-end=\"2477\">rikare ber\u00e4ttande<\/p>\n<\/li>\n<li data-start=\"2478\" data-end=\"2502\">\n<p data-start=\"2480\" data-end=\"2502\">mer detaljerade scener<\/p>\n<\/li>\n<li data-start=\"2503\" data-end=\"2531\">\n<p data-start=\"2505\" data-end=\"2531\">uttrycksfulla illustrationer<\/p>\n<\/li>\n<li data-start=\"2532\" data-end=\"2562\">\n<p data-start=\"2534\" data-end=\"2562\">djupare k\u00e4nslom\u00e4ssig f\u00f6rdjupning<\/p>\n<\/li>\n<\/ul>\n<p data-start=\"2564\" data-end=\"2594\">Perfekt f\u00f6r familjer som \u00e4lskar:<\/p>\n<ul data-start=\"2595\" data-end=\"2744\">\n<li data-start=\"2595\" data-end=\"2621\">\n<p data-start=\"2597\" data-end=\"2621\">l\u00e4ngre l\u00e4sning vid s\u00e4ngg\u00e5endet<\/p>\n<\/li>\n<li data-start=\"2622\" data-end=\"2654\">\n<p data-start=\"2624\" data-end=\"2654\">engagerande, meningsfulla ber\u00e4ttelser<\/p>\n<\/li>\n<li data-start=\"2655\" data-end=\"2693\">\n<p data-start=\"2657\" data-end=\"2693\">vackert illustrerade \u00e4ventyr<\/p>\n<\/li>\n<li data-start=\"2694\" data-end=\"2744\">\n<p data-start=\"2696\" data-end=\"2744\">att v\u00e5rda emotionellt sj\u00e4lvf\u00f6rtroende och fantasi<\/p>\n<\/li>\n<\/ul>\n<p data-start=\"2746\" data-end=\"3030\">Denna Mystery Book Box \u00e4r en del av en <strong data-start=\"2786\" data-end=\"2802\">7-set-serie<\/strong>, d\u00e4r varje upps\u00e4ttning inneh\u00e5ller <strong data-start=\"2829\" data-end=\"2858\">3 personliga sagob\u00f6cker<\/strong>, vilket bildar totalt <strong data-start=\"2879\" data-end=\"2903\">21 unika \u00e4ventyr<\/strong>.<br data-start=\"2904\" data-end=\"2907\" \/>Ditt barn kan utforska ett helt bibliotek av teman, k\u00e4nslor, karakt\u00e4rer och utmaningar \u2013 alltid som ber\u00e4ttelsens hj\u00e4lte.<\/p>\n<p data-start=\"3032\" data-end=\"3126\">Varje MIBOOKO-sagobok \u00e4r skapad med hj\u00e4lp av utvecklingsm\u00e4ssiga ber\u00e4ttarprinciper som st\u00f6der:<\/p>\n<ul data-start=\"3127\" data-end=\"3209\">\n<li data-start=\"3127\" data-end=\"3138\">\n<p data-start=\"3129\" data-end=\"3138\">empati<\/p>\n<\/li>\n<li data-start=\"3139\" data-end=\"3153\">\n<p data-start=\"3141\" data-end=\"3153\">elasticitet<\/p>\n<\/li>\n<li data-start=\"3154\" data-end=\"3167\">\n<p data-start=\"3156\" data-end=\"3167\">nyfikenhet<\/p>\n<\/li>\n<li data-start=\"3168\" data-end=\"3183\">\n<p data-start=\"3170\" data-end=\"3183\">fantasi<\/p>\n<\/li>\n<li data-start=\"3184\" data-end=\"3209\">\n<p data-start=\"3186\" data-end=\"3209\">tidiga l\u00e4s- och skrivf\u00e4rdigheter<\/p>\n<\/li>\n<\/ul>\n<p data-start=\"3211\" data-end=\"3342\">Du f\u00e5r <strong data-start=\"3223\" data-end=\"3249\">omedelbar digital \u00e5tkomst<\/strong> till alla tre sagob\u00f6ckerna.<br data-start=\"3274\" data-end=\"3277\" \/>Ditt barns \u00e4ventyr b\u00f6rjar i det \u00f6gonblick du slutf\u00f6r din best\u00e4llning.<\/p>\n<p data-start=\"3344\" data-end=\"3442\">Ge dem en f\u00f6rstklassig l\u00e4supplevelse \u2013 tre rikt utformade ber\u00e4ttelser d\u00e4r <strong data-start=\"3420\" data-end=\"3428\">de<\/strong> \u00e4r hj\u00e4lten.<\/p>","protected":false},"excerpt":{"rendered":"<p>En premium \u00f6verraskningsl\u00e5da med tre rikt illustrerade personliga sagob\u00f6cker. Varje ber\u00e4ttelse placerar ditt barn i centrum f\u00f6r ett djupare, mer uppslukande \u00e4ventyr, skr\u00e4ddarsytt f\u00f6r deras namn, utseende och personlighet. Denna l\u00e5da \u00e4r en del av en serie p\u00e5 7 set med totalt 21 unika sagob\u00f6cker och l\u00e5ser upp tre of\u00f6rgl\u00f6mliga resor. Omedelbar digital \u00e5tkomst ing\u00e5r.<\/p>","protected":false},"featured_media":0,"comment_status":"open","ping_status":"closed","template":"","meta":{"_acf_changed":false,"site-sidebar-layout":"default","site-content-layout":"","ast-site-content-layout":"default","site-content-style":"default","site-sidebar-style":"default","ast-global-header-display":"","ast-banner-title-visibility":"","ast-main-header-display":"","ast-hfb-above-header-display":"","ast-hfb-below-header-display":"","ast-hfb-mobile-header-display":"","site-post-title":"","ast-breadcrumbs-content":"","ast-featured-img":"","footer-sml-layout":"","theme-transparent-header-meta":"default","adv-header-id-meta":"","stick-header-meta":"","header-above-stick-meta":"","header-main-stick-meta":"","header-below-stick-meta":"","astra-migrate-meta-layouts":"set","ast-page-background-enabled":"default","ast-page-background-meta":{"desktop":{"background-color":"var(--ast-global-color-5)","background-image":"","background-repeat":"repeat","background-position":"center center","background-size":"auto","background-attachment":"scroll","background-type":"","background-media":"","overlay-type":"","overlay-color":"","overlay-opacity":"","overlay-gradient":""},"tablet":{"background-color":"","background-image":"","background-repeat":"repeat","background-position":"center center","background-size":"auto","background-attachment":"scroll","background-type":"","background-media":"","overlay-type":"","overlay-color":"","overlay-opacity":"","overlay-gradient":""},"mobile":{"background-color":"","background-image":"","background-repeat":"repeat","background-position":"center center","background-size":"auto","background-attachment":"scroll","background-type":"","background-media":"","overlay-type":"","overlay-color":"","overlay-opacity":"","overlay-gradient":""}},"ast-content-background-meta":{"desktop":{"background-color":"var(--ast-global-color-4)","background-image":"","background-repeat":"repeat","background-position":"center center","background-size":"auto","background-attachment":"scroll","background-type":"","background-media":"","overlay-type":"","overlay-color":"","overlay-opacity":"","overlay-gradient":""},"tablet":{"background-color":"var(--ast-global-color-4)","background-image":"","background-repeat":"repeat","background-position":"center center","background-size":"auto","background-attachment":"scroll","background-type":"","background-media":"","overlay-type":"","overlay-color":"","overlay-opacity":"","overlay-gradient":""},"mobile":{"background-color":"var(--ast-global-color-4)","background-image":"","background-repeat":"repeat","background-position":"center center","background-size":"auto","background-attachment":"scroll","background-type":"","background-media":"","overlay-type":"","overlay-color":"","overlay-opacity":"","overlay-gradient":""}},"_glsr_average":0,"_glsr_ranking":0,"_glsr_reviews":0},"product_brand":[],"product_cat":[168,18],"product_tag":[],"class_list":{"0":"post-4399","1":"product","2":"type-product","3":"status-publish","5":"product_cat-digital-book","6":"product_cat-uncategorized","7":"desktop-align-left","8":"tablet-align-left","9":"mobile-align-left","11":"first","12":"instock","13":"downloadable","14":"taxable","15":"shipping-taxable","16":"purchasable","17":"product-type-simple"},"acf":[],"_links":{"self":[{"href":"https:\/\/mibooko.com\/sv\/wp-json\/wp\/v2\/product\/4399","targetHints":{"allow":["GET"]}}],"collection":[{"href":"https:\/\/mibooko.com\/sv\/wp-json\/wp\/v2\/product"}],"about":[{"href":"https:\/\/mibooko.com\/sv\/wp-json\/wp\/v2\/types\/product"}],"replies":[{"embeddable":true,"href":"https:\/\/mibooko.com\/sv\/wp-json\/wp\/v2\/comments?post=4399"}],"wp:attachment":[{"href":"https:\/\/mibooko.com\/sv\/wp-json\/wp\/v2\/media?parent=4399"}],"wp:term":[{"taxonomy":"product_brand","embeddable":true,"href":"https:\/\/mibooko.com\/sv\/wp-json\/wp\/v2\/product_brand?post=4399"},{"taxonomy":"product_cat","embeddable":true,"href":"https:\/\/mibooko.com\/sv\/wp-json\/wp\/v2\/product_cat?post=4399"},{"taxonomy":"product_tag","embeddable":true,"href":"https:\/\/mibooko.com\/sv\/wp-json\/wp\/v2\/product_tag?post=4399"}],"curies":[{"name":"wp","href":"https:\/\/api.w.org\/{rel}","templated":true}]}}