{"id":4400,"date":"2025-11-07T15:10:02","date_gmt":"2025-11-07T14:10:02","guid":{"rendered":"https:\/\/mibooko.com\/?post_type=product&#038;p=4400"},"modified":"2026-03-18T19:54:50","modified_gmt":"2026-03-18T18:54:50","slug":"personalized-storybook-subscription-for-children","status":"publish","type":"product","link":"https:\/\/mibooko.com\/sv\/product\/personalized-storybook-subscription-for-children\/","title":{"rendered":"Personlig sagobokprenumeration f\u00f6r barn"},"content":{"rendered":"<p data-start=\"2003\" data-end=\"2243\">Ge ditt barn ett \u00e5r fyllt av meningsfull och uppslukande l\u00e4sning genom <strong data-start=\"2080\" data-end=\"2119\">Personlig sagobokprenumeration<\/strong> \u2014 en samling av <strong data-start=\"2138\" data-end=\"2174\">12 rikt illustrerade sagob\u00f6cker<\/strong>, var och en skr\u00e4ddarsydd efter deras v\u00e4rld, personlighet och utvecklingsbehov.<\/p>\n<p data-start=\"2245\" data-end=\"2303\">Till skillnad fr\u00e5n vanliga b\u00f6cker anpassar sig varje ber\u00e4ttelse till ditt barns:<\/p>\n<ul data-start=\"2304\" data-end=\"2474\">\n<li data-start=\"2304\" data-end=\"2346\">\n<p data-start=\"2306\" data-end=\"2346\">namn, utseende och familjestruktur<\/p>\n<\/li>\n<li data-start=\"2347\" data-end=\"2372\">\n<p data-start=\"2349\" data-end=\"2372\">\u00e5lder och l\u00e4sstadium<\/p>\n<\/li>\n<li data-start=\"2373\" data-end=\"2395\">\n<p data-start=\"2375\" data-end=\"2395\">personlighetsdrag<\/p>\n<\/li>\n<li data-start=\"2396\" data-end=\"2415\">\n<p data-start=\"2398\" data-end=\"2415\">k\u00e4nslom\u00e4ssiga behov<\/p>\n<\/li>\n<li data-start=\"2416\" data-end=\"2438\">\n<p data-start=\"2418\" data-end=\"2438\">nuvarande utmaningar<\/p>\n<\/li>\n<li data-start=\"2439\" data-end=\"2474\">\n<p data-start=\"2441\" data-end=\"2474\">intressen, r\u00e4dslor och styrkor<\/p>\n<\/li>\n<\/ul>\n<p data-start=\"2476\" data-end=\"2602\">Denna prenumeration fokuserar p\u00e5 <strong data-start=\"2505\" data-end=\"2544\">djup emotionell och kognitiv utveckling<\/strong>, som hj\u00e4lper barn att \u00f6va och st\u00e4rka f\u00e4rdigheter som:<\/p>\n<ul data-start=\"2603\" data-end=\"2798\">\n<li data-start=\"2603\" data-end=\"2637\">\n<p data-start=\"2605\" data-end=\"2637\">motst\u00e5ndskraft och sj\u00e4lvf\u00f6rtroende<\/p>\n<\/li>\n<li data-start=\"2638\" data-end=\"2662\">\n<p data-start=\"2640\" data-end=\"2662\">emotionell reglering<\/p>\n<\/li>\n<li data-start=\"2663\" data-end=\"2687\">\n<p data-start=\"2665\" data-end=\"2687\">empati och v\u00e4nlighet<\/p>\n<\/li>\n<li data-start=\"2688\" data-end=\"2717\">\n<p data-start=\"2690\" data-end=\"2717\">nyfikenhet och fantasi<\/p>\n<\/li>\n<li data-start=\"2718\" data-end=\"2737\">\n<p data-start=\"2720\" data-end=\"2737\">probleml\u00f6sning<\/p>\n<\/li>\n<li data-start=\"2738\" data-end=\"2773\">\n<p data-start=\"2740\" data-end=\"2773\">f\u00f6rst\u00e5 sociala situationer<\/p>\n<\/li>\n<li data-start=\"2774\" data-end=\"2798\">\n<p data-start=\"2776\" data-end=\"2798\">t\u00e5lamod och mod<\/p>\n<\/li>\n<\/ul>\n<p data-start=\"2800\" data-end=\"2913\">Varje sagobok erbjuder en <strong data-start=\"2824\" data-end=\"2859\">l\u00e4ngre, mer detaljerad ber\u00e4ttelse<\/strong> \u00e4n den vanliga bokutg\u00e5van, vilket g\u00f6r den perfekt f\u00f6r:<\/p>\n<ul data-start=\"2914\" data-end=\"3028\">\n<li data-start=\"2914\" data-end=\"2946\">\n<p data-start=\"2916\" data-end=\"2946\">Ritualer f\u00f6r ber\u00e4ttande vid godnatt<\/p>\n<\/li>\n<li data-start=\"2947\" data-end=\"2966\">\n<p data-start=\"2949\" data-end=\"2966\">engagerade l\u00e4sare<\/p>\n<\/li>\n<li data-start=\"2967\" data-end=\"2992\">\n<p data-start=\"2969\" data-end=\"2992\">emotionell utveckling<\/p>\n<\/li>\n<li data-start=\"2993\" data-end=\"3028\">\n<p data-start=\"2995\" data-end=\"3028\">bygga varaktiga l\u00e4svanor<\/p>\n<\/li>\n<\/ul>\n<p data-start=\"3030\" data-end=\"3256\">Varje m\u00e5nad (eller vecka, eller varannan vecka) kliver ditt barn in i en ny v\u00e4rld \u2013 alltid som hj\u00e4lten \u2013 och l\u00e4r sig att navigera utmaningar, fira styrkor och f\u00f6rst\u00e5 sina k\u00e4nslor genom varmt, evidensbaserat ber\u00e4ttande.<\/p>\n<p data-start=\"3258\" data-end=\"3506\">Du f\u00e5r <strong data-start=\"3270\" data-end=\"3296\">omedelbar digital \u00e5tkomst<\/strong> f\u00f6r varje sagobok s\u00e5 snart den sl\u00e4pps, s\u00e5 att ditt barn kan b\u00f6rja utforska direkt.<br data-start=\"3388\" data-end=\"3391\" \/>Din prenumeration kan komma <strong data-start=\"3420\" data-end=\"3430\">varje vecka<\/strong>, <strong data-start=\"3432\" data-end=\"3445\">som utkommer varannan vecka<\/strong>, eller <strong data-start=\"3450\" data-end=\"3461\">m\u00e5natlig<\/strong> beroende p\u00e5 vad som passar din familjs rytm.<\/p>\n<p data-start=\"3508\" data-end=\"3634\">Ge ditt barn 12 kraftfulla ber\u00e4ttelser som st\u00f6der vem de h\u00e5ller p\u00e5 att bli \u2013 ett \u00e4ventyr, en l\u00e4xa, ett hj\u00e4lte\u00f6gonblick i taget.<\/p>\n<p data-start=\"3636\" data-end=\"3682\">F\u00f6r i varje ber\u00e4ttelse, <strong data-start=\"3660\" data-end=\"3668\">de<\/strong> \u00e4r hj\u00e4lten.<\/p>","protected":false},"excerpt":{"rendered":"<p>Ge ditt barn 12 rikt illustrerade personliga sagob\u00f6cker som levereras varje vecka, varannan vecka eller m\u00e5nad. Varje uppslukande ber\u00e4ttelse hj\u00e4lper till att bygga emotionella f\u00e4rdigheter, sj\u00e4lvf\u00f6rtroende, motst\u00e5ndskraft och fantasi \u2013 alltid med ditt barn som hj\u00e4lten. En meningsfull l\u00e4sritual som v\u00e4xer med barnet.<\/p>","protected":false},"featured_media":0,"comment_status":"open","ping_status":"closed","template":"","meta":{"_acf_changed":false,"site-sidebar-layout":"default","site-content-layout":"","ast-site-content-layout":"default","site-content-style":"default","site-sidebar-style":"default","ast-global-header-display":"","ast-banner-title-visibility":"","ast-main-header-display":"","ast-hfb-above-header-display":"","ast-hfb-below-header-display":"","ast-hfb-mobile-header-display":"","site-post-title":"","ast-breadcrumbs-content":"","ast-featured-img":"","footer-sml-layout":"","theme-transparent-header-meta":"default","adv-header-id-meta":"","stick-header-meta":"","header-above-stick-meta":"","header-main-stick-meta":"","header-below-stick-meta":"","astra-migrate-meta-layouts":"set","ast-page-background-enabled":"default","ast-page-background-meta":{"desktop":{"background-color":"var(--ast-global-color-5)","background-image":"","background-repeat":"repeat","background-position":"center center","background-size":"auto","background-attachment":"scroll","background-type":"","background-media":"","overlay-type":"","overlay-color":"","overlay-opacity":"","overlay-gradient":""},"tablet":{"background-color":"","background-image":"","background-repeat":"repeat","background-position":"center center","background-size":"auto","background-attachment":"scroll","background-type":"","background-media":"","overlay-type":"","overlay-color":"","overlay-opacity":"","overlay-gradient":""},"mobile":{"background-color":"","background-image":"","background-repeat":"repeat","background-position":"center center","background-size":"auto","background-attachment":"scroll","background-type":"","background-media":"","overlay-type":"","overlay-color":"","overlay-opacity":"","overlay-gradient":""}},"ast-content-background-meta":{"desktop":{"background-color":"var(--ast-global-color-4)","background-image":"","background-repeat":"repeat","background-position":"center center","background-size":"auto","background-attachment":"scroll","background-type":"","background-media":"","overlay-type":"","overlay-color":"","overlay-opacity":"","overlay-gradient":""},"tablet":{"background-color":"var(--ast-global-color-4)","background-image":"","background-repeat":"repeat","background-position":"center center","background-size":"auto","background-attachment":"scroll","background-type":"","background-media":"","overlay-type":"","overlay-color":"","overlay-opacity":"","overlay-gradient":""},"mobile":{"background-color":"var(--ast-global-color-4)","background-image":"","background-repeat":"repeat","background-position":"center center","background-size":"auto","background-attachment":"scroll","background-type":"","background-media":"","overlay-type":"","overlay-color":"","overlay-opacity":"","overlay-gradient":""}},"_glsr_average":0,"_glsr_ranking":0,"_glsr_reviews":0},"product_brand":[],"product_cat":[168,18],"product_tag":[],"class_list":{"0":"post-4400","1":"product","2":"type-product","3":"status-publish","5":"product_cat-digital-book","6":"product_cat-uncategorized","7":"desktop-align-left","8":"tablet-align-left","9":"mobile-align-left","11":"first","12":"instock","13":"taxable","14":"shipping-taxable","15":"purchasable","16":"product-type-variable"},"acf":[],"_links":{"self":[{"href":"https:\/\/mibooko.com\/sv\/wp-json\/wp\/v2\/product\/4400","targetHints":{"allow":["GET"]}}],"collection":[{"href":"https:\/\/mibooko.com\/sv\/wp-json\/wp\/v2\/product"}],"about":[{"href":"https:\/\/mibooko.com\/sv\/wp-json\/wp\/v2\/types\/product"}],"replies":[{"embeddable":true,"href":"https:\/\/mibooko.com\/sv\/wp-json\/wp\/v2\/comments?post=4400"}],"wp:attachment":[{"href":"https:\/\/mibooko.com\/sv\/wp-json\/wp\/v2\/media?parent=4400"}],"wp:term":[{"taxonomy":"product_brand","embeddable":true,"href":"https:\/\/mibooko.com\/sv\/wp-json\/wp\/v2\/product_brand?post=4400"},{"taxonomy":"product_cat","embeddable":true,"href":"https:\/\/mibooko.com\/sv\/wp-json\/wp\/v2\/product_cat?post=4400"},{"taxonomy":"product_tag","embeddable":true,"href":"https:\/\/mibooko.com\/sv\/wp-json\/wp\/v2\/product_tag?post=4400"}],"curies":[{"name":"wp","href":"https:\/\/api.w.org\/{rel}","templated":true}]}}