{"id":6012,"date":"2025-11-27T00:45:27","date_gmt":"2025-11-26T23:45:27","guid":{"rendered":"https:\/\/mibooko.com\/?post_type=product&#038;p=6012"},"modified":"2026-03-18T19:54:26","modified_gmt":"2026-03-18T18:54:26","slug":"special-moment-personalized-book","status":"publish","type":"product","link":"https:\/\/mibooko.com\/sv\/product\/special-moment-personalized-book\/","title":{"rendered":"Personlig bok f\u00f6r speciella \u00f6gonblick"},"content":{"rendered":"<p>Boken &quot;Special Moments&quot; \u00e4r en helt personlig barnber\u00e4ttelse skapad f\u00f6r att fira, hedra eller markera de \u00f6gonblick som betyder mest. Oavsett om det \u00e4r gl\u00e4djefyllt, festligt, k\u00e4nslosamt eller reflekterande, f\u00f6rvandlar den h\u00e4r boken ditt valda tillf\u00e4lle till ett vackert illustrerat \u00e4ventyr d\u00e4r ditt barn blir huvudpersonen.<\/p>\n<p>Du b\u00f6rjar med att anpassa ditt barns namn, utseende och familjemedlemmarna som syns bredvid dem. L\u00e4gg till en personlig dedikation, v\u00e4lj \u00f6gonblickets ton och se ber\u00e4ttelsen anpassas direkt. N\u00e4r boken \u00e4r klar levereras den i l\u00e4ttanv\u00e4nda PDF- och EPUB-format, perfekt f\u00f6r l\u00e4sning p\u00e5 vilken enhet som helst eller f\u00f6r utskrift hemma som ett minne. Valfri text-till-tal-uppl\u00e4sning kan ocks\u00e5 vara tillg\u00e4nglig beroende p\u00e5 spr\u00e5k.<\/p>\n<p>Den h\u00e4r utg\u00e5van \u00e4r perfekt f\u00f6r f\u00f6r\u00e4ldrar som vill ha en snabb, innerlig ber\u00e4ttelse som \u00e4nd\u00e5 f\u00e5ngar h\u00e4ndelsens essens.<\/p>\n<p><strong>Tillf\u00e4llen du kan skapa en ber\u00e4ttelse f\u00f6r<\/strong><\/p>\n<p>V\u00e5r bok om speciella \u00f6gonblick st\u00f6der f\u00f6r n\u00e4rvarande ett brett utbud av familje- och kulturevenemang, inklusive:<\/p>\n<ul>\n<li>F\u00f6delsedag<\/li>\n<li>Jul<\/li>\n<li>Nytt \u00e5r<\/li>\n<li>P\u00e5sk<\/li>\n<li>Eid Mubarak<\/li>\n<li>Chag Sameach<\/li>\n<li>Namnsdag<\/li>\n<li>Mors dag<\/li>\n<li>Fars dag<\/li>\n<li>Barnens dag<\/li>\n<li>Ny bebis \/ V\u00e4lkommen till v\u00e4rlden<\/li>\n<li>Halloween<\/li>\n<li>Diwali<\/li>\n<li>Alla hj\u00e4rtans dag<\/li>\n<li>Lunar New Year (Eldh\u00e4st-tema)<\/li>\n<li>Begravning \/ Avsked \/ Minne \u2014 mild, tr\u00f6stebaserad ber\u00e4ttande<\/li>\n<\/ul>\n<p>Om ditt \u00f6gonblick inte finns med i listan kan du v\u00e4lja &quot;Annat tillf\u00e4lle&quot; under personaliseringen och beskriva ditt scenario. V\u00e5rt system kommer att anpassa ber\u00e4ttelsen respektfullt till din familjs behov.<br \/>\n<strong>Varf\u00f6r familjer \u00e4lskar boken &quot;Special Moment&quot;<\/strong><\/p>\n<ul>\n<li>Ett meningsfullt minne f\u00f6r milstolpar eller k\u00e4nslom\u00e4ssiga \u00f6verg\u00e5ngar<\/li>\n<li>Personlig hj\u00e4lte, familj och budskap<\/li>\n<li>Mjuka ber\u00e4ttelsetoner skr\u00e4ddarsydda f\u00f6r just ditt tillf\u00e4lle<\/li>\n<li>Omedelbar \u00e5tkomst \u2014 ingen frakt kr\u00e4vs<\/li>\n<li>Perfekt f\u00f6r familjer, sl\u00e4ktingar och omt\u00e4nksamma presentgivare<\/li>\n<\/ul>\n<p>Den h\u00e4r boken blir ett k\u00e4rt minne som v\u00e4xer med ditt barn \u2013 n\u00e5got de kommer att \u00e5terv\u00e4nda till \u00e5r efter \u00e5r som en del av er familjeber\u00e4ttartradition.<\/p>","protected":false},"excerpt":{"rendered":"<p>En personlig barnbok skapad f\u00f6r alla speciella \u00f6gonblick \u2013 f\u00f6delsedagar, h\u00f6gtider, nyf\u00f6dda barn eller minnesstunder. Anpassa ditt barns namn, utseende, familjemedlemmar och dedikation. Levereras direkt som PDF och EPUB f\u00f6r utskrift hemma eller digital l\u00e4sning.<\/p>","protected":false},"featured_media":0,"comment_status":"open","ping_status":"closed","template":"","meta":{"_acf_changed":false,"site-sidebar-layout":"default","site-content-layout":"","ast-site-content-layout":"default","site-content-style":"default","site-sidebar-style":"default","ast-global-header-display":"","ast-banner-title-visibility":"","ast-main-header-display":"","ast-hfb-above-header-display":"","ast-hfb-below-header-display":"","ast-hfb-mobile-header-display":"","site-post-title":"","ast-breadcrumbs-content":"","ast-featured-img":"","footer-sml-layout":"","theme-transparent-header-meta":"default","adv-header-id-meta":"","stick-header-meta":"","header-above-stick-meta":"","header-main-stick-meta":"","header-below-stick-meta":"","astra-migrate-meta-layouts":"set","ast-page-background-enabled":"default","ast-page-background-meta":{"desktop":{"background-color":"var(--ast-global-color-5)","background-image":"","background-repeat":"repeat","background-position":"center center","background-size":"auto","background-attachment":"scroll","background-type":"","background-media":"","overlay-type":"","overlay-color":"","overlay-opacity":"","overlay-gradient":""},"tablet":{"background-color":"","background-image":"","background-repeat":"repeat","background-position":"center center","background-size":"auto","background-attachment":"scroll","background-type":"","background-media":"","overlay-type":"","overlay-color":"","overlay-opacity":"","overlay-gradient":""},"mobile":{"background-color":"","background-image":"","background-repeat":"repeat","background-position":"center center","background-size":"auto","background-attachment":"scroll","background-type":"","background-media":"","overlay-type":"","overlay-color":"","overlay-opacity":"","overlay-gradient":""}},"ast-content-background-meta":{"desktop":{"background-color":"var(--ast-global-color-4)","background-image":"","background-repeat":"repeat","background-position":"center center","background-size":"auto","background-attachment":"scroll","background-type":"","background-media":"","overlay-type":"","overlay-color":"","overlay-opacity":"","overlay-gradient":""},"tablet":{"background-color":"var(--ast-global-color-4)","background-image":"","background-repeat":"repeat","background-position":"center center","background-size":"auto","background-attachment":"scroll","background-type":"","background-media":"","overlay-type":"","overlay-color":"","overlay-opacity":"","overlay-gradient":""},"mobile":{"background-color":"var(--ast-global-color-4)","background-image":"","background-repeat":"repeat","background-position":"center center","background-size":"auto","background-attachment":"scroll","background-type":"","background-media":"","overlay-type":"","overlay-color":"","overlay-opacity":"","overlay-gradient":""}},"_glsr_average":0,"_glsr_ranking":0,"_glsr_reviews":0},"product_brand":[],"product_cat":[168,18],"product_tag":[],"class_list":{"0":"post-6012","1":"product","2":"type-product","3":"status-publish","5":"product_cat-digital-book","6":"product_cat-uncategorized","7":"desktop-align-left","8":"tablet-align-left","9":"mobile-align-left","11":"first","12":"instock","13":"downloadable","14":"taxable","15":"shipping-taxable","16":"purchasable","17":"product-type-simple"},"acf":[],"_links":{"self":[{"href":"https:\/\/mibooko.com\/sv\/wp-json\/wp\/v2\/product\/6012","targetHints":{"allow":["GET"]}}],"collection":[{"href":"https:\/\/mibooko.com\/sv\/wp-json\/wp\/v2\/product"}],"about":[{"href":"https:\/\/mibooko.com\/sv\/wp-json\/wp\/v2\/types\/product"}],"replies":[{"embeddable":true,"href":"https:\/\/mibooko.com\/sv\/wp-json\/wp\/v2\/comments?post=6012"}],"wp:attachment":[{"href":"https:\/\/mibooko.com\/sv\/wp-json\/wp\/v2\/media?parent=6012"}],"wp:term":[{"taxonomy":"product_brand","embeddable":true,"href":"https:\/\/mibooko.com\/sv\/wp-json\/wp\/v2\/product_brand?post=6012"},{"taxonomy":"product_cat","embeddable":true,"href":"https:\/\/mibooko.com\/sv\/wp-json\/wp\/v2\/product_cat?post=6012"},{"taxonomy":"product_tag","embeddable":true,"href":"https:\/\/mibooko.com\/sv\/wp-json\/wp\/v2\/product_tag?post=6012"}],"curies":[{"name":"wp","href":"https:\/\/api.w.org\/{rel}","templated":true}]}}