{"id":6013,"date":"2025-11-27T00:56:33","date_gmt":"2025-11-26T23:56:33","guid":{"rendered":"https:\/\/mibooko.com\/?post_type=product&#038;p=6013"},"modified":"2026-03-18T19:54:06","modified_gmt":"2026-03-18T18:54:06","slug":"special-moment-personalized-storybook","status":"publish","type":"product","link":"https:\/\/mibooko.com\/sv\/product\/special-moment-personalized-storybook\/","title":{"rendered":"Personlig sagobok f\u00f6r speciella \u00f6gonblick"},"content":{"rendered":"<p data-start=\"2842\" data-end=\"3189\">De <strong data-start=\"2846\" data-end=\"2874\">Sagobok f\u00f6r speciella \u00f6gonblick<\/strong> \u00e4r en ut\u00f6kad, rikt illustrerad barnber\u00e4ttelse utformad f\u00f6r familjer som vill ha en djupare och mer uttrycksfull ber\u00e4ttelse kring ett meningsfullt tillf\u00e4lle. Med fler scener, f\u00f6rfinade k\u00e4nslom\u00e4ssiga \u00f6verg\u00e5ngar och extra illustrationsdetaljer skapar denna sagobok en f\u00e4ngslande l\u00e4supplevelse d\u00e4r ditt barn \u00e4r hj\u00e4lten.<\/p>\n<p data-start=\"3191\" data-end=\"3644\">Anpassa ditt barns namn, utseende och familjemedlemmar, och l\u00e4gg sedan till en innerlig dedikation f\u00f6r att s\u00e4tta den k\u00e4nslom\u00e4ssiga tonen. Ber\u00e4ttelsen anpassar sig till ditt valda \u00f6gonblick, oavsett om det \u00e4r ljust och festligt eller lent och tr\u00f6sterikt. N\u00e4r du \u00e4r klar f\u00e5r du din personliga sagobok direkt i <strong data-start=\"3486\" data-end=\"3510\">PDF- och EPUB-format<\/strong>, redo f\u00f6r digital l\u00e4sning eller premiumutskrift hemma. Tillval <strong data-start=\"3573\" data-end=\"3590\">TTS-ber\u00e4ttelse<\/strong> erbjuds ocks\u00e5.<\/p>\n<p data-start=\"3646\" data-end=\"3803\">Denna sagobok \u00e4r idealisk f\u00f6r familjer som vill skapa en djupare kontakt, v\u00e5rda emotionell f\u00f6rst\u00e5else eller bevara ett viktigt \u00f6gonblick i livet med omsorg.<\/p>\n<h3 data-start=\"3805\" data-end=\"3832\"><strong data-start=\"3809\" data-end=\"3832\">St\u00f6dda tillf\u00e4llen<\/strong><\/h3>\n<p data-start=\"3833\" data-end=\"3939\">Du kan skapa en personlig sagobok f\u00f6r alla st\u00f6rre familje-, kultur- och sentimentala h\u00e4ndelser, inklusive:<\/p>\n<ul data-start=\"3941\" data-end=\"4335\">\n<li data-start=\"3941\" data-end=\"3957\">\n<p data-start=\"3943\" data-end=\"3957\">F\u00f6delsedag<\/p>\n<\/li>\n<li data-start=\"3958\" data-end=\"3975\">\n<p data-start=\"3960\" data-end=\"3975\">Jul<\/p>\n<\/li>\n<li data-start=\"3976\" data-end=\"3992\">\n<p data-start=\"3978\" data-end=\"3992\">Nytt \u00e5r<\/p>\n<\/li>\n<li data-start=\"3993\" data-end=\"4007\">\n<p data-start=\"3995\" data-end=\"4007\">P\u00e5sk<\/p>\n<\/li>\n<li data-start=\"4008\" data-end=\"4027\">\n<p data-start=\"4010\" data-end=\"4027\">Eid Mubarak<\/p>\n<\/li>\n<li data-start=\"4028\" data-end=\"4048\">\n<p data-start=\"4030\" data-end=\"4048\">Chag Sameach<\/p>\n<\/li>\n<li data-start=\"4049\" data-end=\"4065\">\n<p data-start=\"4051\" data-end=\"4065\">Namnsdag<\/p>\n<\/li>\n<li data-start=\"4066\" data-end=\"4086\">\n<p data-start=\"4068\" data-end=\"4086\">Mors dag<\/p>\n<\/li>\n<li data-start=\"4087\" data-end=\"4107\">\n<p data-start=\"4089\" data-end=\"4107\">Fars dag<\/p>\n<\/li>\n<li data-start=\"4108\" data-end=\"4130\">\n<p data-start=\"4110\" data-end=\"4130\">Barnens dag<\/p>\n<\/li>\n<li data-start=\"4131\" data-end=\"4155\">\n<p data-start=\"4133\" data-end=\"4155\">Ny bebis ankomst<\/p>\n<\/li>\n<li data-start=\"4156\" data-end=\"4173\">\n<p data-start=\"4158\" data-end=\"4173\">Halloween<\/p>\n<\/li>\n<li data-start=\"4174\" data-end=\"4188\">\n<p data-start=\"4176\" data-end=\"4188\">Diwali<\/p>\n<\/li>\n<li data-start=\"4189\" data-end=\"4212\">\n<p data-start=\"4191\" data-end=\"4212\">Alla hj\u00e4rtans dag<\/p>\n<\/li>\n<li data-start=\"4213\" data-end=\"4248\">\n<p data-start=\"4215\" data-end=\"4248\">M\u00e5n\u00e5rsny\u00e5r (Eldh\u00e4sten)<\/p>\n<\/li>\n<li data-start=\"4249\" data-end=\"4335\">\n<p data-start=\"4251\" data-end=\"4335\">Begravnings-\/avskeds-\/minnesbok \u2014 utformad med k\u00e4nslighet f\u00f6r unga l\u00e4sare<\/p>\n<\/li>\n<\/ul>\n<p data-start=\"4337\" data-end=\"4449\">Du kan ocks\u00e5 v\u00e4lja <strong data-start=\"4357\" data-end=\"4377\">\u201c&quot;Andra tillf\u00e4llen&quot;\u201d<\/strong> om du vill ha en ber\u00e4ttelse skapad kring en unik familjemilstolpe som:<\/p>\n<ul data-start=\"4450\" data-end=\"4589\">\n<li data-start=\"4450\" data-end=\"4473\">\n<p data-start=\"4452\" data-end=\"4473\">F\u00f6rsta skoldagen<\/p>\n<\/li>\n<li data-start=\"4474\" data-end=\"4500\">\n<p data-start=\"4476\" data-end=\"4500\">\u00c5terh\u00e4mtning efter sjukdom<\/p>\n<\/li>\n<li data-start=\"4501\" data-end=\"4516\">\n<p data-start=\"4503\" data-end=\"4516\">Flytta hem<\/p>\n<\/li>\n<li data-start=\"4517\" data-end=\"4533\">\n<p data-start=\"4519\" data-end=\"4533\">Adoptionsdag<\/p>\n<\/li>\n<li data-start=\"4534\" data-end=\"4558\">\n<p data-start=\"4536\" data-end=\"4558\">S\u00e4rskilda prestationer<\/p>\n<\/li>\n<li data-start=\"4559\" data-end=\"4589\">\n<p data-start=\"4561\" data-end=\"4589\">Familjetr\u00e4ffar eller resor<\/p>\n<\/li>\n<\/ul>\n<h3 data-start=\"4591\" data-end=\"4636\">Varf\u00f6r familjer v\u00e4ljer sagoboksutg\u00e5van<\/h3>\n<ul data-start=\"4637\" data-end=\"4977\">\n<li data-start=\"4637\" data-end=\"4689\">\n<p data-start=\"4639\" data-end=\"4689\">Djupare ber\u00e4ttarupplevelse med ut\u00f6kade scener<\/p>\n<\/li>\n<li data-start=\"4690\" data-end=\"4746\">\n<p data-start=\"4692\" data-end=\"4746\">Ytterligare illustrationer f\u00f6r rikare k\u00e4nslom\u00e4ssig effekt<\/p>\n<\/li>\n<li data-start=\"4747\" data-end=\"4796\">\n<p data-start=\"4749\" data-end=\"4796\">Perfekt f\u00f6r minnesskapande, ritualer och ritualer<\/p>\n<\/li>\n<li data-start=\"4797\" data-end=\"4847\">\n<p data-start=\"4799\" data-end=\"4847\">Personlig hj\u00e4lte, familjebes\u00e4ttning och engagemang<\/p>\n<\/li>\n<li data-start=\"4848\" data-end=\"4903\">\n<p data-start=\"4850\" data-end=\"4903\">Omedelbar digital leverans \u2013 l\u00e4s idag, spara f\u00f6r alltid<\/p>\n<\/li>\n<li data-start=\"4904\" data-end=\"4977\">\n<p data-start=\"4906\" data-end=\"4977\">Ett best\u00e5ende minne f\u00f6r firanden, \u00f6verg\u00e5ngar och l\u00e4kande stunder<\/p>\n<\/li>\n<\/ul>\n<p data-start=\"4979\" data-end=\"5140\">Sagoboken \u201dDet speciella \u00f6gonblicket\u201d blir mer \u00e4n en ber\u00e4ttelse \u2013 den blir ett familjef\u00f6rem\u00e5l som f\u00f6rs vidare fr\u00e5n ett \u00e5r till n\u00e4sta som en del av er gemensamma k\u00e4nslom\u00e4ssiga resa.<\/p>","protected":false},"excerpt":{"rendered":"<p>En rikt illustrerad, personlig sagobok f\u00f6r barn skapad f\u00f6r livets mest meningsfulla \u00f6gonblick. L\u00e4gg till ditt barns namn, utseende, familj och en innerlig dedikation f\u00f6r att g\u00f6ra ber\u00e4ttelsen verkligt of\u00f6rgl\u00f6mlig.<\/p>","protected":false},"featured_media":0,"comment_status":"open","ping_status":"closed","template":"","meta":{"_acf_changed":false,"site-sidebar-layout":"default","site-content-layout":"","ast-site-content-layout":"default","site-content-style":"default","site-sidebar-style":"default","ast-global-header-display":"","ast-banner-title-visibility":"","ast-main-header-display":"","ast-hfb-above-header-display":"","ast-hfb-below-header-display":"","ast-hfb-mobile-header-display":"","site-post-title":"","ast-breadcrumbs-content":"","ast-featured-img":"","footer-sml-layout":"","theme-transparent-header-meta":"default","adv-header-id-meta":"","stick-header-meta":"","header-above-stick-meta":"","header-main-stick-meta":"","header-below-stick-meta":"","astra-migrate-meta-layouts":"set","ast-page-background-enabled":"default","ast-page-background-meta":{"desktop":{"background-color":"var(--ast-global-color-5)","background-image":"","background-repeat":"repeat","background-position":"center center","background-size":"auto","background-attachment":"scroll","background-type":"","background-media":"","overlay-type":"","overlay-color":"","overlay-opacity":"","overlay-gradient":""},"tablet":{"background-color":"","background-image":"","background-repeat":"repeat","background-position":"center center","background-size":"auto","background-attachment":"scroll","background-type":"","background-media":"","overlay-type":"","overlay-color":"","overlay-opacity":"","overlay-gradient":""},"mobile":{"background-color":"","background-image":"","background-repeat":"repeat","background-position":"center center","background-size":"auto","background-attachment":"scroll","background-type":"","background-media":"","overlay-type":"","overlay-color":"","overlay-opacity":"","overlay-gradient":""}},"ast-content-background-meta":{"desktop":{"background-color":"var(--ast-global-color-4)","background-image":"","background-repeat":"repeat","background-position":"center center","background-size":"auto","background-attachment":"scroll","background-type":"","background-media":"","overlay-type":"","overlay-color":"","overlay-opacity":"","overlay-gradient":""},"tablet":{"background-color":"var(--ast-global-color-4)","background-image":"","background-repeat":"repeat","background-position":"center center","background-size":"auto","background-attachment":"scroll","background-type":"","background-media":"","overlay-type":"","overlay-color":"","overlay-opacity":"","overlay-gradient":""},"mobile":{"background-color":"var(--ast-global-color-4)","background-image":"","background-repeat":"repeat","background-position":"center center","background-size":"auto","background-attachment":"scroll","background-type":"","background-media":"","overlay-type":"","overlay-color":"","overlay-opacity":"","overlay-gradient":""}},"_glsr_average":0,"_glsr_ranking":0,"_glsr_reviews":0},"product_brand":[],"product_cat":[168,18],"product_tag":[],"class_list":{"0":"post-6013","1":"product","2":"type-product","3":"status-publish","5":"product_cat-digital-book","6":"product_cat-uncategorized","7":"desktop-align-left","8":"tablet-align-left","9":"mobile-align-left","11":"first","12":"instock","13":"downloadable","14":"taxable","15":"shipping-taxable","16":"purchasable","17":"product-type-simple"},"acf":[],"_links":{"self":[{"href":"https:\/\/mibooko.com\/sv\/wp-json\/wp\/v2\/product\/6013","targetHints":{"allow":["GET"]}}],"collection":[{"href":"https:\/\/mibooko.com\/sv\/wp-json\/wp\/v2\/product"}],"about":[{"href":"https:\/\/mibooko.com\/sv\/wp-json\/wp\/v2\/types\/product"}],"replies":[{"embeddable":true,"href":"https:\/\/mibooko.com\/sv\/wp-json\/wp\/v2\/comments?post=6013"}],"wp:attachment":[{"href":"https:\/\/mibooko.com\/sv\/wp-json\/wp\/v2\/media?parent=6013"}],"wp:term":[{"taxonomy":"product_brand","embeddable":true,"href":"https:\/\/mibooko.com\/sv\/wp-json\/wp\/v2\/product_brand?post=6013"},{"taxonomy":"product_cat","embeddable":true,"href":"https:\/\/mibooko.com\/sv\/wp-json\/wp\/v2\/product_cat?post=6013"},{"taxonomy":"product_tag","embeddable":true,"href":"https:\/\/mibooko.com\/sv\/wp-json\/wp\/v2\/product_tag?post=6013"}],"curies":[{"name":"wp","href":"https:\/\/api.w.org\/{rel}","templated":true}]}}