{"id":6661,"date":"2025-12-09T23:33:26","date_gmt":"2025-12-09T22:33:26","guid":{"rendered":"https:\/\/mibooko.com\/?post_type=product&#038;p=6661"},"modified":"2026-03-18T19:53:00","modified_gmt":"2026-03-18T18:53:00","slug":"softcover-storybook","status":"publish","type":"product","link":"https:\/\/mibooko.com\/sv\/product\/softcover-storybook\/","title":{"rendered":"Mjukt omslagsbok"},"content":{"rendered":"<p data-start=\"1495\" data-end=\"1736\">Detta till\u00e4gg till en mjuk sagobok f\u00f6rvandlar ditt personliga MIBOOKO-\u00e4ventyr till en h\u00f6gkvalitativ tryckt bok.<br data-start=\"644\" data-end=\"647\" \/>Det mjuka omslaget och det slitstarka pappret g\u00f6r den idealisk f\u00f6r yngre l\u00e4sare och f\u00f6r upprepad anv\u00e4ndning.<br data-start=\"737\" data-end=\"740\" \/>Tryckt i livfulla f\u00e4rger med barns\u00e4kra bl\u00e4ck p\u00e5 premiummaterial.<\/p>","protected":false},"excerpt":{"rendered":"<p data-start=\"419\" data-end=\"499\">En l\u00e4tt, vackert tryckt sagobok med mjuk p\u00e4rm. Perfekt f\u00f6r vardagsl\u00e4sning.<\/p>","protected":false},"featured_media":10376,"comment_status":"open","ping_status":"closed","template":"","meta":{"_acf_changed":false,"site-sidebar-layout":"default","site-content-layout":"","ast-site-content-layout":"default","site-content-style":"default","site-sidebar-style":"default","ast-global-header-display":"","ast-banner-title-visibility":"","ast-main-header-display":"","ast-hfb-above-header-display":"","ast-hfb-below-header-display":"","ast-hfb-mobile-header-display":"","site-post-title":"","ast-breadcrumbs-content":"","ast-featured-img":"","footer-sml-layout":"","theme-transparent-header-meta":"default","adv-header-id-meta":"","stick-header-meta":"","header-above-stick-meta":"","header-main-stick-meta":"","header-below-stick-meta":"","astra-migrate-meta-layouts":"set","ast-page-background-enabled":"default","ast-page-background-meta":{"desktop":{"background-color":"var(--ast-global-color-5)","background-image":"","background-repeat":"repeat","background-position":"center center","background-size":"auto","background-attachment":"scroll","background-type":"","background-media":"","overlay-type":"","overlay-color":"","overlay-opacity":"","overlay-gradient":""},"tablet":{"background-color":"","background-image":"","background-repeat":"repeat","background-position":"center center","background-size":"auto","background-attachment":"scroll","background-type":"","background-media":"","overlay-type":"","overlay-color":"","overlay-opacity":"","overlay-gradient":""},"mobile":{"background-color":"","background-image":"","background-repeat":"repeat","background-position":"center center","background-size":"auto","background-attachment":"scroll","background-type":"","background-media":"","overlay-type":"","overlay-color":"","overlay-opacity":"","overlay-gradient":""}},"ast-content-background-meta":{"desktop":{"background-color":"var(--ast-global-color-4)","background-image":"","background-repeat":"repeat","background-position":"center center","background-size":"auto","background-attachment":"scroll","background-type":"","background-media":"","overlay-type":"","overlay-color":"","overlay-opacity":"","overlay-gradient":""},"tablet":{"background-color":"var(--ast-global-color-4)","background-image":"","background-repeat":"repeat","background-position":"center center","background-size":"auto","background-attachment":"scroll","background-type":"","background-media":"","overlay-type":"","overlay-color":"","overlay-opacity":"","overlay-gradient":""},"mobile":{"background-color":"var(--ast-global-color-4)","background-image":"","background-repeat":"repeat","background-position":"center center","background-size":"auto","background-attachment":"scroll","background-type":"","background-media":"","overlay-type":"","overlay-color":"","overlay-opacity":"","overlay-gradient":""}},"_glsr_average":0,"_glsr_ranking":0,"_glsr_reviews":0},"product_brand":[],"product_cat":[169,174,18],"product_tag":[],"class_list":{"0":"post-6661","1":"product","2":"type-product","3":"status-publish","4":"has-post-thumbnail","6":"product_cat-add-on","7":"product_cat-physical","8":"product_cat-uncategorized","9":"product_shipping_class-printed-book-addon","10":"desktop-align-left","11":"tablet-align-left","12":"mobile-align-left","14":"first","15":"instock","16":"downloadable","17":"taxable","18":"shipping-taxable","19":"purchasable","20":"product-type-simple"},"acf":[],"_links":{"self":[{"href":"https:\/\/mibooko.com\/sv\/wp-json\/wp\/v2\/product\/6661","targetHints":{"allow":["GET"]}}],"collection":[{"href":"https:\/\/mibooko.com\/sv\/wp-json\/wp\/v2\/product"}],"about":[{"href":"https:\/\/mibooko.com\/sv\/wp-json\/wp\/v2\/types\/product"}],"replies":[{"embeddable":true,"href":"https:\/\/mibooko.com\/sv\/wp-json\/wp\/v2\/comments?post=6661"}],"wp:featuredmedia":[{"embeddable":true,"href":"https:\/\/mibooko.com\/sv\/wp-json\/wp\/v2\/media\/10376"}],"wp:attachment":[{"href":"https:\/\/mibooko.com\/sv\/wp-json\/wp\/v2\/media?parent=6661"}],"wp:term":[{"taxonomy":"product_brand","embeddable":true,"href":"https:\/\/mibooko.com\/sv\/wp-json\/wp\/v2\/product_brand?post=6661"},{"taxonomy":"product_cat","embeddable":true,"href":"https:\/\/mibooko.com\/sv\/wp-json\/wp\/v2\/product_cat?post=6661"},{"taxonomy":"product_tag","embeddable":true,"href":"https:\/\/mibooko.com\/sv\/wp-json\/wp\/v2\/product_tag?post=6661"}],"curies":[{"name":"wp","href":"https:\/\/api.w.org\/{rel}","templated":true}]}}