{"id":2411,"date":"2025-10-15T13:52:46","date_gmt":"2025-10-15T11:52:46","guid":{"rendered":"https:\/\/mibooko.com\/privacy-statement-eu\/"},"modified":"2025-11-22T13:14:40","modified_gmt":"2025-11-22T12:14:40","slug":"privacy-statement-eu","status":"publish","type":"page","link":"https:\/\/mibooko.com\/tr\/privacy-statement-eu\/","title":{"rendered":"Gizlilik Beyan\u0131 (AB)"},"content":{"rendered":"<!-- Legal document generated by Complianz | GDPR\/CCPA Cookie Consent https:\/\/wordpress.org\/plugins\/complianz-gdpr -->\n<div id=\"cmplz-document\" class=\"cmplz-document privacy-statement cmplz-document-eu\"><p><i>Bu Gizlilik Bildirimi en son 2026-03-18 tarihinde g\u00fcncellendi ve Avrupa Ekonomik Alan\u0131 i\u00e7in ge\u00e7erlidir.<\/i><br \/><br \/><\/p><p><p>Bu gizlilik bildiriminde, yard\u0131mlar\u0131n\u0131zla ilgili elde etti\u011fimiz verilerle <a href=\"https:\/\/mibooko.com\/tr\/\">https:\/\/mibooko.com\/tr\/<\/a> boyunca neler yapt\u0131\u011f\u0131m\u0131z\u0131 a\u00e7\u0131kl\u0131yoruz. Bu paketi dikkatlice okuman\u0131z\u0131 tavsiye ederiz. \u0130\u015flemimizde gizlilik mevzuat\u0131n\u0131n gerekliliklerine uyuyoruz. Bu, di\u011fer \u015feylerin yan\u0131 s\u0131ra, \u015fu anlama gelir:<\/p><ul>\n                <li>Ki\u015fisel verileri ama\u00e7lad\u0131\u011f\u0131m\u0131z \u00f6zellikleri a\u00e7\u0131k\u00e7a belirtiriz. Bunu bu gizlilik bildirimi ile yap\u0131yoruz;<\/li>\n                <li>ki\u015fisel veri koleksiyonumuzu yaln\u0131zca me\u015fru \u015fartlar i\u00e7in gerekli olan ki\u015fisel verilerle s\u0131n\u0131rlamay\u0131 hedefliyoruz;<\/li>\n                <li>\u00f6ncelikle sizin onay\u0131n\u0131z\u0131 i\u00e7eren ki\u015fisel bilgilerinizi i\u015flemek i\u00e7in a\u00e7\u0131k onay\u0131n\u0131z\u0131 isteyin;<\/li>\n                <li>ki\u015fisel bilgileri korumak i\u00e7in uygun g\u00fcvenlik \u00f6nlemleri ve ayr\u0131ca ki\u015fisel verileri bizim ad\u0131m\u0131za kaydeden taraflardan talep ediyoruz;<\/li>\n                <li>Bilgileriniz \u00fczerine ki\u015fisel verilerinizin bilgilerini veya bilgilerini veya silinmesini sa\u011flayarak hakk\u0131n\u0131za sayg\u0131 g\u00f6sterir.<\/li>\n            <\/ul><p>Herhangi bir sorunuz varsa veya sizin i\u00e7in hangi verileri saklad\u0131\u011f\u0131m\u0131z\u0131 tam olarak \u00f6\u011frenmek istiyorsan\u0131z, l\u00fctfen benimle ileti\u015fime ge\u00e7in.<\/p><\/p><h2>1. Ama\u00e7, veri ve saklama s\u00fcresi<\/h2>Ki\u015fisel bilgiler, a\u015fa\u011f\u0131dakileri i\u00e7erebilecek ticari faaliyetlerimizle ba\u011flant\u0131l\u0131 bir dizi ama\u00e7 i\u00e7in toplayabilir veya alabiliriz: (geni\u015fletmek i\u00e7in t\u0131klay\u0131n)<details class=\"cmplz-dropdown dropdown-privacy-statement\"><summary><div><h3>1.1 Verileri \u00fc\u00e7\u00fcnc\u00fc bir kez de\u011fi\u015ftirmek veya payla\u015fmak<\/h3><\/div><\/summary><p class=\"cmplz-subtitle\">Bu ama\u00e7la a\u015fa\u011f\u0131daki veriler sistemleri:<\/p><p><ul><li>Ad\u0131 ve soyad\u0131<\/li><li>Bir e-posta adresi<\/li><li>Co\u011frafi konum verileri<\/li><\/ul><\/p><p class=\"cmplz-subtitle\">Bu verileri i\u015fleyebilece\u011fimiz temel:<\/p><p class=\"cmplz-subtitle\">Saklama s\u00fcresi<\/p><p>Bu veriler, hizmetin sona erdirilmesi \u00fczerine a\u015fa\u011f\u0131daki ay say\u0131lar\u0131 boyunca saklar\u0131z: 36<\/p><\/details><details class=\"cmplz-dropdown dropdown-privacy-statement\"><summary><div><h3>1.2 Borular<\/h3><\/div><\/summary><p class=\"cmplz-subtitle\">Bu ama\u00e7la a\u015fa\u011f\u0131daki veriler sistemleri:<\/p><p><ul><li>Ad\u0131 ve soyad\u0131<\/li><li>Sokak ad\u0131 ve \u015fehir veya kasaba ad\u0131 da dahil olmak \u00fczere bir ev veya di\u011fer fiziksel adres<\/li><li>Bir e-posta adresi<\/li><li>Bir telefon numaras\u0131<\/li><\/ul><\/p><p class=\"cmplz-subtitle\">Bu verileri i\u015fleyebilece\u011fimiz temel:<\/p><p class=\"cmplz-subtitle\">Saklama s\u00fcresi<\/p><p>Bu veriler, hizmetin sona erdirilmesi \u00fczerine a\u015fa\u011f\u0131daki ay say\u0131lar\u0131 boyunca saklar\u0131z: 36<\/p><\/details><details class=\"cmplz-dropdown dropdown-privacy-statement\"><summary><div><h3>1.3 Web sitesinin g\u00fcncellenmesi i\u00e7in bilgilerin toplanmas\u0131 ve analiz edilmesi.<\/h3><\/div><\/summary><p class=\"cmplz-subtitle\">Bu ama\u00e7la a\u015fa\u011f\u0131daki veriler sistemleri:<\/p><p><ul><li>Co\u011frafi konum verileri<\/li><li>IP Adresi<\/li><li>Tarama ge\u00e7mi\u015fi, arama ge\u00e7mi\u015fi ve bir internet web sitesinin bir \u0130nternet Web sitesi, uygulama veya reklamlarla etkile\u015fimine ili\u015fkin bilgiler dahil ancak g\u00f6r\u00fcnt\u00fcleme s\u0131n\u0131rl\u0131 olmad\u0131\u011f\u0131 halde \u0130nternet etkinlik bilgileri<\/li><\/ul><\/p><p class=\"cmplz-subtitle\">Bu verileri i\u015fleyebilece\u011fimiz temel:<\/p><p class=\"cmplz-subtitle\">Saklama s\u00fcresi<\/p><p>Bu veriler, hizmetin sona erdirilmesi \u00fczerine a\u015fa\u011f\u0131daki ay say\u0131lar\u0131 boyunca saklar\u0131z: 36<\/p><\/details><details class=\"cmplz-dropdown dropdown-privacy-statement\"><summary><div><h3>1.4 Birle\u015fmek sat\u0131n almak istedi\u011fi veya sat\u0131n alma hizmetleri veya \u00fcr\u00fcnlerini desteklemek<\/h3><\/div><\/summary><p class=\"cmplz-subtitle\">Bu ama\u00e7la a\u015fa\u011f\u0131daki veriler sistemleri:<\/p><p><ul><li>Ad\u0131 ve soyad\u0131<\/li><li>Hesap ad\u0131 veya takma ad<\/li><li>Bir e-posta adresi<\/li><li>IP Adresi<\/li><li>Tarama ge\u00e7mi\u015fi, arama ge\u00e7mi\u015fi ve bir internet web sitesinin bir \u0130nternet Web sitesi, uygulama veya reklamlarla etkile\u015fimine ili\u015fkin bilgiler dahil ancak g\u00f6r\u00fcnt\u00fcleme s\u0131n\u0131rl\u0131 olmad\u0131\u011f\u0131 halde \u0130nternet etkinlik bilgileri<\/li><li>Co\u011frafi konum verileri<\/li><\/ul><\/p><p class=\"cmplz-subtitle\">Bu verileri i\u015fleyebilece\u011fimiz temel:<\/p><p class=\"cmplz-subtitle\">Saklama s\u00fcresi<\/p><p>Bu veriler, hizmetin sona erdirilmesi \u00fczerine a\u015fa\u011f\u0131daki ay say\u0131lar\u0131 boyunca saklar\u0131z: 36<\/p><\/details><details class=\"cmplz-dropdown dropdown-privacy-statement\"><summary><div><h3>1.5 Payler<\/h3><\/div><\/summary><p class=\"cmplz-subtitle\">Bu ama\u00e7la a\u015fa\u011f\u0131daki veriler sistemleri:<\/p><p><ul><li>Ad\u0131 ve soyad\u0131<\/li><li>Bir e-posta adresi<\/li><li>IP Adresi<\/li><li>Hesap ad\u0131 veya takma ad<\/li><\/ul><\/p><p class=\"cmplz-subtitle\">Bu verileri i\u015fleyebilece\u011fimiz temel:<\/p><p class=\"cmplz-subtitle\">Saklama s\u00fcresi<\/p><p>Hizmet sona erene kadar bu verileri saklar\u0131z.<\/p><\/details><details class=\"cmplz-dropdown dropdown-privacy-statement\"><summary><div><h3>1.6 \u0130leti\u015fim - Telefon, posta, e-posta ve\/veya web formlar\u0131 arac\u0131l\u0131\u011f\u0131yla<\/h3><\/div><\/summary><p class=\"cmplz-subtitle\">Bu ama\u00e7la a\u015fa\u011f\u0131daki veriler sistemleri:<\/p><p><ul><li>Bir e-posta adresi<\/li><li>Ad\u0131 ve soyad\u0131<\/li><li>IP Adresi<\/li><li>Co\u011frafi konum verileri<\/li><li>Tarama ge\u00e7mi\u015fi, arama ge\u00e7mi\u015fi ve bir internet web sitesinin bir \u0130nternet Web sitesi, uygulama veya reklamlarla etkile\u015fimine ili\u015fkin bilgiler dahil ancak g\u00f6r\u00fcnt\u00fcleme s\u0131n\u0131rl\u0131 olmad\u0131\u011f\u0131 halde \u0130nternet etkinlik bilgileri<\/li><\/ul><\/p><p class=\"cmplz-subtitle\">Bu verileri i\u015fleyebilece\u011fimiz temel:<\/p><p class=\"cmplz-subtitle\">Saklama s\u00fcresi<\/p><p>Bu veriler, hizmetin sona erdirilmesi \u00fczerine a\u015fa\u011f\u0131daki ay say\u0131lar\u0131 boyunca saklar\u0131z: 36<\/p><\/details><details class=\"cmplz-dropdown dropdown-privacy-statement\"><summary><div><h3>1.7 Bir hesap yaz\u0131n<\/h3><\/div><\/summary><p class=\"cmplz-subtitle\">Bu ama\u00e7la a\u015fa\u011f\u0131daki veriler sistemleri:<\/p><p><ul><li>Ad\u0131 ve soyad\u0131<\/li><li>Sokak ad\u0131 ve \u015fehir veya kasaba ad\u0131 da dahil olmak \u00fczere bir ev veya di\u011fer fiziksel adres<\/li><li>Bir e-posta adresi<\/li><li>Bir telefon numaras\u0131<\/li><li>IP Adresi<\/li><li>Co\u011frafi konum verileri<\/li><li>Hesap ad\u0131 veya takma ad<\/li><\/ul><\/p><p class=\"cmplz-subtitle\">Bu verileri i\u015fleyebilece\u011fimiz temel:<\/p><p class=\"cmplz-subtitle\">Saklama s\u00fcresi<\/p><p>Bu veriler, hizmetin sona erdirilmesi \u00fczerine a\u015fa\u011f\u0131daki ay say\u0131lar\u0131 boyunca saklar\u0131z: 36<\/p><\/details><h2>2. Di\u011fer z\u0131tl\u0131klarla payla\u015fma<\/h2><p>Bu verileri yaln\u0131zca a\u015fa\u011f\u0131daki ayr\u0131nt\u0131larla i\u015flemcilerle payla\u015fmaz veya if\u015fa etmenizi rica ederiz:<\/p><p class=\"cmplz-subtitle\">\u0130\u015flemciler<\/p><p><b>\u0130sim:<\/b>&nbsp;Stripe \u00d6demeleri Avrupa Ltd.<br \/>\n            <b>\u00dclke:<\/b>&nbsp;\u0130rlanda<br \/>\n            <b>Ama\u00e7:<\/b>&nbsp;\u00c7evrimi\u00e7i sipari\u015fler i\u00e7in \u00f6deme i\u015fleme<br \/>\n            <\/p><h2>3. \u00c7erezler<\/h2><p>Web ortamlar\u0131ndaki \u00e7erezler kullan\u0131lmaktad\u0131r. \u00c7erezler hakk\u0131nda daha fazla bilgi i\u00e7in l\u00fctfen <a href=\"https:\/\/mibooko.com\/tr\/cookie-policy-eu\/\">\u00c7erez Politikas\u0131<\/a> sayfam\u0131za bak\u0131n.&nbsp;<\/p><h2>4. Bilgilendirme uygulamalar\u0131<\/h2><p><p>Ki\u015fisel bilgiler, kanunlar veya mahkeme emri, bir kolluk kuvvetine yan\u0131t olarak, bunlar\u0131n di\u011fer muhafaza kapsam\u0131nda izin verildi\u011fi \u00f6l\u00e7\u00fcde, bilgi sa\u011flamak veya kamu g\u00fcvenli\u011fi ile ilgili bir konuda soru\u015fturma yapmak i\u00e7in gerekli olmas\u0131 halinde istenir.<\/p><p>Web sitemiz veya aboneli\u011fimiz sat\u0131n al\u0131n\u0131rsa, sat\u0131l\u0131rsa veya bir birle\u015fme veya sat\u0131n alma i\u015flemine dahil olursa, toplan\u0131r\u0131z dan\u0131\u015fmanlar\u0131m\u0131za ve olas\u0131 al\u0131c\u0131lara if\u015fa edilebilir ve yeni sahiplere aktar\u0131l\u0131r.<\/p><\/p><p>Google ile bir Veri \u0130\u015fleme S\u00f6zle\u015fmesi imzaland\u0131.<\/p><p>Google, verileri ba\u015fka herhangi bir Google hizmeti i\u00e7in kullanamaz.<\/p><p>Tam IP adreslerinin birle\u015ftirilmesinden engellenir.<\/p><h2>5. G\u00fcvenlik<\/h2><p>Ki\u015fisel gizlili\u011fin korunmas\u0131 konusunda kararl\u0131y\u0131z. Ki\u015fisel veri kay\u0131t verilerini da\u011f\u0131tma ve bunlara ili\u015fkin yetki s\u0131n\u0131rlamas\u0131n\u0131 s\u0131n\u0131rlamak i\u00e7in uygun g\u00fcvenlik \u00f6demelerini al\u0131n. Bu, verilere yaln\u0131zca gerekli ki\u015filerin eri\u015febilmesini, eri\u015fimin korunmas\u0131n\u0131 ve g\u00fcvenlik kontrollerimizin d\u00fczenli olarak g\u00f6zden ge\u00e7irilmesini sa\u011flar.<\/p><h2>6. \u00dc\u00e7\u00fcnc\u00fc taraf web siteleri<\/h2><p>Bu gizlilik bildirimi, web sitesindeki ba\u011flant\u0131larla ba\u011flanan \u00fc\u00e7\u00fcnc\u00fc taraf web siteleri i\u00e7in ge\u00e7erli de\u011fildir. Bu \u00fc\u00e7\u00fcnc\u00fc ki\u015filerin ki\u015fisel ayarlar\u0131n\u0131n g\u00fcvenilir veya g\u00fcvenli bir \u015fekilde yap\u0131lmas\u0131n\u0131 garanti edemeyiz. Bu web sitelerini kullanmadan \u00f6nce bu web sitelerinin gizlilik bildirimlerini okuman\u0131z\u0131 tavsiye ederiz.<\/p><h2>7. Bu Gizlilik Bildirimindeki De\u011fi\u015fiklikler<\/h2><p>Bu gizlilik bildiriminde de\u011fi\u015fiklik yapma hakk\u0131m\u0131z sakl\u0131d\u0131r. De\u011fi\u015fikliklerden haberdar olmak i\u00e7in bu Gizlilik bildirimine d\u00fczenli olarak ba\u015fvurman\u0131z \u00f6nerilir. Ayr\u0131ca m\u00fcmk\u00fcn olan her yerde sizi aktif olarak bilgilendirece\u011fiz.<\/p><h2>8. Verilerinize ili\u015fkin ayarlar ve so\u011futucular\u0131n de\u011fi\u015ftirilmesi<\/h2><p>Herhangi bir sorunuz varsa veya hakk\u0131n\u0131zda hangi ki\u015fisel verilerimizin olup olmad\u0131\u011f\u0131n\u0131 bilmek istiyorsan\u0131z, l\u00fctfen benimle ileti\u015fime ge\u00e7in. A\u015fa\u011f\u0131daki bilgileri kullanarak bizimle ileti\u015fime ge\u00e7ebilirsiniz. Haklara g\u00f6re faydalar:<\/p><ul>\n                <li>Ki\u015fisel verilerinizin neden ihtiya\u00e7 duyuldu\u011fu, ne kadar esnek oldu\u011fu ve ne kadar korunaca\u011f\u0131n\u0131 bilme hakk\u0131 kazand\u0131\u011f\u0131.<\/li>\n                <li>Eri\u015fim hakk\u0131: Bizim taraf\u0131m\u0131zdan korunan ki\u015fisel verilere ait hak haklar\u0131.<\/li>\n                <li>g\u00fcncelleme hakk\u0131: ki\u015fisel ayarlar\u0131n de\u011fi\u015ftirilme zaman\u0131n\u0131n tamamlanmas\u0131, d\u00fczeltilmesi, silinmesi veya engellenmesi hakk\u0131 haklar\u0131.<\/li>\n                <li>Bize bilgilerinizi i\u015fleme izniniz varsa, bu r\u0131zay\u0131 iptal etme ve ki\u015fisel silme silme i\u015flemleri vard\u0131r.<\/li>\n                <li>Verilerinizi da\u011f\u0131tma: t\u00fcm ki\u015fisel bak\u0131mlardan talep etme ve b\u00fct\u00fcn\u00fcyle ba\u015fka bir denetleyiciye da\u011f\u0131t\u0131m hakk\u0131 kazanma.<\/li>\n                <li>\u0130tiraz hakk\u0131: i\u015flemlerin yap\u0131lmas\u0131na itiraz edebilirsiniz. \u0130\u015fleme i\u00e7in hakl\u0131 gerek\u00e7eler olmad\u0131k\u00e7a buna uyuyoruz.<\/li>\n            <\/ul><p>L\u00fctfen kimin varl\u0131\u011f\u0131n\u0131n a\u00e7\u0131k\u00e7a g\u00f6r\u00fcld\u00fc\u011f\u00fcnden emin olun, bu nedenle yanl\u0131\u015f ki\u015fiyi ay\u0131rmad\u0131\u011f\u0131m\u0131zden veya silmedi\u011fimizden emin olabilirsiniz.<\/p><h2>9. \u015eikayet<\/h2><p>Ki\u015fisel verilerinizin i\u015flenme b\u00f6l\u00fcm\u00fcnden memnun de\u011filseniz (\u015fikayet\u00e7iyseniz), Veri Koruma Kurumu&#039;na \u015fikayette bulunma hakk\u0131 kazan\u0131r.<\/p><h2>10. \u0130leti\u015fim detaylar\u0131<\/h2><p>Mibooko Sp. z oo.<br \/>\n        Zolnierzy I AWP 8, 81-380 Gdynia<br \/>\n        Polonya<br \/>\n        \u0130nternet Sitesi: <a href=\"https:\/\/mibooko.com\/tr\/\">https:\/\/mibooko.com\/tr\/<\/a> <br \/>\n        E-posta <span class=\"cmplz-obfuscate\">mahremiyet@<span class=\"cmplz-fmail-domain\">ex.com<\/span>&#109;iboo&#107;o.&#099;&#111;m<\/span> <br \/>\n        Telefon numaras\u0131: +48660977702<\/p><h2>11. Veri Talepleri<\/h2><p>En s\u0131k iletilen talepler i\u00e7in boyut veri talep formumuzu kullanma imkan\u0131 da sunuyoruz<br \/>\t\t\t<div class=\"cmplz-datarequest cmplz-alert\">\n\t\t\t\t<span class=\"cmplz-close\">\u00d7<\/span>\n\t\t\t\t<span id=\"cmplz-message\"><\/span>\n\t\t\t<\/div>\n\t\t\t<form id=\"cmplz-datarequest-form\" action=\"\">\n\t\t\t\t<input type=\"hidden\" required value=\"eu\" name=\"cmplz_datarequest_region\" id=\"cmplz_datarequest_region\">\n\n\t\t\t\t<label for=\"cmplz_datarequest_firstname\" class=\"cmplz-first-name\">\u0130sim\t\t\t\t\t<input type=\"search\" class=\"datarequest-firstname\" value=\"\" placeholder=\"ad\u0131n\u0131z\" id=\"cmplz_datarequest_firstname\" name=\"cmplz_datarequest_firstname\">\n\t\t\t\t<\/label>\n\t\t\t\t<div>\n\t\t\t\t\t<label for=\"cmplz_datarequest_name\">\u0130sim<\/label>\n\t\t\t\t\t<input type=\"text\" required value=\"\" placeholder=\"Ad\u0131n\u0131z\" id=\"cmplz_datarequest_name\" name=\"cmplz_datarequest_name\">\n\t\t\t\t<\/div>\n\t\t\t\t<div>\n\t\t\t\t\t<label for=\"cmplz_datarequest_email\">E-posta<\/label>\n\t\t\t\t\t<input type=\"email\" required value=\"\" placeholder=\"email@email.com\" id=\"cmplz_datarequest_email\" name=\"cmplz_datarequest_email\">\n\t\t\t\t<\/div>\n\t\t\t\t\t\t\t\t\t\t<div class=\"cmplz_datarequest cmplz_datarequest_request_for_access\">\n\t\t\t\t\t\t\t<label for=\"cmplz_datarequest_request_for_access\">\n\t\t\t\t\t\t\t\t<input type=\"checkbox\" value=\"1\" name=\"cmplz_datarequest_request_for_access\" id=\"cmplz_datarequest_request_for_access\" \/>\n\t\t\t\t\t\t\t\tHakk\u0131n\u0131zda i\u015fledi\u011fimiz verilere eri\u015fim i\u00e7in bir talep g\u00f6nderin.\t\t\t\t\t\t\t<\/label>\n\t\t\t\t\t\t<\/div>\n\t\t\t\t\t\t\t\t\t\t<div class=\"cmplz_datarequest cmplz_datarequest_right_to_be_forgotten\">\n\t\t\t\t\t\t\t<label for=\"cmplz_datarequest_right_to_be_forgotten\">\n\t\t\t\t\t\t\t\t<input type=\"checkbox\" value=\"1\" name=\"cmplz_datarequest_right_to_be_forgotten\" id=\"cmplz_datarequest_right_to_be_forgotten\" \/>\n\t\t\t\t\t\t\t\tArt\u0131k ilgili de\u011filse verilerin silinmesi i\u00e7in bir talep g\u00f6nderin.\t\t\t\t\t\t\t<\/label>\n\t\t\t\t\t\t<\/div>\n\t\t\t\t\t\t\t\t\t\t<div class=\"cmplz_datarequest cmplz_datarequest_right_to_data_portability\">\n\t\t\t\t\t\t\t<label for=\"cmplz_datarequest_right_to_data_portability\">\n\t\t\t\t\t\t\t\t<input type=\"checkbox\" value=\"1\" name=\"cmplz_datarequest_right_to_data_portability\" id=\"cmplz_datarequest_right_to_data_portability\" \/>\n\t\t\t\t\t\t\t\tHakk\u0131n\u0131zda i\u015fledi\u011fimiz verilerin bir d\u0131\u015fa aktar\u0131m dosyas\u0131n\u0131 almak i\u00e7in bir talep g\u00f6nderin.\t\t\t\t\t\t\t<\/label>\n\t\t\t\t\t\t<\/div>\n\t\t\t\t\t\t\t\t<input type=\"button\" id=\"cmplz-datarequest-submit\" value=\"G\u00f6nder\">\n\t\t\t<input type=\"hidden\" name=\"trp-form-language\" value=\"tr\"\/><\/form>\n\n\t\t\t<style>\n\t\t\t\t\/* first-name is honeypot *\/\n\t\t\t\t.cmplz-first-name {\n\t\t\t\t\tposition: absolute !important;\n\t\t\t\t\tleft: -5000px !important;\n\t\t\t\t}\n\t\t\t<\/style>\n\t\t\t<\/p><\/div>","protected":false},"excerpt":{"rendered":"","protected":false},"author":3,"featured_media":0,"parent":0,"menu_order":0,"comment_status":"closed","ping_status":"closed","template":"","meta":{"_acf_changed":false,"site-sidebar-layout":"default","site-content-layout":"","ast-site-content-layout":"default","site-content-style":"default","site-sidebar-style":"default","ast-global-header-display":"","ast-banner-title-visibility":"","ast-main-header-display":"","ast-hfb-above-header-display":"","ast-hfb-below-header-display":"","ast-hfb-mobile-header-display":"","site-post-title":"","ast-breadcrumbs-content":"","ast-featured-img":"","footer-sml-layout":"","theme-transparent-header-meta":"","adv-header-id-meta":"","stick-header-meta":"","header-above-stick-meta":"","header-main-stick-meta":"","header-below-stick-meta":"","astra-migrate-meta-layouts":"default","ast-page-background-enabled":"default","ast-page-background-meta":{"desktop":{"background-color":"var(--ast-global-color-5)","background-image":"","background-repeat":"repeat","background-position":"center center","background-size":"auto","background-attachment":"scroll","background-type":"","background-media":"","overlay-type":"","overlay-color":"","overlay-opacity":"","overlay-gradient":""},"tablet":{"background-color":"","background-image":"","background-repeat":"repeat","background-position":"center center","background-size":"auto","background-attachment":"scroll","background-type":"","background-media":"","overlay-type":"","overlay-color":"","overlay-opacity":"","overlay-gradient":""},"mobile":{"background-color":"","background-image":"","background-repeat":"repeat","background-position":"center center","background-size":"auto","background-attachment":"scroll","background-type":"","background-media":"","overlay-type":"","overlay-color":"","overlay-opacity":"","overlay-gradient":""}},"ast-content-background-meta":{"desktop":{"background-color":"var(--ast-global-color-4)","background-image":"","background-repeat":"repeat","background-position":"center center","background-size":"auto","background-attachment":"scroll","background-type":"","background-media":"","overlay-type":"","overlay-color":"","overlay-opacity":"","overlay-gradient":""},"tablet":{"background-color":"var(--ast-global-color-4)","background-image":"","background-repeat":"repeat","background-position":"center center","background-size":"auto","background-attachment":"scroll","background-type":"","background-media":"","overlay-type":"","overlay-color":"","overlay-opacity":"","overlay-gradient":""},"mobile":{"background-color":"var(--ast-global-color-4)","background-image":"","background-repeat":"repeat","background-position":"center center","background-size":"auto","background-attachment":"scroll","background-type":"","background-media":"","overlay-type":"","overlay-color":"","overlay-opacity":"","overlay-gradient":""}},"_glsr_average":0,"_glsr_ranking":0,"_glsr_reviews":0,"footnotes":""},"folder":[],"class_list":["post-2411","page","type-page","status-publish","hentry"],"acf":[],"_links":{"self":[{"href":"https:\/\/mibooko.com\/tr\/wp-json\/wp\/v2\/pages\/2411","targetHints":{"allow":["GET"]}}],"collection":[{"href":"https:\/\/mibooko.com\/tr\/wp-json\/wp\/v2\/pages"}],"about":[{"href":"https:\/\/mibooko.com\/tr\/wp-json\/wp\/v2\/types\/page"}],"author":[{"embeddable":true,"href":"https:\/\/mibooko.com\/tr\/wp-json\/wp\/v2\/users\/3"}],"replies":[{"embeddable":true,"href":"https:\/\/mibooko.com\/tr\/wp-json\/wp\/v2\/comments?post=2411"}],"version-history":[{"count":0,"href":"https:\/\/mibooko.com\/tr\/wp-json\/wp\/v2\/pages\/2411\/revisions"}],"wp:attachment":[{"href":"https:\/\/mibooko.com\/tr\/wp-json\/wp\/v2\/media?parent=2411"}],"wp:term":[{"taxonomy":"folder","embeddable":true,"href":"https:\/\/mibooko.com\/tr\/wp-json\/wp\/v2\/folder?post=2411"}],"curies":[{"name":"wp","href":"https:\/\/api.w.org\/{rel}","templated":true}]}}