{"id":2413,"date":"2025-10-15T13:52:47","date_gmt":"2025-10-15T11:52:47","guid":{"rendered":"https:\/\/mibooko.com\/privacy-statement-uk\/"},"modified":"2025-11-22T13:15:07","modified_gmt":"2025-11-22T12:15:07","slug":"privacy-statement-uk","status":"publish","type":"page","link":"https:\/\/mibooko.com\/tr\/privacy-statement-uk\/","title":{"rendered":"Gizlilik Bildirimi (Birle\u015fik Krall\u0131k)"},"content":{"rendered":"<!-- Legal document generated by Complianz | GDPR\/CCPA Cookie Consent https:\/\/wordpress.org\/plugins\/complianz-gdpr -->\n<div id=\"cmplz-document\" class=\"cmplz-document privacy-statement cmplz-document-uk\"><p><i>This privacy statement was last updated on 2026-03-18 and applies to citizens and legal permanent residents of the United Kingdom.<\/i><br><br><\/p><p>Bu gizlilik bildiriminde, sizinle ilgili olarak elde etti\u011fimiz verilerle ne yapt\u0131\u011f\u0131m\u0131z\u0131 a\u00e7\u0131kl\u0131yoruz. <a href=\"https:\/\/mibooko.com\/tr\/\">https:\/\/mibooko.com\/tr\/<\/a>. Bu beyan\u0131 dikkatlice okuman\u0131z\u0131 \u00f6neririz. \u0130\u015flemelerimizde gizlilik mevzuat\u0131n\u0131n gerekliliklerine uyuyoruz. Bu, di\u011fer hususlar\u0131n yan\u0131 s\u0131ra, \u015fu anlama gelir:<\/p><ul>\n                <li>Ki\u015fisel verileri hangi ama\u00e7larla i\u015fledi\u011fimizi a\u00e7\u0131k\u00e7a belirtiyoruz. Bunu, bu gizlilik bildirimi arac\u0131l\u0131\u011f\u0131yla yap\u0131yoruz;<\/li>\n                <li>Ki\u015fisel verilerinizin toplanmas\u0131n\u0131 yaln\u0131zca me\u015fru ama\u00e7lar i\u00e7in gerekli olan ki\u015fisel verilerle s\u0131n\u0131rlamay\u0131 hedefliyoruz;<\/li>\n                <li>Ki\u015fisel verilerinizin i\u015flenmesi i\u00e7in \u00f6ncelikle a\u00e7\u0131k r\u0131zan\u0131z\u0131n gerekti\u011fi durumlarda a\u00e7\u0131k r\u0131zan\u0131z\u0131 talep ediyoruz;<\/li>\n                <li>Ki\u015fisel verilerinizi korumak i\u00e7in uygun g\u00fcvenlik \u00f6nlemlerini al\u0131yoruz ve ayr\u0131ca ki\u015fisel verileri bizim ad\u0131m\u0131za i\u015fleyen taraflardan da bunu talep ediyoruz;<\/li>\n                <li>Ki\u015fisel verilerinize eri\u015fme veya talebiniz \u00fczerine bunlar\u0131n d\u00fczeltilmesini veya silinmesini sa\u011flama hakk\u0131n\u0131za sayg\u0131 duyuyoruz.<\/li>\n            <\/ul><p>Herhangi bir sorunuz varsa veya hakk\u0131n\u0131zda hangi verileri saklad\u0131\u011f\u0131m\u0131z\u0131 tam olarak bilmek istiyorsan\u0131z l\u00fctfen bizimle ileti\u015fime ge\u00e7in.<\/p><h2>1. Ama\u00e7, veri ve saklama s\u00fcresi<\/h2>\u0130\u015f faaliyetlerimizle ba\u011flant\u0131l\u0131 \u00e7e\u015fitli ama\u00e7lar i\u00e7in ki\u015fisel bilgileri toplayabilir veya alabiliriz; bunlar \u015funlar\u0131 i\u00e7erebilir: (geni\u015fletmek i\u00e7in t\u0131klay\u0131n)<details class=\"cmplz-dropdown dropdown-privacy-statement\"><summary><div><h3>1.1 Verileri \u00fc\u00e7\u00fcnc\u00fc bir tarafla satmak veya payla\u015fmak<\/h3><\/div><\/summary><p class=\"cmplz-subtitle\">Bu ama\u00e7la a\u015fa\u011f\u0131daki verileri kullan\u0131yoruz:<\/p><p><ul><li>Bir ad ve soyad\u0131<\/li><li>Bir e-posta adresi<\/li><li>Co\u011frafi konum verileri<\/li><\/ul><\/p><p class=\"cmplz-subtitle\">Bu verileri i\u015fleyebilmemizin temeli \u015fudur:<\/p><p class=\"cmplz-subtitle\">Saklama s\u00fcresi<\/p><p>Hizmetin sona ermesinden sonra bu verileri a\u015fa\u011f\u0131daki ay say\u0131s\u0131 boyunca saklar\u0131z: 36<\/p><\/details><details class=\"cmplz-dropdown dropdown-privacy-statement\"><summary><div><h3>1.2 Teslimatlar<\/h3><\/div><\/summary><p class=\"cmplz-subtitle\">Bu ama\u00e7la a\u015fa\u011f\u0131daki verileri kullan\u0131yoruz:<\/p><p><ul><li>Bir ad ve soyad\u0131<\/li><li>Sokak ad\u0131 ve \u015fehir veya kasaba ad\u0131 dahil olmak \u00fczere bir ev veya ba\u015fka bir fiziksel adres<\/li><li>Bir e-posta adresi<\/li><li>Bir telefon numaras\u0131<\/li><\/ul><\/p><p class=\"cmplz-subtitle\">Bu verileri i\u015fleyebilmemizin temeli \u015fudur:<\/p><p class=\"cmplz-subtitle\">Saklama s\u00fcresi<\/p><p>Hizmetin sona ermesinden sonra bu verileri a\u015fa\u011f\u0131daki ay say\u0131s\u0131 boyunca saklar\u0131z: 36<\/p><\/details><details class=\"cmplz-dropdown dropdown-privacy-statement\"><summary><div><h3>1.3 Web sitesinin iyile\u015ftirilmesine y\u00f6nelik istatistiklerin derlenmesi ve analiz edilmesi.<\/h3><\/div><\/summary><p class=\"cmplz-subtitle\">Bu ama\u00e7la a\u015fa\u011f\u0131daki verileri kullan\u0131yoruz:<\/p><p><ul><li>Co\u011frafi konum verileri<\/li><li>IP Adresi<\/li><li>Tarama ge\u00e7mi\u015fi, arama ge\u00e7mi\u015fi ve t\u00fcketicinin bir \u0130nternet Web sitesi, uygulamas\u0131 veya reklam\u0131yla etkile\u015fimine ili\u015fkin bilgiler dahil ancak bunlarla s\u0131n\u0131rl\u0131 olmamak \u00fczere \u0130nternet etkinli\u011fi bilgileri<\/li><\/ul><\/p><p class=\"cmplz-subtitle\">Bu verileri i\u015fleyebilmemizin temeli \u015fudur:<\/p><p class=\"cmplz-subtitle\">Saklama s\u00fcresi<\/p><p>Hizmetin sona ermesinden sonra bu verileri a\u015fa\u011f\u0131daki ay say\u0131s\u0131 boyunca saklar\u0131z: 36<\/p><\/details><details class=\"cmplz-dropdown dropdown-privacy-statement\"><summary><div><h3>1.4 Bir m\u00fc\u015fterinin sat\u0131n almak istedi\u011fi veya sat\u0131n ald\u0131\u011f\u0131 hizmetleri veya \u00fcr\u00fcnleri desteklemek<\/h3><\/div><\/summary><p class=\"cmplz-subtitle\">Bu ama\u00e7la a\u015fa\u011f\u0131daki verileri kullan\u0131yoruz:<\/p><p><ul><li>Bir ad ve soyad\u0131<\/li><li>Hesap ad\u0131 veya takma ad<\/li><li>Bir e-posta adresi<\/li><li>IP Adresi<\/li><li>Tarama ge\u00e7mi\u015fi, arama ge\u00e7mi\u015fi ve t\u00fcketicinin bir \u0130nternet Web sitesi, uygulamas\u0131 veya reklam\u0131yla etkile\u015fimine ili\u015fkin bilgiler dahil ancak bunlarla s\u0131n\u0131rl\u0131 olmamak \u00fczere \u0130nternet etkinli\u011fi bilgileri<\/li><li>Co\u011frafi konum verileri<\/li><\/ul><\/p><p class=\"cmplz-subtitle\">Bu verileri i\u015fleyebilmemizin temeli \u015fudur:<\/p><p class=\"cmplz-subtitle\">Saklama s\u00fcresi<\/p><p>Hizmetin sona ermesinden sonra bu verileri a\u015fa\u011f\u0131daki ay say\u0131s\u0131 boyunca saklar\u0131z: 36<\/p><\/details><details class=\"cmplz-dropdown dropdown-privacy-statement\"><summary><div><h3>1.5 \u00d6demeler<\/h3><\/div><\/summary><p class=\"cmplz-subtitle\">Bu ama\u00e7la a\u015fa\u011f\u0131daki verileri kullan\u0131yoruz:<\/p><p><ul><li>Bir ad ve soyad\u0131<\/li><li>Bir e-posta adresi<\/li><li>IP Adresi<\/li><li>Hesap ad\u0131 veya takma ad<\/li><\/ul><\/p><p class=\"cmplz-subtitle\">Bu verileri i\u015fleyebilmemizin temeli \u015fudur:<\/p><p class=\"cmplz-subtitle\">Saklama s\u00fcresi<\/p><p>Bu verileri hizmet sonland\u0131r\u0131l\u0131ncaya kadar sakl\u0131yoruz.<\/p><\/details><details class=\"cmplz-dropdown dropdown-privacy-statement\"><summary><div><h3>1.6 \u0130leti\u015fim - Telefon, posta, e-posta ve\/veya web formlar\u0131 arac\u0131l\u0131\u011f\u0131yla<\/h3><\/div><\/summary><p class=\"cmplz-subtitle\">Bu ama\u00e7la a\u015fa\u011f\u0131daki verileri kullan\u0131yoruz:<\/p><p><ul><li>Bir e-posta adresi<\/li><li>Bir ad ve soyad\u0131<\/li><li>IP Adresi<\/li><li>Co\u011frafi konum verileri<\/li><li>Tarama ge\u00e7mi\u015fi, arama ge\u00e7mi\u015fi ve t\u00fcketicinin bir \u0130nternet Web sitesi, uygulamas\u0131 veya reklam\u0131yla etkile\u015fimine ili\u015fkin bilgiler dahil ancak bunlarla s\u0131n\u0131rl\u0131 olmamak \u00fczere \u0130nternet etkinli\u011fi bilgileri<\/li><\/ul><\/p><p class=\"cmplz-subtitle\">Bu verileri i\u015fleyebilmemizin temeli \u015fudur:<\/p><p class=\"cmplz-subtitle\">Saklama s\u00fcresi<\/p><p>Hizmetin sona ermesinden sonra bu verileri a\u015fa\u011f\u0131daki ay say\u0131s\u0131 boyunca saklar\u0131z: 36<\/p><\/details><details class=\"cmplz-dropdown dropdown-privacy-statement\"><summary><div><h3>1.7 Hesap kayd\u0131<\/h3><\/div><\/summary><p class=\"cmplz-subtitle\">Bu ama\u00e7la a\u015fa\u011f\u0131daki verileri kullan\u0131yoruz:<\/p><p><ul><li>Bir ad ve soyad\u0131<\/li><li>Sokak ad\u0131 ve \u015fehir veya kasaba ad\u0131 dahil olmak \u00fczere bir ev veya ba\u015fka bir fiziksel adres<\/li><li>Bir e-posta adresi<\/li><li>Bir telefon numaras\u0131<\/li><li>IP Adresi<\/li><li>Co\u011frafi konum verileri<\/li><li>Hesap ad\u0131 veya takma ad<\/li><\/ul><\/p><p class=\"cmplz-subtitle\">Bu verileri i\u015fleyebilmemizin temeli \u015fudur:<\/p><p class=\"cmplz-subtitle\">Saklama s\u00fcresi<\/p><p>Hizmetin sona ermesinden sonra bu verileri a\u015fa\u011f\u0131daki ay say\u0131s\u0131 boyunca saklar\u0131z: 36<\/p><\/details><h2>2. Di\u011fer taraflarla payla\u015f\u0131m<\/h2><p>Bu verileri yaln\u0131zca a\u015fa\u011f\u0131daki ama\u00e7lar do\u011frultusunda i\u015flemcilerle payla\u015f\u0131yor veya if\u015fa ediyoruz:<\/p><p class=\"cmplz-subtitle\">\u0130\u015flemciler<\/p><p><b>\u0130sim:<\/b>&nbsp;Stripe \u00d6demeleri Avrupa Ltd.<br>\n                <b>\u00dclke:<\/b>&nbsp;\u0130rlanda<br>\n                <b>Ama\u00e7:<\/b>&nbsp;\u00c7evrimi\u00e7i sipari\u015fler i\u00e7in \u00f6deme i\u015fleme<br><\/p><h2>3. \u00c7erezler<\/h2><p>Web sitemiz \u00e7erez kullanmaktad\u0131r. \u00c7erezler hakk\u0131nda daha fazla bilgi i\u00e7in l\u00fctfen \u015furaya bak\u0131n: <a href=\"https:\/\/mibooko.com\/tr\/cookie-policy-uk\/\">\u00c7erez Politikas\u0131<\/a>.&nbsp;<\/p><h2>4. A\u00e7\u0131klama uygulamalar\u0131<\/h2><p><p>Yasa veya mahkeme emri gere\u011fi, bir kolluk kuvvetine yan\u0131t olarak, kanunun di\u011fer h\u00fck\u00fcmleri uyar\u0131nca izin verilen \u00f6l\u00e7\u00fcde, bilgi sa\u011flamak veya kamu g\u00fcvenli\u011fiyle ilgili bir konuda soru\u015fturma yapmak i\u00e7in ki\u015fisel bilgileri if\u015fa ederiz.<\/p><p>Web sitemiz veya kurulu\u015fumuz devral\u0131n\u0131r, sat\u0131l\u0131r veya bir birle\u015fme veya sat\u0131n alma s\u00fcrecine dahil olursa, bilgileriniz dan\u0131\u015fmanlar\u0131m\u0131za ve olas\u0131 al\u0131c\u0131lara a\u00e7\u0131klanabilir ve yeni sahiplerine aktar\u0131lacakt\u0131r.<\/p><\/p><p>Google ile bir veri i\u015fleme s\u00f6zle\u015fmesi imzalad\u0131k.<\/p><p>Google, verileri ba\u015fka hi\u00e7bir Google hizmetinde kullanamaz.<\/p><p>Tam IP adreslerinin dahil edilmesi taraf\u0131m\u0131zca engellenmektedir.<\/p><h2>5. G\u00fcvenlik<\/h2><p>Ki\u015fisel verilerin g\u00fcvenli\u011fine \u00f6nem veriyoruz. Ki\u015fisel verilerin k\u00f6t\u00fcye kullan\u0131lmas\u0131n\u0131 ve yetkisiz eri\u015fimi s\u0131n\u0131rlamak i\u00e7in uygun g\u00fcvenlik \u00f6nlemleri al\u0131yoruz. Bu sayede, verilerinize yaln\u0131zca gerekli ki\u015filerin eri\u015febilmesini, verilere eri\u015fimin korunmas\u0131n\u0131 ve g\u00fcvenlik \u00f6nlemlerimizin d\u00fczenli olarak g\u00f6zden ge\u00e7irilmesini sa\u011fl\u0131yoruz.<\/p><h2>6. \u00dc\u00e7\u00fcnc\u00fc taraf web siteleri<\/h2><p>Bu gizlilik bildirimi, web sitemizdeki ba\u011flant\u0131larla ba\u011flanan \u00fc\u00e7\u00fcnc\u00fc taraf web siteleri i\u00e7in ge\u00e7erli de\u011fildir. Bu \u00fc\u00e7\u00fcnc\u00fc taraflar\u0131n ki\u015fisel verilerinizi g\u00fcvenilir veya emniyetli bir \u015fekilde i\u015fleyece\u011fini garanti edemeyiz. Bu web sitelerini kullanmadan \u00f6nce gizlilik bildirimlerini okuman\u0131z\u0131 \u00f6neririz.<\/p><h2>7. Bu gizlilik bildirimindeki de\u011fi\u015fiklikler<\/h2><p>Bu gizlilik bildiriminde de\u011fi\u015fiklik yapma hakk\u0131m\u0131z\u0131 sakl\u0131 tutuyoruz. Herhangi bir de\u011fi\u015fiklikten haberdar olmak i\u00e7in bu gizlilik bildirimini d\u00fczenli olarak incelemeniz \u00f6nerilir. Ayr\u0131ca, m\u00fcmk\u00fcn olan her durumda sizi aktif olarak bilgilendirece\u011fiz.<\/p><h2>8. Verilerinize eri\u015fim ve bunlar\u0131 de\u011fi\u015ftirme<\/h2><p>Herhangi bir sorunuz varsa veya hakk\u0131n\u0131zda hangi ki\u015fisel verileri saklad\u0131\u011f\u0131m\u0131z\u0131 \u00f6\u011frenmek istiyorsan\u0131z, l\u00fctfen bizimle ileti\u015fime ge\u00e7in. A\u015fa\u011f\u0131daki bilgileri kullanarak bizimle ileti\u015fime ge\u00e7ebilirsiniz. A\u015fa\u011f\u0131daki haklara sahipsiniz:<\/p><ul>\n                <li>Ki\u015fisel verilerinizin neden gerekli oldu\u011funu, ne olaca\u011f\u0131n\u0131 ve ne kadar s\u00fcreyle saklanaca\u011f\u0131n\u0131 bilme hakk\u0131na sahipsiniz.<\/li>\n                <li>Eri\u015fim hakk\u0131: Bizim taraf\u0131m\u0131zdan bilinen ki\u015fisel verilerinize eri\u015fim hakk\u0131na sahipsiniz.<\/li>\n                <li>D\u00fczeltme hakk\u0131: Diledi\u011finiz zaman ki\u015fisel verilerinizi tamamlama, d\u00fczeltme, sildirme veya engelleme hakk\u0131na sahipsiniz.<\/li>\n                <li>Verilerinizin i\u015flenmesine ili\u015fkin bize onay vermeniz halinde, bu onay\u0131 geri alma ve ki\u015fisel verilerinizin silinmesini talep etme hakk\u0131na sahipsiniz.<\/li>\n                <li>Verilerinizi aktarma hakk\u0131: Veri sorumlusundan t\u00fcm ki\u015fisel verilerinizi talep etme ve bunlar\u0131 b\u00fct\u00fcn\u00fcyle ba\u015fka bir veri sorumlusuna aktarma hakk\u0131na sahipsiniz.<\/li>\n                <li>\u0130tiraz hakk\u0131: Verilerinizin i\u015flenmesine itiraz edebilirsiniz. \u0130\u015fleme i\u00e7in hakl\u0131 gerek\u00e7eler olmad\u0131\u011f\u0131 s\u00fcrece, bu itiraza uyar\u0131z.<\/li>\n            <\/ul><p>L\u00fctfen kim oldu\u011funuzu her zaman a\u00e7\u0131k\u00e7a belirtti\u011finizden emin olun, b\u00f6ylece yanl\u0131\u015f ki\u015fiye ait verileri de\u011fi\u015ftirmedi\u011fimizden veya silmedi\u011fimizden emin olabiliriz.<\/p><h2>9. \u015eikayette bulunma<\/h2><p>Ki\u015fisel verilerinizin i\u015flenmesiyle ilgili \u015fikayetinizin ele al\u0131n\u0131\u015f bi\u00e7iminden memnun kalmazsan\u0131z, Bilgi Komiserli\u011fi Ofisine \u015fikayette bulunma hakk\u0131n\u0131z vard\u0131r:<\/p><p><br>Wycliffe Evi<br>\n                        Su Yolu<br>\n                        Wilmslow<br>\n                        Cheshire<br>\n                        SK9 5AF<\/p><h2>10. \u00c7ocuklar<\/h2><p>Web sitemiz \u00e7ocuklar\u0131n ilgisini \u00e7ekmek i\u00e7in tasarlanmam\u0131\u015ft\u0131r ve ikamet ettikleri \u00fclkede re\u015fit olmayan \u00e7ocuklardan ki\u015fisel veri toplamay\u0131 ama\u00e7lam\u0131yoruz. Bu nedenle, re\u015fit olmayan \u00e7ocuklar\u0131n bize herhangi bir ki\u015fisel veri g\u00f6ndermemesini rica ediyoruz.<\/p><h2>11. \u0130leti\u015fim bilgileri<\/h2><p>Mibooko Sp. z oo.<br>\n        Zolnierzy I AWP 8, 81-380 Gdynia<br>\n        Polonya<br>\n        Web sitesi: <a href=\"https:\/\/mibooko.com\/tr\/\">https:\/\/mibooko.com\/tr\/<\/a> <br>\n        E-posta: <span class=\"cmplz-obfuscate\">mahremiyet@<span class=\"cmplz-fmail-domain\">ex.com<\/span>mibooko.com<\/span> <br>\n        Telefon numaras\u0131: +48660977702<\/p><h2>12. Veri Talepleri<\/h2><p>En s\u0131k iletilen talepler i\u00e7in ayr\u0131ca veri talebi formumuzu kullanma olana\u011f\u0131 da sunuyoruz<br>\t\t\t<div class=\"cmplz-datarequest cmplz-alert\">\n\t\t\t\t<span class=\"cmplz-close\">\u00d7<\/span>\n\t\t\t\t<span id=\"cmplz-message\"><\/span>\n\t\t\t<\/div>\n\t\t\t<form id=\"cmplz-datarequest-form\" action=\"\">\n\t\t\t\t<input type=\"hidden\" required value=\"uk\" name=\"cmplz_datarequest_region\" id=\"cmplz_datarequest_region\">\n\n\t\t\t\t<label for=\"cmplz_datarequest_firstname\" class=\"cmplz-first-name\">Reklam\t\t\t\t\t<input type=\"search\" class=\"datarequest-firstname\" value=\"\" placeholder=\"ad\u0131n\u0131z\" id=\"cmplz_datarequest_firstname\" name=\"cmplz_datarequest_firstname\">\n\t\t\t\t<\/label>\n\t\t\t\t<div>\n\t\t\t\t\t<label for=\"cmplz_datarequest_name\">Reklam<\/label>\n\t\t\t\t\t<input type=\"text\" required value=\"\" placeholder=\"Your name\" id=\"cmplz_datarequest_name\" name=\"cmplz_datarequest_name\">\n\t\t\t\t<\/div>\n\t\t\t\t<div>\n\t\t\t\t\t<label for=\"cmplz_datarequest_email\">E-posta<\/label>\n\t\t\t\t\t<input type=\"email\" required value=\"\" placeholder=\"email@email.com\" id=\"cmplz_datarequest_email\" name=\"cmplz_datarequest_email\">\n\t\t\t\t<\/div>\n\t\t\t\t\t\t\t\t\t\t<div class=\"cmplz_datarequest cmplz_datarequest_request_for_access\">\n\t\t\t\t\t\t\t<label for=\"cmplz_datarequest_request_for_access\">\n\t\t\t\t\t\t\t\t<input type=\"checkbox\" value=\"1\" name=\"cmplz_datarequest_request_for_access\" id=\"cmplz_datarequest_request_for_access\" \/>\n\t\t\t\t\t\t\t\tSubmit a request for access to the data we process about you.\t\t\t\t\t\t\t<\/label>\n\t\t\t\t\t\t<\/div>\n\t\t\t\t\t\t\t\t\t\t<div class=\"cmplz_datarequest cmplz_datarequest_right_to_be_forgotten\">\n\t\t\t\t\t\t\t<label for=\"cmplz_datarequest_right_to_be_forgotten\">\n\t\t\t\t\t\t\t\t<input type=\"checkbox\" value=\"1\" name=\"cmplz_datarequest_right_to_be_forgotten\" id=\"cmplz_datarequest_right_to_be_forgotten\" \/>\n\t\t\t\t\t\t\t\tSubmit a request for deletion of the data if it is no longer relevant.\t\t\t\t\t\t\t<\/label>\n\t\t\t\t\t\t<\/div>\n\t\t\t\t\t\t\t\t\t\t<div class=\"cmplz_datarequest cmplz_datarequest_right_to_data_portability\">\n\t\t\t\t\t\t\t<label for=\"cmplz_datarequest_right_to_data_portability\">\n\t\t\t\t\t\t\t\t<input type=\"checkbox\" value=\"1\" name=\"cmplz_datarequest_right_to_data_portability\" id=\"cmplz_datarequest_right_to_data_portability\" \/>\n\t\t\t\t\t\t\t\tSubmit a request to receive an export file of the data we process about you.\t\t\t\t\t\t\t<\/label>\n\t\t\t\t\t\t<\/div>\n\t\t\t\t\t\t\t\t<input type=\"button\" id=\"cmplz-datarequest-submit\" value=\"G\u00f6ndermek\">\n\t\t\t<input type=\"hidden\" name=\"trp-form-language\" value=\"tr\"\/><\/form>\n\n\t\t\t<style>\n\t\t\t\t\/* first-name is honeypot *\/\n\t\t\t\t.cmplz-first-name {\n\t\t\t\t\tposition: absolute !important;\n\t\t\t\t\tleft: -5000px !important;\n\t\t\t\t}\n\t\t\t<\/style>\n\t\t\t<\/p><\/div>","protected":false},"excerpt":{"rendered":"","protected":false},"author":3,"featured_media":0,"parent":0,"menu_order":0,"comment_status":"closed","ping_status":"closed","template":"","meta":{"_acf_changed":false,"site-sidebar-layout":"default","site-content-layout":"","ast-site-content-layout":"default","site-content-style":"default","site-sidebar-style":"default","ast-global-header-display":"","ast-banner-title-visibility":"","ast-main-header-display":"","ast-hfb-above-header-display":"","ast-hfb-below-header-display":"","ast-hfb-mobile-header-display":"","site-post-title":"","ast-breadcrumbs-content":"","ast-featured-img":"","footer-sml-layout":"","theme-transparent-header-meta":"","adv-header-id-meta":"","stick-header-meta":"","header-above-stick-meta":"","header-main-stick-meta":"","header-below-stick-meta":"","astra-migrate-meta-layouts":"default","ast-page-background-enabled":"default","ast-page-background-meta":{"desktop":{"background-color":"var(--ast-global-color-5)","background-image":"","background-repeat":"repeat","background-position":"center center","background-size":"auto","background-attachment":"scroll","background-type":"","background-media":"","overlay-type":"","overlay-color":"","overlay-opacity":"","overlay-gradient":""},"tablet":{"background-color":"","background-image":"","background-repeat":"repeat","background-position":"center center","background-size":"auto","background-attachment":"scroll","background-type":"","background-media":"","overlay-type":"","overlay-color":"","overlay-opacity":"","overlay-gradient":""},"mobile":{"background-color":"","background-image":"","background-repeat":"repeat","background-position":"center center","background-size":"auto","background-attachment":"scroll","background-type":"","background-media":"","overlay-type":"","overlay-color":"","overlay-opacity":"","overlay-gradient":""}},"ast-content-background-meta":{"desktop":{"background-color":"var(--ast-global-color-4)","background-image":"","background-repeat":"repeat","background-position":"center center","background-size":"auto","background-attachment":"scroll","background-type":"","background-media":"","overlay-type":"","overlay-color":"","overlay-opacity":"","overlay-gradient":""},"tablet":{"background-color":"var(--ast-global-color-4)","background-image":"","background-repeat":"repeat","background-position":"center center","background-size":"auto","background-attachment":"scroll","background-type":"","background-media":"","overlay-type":"","overlay-color":"","overlay-opacity":"","overlay-gradient":""},"mobile":{"background-color":"var(--ast-global-color-4)","background-image":"","background-repeat":"repeat","background-position":"center center","background-size":"auto","background-attachment":"scroll","background-type":"","background-media":"","overlay-type":"","overlay-color":"","overlay-opacity":"","overlay-gradient":""}},"_glsr_average":0,"_glsr_ranking":0,"_glsr_reviews":0,"footnotes":""},"folder":[],"class_list":["post-2413","page","type-page","status-publish","hentry"],"acf":[],"_links":{"self":[{"href":"https:\/\/mibooko.com\/tr\/wp-json\/wp\/v2\/pages\/2413","targetHints":{"allow":["GET"]}}],"collection":[{"href":"https:\/\/mibooko.com\/tr\/wp-json\/wp\/v2\/pages"}],"about":[{"href":"https:\/\/mibooko.com\/tr\/wp-json\/wp\/v2\/types\/page"}],"author":[{"embeddable":true,"href":"https:\/\/mibooko.com\/tr\/wp-json\/wp\/v2\/users\/3"}],"replies":[{"embeddable":true,"href":"https:\/\/mibooko.com\/tr\/wp-json\/wp\/v2\/comments?post=2413"}],"version-history":[{"count":0,"href":"https:\/\/mibooko.com\/tr\/wp-json\/wp\/v2\/pages\/2413\/revisions"}],"wp:attachment":[{"href":"https:\/\/mibooko.com\/tr\/wp-json\/wp\/v2\/media?parent=2413"}],"wp:term":[{"taxonomy":"folder","embeddable":true,"href":"https:\/\/mibooko.com\/tr\/wp-json\/wp\/v2\/folder?post=2413"}],"curies":[{"name":"wp","href":"https:\/\/api.w.org\/{rel}","templated":true}]}}