{"id":2419,"date":"2025-10-15T13:52:51","date_gmt":"2025-10-15T11:52:51","guid":{"rendered":"https:\/\/mibooko.com\/privacy-statement-au\/"},"modified":"2025-11-22T13:12:26","modified_gmt":"2025-11-22T12:12:26","slug":"privacy-statement-au","status":"publish","type":"page","link":"https:\/\/mibooko.com\/tr\/privacy-statement-au\/","title":{"rendered":"Gizlilik Bildirimi (AU)"},"content":{"rendered":"<!-- Legal document generated by Complianz | GDPR\/CCPA Cookie Consent https:\/\/wordpress.org\/plugins\/complianz-gdpr -->\n<div id=\"cmplz-document\" class=\"cmplz-document privacy-statement cmplz-document-au\"><p><i>Bu gizlilik bildirimi en son 18.03.2026 tarihinde de\u011fi\u015ftirilmi\u015f, en son 18.03.2026 tarihinde kontrol edilmi\u015f olup, Avustralya vatanda\u015flar\u0131 i\u00e7in ge\u00e7erlidir.<\/i><br \/><br \/><\/p><p>Bu gizlilik bildiriminde, sizinle ilgili olarak elde etti\u011fimiz verilerle ne yapt\u0131\u011f\u0131m\u0131z\u0131 a\u00e7\u0131kl\u0131yoruz. <a href=\"https:\/\/mibooko.com\/tr\/\">https:\/\/mibooko.com\/tr\/<\/a>. Bu beyan\u0131 dikkatlice okuman\u0131z\u0131 \u00f6neririz. \u0130\u015flemelerimizde gizlilik mevzuat\u0131n\u0131n gerekliliklerine uyuyoruz. Bu, di\u011fer hususlar\u0131n yan\u0131 s\u0131ra, \u015fu anlama gelir:<ul>\n                <li>Ki\u015fisel verileri hangi ama\u00e7larla i\u015fledi\u011fimizi a\u00e7\u0131k\u00e7a belirtiyoruz. Bunu, bu gizlilik bildirimi arac\u0131l\u0131\u011f\u0131yla yap\u0131yoruz;<\/li>\n                <li>Ki\u015fisel verilerinizin toplanmas\u0131n\u0131 yaln\u0131zca me\u015fru ama\u00e7lar i\u00e7in gerekli olan ki\u015fisel verilerle s\u0131n\u0131rlamay\u0131 hedefliyoruz;<\/li>\n                <li>Ki\u015fisel verilerinizin i\u015flenmesi i\u00e7in \u00f6ncelikle a\u00e7\u0131k r\u0131zan\u0131z\u0131n gerekti\u011fi durumlarda a\u00e7\u0131k r\u0131zan\u0131z\u0131 talep ediyoruz;<\/li>\n                <li>Ki\u015fisel verilerinizi korumak i\u00e7in uygun g\u00fcvenlik \u00f6nlemlerini al\u0131yoruz ve ayr\u0131ca ki\u015fisel verileri bizim ad\u0131m\u0131za i\u015fleyen taraflardan da bunu talep ediyoruz;<\/li>\n                <li>Ki\u015fisel verilerinize eri\u015fme veya talebiniz \u00fczerine bunlar\u0131n d\u00fczeltilmesini veya silinmesini sa\u011flama hakk\u0131n\u0131za sayg\u0131 duyuyoruz.<\/li>\n            <\/ul><\/p>Herhangi bir sorunuz varsa veya hakk\u0131n\u0131zda hangi verileri saklad\u0131\u011f\u0131m\u0131z\u0131 tam olarak bilmek istiyorsan\u0131z l\u00fctfen bizimle ileti\u015fime ge\u00e7in.<h2>1. Verilerin amac\u0131 ve kategorileri<\/h2><p>\u0130\u015f faaliyetlerimizle ba\u011flant\u0131l\u0131 \u00e7e\u015fitli ama\u00e7lar i\u00e7in ki\u015fisel bilgileri toplayabilir veya alabiliriz; bunlar \u015funlar\u0131 i\u00e7erebilir: (geni\u015fletmek i\u00e7in t\u0131klay\u0131n)<\/b><\/p><details class=\"cmplz-dropdown dropdown-privacy-statement\"><summary><div><h3>1.1 Verileri \u00fc\u00e7\u00fcnc\u00fc bir tarafla satmak veya payla\u015fmak<\/h3><\/div><\/summary><p class=\"cmplz-subtitle\">A\u015fa\u011f\u0131daki veri kategorileri toplan\u0131r<\/p><p><ul><li>Bir ad ve soyad\u0131<\/li><li>Bir e-posta adresi<\/li><li>Co\u011frafi konum verileri<\/li><\/ul><\/p><p class=\"cmplz-subtitle\">Saklama s\u00fcresi<\/p><p>Hizmetin sona ermesinden sonra bu verileri a\u015fa\u011f\u0131daki ay say\u0131s\u0131 boyunca saklar\u0131z: 36<\/p><\/details><details class=\"cmplz-dropdown dropdown-privacy-statement\"><summary><div><h3>1.2 Teslimatlar<\/h3><\/div><\/summary><p class=\"cmplz-subtitle\">A\u015fa\u011f\u0131daki veri kategorileri toplan\u0131r<\/p><p><ul><li>Bir ad ve soyad\u0131<\/li><li>Sokak ad\u0131 ve \u015fehir veya kasaba ad\u0131 dahil olmak \u00fczere bir ev veya ba\u015fka bir fiziksel adres<\/li><li>Bir e-posta adresi<\/li><li>Bir telefon numaras\u0131<\/li><\/ul><\/p><p class=\"cmplz-subtitle\">Saklama s\u00fcresi<\/p><p>Hizmetin sona ermesinden sonra bu verileri a\u015fa\u011f\u0131daki ay say\u0131s\u0131 boyunca saklar\u0131z: 36<\/p><\/details><details class=\"cmplz-dropdown dropdown-privacy-statement\"><summary><div><h3>1.3 Web sitesinin iyile\u015ftirilmesine y\u00f6nelik istatistiklerin derlenmesi ve analiz edilmesi.<\/h3><\/div><\/summary><p class=\"cmplz-subtitle\">A\u015fa\u011f\u0131daki veri kategorileri toplan\u0131r<\/p><p><ul><li>Co\u011frafi konum verileri<\/li><li>IP Adresi<\/li><li>Tarama ge\u00e7mi\u015fi, arama ge\u00e7mi\u015fi ve t\u00fcketicinin bir \u0130nternet Web sitesi, uygulamas\u0131 veya reklam\u0131yla etkile\u015fimine ili\u015fkin bilgiler dahil ancak bunlarla s\u0131n\u0131rl\u0131 olmamak \u00fczere \u0130nternet etkinli\u011fi bilgileri<\/li><\/ul><\/p><p class=\"cmplz-subtitle\">Saklama s\u00fcresi<\/p><p>Hizmetin sona ermesinden sonra bu verileri a\u015fa\u011f\u0131daki ay say\u0131s\u0131 boyunca saklar\u0131z: 36<\/p><\/details><details class=\"cmplz-dropdown dropdown-privacy-statement\"><summary><div><h3>1.4 Bir m\u00fc\u015fterinin sat\u0131n almak istedi\u011fi veya sat\u0131n ald\u0131\u011f\u0131 hizmetleri veya \u00fcr\u00fcnleri desteklemek<\/h3><\/div><\/summary><p class=\"cmplz-subtitle\">A\u015fa\u011f\u0131daki veri kategorileri toplan\u0131r<\/p><p><ul><li>Bir ad ve soyad\u0131<\/li><li>Hesap ad\u0131 veya takma ad<\/li><li>Bir e-posta adresi<\/li><li>IP Adresi<\/li><li>Tarama ge\u00e7mi\u015fi, arama ge\u00e7mi\u015fi ve t\u00fcketicinin bir \u0130nternet Web sitesi, uygulamas\u0131 veya reklam\u0131yla etkile\u015fimine ili\u015fkin bilgiler dahil ancak bunlarla s\u0131n\u0131rl\u0131 olmamak \u00fczere \u0130nternet etkinli\u011fi bilgileri<\/li><li>Co\u011frafi konum verileri<\/li><\/ul><\/p><p class=\"cmplz-subtitle\">Saklama s\u00fcresi<\/p><p>Hizmetin sona ermesinden sonra bu verileri a\u015fa\u011f\u0131daki ay say\u0131s\u0131 boyunca saklar\u0131z: 36<\/p><\/details><details class=\"cmplz-dropdown dropdown-privacy-statement\"><summary><div><h3>1.5 \u00d6demeler<\/h3><\/div><\/summary><p class=\"cmplz-subtitle\">A\u015fa\u011f\u0131daki veri kategorileri toplan\u0131r<\/p><p><ul><li>Bir ad ve soyad\u0131<\/li><li>Bir e-posta adresi<\/li><li>IP Adresi<\/li><li>Hesap ad\u0131 veya takma ad<\/li><\/ul><\/p><p class=\"cmplz-subtitle\">Saklama s\u00fcresi<\/p><p>Bu verileri hizmet sonland\u0131r\u0131l\u0131ncaya kadar sakl\u0131yoruz.<\/p><\/details><details class=\"cmplz-dropdown dropdown-privacy-statement\"><summary><div><h3>1.6 \u0130leti\u015fim - Telefon, posta, e-posta ve\/veya web formlar\u0131 arac\u0131l\u0131\u011f\u0131yla<\/h3><\/div><\/summary><p class=\"cmplz-subtitle\">A\u015fa\u011f\u0131daki veri kategorileri toplan\u0131r<\/p><p><ul><li>Bir e-posta adresi<\/li><li>Bir ad ve soyad\u0131<\/li><li>IP Adresi<\/li><li>Co\u011frafi konum verileri<\/li><li>Tarama ge\u00e7mi\u015fi, arama ge\u00e7mi\u015fi ve t\u00fcketicinin bir \u0130nternet Web sitesi, uygulamas\u0131 veya reklam\u0131yla etkile\u015fimine ili\u015fkin bilgiler dahil ancak bunlarla s\u0131n\u0131rl\u0131 olmamak \u00fczere \u0130nternet etkinli\u011fi bilgileri<\/li><\/ul><\/p><p class=\"cmplz-subtitle\">Saklama s\u00fcresi<\/p><p>Hizmetin sona ermesinden sonra bu verileri a\u015fa\u011f\u0131daki ay say\u0131s\u0131 boyunca saklar\u0131z: 36<\/p><\/details><details class=\"cmplz-dropdown dropdown-privacy-statement\"><summary><div><h3>1.7 Hesap kayd\u0131<\/h3><\/div><\/summary><p class=\"cmplz-subtitle\">A\u015fa\u011f\u0131daki veri kategorileri toplan\u0131r<\/p><p><ul><li>Bir ad ve soyad\u0131<\/li><li>Sokak ad\u0131 ve \u015fehir veya kasaba ad\u0131 dahil olmak \u00fczere bir ev veya ba\u015fka bir fiziksel adres<\/li><li>Bir e-posta adresi<\/li><li>Bir telefon numaras\u0131<\/li><li>IP Adresi<\/li><li>Co\u011frafi konum verileri<\/li><li>Hesap ad\u0131 veya takma ad<\/li><\/ul><\/p><p class=\"cmplz-subtitle\">Saklama s\u00fcresi<\/p><p>Hizmetin sona ermesinden sonra bu verileri a\u015fa\u011f\u0131daki ay say\u0131s\u0131 boyunca saklar\u0131z: 36<\/p><\/details><h2>2. Di\u011fer taraflarla payla\u015f\u0131m<\/h2><p>Bu verileri yaln\u0131zca a\u015fa\u011f\u0131daki ama\u00e7lar do\u011frultusunda di\u011fer al\u0131c\u0131larla payla\u015f\u0131yor veya if\u015fa ediyoruz:<\/p><p><b>Veri aktar\u0131m\u0131n\u0131n amac\u0131:<\/b>&nbsp;\u00c7evrimi\u00e7i sipari\u015fler i\u00e7in \u00f6deme i\u015fleme<br \/>\n             <b>Bu i\u015flemcinin bulundu\u011fu \u00fclke veya eyalet:<\/b>&nbsp;\u0130rlanda<br \/><\/p><h2>3. A\u00e7\u0131klama uygulamalar\u0131<\/h2><p><p>Yasa veya mahkeme emri gere\u011fi, bir kolluk kuvvetine yan\u0131t olarak, kanunun di\u011fer h\u00fck\u00fcmleri uyar\u0131nca izin verilen \u00f6l\u00e7\u00fcde, bilgi sa\u011flamak veya kamu g\u00fcvenli\u011fiyle ilgili bir konuda soru\u015fturma yapmak i\u00e7in ki\u015fisel bilgileri if\u015fa ederiz.<\/p><p>Web sitemiz veya kurulu\u015fumuz devral\u0131n\u0131r, sat\u0131l\u0131r veya bir birle\u015fme veya sat\u0131n alma s\u00fcrecine dahil olursa, bilgileriniz dan\u0131\u015fmanlar\u0131m\u0131za ve olas\u0131 al\u0131c\u0131lara a\u00e7\u0131klanabilir ve yeni sahiplerine aktar\u0131lacakt\u0131r.<\/p><\/p><h2>4. Peki ya bize ki\u015fisel bilgilerinizi vermezseniz?<\/h2><p>Ki\u015fisel bilgilerinizi bize sa\u011flamazsan\u0131z, arad\u0131\u011f\u0131n\u0131z bilgi, \u00fcr\u00fcn veya yard\u0131m\u0131 size sa\u011flayamayabiliriz.<\/p><h2>4. \u0130zlemeyin sinyallerine ve K\u00fcresel Gizlilik Kontrol\u00fcne nas\u0131l yan\u0131t veriyoruz? <\/h2><p>Web sitemiz, \u0130zlemeyin (DNT) ba\u015fl\u0131k iste\u011fi alan\u0131na yan\u0131t verir ve bu alan\u0131 destekler. Taray\u0131c\u0131n\u0131zda DNT \u00f6zelli\u011fini etkinle\u015ftirirseniz, bu tercihler bize HTTP istek ba\u015fl\u0131\u011f\u0131nda iletilir ve tarama davran\u0131\u015f\u0131n\u0131z\u0131 izlemeyiz.<\/p><h2>6. \u00c7erezler<\/h2><p>Web sitemiz \u00e7erez kullanmaktad\u0131r. \u00c7erezler hakk\u0131nda daha fazla bilgi i\u00e7in l\u00fctfen \u00c7erez Politikam\u0131za bak\u0131n. <a href=\"https:\/\/mibooko.com\/tr\/cookie-policy-au\/\">\u00c7erez Politikas\u0131 (AU)<\/a> web sayfas\u0131.&nbsp;<\/p><p>Google ile bir veri i\u015fleme s\u00f6zle\u015fmesi imzalad\u0131k.<\/p><p>Google, verileri ba\u015fka hi\u00e7bir Google hizmetinde kullanamaz.<\/p><p>Tam IP adreslerinin dahil edilmesi taraf\u0131m\u0131zca engellenmektedir.<\/p><h2>7. G\u00fcvenlik<\/h2><p>Ki\u015fisel verilerin g\u00fcvenli\u011fine \u00f6nem veriyoruz. Ki\u015fisel verilerin k\u00f6t\u00fcye kullan\u0131lmas\u0131n\u0131 ve yetkisiz eri\u015fimi s\u0131n\u0131rlamak i\u00e7in uygun g\u00fcvenlik \u00f6nlemleri al\u0131yoruz. Bu sayede, verilerinize yaln\u0131zca gerekli ki\u015filerin eri\u015febilmesini, verilere eri\u015fimin korunmas\u0131n\u0131 ve g\u00fcvenlik \u00f6nlemlerimizin d\u00fczenli olarak g\u00f6zden ge\u00e7irilmesini sa\u011fl\u0131yoruz.<\/p><h2>8. \u00dc\u00e7\u00fcnc\u00fc taraf web siteleri<\/h2><p>Bu gizlilik bildirimi, web sitemizdeki ba\u011flant\u0131larla ba\u011flanan \u00fc\u00e7\u00fcnc\u00fc taraf web siteleri i\u00e7in ge\u00e7erli de\u011fildir. Bu \u00fc\u00e7\u00fcnc\u00fc taraflar\u0131n ki\u015fisel verilerinizi g\u00fcvenilir veya emniyetli bir \u015fekilde i\u015fleyece\u011fini garanti edemeyiz. Bu web sitelerini kullanmadan \u00f6nce gizlilik bildirimlerini okuman\u0131z\u0131 \u00f6neririz.<\/p><h2>9. Bu gizlilik bildiriminde yap\u0131lan de\u011fi\u015fiklikler<\/h2><p>Bu gizlilik bildiriminde de\u011fi\u015fiklik yapma hakk\u0131m\u0131z\u0131 sakl\u0131 tutuyoruz. Herhangi bir de\u011fi\u015fiklikten haberdar olmak i\u00e7in bu gizlilik bildirimini d\u00fczenli olarak incelemeniz \u00f6nerilir. Ayr\u0131ca, m\u00fcmk\u00fcn olan her durumda sizi aktif olarak bilgilendirece\u011fiz.<\/p><h2>10. Verilerinize eri\u015fim ve verilerinizi de\u011fi\u015ftirme<\/h2><p>Herhangi bir sorunuz varsa veya hakk\u0131n\u0131zda hangi ki\u015fisel verilere sahip oldu\u011fumuzu \u00f6\u011frenmek istiyorsan\u0131z, l\u00fctfen bizimle ileti\u015fime ge\u00e7in. L\u00fctfen kimli\u011finizi her zaman a\u00e7\u0131k\u00e7a belirtti\u011finizden emin olun, b\u00f6ylece yanl\u0131\u015f ki\u015fiye ait verileri de\u011fi\u015ftirmedi\u011fimizden veya silmedi\u011fimizden emin olabiliriz. Talep edilen bilgileri yaln\u0131zca do\u011frulanabilir bir t\u00fcketici talebi al\u0131nd\u0131\u011f\u0131nda sa\u011flayaca\u011f\u0131z. A\u015fa\u011f\u0131daki bilgileri kullanarak bizimle ileti\u015fime ge\u00e7ebilirsiniz.<\/p><p class=\"cmplz-subtitle\">10.1 Ki\u015fisel verilerinize ili\u015fkin olarak a\u015fa\u011f\u0131daki haklara sahipsiniz.<\/p><ol class=\"alphabetic\">\n                        <li>Hakk\u0131n\u0131zda i\u015fledi\u011fimiz verilere eri\u015fim talebinde bulunabilirsiniz;<\/li>\n                        <li>Hakk\u0131n\u0131zda i\u015fledi\u011fimiz verilerin genel olarak kullan\u0131lan bir formatta genel bir g\u00f6r\u00fcn\u00fcm\u00fcn\u00fc talep edebilirsiniz;<\/li>\n                        <li>Verilerinizin yanl\u0131\u015f olmas\u0131 veya Gizlilik Yasas\u0131 uyar\u0131nca herhangi bir ama\u00e7 i\u00e7in art\u0131k ge\u00e7erli olmamas\u0131 durumunda d\u00fczeltilmesini veya silinmesini talep edebilirsiniz.<\/li>\n                      <\/ol>\n                      <h2>11. \u00c7ocuklar<\/h2><p>Web sitemiz \u00e7ocuklar\u0131n ilgisini \u00e7ekmek i\u00e7in tasarlanmam\u0131\u015ft\u0131r ve ikamet ettikleri \u00fclkede re\u015fit olmayan \u00e7ocuklardan ki\u015fisel veri toplamay\u0131 ama\u00e7lam\u0131yoruz. Bu nedenle, re\u015fit olmayan \u00e7ocuklar\u0131n bize herhangi bir ki\u015fisel veri g\u00f6ndermemesini rica ediyoruz.<\/p><h2>12. \u0130leti\u015fim bilgileri<\/h2><p>Mibooko Sp. z oo.<br \/>\n        Zolnierzy I AWP 8, 81-380 Gdynia<br \/>\n        Polonya<br \/>\n        Web sitesi: <a href=\"https:\/\/mibooko.com\/tr\/\">https:\/\/mibooko.com\/tr\/<\/a> <br \/>\n        E-posta: <span class=\"cmplz-obfuscate\">mahremiyet@<span class=\"cmplz-fmail-domain\">ex.com<\/span>m&#105;&#098;&#111;&#111;&#107;o.&#099;&#111;m<\/span> <br \/>\n        <br \/>\n        Telefon numaras\u0131: +48660977702<\/p><h2>13. Veri Talepleri<\/h2><p>En s\u0131k iletilen talepler i\u00e7in ayr\u0131ca veri talebi formumuzu kullanma olana\u011f\u0131 da sunuyoruz<br \/>\t\t\t<div class=\"cmplz-datarequest cmplz-alert\">\n\t\t\t\t<span class=\"cmplz-close\">\u00d7<\/span>\n\t\t\t\t<span id=\"cmplz-message\"><\/span>\n\t\t\t<\/div>\n\t\t\t<form id=\"cmplz-datarequest-form\" action=\"\">\n\t\t\t\t<input type=\"hidden\" required value=\"au\" name=\"cmplz_datarequest_region\" id=\"cmplz_datarequest_region\">\n\n\t\t\t\t<label for=\"cmplz_datarequest_firstname\" class=\"cmplz-first-name\">Reklam\t\t\t\t\t<input type=\"search\" class=\"datarequest-firstname\" value=\"\" placeholder=\"ad\u0131n\u0131z\" id=\"cmplz_datarequest_firstname\" name=\"cmplz_datarequest_firstname\">\n\t\t\t\t<\/label>\n\t\t\t\t<div>\n\t\t\t\t\t<label for=\"cmplz_datarequest_name\">Reklam<\/label>\n\t\t\t\t\t<input type=\"text\" required value=\"\" placeholder=\"Your name\" id=\"cmplz_datarequest_name\" name=\"cmplz_datarequest_name\">\n\t\t\t\t<\/div>\n\t\t\t\t<div>\n\t\t\t\t\t<label for=\"cmplz_datarequest_email\">E-posta<\/label>\n\t\t\t\t\t<input type=\"email\" required value=\"\" placeholder=\"email@email.com\" id=\"cmplz_datarequest_email\" name=\"cmplz_datarequest_email\">\n\t\t\t\t<\/div>\n\t\t\t\t\t\t\t\t\t\t<div class=\"cmplz_datarequest cmplz_datarequest_request_for_access\">\n\t\t\t\t\t\t\t<label for=\"cmplz_datarequest_request_for_access\">\n\t\t\t\t\t\t\t\t<input type=\"checkbox\" value=\"1\" name=\"cmplz_datarequest_request_for_access\" id=\"cmplz_datarequest_request_for_access\" \/>\n\t\t\t\t\t\t\t\tSubmit a request for access to the data we process about you.\t\t\t\t\t\t\t<\/label>\n\t\t\t\t\t\t<\/div>\n\t\t\t\t\t\t\t\t\t\t<div class=\"cmplz_datarequest cmplz_datarequest_right_to_be_forgotten\">\n\t\t\t\t\t\t\t<label for=\"cmplz_datarequest_right_to_be_forgotten\">\n\t\t\t\t\t\t\t\t<input type=\"checkbox\" value=\"1\" name=\"cmplz_datarequest_right_to_be_forgotten\" id=\"cmplz_datarequest_right_to_be_forgotten\" \/>\n\t\t\t\t\t\t\t\tSubmit a request for deletion of the data if it is no longer relevant.\t\t\t\t\t\t\t<\/label>\n\t\t\t\t\t\t<\/div>\n\t\t\t\t\t\t\t\t\t\t<div class=\"cmplz_datarequest cmplz_datarequest_right_to_data_portability\">\n\t\t\t\t\t\t\t<label for=\"cmplz_datarequest_right_to_data_portability\">\n\t\t\t\t\t\t\t\t<input type=\"checkbox\" value=\"1\" name=\"cmplz_datarequest_right_to_data_portability\" id=\"cmplz_datarequest_right_to_data_portability\" \/>\n\t\t\t\t\t\t\t\tSubmit a request to receive an export file of the data we process about you.\t\t\t\t\t\t\t<\/label>\n\t\t\t\t\t\t<\/div>\n\t\t\t\t\t\t\t\t<input type=\"button\" id=\"cmplz-datarequest-submit\" value=\"G\u00f6ndermek\">\n\t\t\t<input type=\"hidden\" name=\"trp-form-language\" value=\"tr\"\/><\/form>\n\n\t\t\t<style>\n\t\t\t\t\/* first-name is honeypot *\/\n\t\t\t\t.cmplz-first-name {\n\t\t\t\t\tposition: absolute !important;\n\t\t\t\t\tleft: -5000px !important;\n\t\t\t\t}\n\t\t\t<\/style>\n\t\t\t<\/p><p>Kurulu\u015fun politikalar\u0131 ve uygulamalar\u0131 konusunda bir irtibat ki\u015fisi atad\u0131k ve \u015fikayet veya sorular\u0131n iletilebilece\u011fi ki\u015fiyi belirledik:<br \/>Artur Derwiszynski<br \/>Zolnierzy I AWP 8, 81-380 Gdynia<\/p><\/div>","protected":false},"excerpt":{"rendered":"","protected":false},"author":3,"featured_media":0,"parent":0,"menu_order":0,"comment_status":"closed","ping_status":"closed","template":"","meta":{"_acf_changed":false,"site-sidebar-layout":"default","site-content-layout":"","ast-site-content-layout":"default","site-content-style":"default","site-sidebar-style":"default","ast-global-header-display":"","ast-banner-title-visibility":"","ast-main-header-display":"","ast-hfb-above-header-display":"","ast-hfb-below-header-display":"","ast-hfb-mobile-header-display":"","site-post-title":"","ast-breadcrumbs-content":"","ast-featured-img":"","footer-sml-layout":"","theme-transparent-header-meta":"","adv-header-id-meta":"","stick-header-meta":"","header-above-stick-meta":"","header-main-stick-meta":"","header-below-stick-meta":"","astra-migrate-meta-layouts":"default","ast-page-background-enabled":"default","ast-page-background-meta":{"desktop":{"background-color":"var(--ast-global-color-5)","background-image":"","background-repeat":"repeat","background-position":"center center","background-size":"auto","background-attachment":"scroll","background-type":"","background-media":"","overlay-type":"","overlay-color":"","overlay-opacity":"","overlay-gradient":""},"tablet":{"background-color":"","background-image":"","background-repeat":"repeat","background-position":"center center","background-size":"auto","background-attachment":"scroll","background-type":"","background-media":"","overlay-type":"","overlay-color":"","overlay-opacity":"","overlay-gradient":""},"mobile":{"background-color":"","background-image":"","background-repeat":"repeat","background-position":"center center","background-size":"auto","background-attachment":"scroll","background-type":"","background-media":"","overlay-type":"","overlay-color":"","overlay-opacity":"","overlay-gradient":""}},"ast-content-background-meta":{"desktop":{"background-color":"var(--ast-global-color-4)","background-image":"","background-repeat":"repeat","background-position":"center center","background-size":"auto","background-attachment":"scroll","background-type":"","background-media":"","overlay-type":"","overlay-color":"","overlay-opacity":"","overlay-gradient":""},"tablet":{"background-color":"var(--ast-global-color-4)","background-image":"","background-repeat":"repeat","background-position":"center center","background-size":"auto","background-attachment":"scroll","background-type":"","background-media":"","overlay-type":"","overlay-color":"","overlay-opacity":"","overlay-gradient":""},"mobile":{"background-color":"var(--ast-global-color-4)","background-image":"","background-repeat":"repeat","background-position":"center center","background-size":"auto","background-attachment":"scroll","background-type":"","background-media":"","overlay-type":"","overlay-color":"","overlay-opacity":"","overlay-gradient":""}},"_glsr_average":0,"_glsr_ranking":0,"_glsr_reviews":0,"footnotes":""},"folder":[],"class_list":["post-2419","page","type-page","status-publish","hentry"],"acf":[],"_links":{"self":[{"href":"https:\/\/mibooko.com\/tr\/wp-json\/wp\/v2\/pages\/2419","targetHints":{"allow":["GET"]}}],"collection":[{"href":"https:\/\/mibooko.com\/tr\/wp-json\/wp\/v2\/pages"}],"about":[{"href":"https:\/\/mibooko.com\/tr\/wp-json\/wp\/v2\/types\/page"}],"author":[{"embeddable":true,"href":"https:\/\/mibooko.com\/tr\/wp-json\/wp\/v2\/users\/3"}],"replies":[{"embeddable":true,"href":"https:\/\/mibooko.com\/tr\/wp-json\/wp\/v2\/comments?post=2419"}],"version-history":[{"count":0,"href":"https:\/\/mibooko.com\/tr\/wp-json\/wp\/v2\/pages\/2419\/revisions"}],"wp:attachment":[{"href":"https:\/\/mibooko.com\/tr\/wp-json\/wp\/v2\/media?parent=2419"}],"wp:term":[{"taxonomy":"folder","embeddable":true,"href":"https:\/\/mibooko.com\/tr\/wp-json\/wp\/v2\/folder?post=2419"}],"curies":[{"name":"wp","href":"https:\/\/api.w.org\/{rel}","templated":true}]}}