{"id":2425,"date":"2025-10-15T13:52:54","date_gmt":"2025-10-15T11:52:54","guid":{"rendered":"https:\/\/mibooko.com\/disclaimer\/"},"modified":"2026-03-18T17:03:55","modified_gmt":"2026-03-18T16:03:55","slug":"disclaimer","status":"publish","type":"page","link":"https:\/\/mibooko.com\/tr\/disclaimer\/","title":{"rendered":"Sorumluluk Reddi"},"content":{"rendered":"<!-- Legal document generated by Complianz | GDPR\/CCPA Cookie Consent https:\/\/wordpress.org\/plugins\/complianz-gdpr -->\n<div id=\"cmplz-document\" class=\"cmplz-document disclaimer cmplz-document-all\"><p>Mibooko Sp. z oo, bu web sitesini g\u00fcncel ve do\u011fru tutmaya kararl\u0131d\u0131r. Bununla birlikte, yanl\u0131\u015f veya g\u00fcncel olmayan bir bilgiyle kar\u015f\u0131la\u015f\u0131rsan\u0131z, l\u00fctfen bize bildirin. L\u00fctfen bilgiyi web sitesinin neresinde okudu\u011funuzu belirtin. Bunu en k\u0131sa s\u00fcrede inceleyece\u011fiz. L\u00fctfen yan\u0131t\u0131n\u0131z\u0131 \u015fu e-posta adresine g\u00f6nderin: <span class=\"cmplz-obfuscate\">mahremiyet@<span class=\"cmplz-fmail-domain\">ex.com<\/span>m&#105;&#098;o&#111;&#107;o&#046;com<\/span>.<\/p><p>Yanl\u0131\u015fl\u0131k veya eksikliklerden kaynaklanan kay\u0131plardan veya internet \u00fczerinden bilgi yay\u0131m\u0131ndan kaynaklanan veya internete \u00f6zg\u00fc sorunlardan (kesintiler veya aksamalar gibi) kaynaklanan kay\u0131plardan sorumlu de\u011filiz. Web formlar\u0131n\u0131 kullan\u0131rken, gerekli alan say\u0131s\u0131n\u0131 minimuma indirmeye \u00e7al\u0131\u015f\u0131yoruz. Mibooko Sp. z oo taraf\u0131ndan veya onun ad\u0131na bu web sitesi arac\u0131l\u0131\u011f\u0131yla sa\u011flanan verilerin, tavsiyelerin veya fikirlerin kullan\u0131m\u0131ndan kaynaklanan herhangi bir kay\u0131ptan Mibooko Sp. z oo sorumlu de\u011fildir.<\/p><p>Bu web sitesindeki i\u00e7eri\u011fe ili\u015fkin t\u00fcm fikri m\u00fclkiyet haklar\u0131, Mibooko Sp. z oo&#039;ya veya i\u00e7eri\u011fi kendileri yerle\u015ftiren ya da Mibooko Sp. z oo&#039;nun kullan\u0131m lisans\u0131 ald\u0131\u011f\u0131 \u00fc\u00e7\u00fcnc\u00fc \u015fah\u0131slara aittir.<\/p><p>Mibooko Sp. z oo&#039;nun yaz\u0131l\u0131 izni olmadan bu materyallerin kopyalanmas\u0131, da\u011f\u0131t\u0131lmas\u0131 ve di\u011fer her t\u00fcrl\u00fc kullan\u0131m\u0131 yasakt\u0131r; ancak zorunlu yasal d\u00fczenlemelerde (al\u0131nt\u0131 yapma hakk\u0131 gibi) aksi belirtilmedik\u00e7e ve belirli i\u00e7erik aksini gerektirmedik\u00e7e bu durum ge\u00e7erlidir.<\/p><p>Web sitemizin eri\u015filebilirli\u011fi ile ilgili herhangi bir soru veya sorununuz varsa l\u00fctfen bizimle ileti\u015fime ge\u00e7mekten \u00e7ekinmeyin.<\/p><\/div>","protected":false},"excerpt":{"rendered":"","protected":false},"author":3,"featured_media":0,"parent":0,"menu_order":0,"comment_status":"closed","ping_status":"closed","template":"","meta":{"_acf_changed":false,"site-sidebar-layout":"default","site-content-layout":"","ast-site-content-layout":"default","site-content-style":"default","site-sidebar-style":"default","ast-global-header-display":"","ast-banner-title-visibility":"","ast-main-header-display":"","ast-hfb-above-header-display":"","ast-hfb-below-header-display":"","ast-hfb-mobile-header-display":"","site-post-title":"","ast-breadcrumbs-content":"","ast-featured-img":"","footer-sml-layout":"","theme-transparent-header-meta":"","adv-header-id-meta":"","stick-header-meta":"","header-above-stick-meta":"","header-main-stick-meta":"","header-below-stick-meta":"","astra-migrate-meta-layouts":"default","ast-page-background-enabled":"default","ast-page-background-meta":{"desktop":{"background-color":"var(--ast-global-color-5)","background-image":"","background-repeat":"repeat","background-position":"center center","background-size":"auto","background-attachment":"scroll","background-type":"","background-media":"","overlay-type":"","overlay-color":"","overlay-opacity":"","overlay-gradient":""},"tablet":{"background-color":"","background-image":"","background-repeat":"repeat","background-position":"center center","background-size":"auto","background-attachment":"scroll","background-type":"","background-media":"","overlay-type":"","overlay-color":"","overlay-opacity":"","overlay-gradient":""},"mobile":{"background-color":"","background-image":"","background-repeat":"repeat","background-position":"center center","background-size":"auto","background-attachment":"scroll","background-type":"","background-media":"","overlay-type":"","overlay-color":"","overlay-opacity":"","overlay-gradient":""}},"ast-content-background-meta":{"desktop":{"background-color":"var(--ast-global-color-4)","background-image":"","background-repeat":"repeat","background-position":"center center","background-size":"auto","background-attachment":"scroll","background-type":"","background-media":"","overlay-type":"","overlay-color":"","overlay-opacity":"","overlay-gradient":""},"tablet":{"background-color":"var(--ast-global-color-4)","background-image":"","background-repeat":"repeat","background-position":"center center","background-size":"auto","background-attachment":"scroll","background-type":"","background-media":"","overlay-type":"","overlay-color":"","overlay-opacity":"","overlay-gradient":""},"mobile":{"background-color":"var(--ast-global-color-4)","background-image":"","background-repeat":"repeat","background-position":"center center","background-size":"auto","background-attachment":"scroll","background-type":"","background-media":"","overlay-type":"","overlay-color":"","overlay-opacity":"","overlay-gradient":""}},"_glsr_average":0,"_glsr_ranking":0,"_glsr_reviews":0,"footnotes":""},"folder":[],"class_list":["post-2425","page","type-page","status-publish","hentry"],"acf":[],"_links":{"self":[{"href":"https:\/\/mibooko.com\/tr\/wp-json\/wp\/v2\/pages\/2425","targetHints":{"allow":["GET"]}}],"collection":[{"href":"https:\/\/mibooko.com\/tr\/wp-json\/wp\/v2\/pages"}],"about":[{"href":"https:\/\/mibooko.com\/tr\/wp-json\/wp\/v2\/types\/page"}],"author":[{"embeddable":true,"href":"https:\/\/mibooko.com\/tr\/wp-json\/wp\/v2\/users\/3"}],"replies":[{"embeddable":true,"href":"https:\/\/mibooko.com\/tr\/wp-json\/wp\/v2\/comments?post=2425"}],"version-history":[{"count":0,"href":"https:\/\/mibooko.com\/tr\/wp-json\/wp\/v2\/pages\/2425\/revisions"}],"wp:attachment":[{"href":"https:\/\/mibooko.com\/tr\/wp-json\/wp\/v2\/media?parent=2425"}],"wp:term":[{"taxonomy":"folder","embeddable":true,"href":"https:\/\/mibooko.com\/tr\/wp-json\/wp\/v2\/folder?post=2425"}],"curies":[{"name":"wp","href":"https:\/\/api.w.org\/{rel}","templated":true}]}}