{"id":8403,"date":"2025-12-28T23:06:22","date_gmt":"2025-12-28T22:06:22","guid":{"rendered":"https:\/\/mibooko.com\/?page_id=8403"},"modified":"2026-03-18T22:13:10","modified_gmt":"2026-03-18T21:13:10","slug":"mibooko-refund-guarantee","status":"publish","type":"page","link":"https:\/\/mibooko.com\/tr\/mibooko-refund-guarantee\/","title":{"rendered":"100% G\u00fcl\u00fcmseme Garantisi"},"content":{"rendered":"<div data-elementor-type=\"wp-page\" data-elementor-id=\"8403\" class=\"elementor elementor-8403\" data-elementor-post-type=\"page\">\n\t\t\t\t<div class=\"elementor-element elementor-element-af152fe e-flex e-con-boxed e-con e-parent\" data-id=\"af152fe\" data-element_type=\"container\" data-e-type=\"container\">\n\t\t\t\t\t<div class=\"e-con-inner\">\n\t\t\t\t<div class=\"elementor-element elementor-element-9283911 elementor-widget elementor-widget-heading\" data-id=\"9283911\" data-element_type=\"widget\" data-e-type=\"widget\" data-widget_type=\"heading.default\">\n\t\t\t\t\t<h1 class=\"elementor-heading-title elementor-size-default\">100% G\u00fcl\u00fcmseme Garantisi (Dijital E-Kitaplar)<\/h1>\t\t\t\t<\/div>\n\t\t<div class=\"elementor-element elementor-element-c35308b e-con-full e-flex e-con e-child\" data-id=\"c35308b\" data-element_type=\"container\" data-e-type=\"container\">\n\t\t<div class=\"elementor-element elementor-element-19788e7 e-con-full e-flex e-con e-child\" data-id=\"19788e7\" data-element_type=\"container\" data-e-type=\"container\">\n\t\t\t\t<div class=\"elementor-element elementor-element-0fc8b5d elementor-widget elementor-widget-text-editor\" data-id=\"0fc8b5d\" data-element_type=\"widget\" data-e-type=\"widget\" data-widget_type=\"text-editor.default\">\n\t\t\t\t\t\t\t\t\t<p data-start=\"262\" data-end=\"340\">\u00c7ocu\u011funuz i\u00e7in ki\u015fiselle\u015ftirilmi\u015f bir hikaye olu\u015fturmak heyecan verici olmal\u0131, riskli de\u011fil.<\/p><p data-start=\"342\" data-end=\"555\">Bu nedenle her MIBOOKO dijital e-kitab\u0131 (PDF + EPUB), 100% G\u00fcl\u00fcmseme Garantimizle birlikte gelir:<br data-start=\"438\" data-end=\"441\" \/>E\u011fer sizi g\u00fcl\u00fcmsetmezse, durumu d\u00fczeltece\u011fiz. Ve e\u011fer yine de be\u011fenmezseniz, paran\u0131z\u0131 geri alacaks\u0131n\u0131z.<\/p>\t\t\t\t\t\t\t\t<\/div>\n\t\t\t\t<\/div>\n\t\t<div class=\"elementor-element elementor-element-0d3700e e-con-full e-flex e-con e-child\" data-id=\"0d3700e\" data-element_type=\"container\" data-e-type=\"container\">\n\t\t\t\t<div class=\"elementor-element elementor-element-574fb26 elementor-widget elementor-widget-image\" data-id=\"574fb26\" data-element_type=\"widget\" data-e-type=\"widget\" data-widget_type=\"image.default\">\n\t\t\t\t\t\t\t\t\t\t\t\t\t\t\t<img fetchpriority=\"high\" decoding=\"async\" width=\"300\" height=\"300\" src=\"https:\/\/mibooko.com\/wp-content\/uploads\/2025\/12\/100satisfactionbadge-small-300x300.png\" class=\"attachment-woocommerce_thumbnail size-woocommerce_thumbnail wp-image-8372\" alt=\"\" srcset=\"https:\/\/mibooko.com\/wp-content\/uploads\/2025\/12\/100satisfactionbadge-small-300x300.png 300w, https:\/\/mibooko.com\/wp-content\/uploads\/2025\/12\/100satisfactionbadge-small-150x150.png 150w, https:\/\/mibooko.com\/wp-content\/uploads\/2025\/12\/100satisfactionbadge-small-12x12.png 12w, https:\/\/mibooko.com\/wp-content\/uploads\/2025\/12\/100satisfactionbadge-small-100x100.png 100w\" sizes=\"(max-width: 300px) 100vw, 300px\" \/>\t\t\t\t\t\t\t\t\t\t\t\t\t\t\t<\/div>\n\t\t\t\t<\/div>\n\t\t\t\t<\/div>\n\t\t\t\t\t<\/div>\n\t\t\t\t<\/div>\n\t\t<div class=\"elementor-element elementor-element-8d65058 e-flex e-con-boxed e-con e-parent\" data-id=\"8d65058\" data-element_type=\"container\" data-e-type=\"container\">\n\t\t\t\t\t<div class=\"e-con-inner\">\n\t\t\t\t<div class=\"elementor-element elementor-element-9f4ce88 elementor-widget elementor-widget-heading\" data-id=\"9f4ce88\" data-element_type=\"widget\" data-e-type=\"widget\" data-widget_type=\"heading.default\">\n\t\t\t\t\t<h3 class=\"elementor-heading-title elementor-size-default\">Neler kapsan\u0131yor?<\/h3>\t\t\t\t<\/div>\n\t\t\t\t<div class=\"elementor-element elementor-element-af0f128 elementor-widget elementor-widget-text-editor\" data-id=\"af0f128\" data-element_type=\"widget\" data-e-type=\"widget\" data-widget_type=\"text-editor.default\">\n\t\t\t\t\t\t\t\t\t<p data-start=\"581\" data-end=\"621\">100% G\u00fcl\u00fcmseme Garantisi kapsam\u0131ndad\u0131r:<\/p><ul data-start=\"622\" data-end=\"706\"><li data-start=\"622\" data-end=\"670\"><p data-start=\"624\" data-end=\"670\">PDF ve EPUB format\u0131nda sunulan dijital e-kitaplar.<\/p><\/li><li data-start=\"671\" data-end=\"706\"><p data-start=\"673\" data-end=\"706\">mibooko.com \u00fczerinden yap\u0131lan sat\u0131n al\u0131mlar<\/p><\/li><\/ul><p data-start=\"708\" data-end=\"742\">Bu garanti kapsam\u0131na girmeyenler:<\/p><ul data-start=\"743\" data-end=\"803\"><li data-start=\"743\" data-end=\"759\"><p data-start=\"745\" data-end=\"759\">Sesli kitaplar<\/p><\/li><li data-start=\"760\" data-end=\"803\"><p data-start=\"762\" data-end=\"803\">Bas\u0131l\u0131 kitaplar (ciltsiz\/yumu\u015fak kapakl\u0131)<\/p><\/li><\/ul>\t\t\t\t\t\t\t\t<\/div>\n\t\t\t\t\t<\/div>\n\t\t\t\t<\/div>\n\t\t<div class=\"elementor-element elementor-element-7e95191 e-flex e-con-boxed e-con e-parent\" data-id=\"7e95191\" data-element_type=\"container\" data-e-type=\"container\">\n\t\t\t\t\t<div class=\"e-con-inner\">\n\t\t\t\t<div class=\"elementor-element elementor-element-65f02c4 elementor-widget elementor-widget-heading\" data-id=\"65f02c4\" data-element_type=\"widget\" data-e-type=\"widget\" data-widget_type=\"heading.default\">\n\t\t\t\t\t<h3 class=\"elementor-heading-title elementor-size-default\">Nas\u0131l \u00e7al\u0131\u015f\u0131r (3 basit ad\u0131m)<\/h3>\t\t\t\t<\/div>\n\t\t\t\t<div class=\"elementor-element elementor-element-2bc8746 elementor-widget elementor-widget-text-editor\" data-id=\"2bc8746\" data-element_type=\"widget\" data-e-type=\"widget\" data-widget_type=\"text-editor.default\">\n\t\t\t\t\t\t\t\t\t<h3 data-start=\"844\" data-end=\"865\">1) Kitab\u0131n\u0131z\u0131 a\u00e7\u0131n<\/h3><p data-start=\"866\" data-end=\"921\">Dosyalar\u0131n\u0131z\u0131 indirin ve birlikte ilk okuman\u0131n keyfini \u00e7\u0131kar\u0131n.<\/p><h3 data-start=\"923\" data-end=\"959\">2) Memnun kalmazsan\u0131z, bize e-posta g\u00f6nderin.<\/h3><p data-start=\"960\" data-end=\"1046\">Sipari\u015f e-postan\u0131za konu veya ilk sat\u0131r olarak &quot;\u0130ADE&quot; yazarak yan\u0131t verin.<br data-start=\"1028\" data-end=\"1031\" \/>\u0130ste\u011fe ba\u011fl\u0131 olarak, neyin do\u011fru gelmedi\u011fiyle ilgili k\u0131sa bir c\u00fcmle ekleyebilirsiniz (bu, kendimizi geli\u015ftirmemize yard\u0131mc\u0131 olur).\u00a0<\/p><h3 data-start=\"1150\" data-end=\"1189\">3) Sizinle h\u0131zl\u0131ca ilgilenece\u011fiz.<\/h3><p data-start=\"1190\" data-end=\"1205\">Sat\u0131n alma i\u015fleminizin \u00fccretini 2 i\u015f g\u00fcn\u00fc i\u00e7inde iade edece\u011fiz!<\/p>\t\t\t\t\t\t\t\t<\/div>\n\t\t\t\t\t<\/div>\n\t\t\t\t<\/div>\n\t\t<div class=\"elementor-element elementor-element-93017a8 e-flex e-con-boxed e-con e-parent\" data-id=\"93017a8\" data-element_type=\"container\" data-e-type=\"container\">\n\t\t\t\t\t<div class=\"e-con-inner\">\n\t\t\t\t<div class=\"elementor-element elementor-element-b2ac1c1 elementor-widget elementor-widget-heading\" data-id=\"b2ac1c1\" data-element_type=\"widget\" data-e-type=\"widget\" data-widget_type=\"heading.default\">\n\t\t\t\t\t<h3 class=\"elementor-heading-title elementor-size-default\">Zaman aral\u0131\u011f\u0131<\/h3>\t\t\t\t<\/div>\n\t\t\t\t<div class=\"elementor-element elementor-element-c920ebd elementor-widget elementor-widget-text-editor\" data-id=\"c920ebd\" data-element_type=\"widget\" data-e-type=\"widget\" data-widget_type=\"text-editor.default\">\n\t\t\t\t\t\t\t\t\t<p data-start=\"1341\" data-end=\"1415\">100% G\u00fcl\u00fcmseme Garantisi&#039;nden yararlanmak i\u00e7in sat\u0131n alma tarihinden itibaren 7 g\u00fcn i\u00e7inde bizimle ileti\u015fime ge\u00e7in.<\/p>\t\t\t\t\t\t\t\t<\/div>\n\t\t\t\t\t<\/div>\n\t\t\t\t<\/div>\n\t\t<div class=\"elementor-element elementor-element-30cc768 e-flex e-con-boxed e-con e-parent\" data-id=\"30cc768\" data-element_type=\"container\" data-e-type=\"container\">\n\t\t\t\t\t<div class=\"e-con-inner\">\n\t\t\t\t<div class=\"elementor-element elementor-element-a807336 elementor-widget elementor-widget-heading\" data-id=\"a807336\" data-element_type=\"widget\" data-e-type=\"widget\" data-widget_type=\"heading.default\">\n\t\t\t\t\t<h3 class=\"elementor-heading-title elementor-size-default\">&quot;Geri \u00f6deme&quot; ne anlama geliyor?<\/h3>\t\t\t\t<\/div>\n\t\t\t\t<div class=\"elementor-element elementor-element-6f55c5e elementor-widget elementor-widget-text-editor\" data-id=\"6f55c5e\" data-element_type=\"widget\" data-e-type=\"widget\" data-widget_type=\"text-editor.default\">\n\t\t\t\t\t\t\t\t\t<p data-start=\"1341\" data-end=\"1415\">Talebiniz 100% G\u00fcl\u00fcmseme Garantisi kapsam\u0131nda onaylan\u0131rsa, dijital e-kitap i\u00e7in \u00f6dedi\u011finiz tutar\u0131 orijinal \u00f6deme y\u00f6nteminize iade edece\u011fiz.<\/p>\t\t\t\t\t\t\t\t<\/div>\n\t\t\t\t\t<\/div>\n\t\t\t\t<\/div>\n\t\t<div class=\"elementor-element elementor-element-8da1981 e-flex e-con-boxed e-con e-parent\" data-id=\"8da1981\" data-element_type=\"container\" data-e-type=\"container\">\n\t\t\t\t\t<div class=\"e-con-inner\">\n\t\t\t\t<div class=\"elementor-element elementor-element-901b7d4 elementor-widget elementor-widget-heading\" data-id=\"901b7d4\" data-element_type=\"widget\" data-e-type=\"widget\" data-widget_type=\"heading.default\">\n\t\t\t\t\t<h3 class=\"elementor-heading-title elementor-size-default\">\u015eu anda yard\u0131ma m\u0131 ihtiyac\u0131n\u0131z var?<\/h3>\t\t\t\t<\/div>\n\t\t\t\t<div class=\"elementor-element elementor-element-6d6c82e elementor-widget elementor-widget-text-editor\" data-id=\"6d6c82e\" data-element_type=\"widget\" data-e-type=\"widget\" data-widget_type=\"text-editor.default\">\n\t\t\t\t\t\t\t\t\t<p data-start=\"1341\" data-end=\"1415\">Bize \u015fu adresten e-posta g\u00f6nderin: <a class=\"decorated-link cursor-pointer\" rel=\"noopener\" data-start=\"2062\" data-end=\"2079\"><span class=\"notranslate\" data-no-translation=\"\"><span class=\"notranslate\" data-no-translation=\"\"><span class=\"notranslate\" data-no-translation=\"\">hello@mibooko.com<\/span><\/span><\/span><\/a><br data-start=\"2081\" data-end=\"2084\" \/>Genellikle 24 saat i\u00e7inde (Pazartesi-Cuma, Orta Avrupa Saati) yan\u0131t veriyoruz.<\/p>\t\t\t\t\t\t\t\t<\/div>\n\t\t\t\t\t<\/div>\n\t\t\t\t<\/div>\n\t\t<div class=\"elementor-element elementor-element-79e7a99 e-flex e-con-boxed e-con e-parent\" data-id=\"79e7a99\" data-element_type=\"container\" data-e-type=\"container\">\n\t\t\t\t\t<div class=\"e-con-inner\">\n\t\t\t\t<div class=\"elementor-element elementor-element-7d47ee1 elementor-widget elementor-widget-heading\" data-id=\"7d47ee1\" data-element_type=\"widget\" data-e-type=\"widget\" data-widget_type=\"heading.default\">\n\t\t\t\t\t<h3 class=\"elementor-heading-title elementor-size-default\">Siz de kendi tasar\u0131m\u0131n\u0131z\u0131 olu\u015fturmaya haz\u0131r m\u0131s\u0131n\u0131z?<\/h3>\t\t\t\t<\/div>\n\t\t\t\t<div class=\"elementor-element elementor-element-0d88d41 elementor-widget elementor-widget-text-editor\" data-id=\"0d88d41\" data-element_type=\"widget\" data-e-type=\"widget\" data-widget_type=\"text-editor.default\">\n\t\t\t\t\t\t\t\t\t<p data-start=\"2172\" data-end=\"2227\">Anlaml\u0131, ki\u015fiselle\u015ftirilmi\u015f bir hikaye - dakikalar i\u00e7inde sunuluyor. 100% G\u00fcl\u00fcmseme Garantisi ile.<\/p>\t\t\t\t\t\t\t\t<\/div>\n\t\t\t\t<div class=\"elementor-element elementor-element-7c7af36 elementor-widget elementor-widget-button\" data-id=\"7c7af36\" data-element_type=\"widget\" data-e-type=\"widget\" data-widget_type=\"button.default\">\n\t\t\t\t\t\t\t\t\t\t<a class=\"elementor-button elementor-button-link elementor-size-sm\" href=\"https:\/\/mibooko.com\/tr\/create-personalized-book\/\">\n\t\t\t\t\t\t<span class=\"elementor-button-content-wrapper\">\n\t\t\t\t\t\t\t\t\t<span class=\"elementor-button-text\">Kitab\u0131n\u0131z\u0131 Olu\u015fturun<\/span>\n\t\t\t\t\t<\/span>\n\t\t\t\t\t<\/a>\n\t\t\t\t\t\t\t\t<\/div>\n\t\t\t\t\t<\/div>\n\t\t\t\t<\/div>\n\t\t<div class=\"elementor-element elementor-element-7e0799e e-flex e-con-boxed e-con e-parent\" data-id=\"7e0799e\" data-element_type=\"container\" data-e-type=\"container\">\n\t\t\t\t\t<div class=\"e-con-inner\">\n\t\t\t\t<div class=\"elementor-element elementor-element-8172776 elementor-widget elementor-widget-heading\" data-id=\"8172776\" data-element_type=\"widget\" data-e-type=\"widget\" data-widget_type=\"heading.default\">\n\t\t\t\t\t<h4 class=\"elementor-heading-title elementor-size-default\">Adaletle ilgili bir not: Bu garantiyi aileleri korumak ve MIBOOKO&#039;nun s\u00fcrd\u00fcr\u00fclebilirli\u011fini sa\u011flamak i\u00e7in tasarlad\u0131k. Tekrarlanan iade suistimali g\u00f6r\u00fcrsek, ayn\u0131 hesaptan gelecekteki sat\u0131n al\u0131mlar\u0131 s\u0131n\u0131rlayabiliriz.<\/h4>\t\t\t\t<\/div>\n\t\t\t\t\t<\/div>\n\t\t\t\t<\/div>\n\t\t\t\t<\/div>","protected":false},"excerpt":{"rendered":"<p>100% Smile Guarantee (Digital eBooks) Creating a personalized story for your child should feel exciting \u2014 not risky. That\u2019s why [&hellip;]<\/p>\n","protected":false},"author":3,"featured_media":0,"parent":0,"menu_order":0,"comment_status":"closed","ping_status":"closed","template":"","meta":{"_acf_changed":false,"site-sidebar-layout":"no-sidebar","site-content-layout":"","ast-site-content-layout":"full-width-container","site-content-style":"default","site-sidebar-style":"default","ast-global-header-display":"","ast-banner-title-visibility":"","ast-main-header-display":"","ast-hfb-above-header-display":"","ast-hfb-below-header-display":"","ast-hfb-mobile-header-display":"","site-post-title":"disabled","ast-breadcrumbs-content":"","ast-featured-img":"disabled","footer-sml-layout":"","theme-transparent-header-meta":"","adv-header-id-meta":"","stick-header-meta":"","header-above-stick-meta":"","header-main-stick-meta":"","header-below-stick-meta":"","astra-migrate-meta-layouts":"default","ast-page-background-enabled":"default","ast-page-background-meta":{"desktop":{"background-color":"var(--ast-global-color-5)","background-image":"","background-repeat":"repeat","background-position":"center center","background-size":"auto","background-attachment":"scroll","background-type":"","background-media":"","overlay-type":"","overlay-color":"","overlay-opacity":"","overlay-gradient":""},"tablet":{"background-color":"","background-image":"","background-repeat":"repeat","background-position":"center center","background-size":"auto","background-attachment":"scroll","background-type":"","background-media":"","overlay-type":"","overlay-color":"","overlay-opacity":"","overlay-gradient":""},"mobile":{"background-color":"","background-image":"","background-repeat":"repeat","background-position":"center center","background-size":"auto","background-attachment":"scroll","background-type":"","background-media":"","overlay-type":"","overlay-color":"","overlay-opacity":"","overlay-gradient":""}},"ast-content-background-meta":{"desktop":{"background-color":"var(--ast-global-color-4)","background-image":"","background-repeat":"repeat","background-position":"center center","background-size":"auto","background-attachment":"scroll","background-type":"","background-media":"","overlay-type":"","overlay-color":"","overlay-opacity":"","overlay-gradient":""},"tablet":{"background-color":"var(--ast-global-color-4)","background-image":"","background-repeat":"repeat","background-position":"center center","background-size":"auto","background-attachment":"scroll","background-type":"","background-media":"","overlay-type":"","overlay-color":"","overlay-opacity":"","overlay-gradient":""},"mobile":{"background-color":"var(--ast-global-color-4)","background-image":"","background-repeat":"repeat","background-position":"center center","background-size":"auto","background-attachment":"scroll","background-type":"","background-media":"","overlay-type":"","overlay-color":"","overlay-opacity":"","overlay-gradient":""}},"_glsr_average":0,"_glsr_ranking":0,"_glsr_reviews":0,"footnotes":""},"folder":[],"class_list":["post-8403","page","type-page","status-publish","hentry"],"acf":[],"_links":{"self":[{"href":"https:\/\/mibooko.com\/tr\/wp-json\/wp\/v2\/pages\/8403","targetHints":{"allow":["GET"]}}],"collection":[{"href":"https:\/\/mibooko.com\/tr\/wp-json\/wp\/v2\/pages"}],"about":[{"href":"https:\/\/mibooko.com\/tr\/wp-json\/wp\/v2\/types\/page"}],"author":[{"embeddable":true,"href":"https:\/\/mibooko.com\/tr\/wp-json\/wp\/v2\/users\/3"}],"replies":[{"embeddable":true,"href":"https:\/\/mibooko.com\/tr\/wp-json\/wp\/v2\/comments?post=8403"}],"version-history":[{"count":0,"href":"https:\/\/mibooko.com\/tr\/wp-json\/wp\/v2\/pages\/8403\/revisions"}],"wp:attachment":[{"href":"https:\/\/mibooko.com\/tr\/wp-json\/wp\/v2\/media?parent=8403"}],"wp:term":[{"taxonomy":"folder","embeddable":true,"href":"https:\/\/mibooko.com\/tr\/wp-json\/wp\/v2\/folder?post=8403"}],"curies":[{"name":"wp","href":"https:\/\/api.w.org\/{rel}","templated":true}]}}