{"id":8521,"date":"2025-12-30T04:06:32","date_gmt":"2025-12-30T03:06:32","guid":{"rendered":"https:\/\/mibooko.com\/?page_id=8521"},"modified":"2026-03-18T21:51:13","modified_gmt":"2026-03-18T20:51:13","slug":"continuous-stories-build-child-resilience","status":"publish","type":"page","link":"https:\/\/mibooko.com\/tr\/podcast\/continuous-stories-build-child-resilience\/","title":{"rendered":"S\u00fcrekli Anlat\u0131lan Hikayeler \u00c7ocuklarda Duygusal Dayan\u0131kl\u0131l\u0131\u011f\u0131 Nas\u0131l Geli\u015ftirir?"},"content":{"rendered":"<div data-elementor-type=\"wp-page\" data-elementor-id=\"8521\" class=\"elementor elementor-8521\" data-elementor-post-type=\"page\">\n\t\t\t\t<div class=\"elementor-element elementor-element-5baccab1 e-flex e-con-boxed e-con e-parent\" data-id=\"5baccab1\" data-element_type=\"container\" data-e-type=\"container\">\n\t\t\t\t\t<div class=\"e-con-inner\">\n\t\t\t\t<div class=\"elementor-element elementor-element-46a227d0 elementor-widget elementor-widget-text-editor\" data-id=\"46a227d0\" data-element_type=\"widget\" data-e-type=\"widget\" data-widget_type=\"text-editor.default\">\n\t\t\t\t\t\t\t\t\t<h1><strong>S\u00fcrekli Anlat\u0131lan Hikayeler \u00c7ocuklarda Duygusal Dayan\u0131kl\u0131l\u0131\u011f\u0131 Nas\u0131l Geli\u015ftirir?<\/strong><\/h1>\n<p><!-- \/wp:paragraph --><!-- wp:separator --><\/p>\n<hr class=\"wp-block-separator has-alpha-channel-opacity\" \/>\n<p><!-- \/wp:separator --><!-- wp:heading {\"level\":3} --><\/p>\n<p><!-- \/wp:heading --><!-- wp:paragraph --><\/p>\n<p>MIBOOKO Ara\u015ft\u0131rma Podcast&#039;inin bu b\u00f6l\u00fcm\u00fcnde, \u00e7ocuklar\u0131n s\u00fcrekli ve tan\u0131d\u0131k hikayelere neden bu kadar g\u00fc\u00e7l\u00fc tepki verdiklerini ve devam eden anlat\u0131lar\u0131n duygusal dayan\u0131kl\u0131l\u0131\u011f\u0131, sakinli\u011fi ve \u00f6zg\u00fcveni nas\u0131l destekleyebilece\u011fini inceliyoruz.<\/p>\n<p><!-- \/wp:paragraph --><!-- wp:paragraph --><\/p>\n<p>Ebeveynler genellikle \u00e7ocuklar\u0131n\u0131n her gece ayn\u0131 hikayeyi istedi\u011fini fark eder. Bu, s\u0131rf tekrar olsun diye yap\u0131lan bir \u015fey de\u011fildir. Bu, \u00e7ocuklar\u0131n tan\u0131d\u0131k hikayeleri kendilerini g\u00fcvende hissetmek, deneyimlerini anlamland\u0131rmak ve duygular\u0131n\u0131 d\u00fczenlemek i\u00e7in kulland\u0131klar\u0131n\u0131n bir i\u015faretidir. Bu b\u00f6l\u00fcmde, y\u00fczeyin alt\u0131nda neler olup bitti\u011fini ve s\u00fcrekli anlat\u0131lan hikayelerin rastgele i\u00e7erikten neden temel olarak farkl\u0131 hissettirdi\u011fini a\u00e7\u0131kl\u0131yoruz.<\/p>\n<p><!-- \/wp:paragraph --><!-- wp:paragraph --><\/p>\n<p>\ud83c\udfa7<a href=\"#podcast4\"> <em>A\u015fa\u011f\u0131daki b\u00f6l\u00fcm\u00fc dinleyin -&gt;<\/em><\/a><\/p>\n<p><!-- \/wp:paragraph --><!-- wp:separator --><\/p>\n<hr class=\"wp-block-separator has-alpha-channel-opacity\" \/>\n<p><!-- \/wp:separator --><!-- wp:heading {\"level\":3} --><\/p>\n<h2 class=\"wp-block-heading\">Bu b\u00f6l\u00fcm neleri kaps\u0131yor?<\/h2>\n<p><!-- \/wp:heading --><!-- wp:paragraph --><\/p>\n<p>Bu b\u00f6l\u00fcmde \u015funlar\u0131 ele al\u0131yoruz:<\/p>\n<p><!-- \/wp:paragraph --><!-- wp:list --><\/p>\n<ul class=\"wp-block-list\">\n<li style=\"list-style-type: none;\">\n<ul class=\"wp-block-list\"><!-- wp:list-item --><\/ul>\n<\/li>\n<\/ul>\n<ul class=\"wp-block-list\">\n<li style=\"list-style-type: none;\">\n<ul class=\"wp-block-list\">\n<li>Tan\u0131d\u0131k karakterler ve tutarl\u0131 hikaye d\u00fcnyalar\u0131 \u00e7ocuklar\u0131n duygusal olarak g\u00fcvende hissetmelerine neden olur?<\/li>\n<\/ul>\n<\/li>\n<\/ul>\n<p><!-- \/wp:list-item --><!-- wp:list-item --><\/p>\n<ul class=\"wp-block-list\">\n<li style=\"list-style-type: none;\">\n<ul class=\"wp-block-list\">\n<li>\u00d6ng\u00f6r\u00fclebilir hikaye yap\u0131s\u0131n\u0131n stresi nas\u0131l azaltt\u0131\u011f\u0131 ve odaklanmay\u0131 nas\u0131l destekledi\u011fi<\/li>\n<\/ul>\n<\/li>\n<\/ul>\n<p><!-- \/wp:list-item --><!-- wp:list-item --><\/p>\n<ul class=\"wp-block-list\">\n<li style=\"list-style-type: none;\">\n<ul class=\"wp-block-list\">\n<li>Birlikte okuman\u0131n, ebeveyn-\u00e7ocuk aras\u0131nda kaliteli zaman ge\u00e7irmenin rol\u00fc<\/li>\n<\/ul>\n<\/li>\n<\/ul>\n<p><!-- \/wp:list-item --><!-- wp:list-item --><\/p>\n<ul class=\"wp-block-list\">\n<li style=\"list-style-type: none;\">\n<ul class=\"wp-block-list\">\n<li>Bundan sonra ne olaca\u011f\u0131na birlikte karar vermenin \u00f6zg\u00fcveni ve karar alma yetene\u011fini nas\u0131l art\u0131rd\u0131\u011f\u0131<\/li>\n<\/ul>\n<\/li>\n<\/ul>\n<p><!-- \/wp:list-item --><!-- wp:list-item --><\/p>\n<ul class=\"wp-block-list\">\n<li style=\"list-style-type: none;\">\n<ul class=\"wp-block-list\">\n<li>Devam eden hikayelerin sakin yatma rutinlerine do\u011fal olarak nas\u0131l uyum sa\u011flad\u0131\u011f\u0131<\/li>\n<\/ul>\n<\/li>\n<\/ul>\n<p><!-- \/wp:list-item --><\/p>\n<p><!-- \/wp:list --><!-- wp:paragraph --><\/p>\n<p>T\u00fcm \u00f6rnekler ve a\u00e7\u0131klamalar, \u00e7ocuk geli\u015fimi ara\u015ft\u0131rmalar\u0131na ve g\u00fcnl\u00fck ebeveynlik deneyimine dayanmaktad\u0131r.<\/p>\n<p><!-- \/wp:paragraph --><!-- wp:separator --><\/p>\n<hr class=\"wp-block-separator has-alpha-channel-opacity\" \/>\n<p><!-- \/wp:separator --><!-- wp:heading {\"level\":3} --><\/p>\n<h2 class=\"wp-block-heading\">S\u00fcrekli devam eden hikayeler neden \u00f6nemlidir?<\/h2>\n<p><!-- \/wp:heading --><!-- wp:paragraph --><\/p>\n<p>\u00c7ocuklar hik\u00e2yeleri yaln\u0131zca e\u011flence ama\u00e7l\u0131 de\u011fil, duygusal ortamlar olarak deneyimlerler.<\/p>\n<p><!-- \/wp:paragraph --><!-- wp:paragraph --><\/p>\n<p>Bir hikaye bir b\u00f6l\u00fcmden di\u011ferine devam etti\u011finde, \u00e7ocuklar:<\/p>\n<p><!-- \/wp:paragraph --><!-- wp:list --><\/p>\n<ul class=\"wp-block-list\">\n<li style=\"list-style-type: none;\">\n<ul class=\"wp-block-list\"><!-- wp:list-item --><\/ul>\n<\/li>\n<\/ul>\n<ul class=\"wp-block-list\">\n<li style=\"list-style-type: none;\">\n<ul class=\"wp-block-list\">\n<li>ne bekleyece\u011finizi bilin<\/li>\n<\/ul>\n<\/li>\n<\/ul>\n<p><!-- \/wp:list-item --><!-- wp:list-item --><\/p>\n<ul class=\"wp-block-list\">\n<li style=\"list-style-type: none;\">\n<ul class=\"wp-block-list\">\n<li>karakterleri ve desenleri tan\u0131mak<\/li>\n<\/ul>\n<\/li>\n<\/ul>\n<p><!-- \/wp:list-item --><!-- wp:list-item --><\/p>\n<ul class=\"wp-block-list\">\n<li style=\"list-style-type: none;\">\n<ul class=\"wp-block-list\">\n<li>Yeni duygular\u0131 ke\u015ffetmek i\u00e7in yeterince g\u00fcvende hissetmek<\/li>\n<\/ul>\n<\/li>\n<\/ul>\n<p><!-- \/wp:list-item --><\/p>\n<p><!-- \/wp:list --><!-- wp:paragraph --><\/p>\n<p>Bu s\u00fcreklilik duygusu, \u00e7ocuklar\u0131n deneyimleri i\u015flemelerine, ayr\u0131nt\u0131lar\u0131 hat\u0131rlamalar\u0131na ve zaman i\u00e7inde duygusal dayan\u0131kl\u0131l\u0131k geli\u015ftirmelerine yard\u0131mc\u0131 olur; \u00f6zellikle de hikayeler bir ebeveyn veya bak\u0131c\u0131yla payla\u015f\u0131ld\u0131\u011f\u0131nda.<\/p>\n<p><!-- \/wp:paragraph --><!-- wp:separator --><\/p>\n<hr class=\"wp-block-separator has-alpha-channel-opacity\" \/>\n<p><!-- \/wp:separator --><!-- wp:heading {\"level\":3} --><\/p>\n<h2 class=\"wp-block-heading\">\u0130lgili okuma<\/h2>\n<p><!-- \/wp:heading --><!-- wp:paragraph --><\/p>\n<p>Bu konuyu daha detayl\u0131 incelemek isterseniz, \u015fu kaynaklar da size yard\u0131mc\u0131 olabilir:<\/p>\n<p><!-- \/wp:paragraph --><!-- wp:list --><\/p>\n<ul class=\"wp-block-list\">\n<li style=\"list-style-type: none;\">\n<ul class=\"wp-block-list\"><!-- wp:list-item --><\/ul>\n<\/li>\n<\/ul>\n<ul class=\"wp-block-list\">\n<li style=\"list-style-type: none;\">\n<ul class=\"wp-block-list\">\n<li><a href=\"\/tr\/mibooko-storybook\/\">MIBOOKO Hikaye Kitab\u0131 Nedir? -&gt;<\/a><\/li>\n<\/ul>\n<\/li>\n<\/ul>\n<p><!-- \/wp:list-item --><!-- wp:list-item --><\/p>\n<ul class=\"wp-block-list\">\n<li style=\"list-style-type: none;\">\n<ul class=\"wp-block-list\">\n<li><a href=\"https:\/\/mibooko.com\/tr\/never-ending-bedtime-stories-calm\/\">Tahmin edilebilir hikayeler \u00e7ocuklar\u0131 yatmadan \u00f6nce neden sakinle\u015ftirir?<\/a><\/li>\n<\/ul>\n<\/li>\n<\/ul>\n<p><!-- \/wp:list-item --><!-- wp:list-item --><\/p>\n<ul class=\"wp-block-list\">\n<li style=\"list-style-type: none;\">\n<ul class=\"wp-block-list\">\n<li><a href=\"\/tr\/story-choices-build-confidence\/\">K\u00fc\u00e7\u00fck Se\u00e7imler Nas\u0131l B\u00fcy\u00fck \u00d6zg\u00fcven Olu\u015fturur?<\/a><\/li>\n<\/ul>\n<\/li>\n<\/ul>\n<p><!-- \/wp:list-item --><\/p>\n<p><!-- \/wp:list --><!-- wp:separator --><\/p>\n<p><!-- \/wp:heading --><!-- wp:paragraph --><\/p>\n<p>Bu b\u00f6l\u00fcm, sakin ve kan\u0131ta dayal\u0131 bir bak\u0131\u015f a\u00e7\u0131s\u0131yla hikaye anlat\u0131m\u0131, \u00e7ocuk geli\u015fimi ve aile okuma rutinlerini inceledi\u011fimiz MIBOOKO Ara\u015ft\u0131rma Podcast&#039;inin bir par\u00e7as\u0131d\u0131r.<\/p>\n<p><!-- \/wp:paragraph --><!-- wp:paragraph --><\/p>\n<p>Yeni b\u00f6l\u00fcmler, ebeveynlerin belirli uygulamalar\u0131n neden i\u015fe yarad\u0131\u011f\u0131n\u0131 anlamalar\u0131na yard\u0131mc\u0131 olmaya odaklan\u0131yor; sadece ne yapmalar\u0131 gerekti\u011fini de\u011fil.<\/p>\n<p><!-- \/wp:paragraph --><\/p>\t\t\t\t\t\t\t\t<\/div>\n\t\t\t\t\t<\/div>\n\t\t\t\t<\/div>\n\t\t<div class=\"elementor-element elementor-element-d243fd7 e-flex e-con-boxed e-con e-parent\" data-id=\"d243fd7\" data-element_type=\"container\" data-e-type=\"container\" id=\"podcast4\">\n\t\t\t\t\t<div class=\"e-con-inner\">\n\t\t\t\t<div class=\"elementor-element elementor-element-afc66f8 elementor-widget elementor-widget-html\" data-id=\"afc66f8\" data-element_type=\"widget\" data-e-type=\"widget\" data-widget_type=\"html.default\">\n\t\t\t\t\t<audio controls preload=\"none\" style=\"width:100%;\">\r\n  <source src=\"https:\/\/mibooko.com\/wp-content\/uploads\/2025\/12\/Story_Structure_Builds_Brain_Security.mp3\" type=\"audio\/mpeg\">\r\n  Taray\u0131c\u0131n\u0131z ses \u00f6\u011fesini desteklemiyor.\r\n<\/audio>\r\n\t\t\t\t<\/div>\n\t\t\t\t\t<\/div>\n\t\t\t\t<\/div>\n\t\t\t\t<\/div>","protected":false},"excerpt":{"rendered":"<p>How Continuous Stories Build Emotional Resilience in Children In this episode of the MIBOOKO Research Podcast, we explore why children [&hellip;]<\/p>\n","protected":false},"author":3,"featured_media":0,"parent":8519,"menu_order":0,"comment_status":"closed","ping_status":"closed","template":"","meta":{"_acf_changed":false,"site-sidebar-layout":"default","site-content-layout":"","ast-site-content-layout":"default","site-content-style":"default","site-sidebar-style":"default","ast-global-header-display":"","ast-banner-title-visibility":"","ast-main-header-display":"","ast-hfb-above-header-display":"","ast-hfb-below-header-display":"","ast-hfb-mobile-header-display":"","site-post-title":"disabled","ast-breadcrumbs-content":"","ast-featured-img":"","footer-sml-layout":"","theme-transparent-header-meta":"","adv-header-id-meta":"","stick-header-meta":"","header-above-stick-meta":"","header-main-stick-meta":"","header-below-stick-meta":"","astra-migrate-meta-layouts":"default","ast-page-background-enabled":"default","ast-page-background-meta":{"desktop":{"background-color":"var(--ast-global-color-5)","background-image":"","background-repeat":"repeat","background-position":"center center","background-size":"auto","background-attachment":"scroll","background-type":"","background-media":"","overlay-type":"","overlay-color":"","overlay-opacity":"","overlay-gradient":""},"tablet":{"background-color":"","background-image":"","background-repeat":"repeat","background-position":"center center","background-size":"auto","background-attachment":"scroll","background-type":"","background-media":"","overlay-type":"","overlay-color":"","overlay-opacity":"","overlay-gradient":""},"mobile":{"background-color":"","background-image":"","background-repeat":"repeat","background-position":"center center","background-size":"auto","background-attachment":"scroll","background-type":"","background-media":"","overlay-type":"","overlay-color":"","overlay-opacity":"","overlay-gradient":""}},"ast-content-background-meta":{"desktop":{"background-color":"var(--ast-global-color-4)","background-image":"","background-repeat":"repeat","background-position":"center center","background-size":"auto","background-attachment":"scroll","background-type":"","background-media":"","overlay-type":"","overlay-color":"","overlay-opacity":"","overlay-gradient":""},"tablet":{"background-color":"var(--ast-global-color-4)","background-image":"","background-repeat":"repeat","background-position":"center center","background-size":"auto","background-attachment":"scroll","background-type":"","background-media":"","overlay-type":"","overlay-color":"","overlay-opacity":"","overlay-gradient":""},"mobile":{"background-color":"var(--ast-global-color-4)","background-image":"","background-repeat":"repeat","background-position":"center center","background-size":"auto","background-attachment":"scroll","background-type":"","background-media":"","overlay-type":"","overlay-color":"","overlay-opacity":"","overlay-gradient":""}},"_glsr_average":0,"_glsr_ranking":0,"_glsr_reviews":0,"footnotes":""},"folder":[],"class_list":["post-8521","page","type-page","status-publish","hentry"],"acf":[],"_links":{"self":[{"href":"https:\/\/mibooko.com\/tr\/wp-json\/wp\/v2\/pages\/8521","targetHints":{"allow":["GET"]}}],"collection":[{"href":"https:\/\/mibooko.com\/tr\/wp-json\/wp\/v2\/pages"}],"about":[{"href":"https:\/\/mibooko.com\/tr\/wp-json\/wp\/v2\/types\/page"}],"author":[{"embeddable":true,"href":"https:\/\/mibooko.com\/tr\/wp-json\/wp\/v2\/users\/3"}],"replies":[{"embeddable":true,"href":"https:\/\/mibooko.com\/tr\/wp-json\/wp\/v2\/comments?post=8521"}],"version-history":[{"count":0,"href":"https:\/\/mibooko.com\/tr\/wp-json\/wp\/v2\/pages\/8521\/revisions"}],"up":[{"embeddable":true,"href":"https:\/\/mibooko.com\/tr\/wp-json\/wp\/v2\/pages\/8519"}],"wp:attachment":[{"href":"https:\/\/mibooko.com\/tr\/wp-json\/wp\/v2\/media?parent=8521"}],"wp:term":[{"taxonomy":"folder","embeddable":true,"href":"https:\/\/mibooko.com\/tr\/wp-json\/wp\/v2\/folder?post=8521"}],"curies":[{"name":"wp","href":"https:\/\/api.w.org\/{rel}","templated":true}]}}