{"id":3549,"date":"2025-10-23T18:33:57","date_gmt":"2025-10-23T16:33:57","guid":{"rendered":"https:\/\/mibooko.com\/product\/12-book-subscription\/"},"modified":"2026-03-18T19:56:06","modified_gmt":"2026-03-18T18:56:06","slug":"personalized-book-subscription-for-children","status":"publish","type":"product","link":"https:\/\/mibooko.com\/tr\/product\/personalized-book-subscription-for-children\/","title":{"rendered":"\u00c7ocuklar \u0130\u00e7in Ki\u015fiselle\u015ftirilmi\u015f Kitap Aboneli\u011fi"},"content":{"rendered":"<p data-start=\"1947\" data-end=\"2170\">Okumay\u0131 \u00e7ocu\u011funuzun geli\u015fimi i\u00e7in g\u00fc\u00e7l\u00fc bir araca d\u00f6n\u00fc\u015ft\u00fcr\u00fcn <strong data-start=\"2019\" data-end=\"2053\">Ki\u015fiselle\u015ftirilmi\u015f Kitap Aboneli\u011fi<\/strong> \u2014 bir dizi <strong data-start=\"2068\" data-end=\"2099\">12 tamamen ki\u015fiselle\u015ftirilmi\u015f kitap<\/strong> program\u0131n\u0131za g\u00f6re teslim edilir:<br data-start=\"2127\" data-end=\"2130\" \/><strong data-start=\"2130\" data-end=\"2169\">haftal\u0131k, iki haftada bir veya ayl\u0131k<\/strong>.<\/p>\n<p data-start=\"2172\" data-end=\"2212\">Her hikaye \u00e7ocu\u011funuzun ihtiya\u00e7lar\u0131na g\u00f6re haz\u0131rlanm\u0131\u015ft\u0131r:<\/p>\n<ul data-start=\"2213\" data-end=\"2367\">\n<li data-start=\"2213\" data-end=\"2236\">\n<p data-start=\"2215\" data-end=\"2236\">isim ve g\u00f6r\u00fcn\u00fcm<\/p>\n<\/li>\n<li data-start=\"2237\" data-end=\"2262\">\n<p data-start=\"2239\" data-end=\"2262\">ya\u015f ve okuma seviyesi<\/p>\n<\/li>\n<li data-start=\"2263\" data-end=\"2285\">\n<p data-start=\"2265\" data-end=\"2285\">ki\u015filik \u00f6zellikleri<\/p>\n<\/li>\n<li data-start=\"2286\" data-end=\"2305\">\n<p data-start=\"2288\" data-end=\"2305\">duygusal ihtiya\u00e7lar<\/p>\n<\/li>\n<li data-start=\"2306\" data-end=\"2328\">\n<p data-start=\"2308\" data-end=\"2328\">g\u00fcncel zorluklar<\/p>\n<\/li>\n<li data-start=\"2329\" data-end=\"2367\">\n<p data-start=\"2331\" data-end=\"2367\">ilgi alanlar\u0131 ve geli\u015fim becerileri<\/p>\n<\/li>\n<\/ul>\n<p data-start=\"2369\" data-end=\"2530\">Bu abonelik, <strong data-start=\"2402\" data-end=\"2424\">\u00e7ocuklar\u0131n b\u00fcy\u00fcmesine yard\u0131mc\u0131 olmak<\/strong>, Sadece onlar\u0131 e\u011flendirmekle kalm\u0131yoruz.<br data-start=\"2450\" data-end=\"2453\" \/>\u00c7ocu\u011funuz 12 kitap boyunca \u015fu gibi temel becerileri uygular ve g\u00fc\u00e7lendirir:<\/p>\n<ul data-start=\"2531\" data-end=\"2697\">\n<li data-start=\"2531\" data-end=\"2555\">\n<p data-start=\"2533\" data-end=\"2555\">duygusal d\u00fczenleme<\/p>\n<\/li>\n<li data-start=\"2556\" data-end=\"2570\">\n<p data-start=\"2558\" data-end=\"2570\">kendinden emin<\/p>\n<\/li>\n<li data-start=\"2571\" data-end=\"2590\">\n<p data-start=\"2573\" data-end=\"2590\">problem \u00e7\u00f6zme<\/p>\n<\/li>\n<li data-start=\"2591\" data-end=\"2615\">\n<p data-start=\"2593\" data-end=\"2615\">sosyal anlay\u0131\u015f<\/p>\n<\/li>\n<li data-start=\"2616\" data-end=\"2642\">\n<p data-start=\"2618\" data-end=\"2642\">cesaret ve dayan\u0131kl\u0131l\u0131k<\/p>\n<\/li>\n<li data-start=\"2643\" data-end=\"2672\">\n<p data-start=\"2645\" data-end=\"2672\">merak ve hayal g\u00fcc\u00fc<\/p>\n<\/li>\n<li data-start=\"2673\" data-end=\"2697\">\n<p data-start=\"2675\" data-end=\"2697\">empati ve nezaket<\/p>\n<\/li>\n<\/ul>\n<p data-start=\"2699\" data-end=\"2955\">Her kitap, arkada\u015f edinmekten yeni \u015feyler denemeye, b\u00fcy\u00fck duygularla ba\u015fa \u00e7\u0131kmaya veya \u00f6z g\u00fcveni geli\u015ftirmeye kadar anlaml\u0131, ger\u00e7ek hayattan bir zorlu\u011fu veya b\u00fcy\u00fcme an\u0131n\u0131 yans\u0131t\u0131yor.<br data-start=\"2862\" data-end=\"2865\" \/>\u00c7ocu\u011funuz kahraman oldu\u011fundan, bu dersler <strong data-start=\"2916\" data-end=\"2954\">ki\u015fisel, alakal\u0131 ve g\u00fc\u00e7lendirici<\/strong>.<\/p>\n<p data-start=\"2957\" data-end=\"3056\">T\u00fcm kitaplarda profesyonel, \u00e7ocuk dostu \u00e7izimler ve s\u0131cak, kan\u0131ta dayal\u0131 hikaye anlat\u0131m\u0131 yer al\u0131yor.<\/p>\n<p data-start=\"3058\" data-end=\"3256\">Ald\u0131\u011f\u0131n\u0131z <strong data-start=\"3070\" data-end=\"3096\">an\u0131nda dijital eri\u015fim<\/strong> Her kitap i\u00e7in yay\u0131nland\u0131\u011f\u0131 anda.<br data-start=\"3136\" data-end=\"3139\" \/>Aboneli\u011finiz gelebilir <strong data-start=\"3168\" data-end=\"3178\">haftal\u0131k<\/strong>, <strong data-start=\"3180\" data-end=\"3193\">iki haftada bir<\/strong>, veya <strong data-start=\"3198\" data-end=\"3209\">ayl\u0131k<\/strong>, Aileniz i\u00e7in en iyi olana ba\u011fl\u0131 olarak.<\/p>\n<p data-start=\"3258\" data-end=\"3488\">\u00c7ocu\u011funuza yolculu\u011funu destekleyen ki\u015fiselle\u015ftirilmi\u015f hikayelerle dolu bir y\u0131l hediye edin; her seferinde bir kitap, bir beceri, bir macera.<br data-start=\"3384\" data-end=\"3387\" \/>B\u00fcy\u00fcmeleri i\u00e7in onlara ilham veren bir okuma rit\u00fceli yarat\u0131n; \u00e7\u00fcnk\u00fc bu hikayelerde, <strong data-start=\"3466\" data-end=\"3474\">Onlar<\/strong> kahramand\u0131r.<\/p>","protected":false},"excerpt":{"rendered":"<p>\u00c7ocu\u011funuza 12 kitaptan olu\u015fan ki\u015fiselle\u015ftirilmi\u015f bir abonelikle bir y\u0131ll\u0131k geli\u015fim ve mutluluk hediye edin. Her kitap, \u00e7ocu\u011funuzu becerilerini geli\u015ftirmek, \u00f6zg\u00fcvenini art\u0131rmak, duygusal dayan\u0131kl\u0131l\u0131\u011f\u0131n\u0131 desteklemek ve g\u00fcnl\u00fck zorluklar\u0131n \u00fcstesinden gelmek i\u00e7in tasarlanm\u0131\u015f hikayelerin kahraman\u0131 olarak g\u00f6sterir. Haftal\u0131k, iki haftada bir veya ayl\u0131k teslimat se\u00e7eneklerinden birini se\u00e7in. An\u0131nda dijital eri\u015fim dahildir.<\/p>","protected":false},"featured_media":0,"comment_status":"open","ping_status":"closed","template":"","meta":{"_acf_changed":false,"site-sidebar-layout":"default","site-content-layout":"","ast-site-content-layout":"default","site-content-style":"default","site-sidebar-style":"default","ast-global-header-display":"","ast-banner-title-visibility":"","ast-main-header-display":"","ast-hfb-above-header-display":"","ast-hfb-below-header-display":"","ast-hfb-mobile-header-display":"","site-post-title":"","ast-breadcrumbs-content":"","ast-featured-img":"","footer-sml-layout":"","theme-transparent-header-meta":"default","adv-header-id-meta":"","stick-header-meta":"","header-above-stick-meta":"","header-main-stick-meta":"","header-below-stick-meta":"","astra-migrate-meta-layouts":"set","ast-page-background-enabled":"default","ast-page-background-meta":{"desktop":{"background-color":"var(--ast-global-color-5)","background-image":"","background-repeat":"repeat","background-position":"center center","background-size":"auto","background-attachment":"scroll","background-type":"","background-media":"","overlay-type":"","overlay-color":"","overlay-opacity":"","overlay-gradient":""},"tablet":{"background-color":"","background-image":"","background-repeat":"repeat","background-position":"center center","background-size":"auto","background-attachment":"scroll","background-type":"","background-media":"","overlay-type":"","overlay-color":"","overlay-opacity":"","overlay-gradient":""},"mobile":{"background-color":"","background-image":"","background-repeat":"repeat","background-position":"center center","background-size":"auto","background-attachment":"scroll","background-type":"","background-media":"","overlay-type":"","overlay-color":"","overlay-opacity":"","overlay-gradient":""}},"ast-content-background-meta":{"desktop":{"background-color":"var(--ast-global-color-4)","background-image":"","background-repeat":"repeat","background-position":"center center","background-size":"auto","background-attachment":"scroll","background-type":"","background-media":"","overlay-type":"","overlay-color":"","overlay-opacity":"","overlay-gradient":""},"tablet":{"background-color":"var(--ast-global-color-4)","background-image":"","background-repeat":"repeat","background-position":"center center","background-size":"auto","background-attachment":"scroll","background-type":"","background-media":"","overlay-type":"","overlay-color":"","overlay-opacity":"","overlay-gradient":""},"mobile":{"background-color":"var(--ast-global-color-4)","background-image":"","background-repeat":"repeat","background-position":"center center","background-size":"auto","background-attachment":"scroll","background-type":"","background-media":"","overlay-type":"","overlay-color":"","overlay-opacity":"","overlay-gradient":""}},"_glsr_average":0,"_glsr_ranking":0,"_glsr_reviews":0},"product_brand":[],"product_cat":[168,18],"product_tag":[],"class_list":{"0":"post-3549","1":"product","2":"type-product","3":"status-publish","5":"product_cat-digital-book","6":"product_cat-uncategorized","7":"desktop-align-left","8":"tablet-align-left","9":"mobile-align-left","11":"first","12":"instock","13":"taxable","14":"shipping-taxable","15":"purchasable","16":"product-type-variable","17":"has-default-attributes"},"acf":[],"_links":{"self":[{"href":"https:\/\/mibooko.com\/tr\/wp-json\/wp\/v2\/product\/3549","targetHints":{"allow":["GET"]}}],"collection":[{"href":"https:\/\/mibooko.com\/tr\/wp-json\/wp\/v2\/product"}],"about":[{"href":"https:\/\/mibooko.com\/tr\/wp-json\/wp\/v2\/types\/product"}],"replies":[{"embeddable":true,"href":"https:\/\/mibooko.com\/tr\/wp-json\/wp\/v2\/comments?post=3549"}],"wp:attachment":[{"href":"https:\/\/mibooko.com\/tr\/wp-json\/wp\/v2\/media?parent=3549"}],"wp:term":[{"taxonomy":"product_brand","embeddable":true,"href":"https:\/\/mibooko.com\/tr\/wp-json\/wp\/v2\/product_brand?post=3549"},{"taxonomy":"product_cat","embeddable":true,"href":"https:\/\/mibooko.com\/tr\/wp-json\/wp\/v2\/product_cat?post=3549"},{"taxonomy":"product_tag","embeddable":true,"href":"https:\/\/mibooko.com\/tr\/wp-json\/wp\/v2\/product_tag?post=3549"}],"curies":[{"name":"wp","href":"https:\/\/api.w.org\/{rel}","templated":true}]}}