{"id":3551,"date":"2025-10-23T18:40:27","date_gmt":"2025-10-23T16:40:27","guid":{"rendered":"https:\/\/mibooko.com\/?post_type=product&#038;p=3551"},"modified":"2026-03-18T19:55:53","modified_gmt":"2026-03-18T18:55:53","slug":"mystery-book-box-3-personalized-books","status":"publish","type":"product","link":"https:\/\/mibooko.com\/tr\/product\/mystery-book-box-3-personalized-books\/","title":{"rendered":"Mystery Book Box \u2013 \u00c7ocuklar \u0130\u00e7in 3 Ki\u015fiselle\u015ftirilmi\u015f Kitap"},"content":{"rendered":"<p data-start=\"1352\" data-end=\"1549\">Okuma zaman\u0131n\u0131 b\u00fcy\u00fcl\u00fc bir deneyime d\u00f6n\u00fc\u015ft\u00fcr\u00fcn <strong data-start=\"1405\" data-end=\"1425\">Mystery Book Box<\/strong> \u2014 s\u00fcrpriz bir set <strong data-start=\"1446\" data-end=\"1480\">\u00fc\u00e7 tamamen ki\u015fiselle\u015ftirilmi\u015f kitap<\/strong>, Her biri \u00e7ocu\u011funuzun ad\u0131, g\u00f6r\u00fcn\u00fcm\u00fc ve ki\u015fili\u011fi etraf\u0131nda tasarlanm\u0131\u015ft\u0131r.<\/p>\n<p data-start=\"1551\" data-end=\"1631\">Her hikaye farkl\u0131 bir tema ve macera sunuyor, bu y\u00fczden bu kutu \u015funlar i\u00e7in m\u00fckemmel:<\/p>\n<ul data-start=\"1632\" data-end=\"1755\">\n<li data-start=\"1632\" data-end=\"1656\">\n<p data-start=\"1634\" data-end=\"1656\">hayal g\u00fcc\u00fcn\u00fc harekete ge\u00e7iren<\/p>\n<\/li>\n<li data-start=\"1657\" data-end=\"1685\">\n<p data-start=\"1659\" data-end=\"1685\">daha fazla okumay\u0131 te\u015fvik etmek<\/p>\n<\/li>\n<li data-start=\"1686\" data-end=\"1719\">\n<p data-start=\"1688\" data-end=\"1719\">duygusal g\u00fcven olu\u015fturma<\/p>\n<\/li>\n<li data-start=\"1720\" data-end=\"1755\">\n<p data-start=\"1722\" data-end=\"1755\">ne\u015feli uyku vakti rit\u00fcelleri yaratmak<\/p>\n<\/li>\n<\/ul>\n<p data-start=\"1757\" data-end=\"2081\">Bu Mystery Book Box bir par\u00e7as\u0131d\u0131r <strong data-start=\"1792\" data-end=\"1819\">daha b\u00fcy\u00fck 7 setlik koleksiyon<\/strong>, her set i\u00e7eren <strong data-start=\"1841\" data-end=\"1872\">3 benzersiz ki\u015fiselle\u015ftirilmi\u015f kitap<\/strong>.<br data-start=\"1873\" data-end=\"1876\" \/>Birlikte, <strong data-start=\"1900\" data-end=\"1940\">21 maceradan olu\u015fan Gizem Kitap Serisi<\/strong> (7 set \u00d7 3 kitap).<br data-start=\"1960\" data-end=\"1963\" \/>\u00c7ocu\u011funuz t\u00fcm seri boyunca yeni d\u00fcnyalar\u0131, karakterleri, duygular\u0131 ve zorluklar\u0131 ke\u015ffedebilir; her zaman kahraman olarak.<\/p>\n<p data-start=\"2083\" data-end=\"2196\">Her kitap profesyonel \u00e7ocuk sanat\u00e7\u0131lar\u0131 taraf\u0131ndan resimlendirilmi\u015f ve a\u015fa\u011f\u0131dakileri destekleyen hikaye anlat\u0131m\u0131 ilkeleri kullan\u0131larak olu\u015fturulmu\u015ftur:<\/p>\n<ul data-start=\"2197\" data-end=\"2269\">\n<li data-start=\"2197\" data-end=\"2215\">\n<p data-start=\"2199\" data-end=\"2215\">erken okuryazarl\u0131k<\/p>\n<\/li>\n<li data-start=\"2216\" data-end=\"2227\">\n<p data-start=\"2218\" data-end=\"2227\">empati<\/p>\n<\/li>\n<li data-start=\"2228\" data-end=\"2241\">\n<p data-start=\"2230\" data-end=\"2241\">merak<\/p>\n<\/li>\n<li data-start=\"2242\" data-end=\"2269\">\n<p data-start=\"2244\" data-end=\"2269\">duygusal anlay\u0131\u015f<\/p>\n<\/li>\n<\/ul>\n<p data-start=\"2271\" data-end=\"2406\">Ald\u0131\u011f\u0131n\u0131z <strong data-start=\"2283\" data-end=\"2309\">an\u0131nda dijital eri\u015fim<\/strong> \u00fc\u00e7 kitaba da - bekleme yok, gecikme yok.<br data-start=\"2353\" data-end=\"2356\" \/>\u00c7ocu\u011funuz maceralar\u0131na hemen ba\u015flayabilir.<\/p>\n<p data-start=\"2408\" data-end=\"2497\">Onlara asla unutamayacaklar\u0131 bir s\u00fcrpriz verin; \u00fc\u00e7 hikaye <strong data-start=\"2472\" data-end=\"2480\">Onlar<\/strong> kahraman ol<\/p>","protected":false},"excerpt":{"rendered":"<p>\u00c7ocu\u011funuzun kahramana d\u00f6n\u00fc\u015ft\u00fc\u011f\u00fc, \u00fc\u00e7 g\u00fczel resimli ki\u015fiselle\u015ftirilmi\u015f kitaptan olu\u015fan s\u00fcrpriz bir set olan Mystery Book Box&#039;nin b\u00fcy\u00fcs\u00fcn\u00fc ke\u015ffedin. Her kitap, \u00e7ocu\u011fun ad\u0131na, g\u00f6r\u00fcn\u00fcm\u00fcne ve ki\u015fili\u011fine \u00f6zel farkl\u0131 bir macera sunuyor. 7 setlik (toplam 21 kitap) daha b\u00fcy\u00fck bir koleksiyonun par\u00e7as\u0131 olan bu kutu, hayal g\u00fcc\u00fcn\u00fc, \u00f6zg\u00fcveni ve keyifli okuma anlar\u0131n\u0131 harekete ge\u00e7irecek \u00fc\u00e7 benzersiz hikayeyi an\u0131nda a\u00e7\u0131yor. An\u0131nda dijital eri\u015fim dahildir.<\/p>","protected":false},"featured_media":0,"comment_status":"open","ping_status":"closed","template":"","meta":{"_acf_changed":false,"site-sidebar-layout":"default","site-content-layout":"","ast-site-content-layout":"default","site-content-style":"default","site-sidebar-style":"default","ast-global-header-display":"","ast-banner-title-visibility":"","ast-main-header-display":"","ast-hfb-above-header-display":"","ast-hfb-below-header-display":"","ast-hfb-mobile-header-display":"","site-post-title":"","ast-breadcrumbs-content":"","ast-featured-img":"","footer-sml-layout":"","theme-transparent-header-meta":"default","adv-header-id-meta":"","stick-header-meta":"","header-above-stick-meta":"","header-main-stick-meta":"","header-below-stick-meta":"","astra-migrate-meta-layouts":"set","ast-page-background-enabled":"default","ast-page-background-meta":{"desktop":{"background-color":"var(--ast-global-color-5)","background-image":"","background-repeat":"repeat","background-position":"center center","background-size":"auto","background-attachment":"scroll","background-type":"","background-media":"","overlay-type":"","overlay-color":"","overlay-opacity":"","overlay-gradient":""},"tablet":{"background-color":"","background-image":"","background-repeat":"repeat","background-position":"center center","background-size":"auto","background-attachment":"scroll","background-type":"","background-media":"","overlay-type":"","overlay-color":"","overlay-opacity":"","overlay-gradient":""},"mobile":{"background-color":"","background-image":"","background-repeat":"repeat","background-position":"center center","background-size":"auto","background-attachment":"scroll","background-type":"","background-media":"","overlay-type":"","overlay-color":"","overlay-opacity":"","overlay-gradient":""}},"ast-content-background-meta":{"desktop":{"background-color":"var(--ast-global-color-4)","background-image":"","background-repeat":"repeat","background-position":"center center","background-size":"auto","background-attachment":"scroll","background-type":"","background-media":"","overlay-type":"","overlay-color":"","overlay-opacity":"","overlay-gradient":""},"tablet":{"background-color":"var(--ast-global-color-4)","background-image":"","background-repeat":"repeat","background-position":"center center","background-size":"auto","background-attachment":"scroll","background-type":"","background-media":"","overlay-type":"","overlay-color":"","overlay-opacity":"","overlay-gradient":""},"mobile":{"background-color":"var(--ast-global-color-4)","background-image":"","background-repeat":"repeat","background-position":"center center","background-size":"auto","background-attachment":"scroll","background-type":"","background-media":"","overlay-type":"","overlay-color":"","overlay-opacity":"","overlay-gradient":""}},"_glsr_average":0,"_glsr_ranking":0,"_glsr_reviews":0},"product_brand":[],"product_cat":[168,18],"product_tag":[],"class_list":{"0":"post-3551","1":"product","2":"type-product","3":"status-publish","5":"product_cat-digital-book","6":"product_cat-uncategorized","7":"desktop-align-left","8":"tablet-align-left","9":"mobile-align-left","11":"first","12":"instock","13":"downloadable","14":"taxable","15":"shipping-taxable","16":"purchasable","17":"product-type-simple"},"acf":[],"_links":{"self":[{"href":"https:\/\/mibooko.com\/tr\/wp-json\/wp\/v2\/product\/3551","targetHints":{"allow":["GET"]}}],"collection":[{"href":"https:\/\/mibooko.com\/tr\/wp-json\/wp\/v2\/product"}],"about":[{"href":"https:\/\/mibooko.com\/tr\/wp-json\/wp\/v2\/types\/product"}],"replies":[{"embeddable":true,"href":"https:\/\/mibooko.com\/tr\/wp-json\/wp\/v2\/comments?post=3551"}],"wp:attachment":[{"href":"https:\/\/mibooko.com\/tr\/wp-json\/wp\/v2\/media?parent=3551"}],"wp:term":[{"taxonomy":"product_brand","embeddable":true,"href":"https:\/\/mibooko.com\/tr\/wp-json\/wp\/v2\/product_brand?post=3551"},{"taxonomy":"product_cat","embeddable":true,"href":"https:\/\/mibooko.com\/tr\/wp-json\/wp\/v2\/product_cat?post=3551"},{"taxonomy":"product_tag","embeddable":true,"href":"https:\/\/mibooko.com\/tr\/wp-json\/wp\/v2\/product_tag?post=3551"}],"curies":[{"name":"wp","href":"https:\/\/api.w.org\/{rel}","templated":true}]}}