{"id":4395,"date":"2025-11-07T14:44:52","date_gmt":"2025-11-07T13:44:52","guid":{"rendered":"https:\/\/mibooko.com\/?post_type=product&#038;p=4395"},"modified":"2026-03-18T19:55:41","modified_gmt":"2026-03-18T18:55:41","slug":"personalized-book-for-children","status":"publish","type":"product","link":"https:\/\/mibooko.com\/tr\/product\/personalized-book-for-children\/","title":{"rendered":"\u00c7ocuklar \u0130\u00e7in Ki\u015fiselle\u015ftirilmi\u015f Kitap"},"content":{"rendered":"<p data-start=\"1495\" data-end=\"1736\">\u00c7ocu\u011funuza, ona \u00f6zel olarak tasarlanm\u0131\u015f, tamamen ki\u015fiselle\u015ftirilmi\u015f bir \u00e7ocuk kitab\u0131 ile b\u00fcy\u00fcl\u00fc bir okuma deneyimi ya\u015fat\u0131n.<br data-start=\"1597\" data-end=\"1600\" \/>\u0130simleri, g\u00f6r\u00fcn\u00fcmleri ve ki\u015filikleri her sayfay\u0131 \u015fekillendiriyor ve hikayeyi tekrar tekrar ya\u015famak isteyecekleri s\u0131cak ve anlaml\u0131 bir maceraya d\u00f6n\u00fc\u015ft\u00fcr\u00fcyor.<\/p>\n<p data-start=\"1738\" data-end=\"1761\">Bu kitap \u015funlar i\u00e7in idealdir:<\/p>\n<ul data-start=\"1762\" data-end=\"1887\">\n<li data-start=\"1762\" data-end=\"1781\">\n<p data-start=\"1764\" data-end=\"1781\">yatmadan \u00f6nce okunacak kitap<\/p>\n<\/li>\n<li data-start=\"1782\" data-end=\"1802\">\n<p data-start=\"1784\" data-end=\"1802\">k\u00fc\u00e7\u00fck \u00e7ocuklar<\/p>\n<\/li>\n<li data-start=\"1803\" data-end=\"1841\">\n<p data-start=\"1805\" data-end=\"1841\">h\u0131zl\u0131, ne\u015feli hikaye anlatma anlar\u0131<\/p>\n<\/li>\n<li data-start=\"1842\" data-end=\"1887\">\n<p data-start=\"1844\" data-end=\"1887\">ki\u015fisel g\u00fcnl\u00fck rit\u00fcel isteyen aileler<\/p>\n<\/li>\n<\/ul>\n<p data-start=\"1889\" data-end=\"1954\">Her MIBOOKO kitab\u0131, a\u015fa\u011f\u0131dakileri destekleyen ara\u015ft\u0131rmaya dayal\u0131 hikaye anlat\u0131m\u0131n\u0131 kullan\u0131r:<\/p>\n<ul data-start=\"1955\" data-end=\"2046\">\n<li data-start=\"1955\" data-end=\"1969\">\n<p data-start=\"1957\" data-end=\"1969\">kendinden emin<\/p>\n<\/li>\n<li data-start=\"1970\" data-end=\"1985\">\n<p data-start=\"1972\" data-end=\"1985\">hayal g\u00fcc\u00fc<\/p>\n<\/li>\n<li data-start=\"1986\" data-end=\"2013\">\n<p data-start=\"1988\" data-end=\"2013\">duygusal anlay\u0131\u015f<\/p>\n<\/li>\n<li data-start=\"2014\" data-end=\"2046\">\n<p data-start=\"2016\" data-end=\"2046\">erken \u00f6\u011frenme ve merak<\/p>\n<\/li>\n<\/ul>\n<p data-start=\"2048\" data-end=\"2178\">An\u0131nda dijital eri\u015fim elde edersiniz, b\u00f6ylece \u00e7ocu\u011funuz hemen okumaya ba\u015flayabilir.<br data-start=\"2130\" data-end=\"2133\" \/>Bas\u0131l\u0131 versiyonu d\u00fcnya \u00e7ap\u0131nda teslimat i\u00e7in mevcuttur.<\/p>\n<p data-start=\"2180\" data-end=\"2257\">Onlar\u0131n hat\u0131rlayaca\u011f\u0131 bir hikaye yarat\u0131n; \u00e7\u00fcnk\u00fc bu sefer kahraman onlar.<\/p>","protected":false},"excerpt":{"rendered":"<p>\u00c7ocu\u011funuzun kahraman oldu\u011fu, g\u00fczel resimlerle s\u00fcslenmi\u015f ki\u015fiselle\u015ftirilmi\u015f bir kitap. Ad\u0131na, g\u00f6r\u00fcn\u00fcm\u00fcne ve ki\u015fili\u011fine g\u00f6re uyarlanm\u0131\u015ft\u0131r. An\u0131nda dijital eri\u015fim; bas\u0131l\u0131 versiyonu mevcuttur.<\/p>","protected":false},"featured_media":6418,"comment_status":"open","ping_status":"closed","template":"","meta":{"_acf_changed":false,"site-sidebar-layout":"default","site-content-layout":"","ast-site-content-layout":"default","site-content-style":"default","site-sidebar-style":"default","ast-global-header-display":"","ast-banner-title-visibility":"","ast-main-header-display":"","ast-hfb-above-header-display":"","ast-hfb-below-header-display":"","ast-hfb-mobile-header-display":"","site-post-title":"","ast-breadcrumbs-content":"","ast-featured-img":"","footer-sml-layout":"","theme-transparent-header-meta":"default","adv-header-id-meta":"","stick-header-meta":"","header-above-stick-meta":"","header-main-stick-meta":"","header-below-stick-meta":"","astra-migrate-meta-layouts":"set","ast-page-background-enabled":"default","ast-page-background-meta":{"desktop":{"background-color":"var(--ast-global-color-5)","background-image":"","background-repeat":"repeat","background-position":"center center","background-size":"auto","background-attachment":"scroll","background-type":"","background-media":"","overlay-type":"","overlay-color":"","overlay-opacity":"","overlay-gradient":""},"tablet":{"background-color":"","background-image":"","background-repeat":"repeat","background-position":"center center","background-size":"auto","background-attachment":"scroll","background-type":"","background-media":"","overlay-type":"","overlay-color":"","overlay-opacity":"","overlay-gradient":""},"mobile":{"background-color":"","background-image":"","background-repeat":"repeat","background-position":"center center","background-size":"auto","background-attachment":"scroll","background-type":"","background-media":"","overlay-type":"","overlay-color":"","overlay-opacity":"","overlay-gradient":""}},"ast-content-background-meta":{"desktop":{"background-color":"var(--ast-global-color-4)","background-image":"","background-repeat":"repeat","background-position":"center center","background-size":"auto","background-attachment":"scroll","background-type":"","background-media":"","overlay-type":"","overlay-color":"","overlay-opacity":"","overlay-gradient":""},"tablet":{"background-color":"var(--ast-global-color-4)","background-image":"","background-repeat":"repeat","background-position":"center center","background-size":"auto","background-attachment":"scroll","background-type":"","background-media":"","overlay-type":"","overlay-color":"","overlay-opacity":"","overlay-gradient":""},"mobile":{"background-color":"var(--ast-global-color-4)","background-image":"","background-repeat":"repeat","background-position":"center center","background-size":"auto","background-attachment":"scroll","background-type":"","background-media":"","overlay-type":"","overlay-color":"","overlay-opacity":"","overlay-gradient":""}},"_glsr_average":4.8,"_glsr_ranking":4.76875,"_glsr_reviews":406},"product_brand":[],"product_cat":[168,18],"product_tag":[],"class_list":{"0":"post-4395","1":"product","2":"type-product","3":"status-publish","4":"has-post-thumbnail","6":"product_cat-digital-book","7":"product_cat-uncategorized","8":"desktop-align-left","9":"tablet-align-left","10":"mobile-align-left","12":"first","13":"instock","14":"downloadable","15":"taxable","16":"shipping-taxable","17":"purchasable","18":"product-type-simple"},"acf":[],"_links":{"self":[{"href":"https:\/\/mibooko.com\/tr\/wp-json\/wp\/v2\/product\/4395","targetHints":{"allow":["GET"]}}],"collection":[{"href":"https:\/\/mibooko.com\/tr\/wp-json\/wp\/v2\/product"}],"about":[{"href":"https:\/\/mibooko.com\/tr\/wp-json\/wp\/v2\/types\/product"}],"replies":[{"embeddable":true,"href":"https:\/\/mibooko.com\/tr\/wp-json\/wp\/v2\/comments?post=4395"}],"wp:featuredmedia":[{"embeddable":true,"href":"https:\/\/mibooko.com\/tr\/wp-json\/wp\/v2\/media\/6418"}],"wp:attachment":[{"href":"https:\/\/mibooko.com\/tr\/wp-json\/wp\/v2\/media?parent=4395"}],"wp:term":[{"taxonomy":"product_brand","embeddable":true,"href":"https:\/\/mibooko.com\/tr\/wp-json\/wp\/v2\/product_brand?post=4395"},{"taxonomy":"product_cat","embeddable":true,"href":"https:\/\/mibooko.com\/tr\/wp-json\/wp\/v2\/product_cat?post=4395"},{"taxonomy":"product_tag","embeddable":true,"href":"https:\/\/mibooko.com\/tr\/wp-json\/wp\/v2\/product_tag?post=4395"}],"curies":[{"name":"wp","href":"https:\/\/api.w.org\/{rel}","templated":true}]}}