{"id":4396,"date":"2025-11-07T14:45:43","date_gmt":"2025-11-07T13:45:43","guid":{"rendered":"https:\/\/mibooko.com\/?post_type=product&#038;p=4396"},"modified":"2026-03-18T19:55:27","modified_gmt":"2026-03-18T18:55:27","slug":"personalized-storybook-for-children","status":"publish","type":"product","link":"https:\/\/mibooko.com\/tr\/product\/personalized-storybook-for-children\/","title":{"rendered":"\u00c7ocuklar \u0130\u00e7in Ki\u015fiselle\u015ftirilmi\u015f Hikaye Kitab\u0131"},"content":{"rendered":"<p data-start=\"1732\" data-end=\"2040\">\u00c7ocu\u011funuza s\u00fcr\u00fckleyici bir okuma deneyimi sunun <strong data-start=\"1787\" data-end=\"1819\">tamamen ki\u015fiselle\u015ftirilmi\u015f hikaye kitab\u0131<\/strong> Ya\u015flar\u0131na, ki\u015filiklerine ve duygusal d\u00fcnyalar\u0131na g\u00f6re tasarland\u0131.<br data-start=\"1880\" data-end=\"1883\" \/>Zengin bir \u015fekilde geli\u015ftirilmi\u015f bu bask\u0131, \u00e7ocu\u011funuzu kendi maceras\u0131na \u00e7eken daha derin bir hikaye anlat\u0131m\u0131, daha detayl\u0131 sahneler ve etkileyici \u00e7izimler i\u00e7eriyor.<\/p>\n<p data-start=\"2042\" data-end=\"2054\">\u015eunlar i\u00e7in m\u00fckemmel:<\/p>\n<ul data-start=\"2055\" data-end=\"2221\">\n<li data-start=\"2055\" data-end=\"2086\">\n<p data-start=\"2057\" data-end=\"2086\">anlaml\u0131 yatma vakti rutinleri<\/p>\n<\/li>\n<li data-start=\"2087\" data-end=\"2113\">\n<p data-start=\"2089\" data-end=\"2113\">payla\u015f\u0131lan okuma anlar\u0131<\/p>\n<\/li>\n<li data-start=\"2114\" data-end=\"2161\">\n<p data-start=\"2116\" data-end=\"2161\">daha uzun, ilgi \u00e7ekici hikayelerden ho\u015flanan \u00e7ocuklar<\/p>\n<\/li>\n<li data-start=\"2162\" data-end=\"2221\">\n<p data-start=\"2164\" data-end=\"2221\">hayal g\u00fcc\u00fcn\u00fc, empatiyi ve duygusal g\u00fcveni geli\u015ftirmek<\/p>\n<\/li>\n<\/ul>\n<p data-start=\"2223\" data-end=\"2312\">Her MIBOOKO hikayesi, a\u015fa\u011f\u0131dakileri destekleyen ara\u015ft\u0131rmaya dayal\u0131 hikaye anlat\u0131m\u0131 ilkeleri kullan\u0131larak yarat\u0131l\u0131r:<\/p>\n<ul data-start=\"2313\" data-end=\"2403\">\n<li data-start=\"2313\" data-end=\"2337\">\n<p data-start=\"2315\" data-end=\"2337\">duygusal dayan\u0131kl\u0131l\u0131k<\/p>\n<\/li>\n<li data-start=\"2338\" data-end=\"2351\">\n<p data-start=\"2340\" data-end=\"2351\">merak<\/p>\n<\/li>\n<li data-start=\"2352\" data-end=\"2366\">\n<p data-start=\"2354\" data-end=\"2366\">kendinden emin<\/p>\n<\/li>\n<li data-start=\"2367\" data-end=\"2403\">\n<p data-start=\"2369\" data-end=\"2403\">erken okuryazarl\u0131k ve anlama<\/p>\n<\/li>\n<\/ul>\n<p data-start=\"2405\" data-end=\"2548\">Ald\u0131\u011f\u0131n\u0131z <strong data-start=\"2417\" data-end=\"2443\">an\u0131nda dijital eri\u015fim<\/strong> B\u00f6ylece \u00e7ocu\u011funuz hemen okumaya ba\u015flayabilir.<br data-start=\"2487\" data-end=\"2490\" \/>A <strong data-start=\"2492\" data-end=\"2547\">bas\u0131l\u0131 edisyon d\u00fcnya \u00e7ap\u0131nda teslimat i\u00e7in mevcuttur<\/strong>.<\/p>\n<p data-start=\"2550\" data-end=\"2627\">Unutamayacaklar\u0131 bir hikaye yarat\u0131n \u2014 \u00e7\u00fcnk\u00fc bu sefer, <strong data-start=\"2605\" data-end=\"2613\">Onlar<\/strong> kahramand\u0131r.<\/p>","protected":false},"excerpt":{"rendered":"<p>\u00c7ocu\u011funuzun kahraman oldu\u011fu, zengin resimlerle dolu ki\u015fiselle\u015ftirilmi\u015f bir hikaye kitab\u0131. Daha derin bir hikaye anlat\u0131m\u0131 ve canl\u0131 \u00e7izimlerle tasarland\u0131. An\u0131nda dijital eri\u015fim; bas\u0131l\u0131 edisyon d\u00fcnya \u00e7ap\u0131nda mevcuttur.<\/p>","protected":false},"featured_media":10244,"comment_status":"open","ping_status":"closed","template":"","meta":{"_acf_changed":false,"site-sidebar-layout":"default","site-content-layout":"","ast-site-content-layout":"default","site-content-style":"default","site-sidebar-style":"default","ast-global-header-display":"","ast-banner-title-visibility":"","ast-main-header-display":"","ast-hfb-above-header-display":"","ast-hfb-below-header-display":"","ast-hfb-mobile-header-display":"","site-post-title":"","ast-breadcrumbs-content":"","ast-featured-img":"","footer-sml-layout":"","theme-transparent-header-meta":"default","adv-header-id-meta":"","stick-header-meta":"","header-above-stick-meta":"","header-main-stick-meta":"","header-below-stick-meta":"","astra-migrate-meta-layouts":"set","ast-page-background-enabled":"default","ast-page-background-meta":{"desktop":{"background-color":"var(--ast-global-color-5)","background-image":"","background-repeat":"repeat","background-position":"center center","background-size":"auto","background-attachment":"scroll","background-type":"","background-media":"","overlay-type":"","overlay-color":"","overlay-opacity":"","overlay-gradient":""},"tablet":{"background-color":"","background-image":"","background-repeat":"repeat","background-position":"center center","background-size":"auto","background-attachment":"scroll","background-type":"","background-media":"","overlay-type":"","overlay-color":"","overlay-opacity":"","overlay-gradient":""},"mobile":{"background-color":"","background-image":"","background-repeat":"repeat","background-position":"center center","background-size":"auto","background-attachment":"scroll","background-type":"","background-media":"","overlay-type":"","overlay-color":"","overlay-opacity":"","overlay-gradient":""}},"ast-content-background-meta":{"desktop":{"background-color":"var(--ast-global-color-4)","background-image":"","background-repeat":"repeat","background-position":"center center","background-size":"auto","background-attachment":"scroll","background-type":"","background-media":"","overlay-type":"","overlay-color":"","overlay-opacity":"","overlay-gradient":""},"tablet":{"background-color":"var(--ast-global-color-4)","background-image":"","background-repeat":"repeat","background-position":"center center","background-size":"auto","background-attachment":"scroll","background-type":"","background-media":"","overlay-type":"","overlay-color":"","overlay-opacity":"","overlay-gradient":""},"mobile":{"background-color":"var(--ast-global-color-4)","background-image":"","background-repeat":"repeat","background-position":"center center","background-size":"auto","background-attachment":"scroll","background-type":"","background-media":"","overlay-type":"","overlay-color":"","overlay-opacity":"","overlay-gradient":""}},"_glsr_average":0,"_glsr_ranking":0,"_glsr_reviews":0},"product_brand":[],"product_cat":[168,18],"product_tag":[],"class_list":{"0":"post-4396","1":"product","2":"type-product","3":"status-publish","4":"has-post-thumbnail","6":"product_cat-digital-book","7":"product_cat-uncategorized","8":"desktop-align-left","9":"tablet-align-left","10":"mobile-align-left","12":"first","13":"instock","14":"downloadable","15":"taxable","16":"shipping-taxable","17":"purchasable","18":"product-type-simple"},"acf":[],"_links":{"self":[{"href":"https:\/\/mibooko.com\/tr\/wp-json\/wp\/v2\/product\/4396","targetHints":{"allow":["GET"]}}],"collection":[{"href":"https:\/\/mibooko.com\/tr\/wp-json\/wp\/v2\/product"}],"about":[{"href":"https:\/\/mibooko.com\/tr\/wp-json\/wp\/v2\/types\/product"}],"replies":[{"embeddable":true,"href":"https:\/\/mibooko.com\/tr\/wp-json\/wp\/v2\/comments?post=4396"}],"wp:featuredmedia":[{"embeddable":true,"href":"https:\/\/mibooko.com\/tr\/wp-json\/wp\/v2\/media\/10244"}],"wp:attachment":[{"href":"https:\/\/mibooko.com\/tr\/wp-json\/wp\/v2\/media?parent=4396"}],"wp:term":[{"taxonomy":"product_brand","embeddable":true,"href":"https:\/\/mibooko.com\/tr\/wp-json\/wp\/v2\/product_brand?post=4396"},{"taxonomy":"product_cat","embeddable":true,"href":"https:\/\/mibooko.com\/tr\/wp-json\/wp\/v2\/product_cat?post=4396"},{"taxonomy":"product_tag","embeddable":true,"href":"https:\/\/mibooko.com\/tr\/wp-json\/wp\/v2\/product_tag?post=4396"}],"curies":[{"name":"wp","href":"https:\/\/api.w.org\/{rel}","templated":true}]}}