{"id":4399,"date":"2025-11-07T15:05:56","date_gmt":"2025-11-07T14:05:56","guid":{"rendered":"https:\/\/mibooko.com\/?post_type=product&#038;p=4399"},"modified":"2026-03-18T19:55:13","modified_gmt":"2026-03-18T18:55:13","slug":"mystery-book-box-3-personalized-storybooks","status":"publish","type":"product","link":"https:\/\/mibooko.com\/tr\/product\/mystery-book-box-3-personalized-storybooks\/","title":{"rendered":"Mystery Book Box \u2013 \u00c7ocuklar \u0130\u00e7in 3 Ki\u015fiselle\u015ftirilmi\u015f Hikaye Kitab\u0131"},"content":{"rendered":"<p data-start=\"2228\" data-end=\"2428\">\u00c7ocu\u011funuza unutulmaz bir okuma deneyimi ya\u015fat\u0131n <strong data-start=\"2289\" data-end=\"2314\">Mystery Book Box<\/strong> \u2014 birinci s\u0131n\u0131f bir koleksiyon <strong data-start=\"2341\" data-end=\"2380\">\u00fc\u00e7 adet tamamen ki\u015fiselle\u015ftirilmi\u015f hikaye kitab\u0131<\/strong>, Her biri \u00e7ocu\u011funuzun benzersiz d\u00fcnyas\u0131 etraf\u0131nda tasarland\u0131.<\/p>\n<p data-start=\"2430\" data-end=\"2453\">Her hikaye kitab\u0131 \u015funlar\u0131 sunar:<\/p>\n<ul data-start=\"2454\" data-end=\"2562\">\n<li data-start=\"2454\" data-end=\"2477\">\n<p data-start=\"2456\" data-end=\"2477\">daha zengin hikaye anlat\u0131m\u0131<\/p>\n<\/li>\n<li data-start=\"2478\" data-end=\"2502\">\n<p data-start=\"2480\" data-end=\"2502\">daha detayl\u0131 sahneler<\/p>\n<\/li>\n<li data-start=\"2503\" data-end=\"2531\">\n<p data-start=\"2505\" data-end=\"2531\">etkileyici \u00e7izimler<\/p>\n<\/li>\n<li data-start=\"2532\" data-end=\"2562\">\n<p data-start=\"2534\" data-end=\"2562\">daha derin duygusal dalma<\/p>\n<\/li>\n<\/ul>\n<p data-start=\"2564\" data-end=\"2594\">\u015eunlar\u0131 seven aileler i\u00e7in m\u00fckemmel:<\/p>\n<ul data-start=\"2595\" data-end=\"2744\">\n<li data-start=\"2595\" data-end=\"2621\">\n<p data-start=\"2597\" data-end=\"2621\">daha uzun yatmadan \u00f6nce okuma<\/p>\n<\/li>\n<li data-start=\"2622\" data-end=\"2654\">\n<p data-start=\"2624\" data-end=\"2654\">ilgi \u00e7ekici, anlaml\u0131 hikayeler<\/p>\n<\/li>\n<li data-start=\"2655\" data-end=\"2693\">\n<p data-start=\"2657\" data-end=\"2693\">g\u00fczelce resmedilmi\u015f maceralar<\/p>\n<\/li>\n<li data-start=\"2694\" data-end=\"2744\">\n<p data-start=\"2696\" data-end=\"2744\">duygusal g\u00fcveni ve hayal g\u00fcc\u00fcn\u00fc beslemek<\/p>\n<\/li>\n<\/ul>\n<p data-start=\"2746\" data-end=\"3030\">Bu Mystery Book Box bir par\u00e7as\u0131d\u0131r <strong data-start=\"2786\" data-end=\"2802\">7 setlik seri<\/strong>, her set i\u00e7eren <strong data-start=\"2829\" data-end=\"2858\">3 ki\u015fiselle\u015ftirilmi\u015f hikaye kitab\u0131<\/strong>, toplam\u0131n\u0131 olu\u015fturan <strong data-start=\"2879\" data-end=\"2903\">21 benzersiz macera<\/strong>.<br data-start=\"2904\" data-end=\"2907\" \/>\u00c7ocu\u011funuz her zaman hikayenin kahraman\u0131 olarak, temalar, duygular, karakterler ve zorluklardan olu\u015fan bir k\u00fct\u00fcphaneyi ke\u015ffedebilir.<\/p>\n<p data-start=\"3032\" data-end=\"3126\">Her MIBOOKO hikaye kitab\u0131, a\u015fa\u011f\u0131dakileri destekleyen geli\u015fimsel hikaye anlat\u0131m\u0131 ilkeleri kullan\u0131larak olu\u015fturulur:<\/p>\n<ul data-start=\"3127\" data-end=\"3209\">\n<li data-start=\"3127\" data-end=\"3138\">\n<p data-start=\"3129\" data-end=\"3138\">empati<\/p>\n<\/li>\n<li data-start=\"3139\" data-end=\"3153\">\n<p data-start=\"3141\" data-end=\"3153\">dayan\u0131kl\u0131l\u0131k<\/p>\n<\/li>\n<li data-start=\"3154\" data-end=\"3167\">\n<p data-start=\"3156\" data-end=\"3167\">merak<\/p>\n<\/li>\n<li data-start=\"3168\" data-end=\"3183\">\n<p data-start=\"3170\" data-end=\"3183\">hayal g\u00fcc\u00fc<\/p>\n<\/li>\n<li data-start=\"3184\" data-end=\"3209\">\n<p data-start=\"3186\" data-end=\"3209\">erken okuryazarl\u0131k becerileri<\/p>\n<\/li>\n<\/ul>\n<p data-start=\"3211\" data-end=\"3342\">Ald\u0131\u011f\u0131n\u0131z <strong data-start=\"3223\" data-end=\"3249\">an\u0131nda dijital eri\u015fim<\/strong> \u00fc\u00e7 hikaye kitab\u0131na da.<br data-start=\"3274\" data-end=\"3277\" \/>\u00c7ocu\u011funuzun maceras\u0131 sipari\u015finizi tamamlad\u0131\u011f\u0131n\u0131z anda ba\u015flar.<\/p>\n<p data-start=\"3344\" data-end=\"3442\">Onlara birinci s\u0131n\u0131f bir okuma deneyimi sunun; zengin bir \u015fekilde haz\u0131rlanm\u0131\u015f \u00fc\u00e7 hikaye <strong data-start=\"3420\" data-end=\"3428\">Onlar<\/strong> kahramand\u0131r.<\/p>","protected":false},"excerpt":{"rendered":"<p>Zengin resimlerle bezeli \u00fc\u00e7 ki\u015fiselle\u015ftirilmi\u015f hik\u00e2ye kitab\u0131 i\u00e7eren birinci s\u0131n\u0131f bir s\u00fcrpriz kutu. Her hik\u00e2ye, \u00e7ocu\u011funuzu ad\u0131na, g\u00f6r\u00fcn\u00fcm\u00fcne ve ki\u015fili\u011fine \u00f6zel olarak haz\u0131rlanm\u0131\u015f, daha derin ve daha s\u00fcr\u00fckleyici bir maceran\u0131n merkezine yerle\u015ftiriyor. Toplam 21 benzersiz hik\u00e2ye kitab\u0131ndan olu\u015fan 7 setlik bir serinin par\u00e7as\u0131 olan bu kutu, \u00fc\u00e7 unutulmaz yolculu\u011fun kap\u0131lar\u0131n\u0131 a\u00e7\u0131yor. An\u0131nda dijital eri\u015fim dahildir.<\/p>","protected":false},"featured_media":0,"comment_status":"open","ping_status":"closed","template":"","meta":{"_acf_changed":false,"site-sidebar-layout":"default","site-content-layout":"","ast-site-content-layout":"default","site-content-style":"default","site-sidebar-style":"default","ast-global-header-display":"","ast-banner-title-visibility":"","ast-main-header-display":"","ast-hfb-above-header-display":"","ast-hfb-below-header-display":"","ast-hfb-mobile-header-display":"","site-post-title":"","ast-breadcrumbs-content":"","ast-featured-img":"","footer-sml-layout":"","theme-transparent-header-meta":"default","adv-header-id-meta":"","stick-header-meta":"","header-above-stick-meta":"","header-main-stick-meta":"","header-below-stick-meta":"","astra-migrate-meta-layouts":"set","ast-page-background-enabled":"default","ast-page-background-meta":{"desktop":{"background-color":"var(--ast-global-color-5)","background-image":"","background-repeat":"repeat","background-position":"center center","background-size":"auto","background-attachment":"scroll","background-type":"","background-media":"","overlay-type":"","overlay-color":"","overlay-opacity":"","overlay-gradient":""},"tablet":{"background-color":"","background-image":"","background-repeat":"repeat","background-position":"center center","background-size":"auto","background-attachment":"scroll","background-type":"","background-media":"","overlay-type":"","overlay-color":"","overlay-opacity":"","overlay-gradient":""},"mobile":{"background-color":"","background-image":"","background-repeat":"repeat","background-position":"center center","background-size":"auto","background-attachment":"scroll","background-type":"","background-media":"","overlay-type":"","overlay-color":"","overlay-opacity":"","overlay-gradient":""}},"ast-content-background-meta":{"desktop":{"background-color":"var(--ast-global-color-4)","background-image":"","background-repeat":"repeat","background-position":"center center","background-size":"auto","background-attachment":"scroll","background-type":"","background-media":"","overlay-type":"","overlay-color":"","overlay-opacity":"","overlay-gradient":""},"tablet":{"background-color":"var(--ast-global-color-4)","background-image":"","background-repeat":"repeat","background-position":"center center","background-size":"auto","background-attachment":"scroll","background-type":"","background-media":"","overlay-type":"","overlay-color":"","overlay-opacity":"","overlay-gradient":""},"mobile":{"background-color":"var(--ast-global-color-4)","background-image":"","background-repeat":"repeat","background-position":"center center","background-size":"auto","background-attachment":"scroll","background-type":"","background-media":"","overlay-type":"","overlay-color":"","overlay-opacity":"","overlay-gradient":""}},"_glsr_average":0,"_glsr_ranking":0,"_glsr_reviews":0},"product_brand":[],"product_cat":[168,18],"product_tag":[],"class_list":{"0":"post-4399","1":"product","2":"type-product","3":"status-publish","5":"product_cat-digital-book","6":"product_cat-uncategorized","7":"desktop-align-left","8":"tablet-align-left","9":"mobile-align-left","11":"first","12":"instock","13":"downloadable","14":"taxable","15":"shipping-taxable","16":"purchasable","17":"product-type-simple"},"acf":[],"_links":{"self":[{"href":"https:\/\/mibooko.com\/tr\/wp-json\/wp\/v2\/product\/4399","targetHints":{"allow":["GET"]}}],"collection":[{"href":"https:\/\/mibooko.com\/tr\/wp-json\/wp\/v2\/product"}],"about":[{"href":"https:\/\/mibooko.com\/tr\/wp-json\/wp\/v2\/types\/product"}],"replies":[{"embeddable":true,"href":"https:\/\/mibooko.com\/tr\/wp-json\/wp\/v2\/comments?post=4399"}],"wp:attachment":[{"href":"https:\/\/mibooko.com\/tr\/wp-json\/wp\/v2\/media?parent=4399"}],"wp:term":[{"taxonomy":"product_brand","embeddable":true,"href":"https:\/\/mibooko.com\/tr\/wp-json\/wp\/v2\/product_brand?post=4399"},{"taxonomy":"product_cat","embeddable":true,"href":"https:\/\/mibooko.com\/tr\/wp-json\/wp\/v2\/product_cat?post=4399"},{"taxonomy":"product_tag","embeddable":true,"href":"https:\/\/mibooko.com\/tr\/wp-json\/wp\/v2\/product_tag?post=4399"}],"curies":[{"name":"wp","href":"https:\/\/api.w.org\/{rel}","templated":true}]}}