{"id":4400,"date":"2025-11-07T15:10:02","date_gmt":"2025-11-07T14:10:02","guid":{"rendered":"https:\/\/mibooko.com\/?post_type=product&#038;p=4400"},"modified":"2026-03-18T19:54:50","modified_gmt":"2026-03-18T18:54:50","slug":"personalized-storybook-subscription-for-children","status":"publish","type":"product","link":"https:\/\/mibooko.com\/tr\/product\/personalized-storybook-subscription-for-children\/","title":{"rendered":"\u00c7ocuklar \u0130\u00e7in Ki\u015fiselle\u015ftirilmi\u015f Hikaye Kitab\u0131 Aboneli\u011fi"},"content":{"rendered":"<p data-start=\"2003\" data-end=\"2243\">\u00c7ocu\u011funuza anlaml\u0131, s\u00fcr\u00fckleyici okumalarla dolu bir y\u0131l verin <strong data-start=\"2080\" data-end=\"2119\">Ki\u015fiselle\u015ftirilmi\u015f Hikaye Kitab\u0131 Aboneli\u011fi<\/strong> \u2014 bir koleksiyon <strong data-start=\"2138\" data-end=\"2174\">12 zengin resimli hikaye kitab\u0131<\/strong>, Her biri kendi d\u00fcnyas\u0131na, ki\u015fili\u011fine ve geli\u015fimsel ihtiya\u00e7lar\u0131na g\u00f6re uyarlanm\u0131\u015ft\u0131r.<\/p>\n<p data-start=\"2245\" data-end=\"2303\">Standart kitaplardan farkl\u0131 olarak, her hikaye \u00e7ocu\u011funuzun:<\/p>\n<ul data-start=\"2304\" data-end=\"2474\">\n<li data-start=\"2304\" data-end=\"2346\">\n<p data-start=\"2306\" data-end=\"2346\">isim, g\u00f6r\u00fcn\u00fcm ve aile yap\u0131s\u0131<\/p>\n<\/li>\n<li data-start=\"2347\" data-end=\"2372\">\n<p data-start=\"2349\" data-end=\"2372\">ya\u015f ve okuma a\u015famas\u0131<\/p>\n<\/li>\n<li data-start=\"2373\" data-end=\"2395\">\n<p data-start=\"2375\" data-end=\"2395\">ki\u015filik \u00f6zellikleri<\/p>\n<\/li>\n<li data-start=\"2396\" data-end=\"2415\">\n<p data-start=\"2398\" data-end=\"2415\">duygusal ihtiya\u00e7lar<\/p>\n<\/li>\n<li data-start=\"2416\" data-end=\"2438\">\n<p data-start=\"2418\" data-end=\"2438\">g\u00fcncel zorluklar<\/p>\n<\/li>\n<li data-start=\"2439\" data-end=\"2474\">\n<p data-start=\"2441\" data-end=\"2474\">ilgi alanlar\u0131, korkular ve g\u00fc\u00e7l\u00fc y\u00f6nler<\/p>\n<\/li>\n<\/ul>\n<p data-start=\"2476\" data-end=\"2602\">Bu abonelik \u015fu konulara odaklan\u0131yor: <strong data-start=\"2505\" data-end=\"2544\">derin duygusal ve bili\u015fsel geli\u015fim<\/strong>, \u00c7ocuklar\u0131n \u015fu gibi becerileri uygulamalar\u0131na ve g\u00fc\u00e7lendirmelerine yard\u0131mc\u0131 olur:<\/p>\n<ul data-start=\"2603\" data-end=\"2798\">\n<li data-start=\"2603\" data-end=\"2637\">\n<p data-start=\"2605\" data-end=\"2637\">dayan\u0131kl\u0131l\u0131k ve \u00f6z g\u00fcven<\/p>\n<\/li>\n<li data-start=\"2638\" data-end=\"2662\">\n<p data-start=\"2640\" data-end=\"2662\">duygusal d\u00fczenleme<\/p>\n<\/li>\n<li data-start=\"2663\" data-end=\"2687\">\n<p data-start=\"2665\" data-end=\"2687\">empati ve nezaket<\/p>\n<\/li>\n<li data-start=\"2688\" data-end=\"2717\">\n<p data-start=\"2690\" data-end=\"2717\">merak ve hayal g\u00fcc\u00fc<\/p>\n<\/li>\n<li data-start=\"2718\" data-end=\"2737\">\n<p data-start=\"2720\" data-end=\"2737\">problem \u00e7\u00f6zme<\/p>\n<\/li>\n<li data-start=\"2738\" data-end=\"2773\">\n<p data-start=\"2740\" data-end=\"2773\">sosyal durumlar\u0131 anlamak<\/p>\n<\/li>\n<li data-start=\"2774\" data-end=\"2798\">\n<p data-start=\"2776\" data-end=\"2798\">sab\u0131r ve cesaret<\/p>\n<\/li>\n<\/ul>\n<p data-start=\"2800\" data-end=\"2913\">Her hikaye kitab\u0131 bir <strong data-start=\"2824\" data-end=\"2859\">daha uzun, daha ayr\u0131nt\u0131l\u0131 bir anlat\u0131m<\/strong> normal kitap bask\u0131s\u0131ndan daha iyi oldu\u011fundan, a\u015fa\u011f\u0131dakiler i\u00e7in m\u00fckemmeldir:<\/p>\n<ul data-start=\"2914\" data-end=\"3028\">\n<li data-start=\"2914\" data-end=\"2946\">\n<p data-start=\"2916\" data-end=\"2946\">yatmadan \u00f6nce hikaye anlatma rit\u00fcelleri<\/p>\n<\/li>\n<li data-start=\"2947\" data-end=\"2966\">\n<p data-start=\"2949\" data-end=\"2966\">me\u015fgul okuyucular<\/p>\n<\/li>\n<li data-start=\"2967\" data-end=\"2992\">\n<p data-start=\"2969\" data-end=\"2992\">duygusal geli\u015fim<\/p>\n<\/li>\n<li data-start=\"2993\" data-end=\"3028\">\n<p data-start=\"2995\" data-end=\"3028\">kal\u0131c\u0131 okuma al\u0131\u015fkanl\u0131klar\u0131 olu\u015fturmak<\/p>\n<\/li>\n<\/ul>\n<p data-start=\"3030\" data-end=\"3256\">\u00c7ocu\u011funuz her ay (veya her hafta, ya da her iki haftada bir) yeni bir d\u00fcnyaya ad\u0131m at\u0131yor; her zaman kahraman olarak; zorluklarla ba\u015fa \u00e7\u0131kmay\u0131, g\u00fc\u00e7l\u00fc y\u00f6nlerini kutlamay\u0131 ve s\u0131cak, kan\u0131ta dayal\u0131 hikaye anlat\u0131m\u0131 yoluyla duygular\u0131n\u0131 anlamay\u0131 \u00f6\u011freniyor.<\/p>\n<p data-start=\"3258\" data-end=\"3506\">Ald\u0131\u011f\u0131n\u0131z <strong data-start=\"3270\" data-end=\"3296\">an\u0131nda dijital eri\u015fim<\/strong> Her hikaye kitab\u0131 piyasaya \u00e7\u0131kt\u0131\u011f\u0131 anda \u00e7ocu\u011funuzu hemen ke\u015ffetmeye ba\u015flayabilmesi i\u00e7in.<br data-start=\"3388\" data-end=\"3391\" \/>Aboneli\u011finiz gelebilir <strong data-start=\"3420\" data-end=\"3430\">haftal\u0131k<\/strong>, <strong data-start=\"3432\" data-end=\"3445\">iki haftada bir<\/strong>, veya <strong data-start=\"3450\" data-end=\"3461\">ayl\u0131k<\/strong> Ailenizin ritmine g\u00f6re de\u011fi\u015fir.<\/p>\n<p data-start=\"3508\" data-end=\"3634\">\u00c7ocu\u011funuza, kim olaca\u011f\u0131n\u0131 destekleyen 12 g\u00fc\u00e7l\u00fc hikaye verin; her seferinde bir macera, bir ders, bir kahramanl\u0131k an\u0131.<\/p>\n<p data-start=\"3636\" data-end=\"3682\">\u00c7\u00fcnk\u00fc her hikayede, <strong data-start=\"3660\" data-end=\"3668\">Onlar<\/strong> kahramand\u0131r.<\/p>","protected":false},"excerpt":{"rendered":"<p>\u00c7ocu\u011funuza haftal\u0131k, iki haftada bir veya ayl\u0131k olarak teslim edilen, zengin g\u00f6rsellerle bezeli 12 ki\u015fiselle\u015ftirilmi\u015f hikaye kitab\u0131 hediye edin. Her s\u00fcr\u00fckleyici hikaye, duygusal becerilerin, \u00f6zg\u00fcvenin, dayan\u0131kl\u0131l\u0131\u011f\u0131n ve hayal g\u00fcc\u00fcn\u00fcn geli\u015fmesine yard\u0131mc\u0131 olur; her zaman \u00e7ocu\u011funuz kahraman olarak. Onlarla birlikte b\u00fcy\u00fcyen anlaml\u0131 bir okuma rit\u00fceli.<\/p>","protected":false},"featured_media":0,"comment_status":"open","ping_status":"closed","template":"","meta":{"_acf_changed":false,"site-sidebar-layout":"default","site-content-layout":"","ast-site-content-layout":"default","site-content-style":"default","site-sidebar-style":"default","ast-global-header-display":"","ast-banner-title-visibility":"","ast-main-header-display":"","ast-hfb-above-header-display":"","ast-hfb-below-header-display":"","ast-hfb-mobile-header-display":"","site-post-title":"","ast-breadcrumbs-content":"","ast-featured-img":"","footer-sml-layout":"","theme-transparent-header-meta":"default","adv-header-id-meta":"","stick-header-meta":"","header-above-stick-meta":"","header-main-stick-meta":"","header-below-stick-meta":"","astra-migrate-meta-layouts":"set","ast-page-background-enabled":"default","ast-page-background-meta":{"desktop":{"background-color":"var(--ast-global-color-5)","background-image":"","background-repeat":"repeat","background-position":"center center","background-size":"auto","background-attachment":"scroll","background-type":"","background-media":"","overlay-type":"","overlay-color":"","overlay-opacity":"","overlay-gradient":""},"tablet":{"background-color":"","background-image":"","background-repeat":"repeat","background-position":"center center","background-size":"auto","background-attachment":"scroll","background-type":"","background-media":"","overlay-type":"","overlay-color":"","overlay-opacity":"","overlay-gradient":""},"mobile":{"background-color":"","background-image":"","background-repeat":"repeat","background-position":"center center","background-size":"auto","background-attachment":"scroll","background-type":"","background-media":"","overlay-type":"","overlay-color":"","overlay-opacity":"","overlay-gradient":""}},"ast-content-background-meta":{"desktop":{"background-color":"var(--ast-global-color-4)","background-image":"","background-repeat":"repeat","background-position":"center center","background-size":"auto","background-attachment":"scroll","background-type":"","background-media":"","overlay-type":"","overlay-color":"","overlay-opacity":"","overlay-gradient":""},"tablet":{"background-color":"var(--ast-global-color-4)","background-image":"","background-repeat":"repeat","background-position":"center center","background-size":"auto","background-attachment":"scroll","background-type":"","background-media":"","overlay-type":"","overlay-color":"","overlay-opacity":"","overlay-gradient":""},"mobile":{"background-color":"var(--ast-global-color-4)","background-image":"","background-repeat":"repeat","background-position":"center center","background-size":"auto","background-attachment":"scroll","background-type":"","background-media":"","overlay-type":"","overlay-color":"","overlay-opacity":"","overlay-gradient":""}},"_glsr_average":0,"_glsr_ranking":0,"_glsr_reviews":0},"product_brand":[],"product_cat":[168,18],"product_tag":[],"class_list":{"0":"post-4400","1":"product","2":"type-product","3":"status-publish","5":"product_cat-digital-book","6":"product_cat-uncategorized","7":"desktop-align-left","8":"tablet-align-left","9":"mobile-align-left","11":"first","12":"instock","13":"taxable","14":"shipping-taxable","15":"purchasable","16":"product-type-variable"},"acf":[],"_links":{"self":[{"href":"https:\/\/mibooko.com\/tr\/wp-json\/wp\/v2\/product\/4400","targetHints":{"allow":["GET"]}}],"collection":[{"href":"https:\/\/mibooko.com\/tr\/wp-json\/wp\/v2\/product"}],"about":[{"href":"https:\/\/mibooko.com\/tr\/wp-json\/wp\/v2\/types\/product"}],"replies":[{"embeddable":true,"href":"https:\/\/mibooko.com\/tr\/wp-json\/wp\/v2\/comments?post=4400"}],"wp:attachment":[{"href":"https:\/\/mibooko.com\/tr\/wp-json\/wp\/v2\/media?parent=4400"}],"wp:term":[{"taxonomy":"product_brand","embeddable":true,"href":"https:\/\/mibooko.com\/tr\/wp-json\/wp\/v2\/product_brand?post=4400"},{"taxonomy":"product_cat","embeddable":true,"href":"https:\/\/mibooko.com\/tr\/wp-json\/wp\/v2\/product_cat?post=4400"},{"taxonomy":"product_tag","embeddable":true,"href":"https:\/\/mibooko.com\/tr\/wp-json\/wp\/v2\/product_tag?post=4400"}],"curies":[{"name":"wp","href":"https:\/\/api.w.org\/{rel}","templated":true}]}}