{"id":6012,"date":"2025-11-27T00:45:27","date_gmt":"2025-11-26T23:45:27","guid":{"rendered":"https:\/\/mibooko.com\/?post_type=product&#038;p=6012"},"modified":"2026-03-18T19:54:26","modified_gmt":"2026-03-18T18:54:26","slug":"special-moment-personalized-book","status":"publish","type":"product","link":"https:\/\/mibooko.com\/tr\/product\/special-moment-personalized-book\/","title":{"rendered":"\u00d6zel An Ki\u015fiselle\u015ftirilmi\u015f Kitap"},"content":{"rendered":"<p>\u00d6zel Anlar Kitab\u0131, en \u00f6nemli anlar\u0131 kutlamak, onurland\u0131rmak veya i\u015faretlemek i\u00e7in haz\u0131rlanm\u0131\u015f, tamamen ki\u015fiselle\u015ftirilmi\u015f bir \u00e7ocuk hikayesidir. \u0130ster ne\u015feli, ister \u015fenlikli, ister duygusal veya d\u00fc\u015f\u00fcnd\u00fcr\u00fcc\u00fc olsun, bu kitap se\u00e7ti\u011finiz an\u0131, \u00e7ocu\u011funuzun ana karakter oldu\u011fu, g\u00fczelce resimlendirilmi\u015f bir maceraya d\u00f6n\u00fc\u015ft\u00fcr\u00fcr.<\/p>\n<p>\u00c7ocu\u011funuzun ad\u0131n\u0131, g\u00f6r\u00fcn\u00fcm\u00fcn\u00fc ve yan\u0131nda g\u00f6r\u00fcnen aile \u00fcyelerini \u00f6zelle\u015ftirerek ba\u015flay\u0131n. Ki\u015fisel bir ithaf ekleyin, an\u0131n tonunu se\u00e7in ve hikayenin an\u0131nda uyarlanmas\u0131n\u0131 izleyin. Haz\u0131r oldu\u011funda, kitab\u0131n\u0131z kullan\u0131m\u0131 kolay PDF ve EPUB formatlar\u0131nda teslim edilir; herhangi bir cihazda okumak veya hat\u0131ra olarak evde yazd\u0131rmak i\u00e7in m\u00fckemmeldir. Dile ba\u011fl\u0131 olarak iste\u011fe ba\u011fl\u0131 metinden sese anlat\u0131m da mevcut olabilir.<\/p>\n<p>Bu say\u0131, olay\u0131n \u00f6z\u00fcn\u00fc yakalayan, k\u0131sa ve i\u00e7ten bir hikaye isteyen ebeveynler i\u00e7in idealdir.<\/p>\n<p><strong>Hikaye Olu\u015fturabilece\u011finiz Durumlar<\/strong><\/p>\n<p>\u00d6zel Anlar Kitab\u0131m\u0131z \u015fu anda a\u015fa\u011f\u0131dakiler de dahil olmak \u00fczere \u00e7ok \u00e7e\u015fitli aile ve k\u00fclt\u00fcrel etkinlikleri desteklemektedir:<\/p>\n<ul>\n<li>Do\u011fum g\u00fcn\u00fc<\/li>\n<li>Noel<\/li>\n<li>Y\u0131lba\u015f\u0131<\/li>\n<li>Paskalya<\/li>\n<li>Ramazan Bayram\u0131n\u0131z M\u00fcbarek olsun<\/li>\n<li>Chag Sameach<\/li>\n<li>\u0130sim G\u00fcn\u00fc<\/li>\n<li>anneler g\u00fcn\u00fc<\/li>\n<li>Babalar G\u00fcn\u00fc<\/li>\n<li>\u00c7ocuk Bayram\u0131<\/li>\n<li>Yeni Bebek \/ D\u00fcnyaya Ho\u015f Geldiniz<\/li>\n<li>Cad\u0131lar Bayram\u0131<\/li>\n<li>Divali<\/li>\n<li>Sevgililer G\u00fcn\u00fc<\/li>\n<li>Ay Yeni Y\u0131l\u0131 (Ate\u015f At\u0131 Temas\u0131)<\/li>\n<li>Cenaze \/ Veda \/ Anma \u2014 nazik, rahatlat\u0131c\u0131 hikaye anlat\u0131m\u0131<\/li>\n<\/ul>\n<p>An\u0131n\u0131z listelenmemi\u015fse, ki\u015fiselle\u015ftirme s\u0131ras\u0131nda &quot;Di\u011fer Durum&quot; se\u00e7ene\u011fini belirleyip senaryonuzu a\u00e7\u0131klayabilirsiniz. Sistemimiz, hikayeyi ailenizin ihtiya\u00e7lar\u0131na g\u00f6re uyarlayacakt\u0131r.<br \/>\n<strong>Aileler Neden \u00d6zel Anlar Kitab\u0131n\u0131 Seviyor?<\/strong><\/p>\n<ul>\n<li>\u00d6nemli anlar veya duygusal ge\u00e7i\u015fler i\u00e7in anlaml\u0131 bir hat\u0131ra<\/li>\n<li>Ki\u015fiselle\u015ftirilmi\u015f kahraman, aile ve mesaj<\/li>\n<li>\u00d6zel g\u00fcnlerinize \u00f6zel, yumu\u015fak hikaye tonlar\u0131<\/li>\n<li>An\u0131nda eri\u015fim \u2014 kargo gerekmez<\/li>\n<li>Aileler, akrabalar ve d\u00fc\u015f\u00fcnceli hediye verenler i\u00e7in m\u00fckemmel<\/li>\n<\/ul>\n<p>Bu kitap, \u00e7ocu\u011funuzla birlikte b\u00fcy\u00fcyen de\u011ferli bir an\u0131ya d\u00f6n\u00fc\u015f\u00fcyor; ailenizin hikaye anlatma gelene\u011finin bir par\u00e7as\u0131 olarak her y\u0131l geri d\u00f6necekleri bir \u015fey.<\/p>","protected":false},"excerpt":{"rendered":"<p>Do\u011fum g\u00fcnleri, tatiller, yeni do\u011fan bebekler veya anma gibi \u00f6zel anlar i\u00e7in ki\u015fiselle\u015ftirilmi\u015f bir \u00e7ocuk kitab\u0131. \u00c7ocu\u011funuzun ad\u0131n\u0131, g\u00f6r\u00fcn\u00fcm\u00fcn\u00fc, aile \u00fcyelerini ve ithaf\u0131n\u0131 \u00f6zelle\u015ftirin. Evde yazd\u0131rma veya dijital okuma i\u00e7in an\u0131nda PDF ve EPUB format\u0131nda teslim edilir.<\/p>","protected":false},"featured_media":0,"comment_status":"open","ping_status":"closed","template":"","meta":{"_acf_changed":false,"site-sidebar-layout":"default","site-content-layout":"","ast-site-content-layout":"default","site-content-style":"default","site-sidebar-style":"default","ast-global-header-display":"","ast-banner-title-visibility":"","ast-main-header-display":"","ast-hfb-above-header-display":"","ast-hfb-below-header-display":"","ast-hfb-mobile-header-display":"","site-post-title":"","ast-breadcrumbs-content":"","ast-featured-img":"","footer-sml-layout":"","theme-transparent-header-meta":"default","adv-header-id-meta":"","stick-header-meta":"","header-above-stick-meta":"","header-main-stick-meta":"","header-below-stick-meta":"","astra-migrate-meta-layouts":"set","ast-page-background-enabled":"default","ast-page-background-meta":{"desktop":{"background-color":"var(--ast-global-color-5)","background-image":"","background-repeat":"repeat","background-position":"center center","background-size":"auto","background-attachment":"scroll","background-type":"","background-media":"","overlay-type":"","overlay-color":"","overlay-opacity":"","overlay-gradient":""},"tablet":{"background-color":"","background-image":"","background-repeat":"repeat","background-position":"center center","background-size":"auto","background-attachment":"scroll","background-type":"","background-media":"","overlay-type":"","overlay-color":"","overlay-opacity":"","overlay-gradient":""},"mobile":{"background-color":"","background-image":"","background-repeat":"repeat","background-position":"center center","background-size":"auto","background-attachment":"scroll","background-type":"","background-media":"","overlay-type":"","overlay-color":"","overlay-opacity":"","overlay-gradient":""}},"ast-content-background-meta":{"desktop":{"background-color":"var(--ast-global-color-4)","background-image":"","background-repeat":"repeat","background-position":"center center","background-size":"auto","background-attachment":"scroll","background-type":"","background-media":"","overlay-type":"","overlay-color":"","overlay-opacity":"","overlay-gradient":""},"tablet":{"background-color":"var(--ast-global-color-4)","background-image":"","background-repeat":"repeat","background-position":"center center","background-size":"auto","background-attachment":"scroll","background-type":"","background-media":"","overlay-type":"","overlay-color":"","overlay-opacity":"","overlay-gradient":""},"mobile":{"background-color":"var(--ast-global-color-4)","background-image":"","background-repeat":"repeat","background-position":"center center","background-size":"auto","background-attachment":"scroll","background-type":"","background-media":"","overlay-type":"","overlay-color":"","overlay-opacity":"","overlay-gradient":""}},"_glsr_average":0,"_glsr_ranking":0,"_glsr_reviews":0},"product_brand":[],"product_cat":[168,18],"product_tag":[],"class_list":{"0":"post-6012","1":"product","2":"type-product","3":"status-publish","5":"product_cat-digital-book","6":"product_cat-uncategorized","7":"desktop-align-left","8":"tablet-align-left","9":"mobile-align-left","11":"first","12":"instock","13":"downloadable","14":"taxable","15":"shipping-taxable","16":"purchasable","17":"product-type-simple"},"acf":[],"_links":{"self":[{"href":"https:\/\/mibooko.com\/tr\/wp-json\/wp\/v2\/product\/6012","targetHints":{"allow":["GET"]}}],"collection":[{"href":"https:\/\/mibooko.com\/tr\/wp-json\/wp\/v2\/product"}],"about":[{"href":"https:\/\/mibooko.com\/tr\/wp-json\/wp\/v2\/types\/product"}],"replies":[{"embeddable":true,"href":"https:\/\/mibooko.com\/tr\/wp-json\/wp\/v2\/comments?post=6012"}],"wp:attachment":[{"href":"https:\/\/mibooko.com\/tr\/wp-json\/wp\/v2\/media?parent=6012"}],"wp:term":[{"taxonomy":"product_brand","embeddable":true,"href":"https:\/\/mibooko.com\/tr\/wp-json\/wp\/v2\/product_brand?post=6012"},{"taxonomy":"product_cat","embeddable":true,"href":"https:\/\/mibooko.com\/tr\/wp-json\/wp\/v2\/product_cat?post=6012"},{"taxonomy":"product_tag","embeddable":true,"href":"https:\/\/mibooko.com\/tr\/wp-json\/wp\/v2\/product_tag?post=6012"}],"curies":[{"name":"wp","href":"https:\/\/api.w.org\/{rel}","templated":true}]}}