{"id":6013,"date":"2025-11-27T00:56:33","date_gmt":"2025-11-26T23:56:33","guid":{"rendered":"https:\/\/mibooko.com\/?post_type=product&#038;p=6013"},"modified":"2026-03-18T19:54:06","modified_gmt":"2026-03-18T18:54:06","slug":"special-moment-personalized-storybook","status":"publish","type":"product","link":"https:\/\/mibooko.com\/tr\/product\/special-moment-personalized-storybook\/","title":{"rendered":"\u00d6zel An Ki\u015fiselle\u015ftirilmi\u015f Hikaye Kitab\u0131"},"content":{"rendered":"<p data-start=\"2842\" data-end=\"3189\">The <strong data-start=\"2846\" data-end=\"2874\">\u00d6zel An Hikaye Kitab\u0131<\/strong> Anlaml\u0131 bir olay etraf\u0131nda daha derin ve daha etkileyici bir anlat\u0131m isteyen aileler i\u00e7in tasarlanm\u0131\u015f, geni\u015fletilmi\u015f ve zengin resimli bir \u00e7ocuk hikayesidir. Daha fazla sahne, incelikli duygusal ge\u00e7i\u015fler ve ekstra resim detaylar\u0131yla bu hikaye kitab\u0131, \u00e7ocu\u011funuzun kahraman oldu\u011fu b\u00fcy\u00fcleyici bir okuma deneyimi yarat\u0131r.<\/p>\n<p data-start=\"3191\" data-end=\"3644\">\u00c7ocu\u011funuzun ad\u0131n\u0131, g\u00f6r\u00fcn\u00fcm\u00fcn\u00fc ve aile \u00fcyelerini ki\u015fiselle\u015ftirin, ard\u0131ndan duygusal tonu ayarlamak i\u00e7in i\u00e7ten bir ithaf ekleyin. Hikaye, ister parlak ve ne\u015feli ister yumu\u015fak ve rahatlat\u0131c\u0131 olsun, se\u00e7ti\u011finiz ana uyum sa\u011flar. Tamamland\u0131\u011f\u0131nda, ki\u015fiselle\u015ftirilmi\u015f hikaye kitab\u0131n\u0131z\u0131 an\u0131nda alacaks\u0131n\u0131z. <strong data-start=\"3486\" data-end=\"3510\">PDF ve EPUB formatlar\u0131<\/strong>, dijital okuma veya evde birinci s\u0131n\u0131f bask\u0131 i\u00e7in haz\u0131r. \u0130ste\u011fe ba\u011fl\u0131 <strong data-start=\"3573\" data-end=\"3590\">TTS anlat\u0131m\u0131<\/strong> Ayr\u0131ca sunulmaktad\u0131r.<\/p>\n<p data-start=\"3646\" data-end=\"3803\">Bu hikaye kitab\u0131, daha derin bir ba\u011f kurmak, duygusal anlay\u0131\u015f\u0131 beslemek veya \u00f6nemli bir ya\u015fam an\u0131n\u0131 \u00f6zenle korumak isteyen aileler i\u00e7in idealdir.<\/p>\n<h3 data-start=\"3805\" data-end=\"3832\"><strong data-start=\"3809\" data-end=\"3832\">Desteklenen Durumlar<\/strong><\/h3>\n<p data-start=\"3833\" data-end=\"3939\">T\u00fcm \u00f6nemli aile, k\u00fclt\u00fcr ve duygusal etkinlikler i\u00e7in ki\u015fiselle\u015ftirilmi\u015f bir hikaye kitab\u0131 olu\u015fturabilirsiniz. Bunlara \u015funlar dahildir:<\/p>\n<ul data-start=\"3941\" data-end=\"4335\">\n<li data-start=\"3941\" data-end=\"3957\">\n<p data-start=\"3943\" data-end=\"3957\">Do\u011fum g\u00fcn\u00fc<\/p>\n<\/li>\n<li data-start=\"3958\" data-end=\"3975\">\n<p data-start=\"3960\" data-end=\"3975\">Noel<\/p>\n<\/li>\n<li data-start=\"3976\" data-end=\"3992\">\n<p data-start=\"3978\" data-end=\"3992\">Y\u0131lba\u015f\u0131<\/p>\n<\/li>\n<li data-start=\"3993\" data-end=\"4007\">\n<p data-start=\"3995\" data-end=\"4007\">Paskalya<\/p>\n<\/li>\n<li data-start=\"4008\" data-end=\"4027\">\n<p data-start=\"4010\" data-end=\"4027\">Ramazan Bayram\u0131n\u0131z M\u00fcbarek olsun<\/p>\n<\/li>\n<li data-start=\"4028\" data-end=\"4048\">\n<p data-start=\"4030\" data-end=\"4048\">Chag Sameach<\/p>\n<\/li>\n<li data-start=\"4049\" data-end=\"4065\">\n<p data-start=\"4051\" data-end=\"4065\">\u0130sim G\u00fcn\u00fc<\/p>\n<\/li>\n<li data-start=\"4066\" data-end=\"4086\">\n<p data-start=\"4068\" data-end=\"4086\">anneler g\u00fcn\u00fc<\/p>\n<\/li>\n<li data-start=\"4087\" data-end=\"4107\">\n<p data-start=\"4089\" data-end=\"4107\">Babalar G\u00fcn\u00fc<\/p>\n<\/li>\n<li data-start=\"4108\" data-end=\"4130\">\n<p data-start=\"4110\" data-end=\"4130\">\u00c7ocuk Bayram\u0131<\/p>\n<\/li>\n<li data-start=\"4131\" data-end=\"4155\">\n<p data-start=\"4133\" data-end=\"4155\">Yeni Bebek Geli\u015fi<\/p>\n<\/li>\n<li data-start=\"4156\" data-end=\"4173\">\n<p data-start=\"4158\" data-end=\"4173\">Cad\u0131lar Bayram\u0131<\/p>\n<\/li>\n<li data-start=\"4174\" data-end=\"4188\">\n<p data-start=\"4176\" data-end=\"4188\">Divali<\/p>\n<\/li>\n<li data-start=\"4189\" data-end=\"4212\">\n<p data-start=\"4191\" data-end=\"4212\">Sevgililer G\u00fcn\u00fc<\/p>\n<\/li>\n<li data-start=\"4213\" data-end=\"4248\">\n<p data-start=\"4215\" data-end=\"4248\">Ay Yeni Y\u0131l\u0131 (Ate\u015f At\u0131)<\/p>\n<\/li>\n<li data-start=\"4249\" data-end=\"4335\">\n<p data-start=\"4251\" data-end=\"4335\">Cenaze \/ Veda \/ An\u0131 Defteri \u2014 gen\u00e7 okuyucular i\u00e7in hassasiyetle tasarland\u0131<\/p>\n<\/li>\n<\/ul>\n<p data-start=\"4337\" data-end=\"4449\">Ayr\u0131ca se\u00e7ebilirsiniz <strong data-start=\"4357\" data-end=\"4377\">\u201c&quot;Di\u011fer Durum&quot;\u201d<\/strong> E\u011fer a\u015fa\u011f\u0131daki gibi benzersiz bir aile d\u00f6n\u00fcm noktas\u0131 etraf\u0131nda olu\u015fturulmu\u015f bir hikaye istiyorsan\u0131z:<\/p>\n<ul data-start=\"4450\" data-end=\"4589\">\n<li data-start=\"4450\" data-end=\"4473\">\n<p data-start=\"4452\" data-end=\"4473\">Okulun ilk g\u00fcn\u00fc<\/p>\n<\/li>\n<li data-start=\"4474\" data-end=\"4500\">\n<p data-start=\"4476\" data-end=\"4500\">Hastal\u0131ktan sonra iyile\u015fme<\/p>\n<\/li>\n<li data-start=\"4501\" data-end=\"4516\">\n<p data-start=\"4503\" data-end=\"4516\">Ev ta\u015f\u0131ma<\/p>\n<\/li>\n<li data-start=\"4517\" data-end=\"4533\">\n<p data-start=\"4519\" data-end=\"4533\">Evlat edinme g\u00fcn\u00fc<\/p>\n<\/li>\n<li data-start=\"4534\" data-end=\"4558\">\n<p data-start=\"4536\" data-end=\"4558\">\u00d6zel ba\u015far\u0131lar<\/p>\n<\/li>\n<li data-start=\"4559\" data-end=\"4589\">\n<p data-start=\"4561\" data-end=\"4589\">Aile toplant\u0131lar\u0131 veya seyahatler<\/p>\n<\/li>\n<\/ul>\n<h3 data-start=\"4591\" data-end=\"4636\">Aileler Neden Hikaye Kitab\u0131 S\u00fcr\u00fcm\u00fcn\u00fc Se\u00e7iyor?<\/h3>\n<ul data-start=\"4637\" data-end=\"4977\">\n<li data-start=\"4637\" data-end=\"4689\">\n<p data-start=\"4639\" data-end=\"4689\">Geni\u015fletilmi\u015f sahnelerle daha derin bir anlat\u0131 deneyimi<\/p>\n<\/li>\n<li data-start=\"4690\" data-end=\"4746\">\n<p data-start=\"4692\" data-end=\"4746\">Daha zengin duygusal etki i\u00e7in ek \u00e7izimler<\/p>\n<\/li>\n<li data-start=\"4747\" data-end=\"4796\">\n<p data-start=\"4749\" data-end=\"4796\">An\u0131lar, rit\u00fceller ve rit\u00fceller i\u00e7in idealdir<\/p>\n<\/li>\n<li data-start=\"4797\" data-end=\"4847\">\n<p data-start=\"4799\" data-end=\"4847\">Ki\u015fiselle\u015ftirilmi\u015f kahraman, aile kadrosu ve \u00f6zveri<\/p>\n<\/li>\n<li data-start=\"4848\" data-end=\"4903\">\n<p data-start=\"4850\" data-end=\"4903\">An\u0131nda dijital teslimat \u2014 bug\u00fcn okuyun, sonsuza dek tasarruf edin<\/p>\n<\/li>\n<li data-start=\"4904\" data-end=\"4977\">\n<p data-start=\"4906\" data-end=\"4977\">Kutlamalar, ge\u00e7i\u015fler ve \u015fifa anlar\u0131 i\u00e7in kal\u0131c\u0131 bir hat\u0131ra<\/p>\n<\/li>\n<\/ul>\n<p data-start=\"4979\" data-end=\"5140\">\u00d6zel An Hikaye Kitab\u0131 bir hikayeden \u00e7ok daha fazlas\u0131 haline geliyor; payla\u015f\u0131lan duygusal yolculu\u011funuzun bir par\u00e7as\u0131 olarak bir y\u0131ldan di\u011ferine aktar\u0131lan bir aile eserine d\u00f6n\u00fc\u015f\u00fcyor.<\/p>","protected":false},"excerpt":{"rendered":"<p>Hayat\u0131n en anlaml\u0131 anlar\u0131 i\u00e7in haz\u0131rlanm\u0131\u015f, zengin resimlerle bezeli, ki\u015fiselle\u015ftirilmi\u015f bir \u00e7ocuk hik\u00e2ye kitab\u0131. \u00c7ocu\u011funuzun ad\u0131n\u0131, d\u0131\u015f g\u00f6r\u00fcn\u00fc\u015f\u00fcn\u00fc, ailesini ve i\u00e7ten bir \u00f6zveriyi ekleyerek hik\u00e2yeyi ger\u00e7ekten unutulmaz k\u0131l\u0131n.<\/p>","protected":false},"featured_media":0,"comment_status":"open","ping_status":"closed","template":"","meta":{"_acf_changed":false,"site-sidebar-layout":"default","site-content-layout":"","ast-site-content-layout":"default","site-content-style":"default","site-sidebar-style":"default","ast-global-header-display":"","ast-banner-title-visibility":"","ast-main-header-display":"","ast-hfb-above-header-display":"","ast-hfb-below-header-display":"","ast-hfb-mobile-header-display":"","site-post-title":"","ast-breadcrumbs-content":"","ast-featured-img":"","footer-sml-layout":"","theme-transparent-header-meta":"default","adv-header-id-meta":"","stick-header-meta":"","header-above-stick-meta":"","header-main-stick-meta":"","header-below-stick-meta":"","astra-migrate-meta-layouts":"set","ast-page-background-enabled":"default","ast-page-background-meta":{"desktop":{"background-color":"var(--ast-global-color-5)","background-image":"","background-repeat":"repeat","background-position":"center center","background-size":"auto","background-attachment":"scroll","background-type":"","background-media":"","overlay-type":"","overlay-color":"","overlay-opacity":"","overlay-gradient":""},"tablet":{"background-color":"","background-image":"","background-repeat":"repeat","background-position":"center center","background-size":"auto","background-attachment":"scroll","background-type":"","background-media":"","overlay-type":"","overlay-color":"","overlay-opacity":"","overlay-gradient":""},"mobile":{"background-color":"","background-image":"","background-repeat":"repeat","background-position":"center center","background-size":"auto","background-attachment":"scroll","background-type":"","background-media":"","overlay-type":"","overlay-color":"","overlay-opacity":"","overlay-gradient":""}},"ast-content-background-meta":{"desktop":{"background-color":"var(--ast-global-color-4)","background-image":"","background-repeat":"repeat","background-position":"center center","background-size":"auto","background-attachment":"scroll","background-type":"","background-media":"","overlay-type":"","overlay-color":"","overlay-opacity":"","overlay-gradient":""},"tablet":{"background-color":"var(--ast-global-color-4)","background-image":"","background-repeat":"repeat","background-position":"center center","background-size":"auto","background-attachment":"scroll","background-type":"","background-media":"","overlay-type":"","overlay-color":"","overlay-opacity":"","overlay-gradient":""},"mobile":{"background-color":"var(--ast-global-color-4)","background-image":"","background-repeat":"repeat","background-position":"center center","background-size":"auto","background-attachment":"scroll","background-type":"","background-media":"","overlay-type":"","overlay-color":"","overlay-opacity":"","overlay-gradient":""}},"_glsr_average":0,"_glsr_ranking":0,"_glsr_reviews":0},"product_brand":[],"product_cat":[168,18],"product_tag":[],"class_list":{"0":"post-6013","1":"product","2":"type-product","3":"status-publish","5":"product_cat-digital-book","6":"product_cat-uncategorized","7":"desktop-align-left","8":"tablet-align-left","9":"mobile-align-left","11":"first","12":"instock","13":"downloadable","14":"taxable","15":"shipping-taxable","16":"purchasable","17":"product-type-simple"},"acf":[],"_links":{"self":[{"href":"https:\/\/mibooko.com\/tr\/wp-json\/wp\/v2\/product\/6013","targetHints":{"allow":["GET"]}}],"collection":[{"href":"https:\/\/mibooko.com\/tr\/wp-json\/wp\/v2\/product"}],"about":[{"href":"https:\/\/mibooko.com\/tr\/wp-json\/wp\/v2\/types\/product"}],"replies":[{"embeddable":true,"href":"https:\/\/mibooko.com\/tr\/wp-json\/wp\/v2\/comments?post=6013"}],"wp:attachment":[{"href":"https:\/\/mibooko.com\/tr\/wp-json\/wp\/v2\/media?parent=6013"}],"wp:term":[{"taxonomy":"product_brand","embeddable":true,"href":"https:\/\/mibooko.com\/tr\/wp-json\/wp\/v2\/product_brand?post=6013"},{"taxonomy":"product_cat","embeddable":true,"href":"https:\/\/mibooko.com\/tr\/wp-json\/wp\/v2\/product_cat?post=6013"},{"taxonomy":"product_tag","embeddable":true,"href":"https:\/\/mibooko.com\/tr\/wp-json\/wp\/v2\/product_tag?post=6013"}],"curies":[{"name":"wp","href":"https:\/\/api.w.org\/{rel}","templated":true}]}}