{"id":9667,"date":"2026-02-27T23:04:40","date_gmt":"2026-02-27T22:04:40","guid":{"rendered":"https:\/\/mibooko.com\/?post_type=product&#038;p=9667"},"modified":"2026-03-18T19:51:09","modified_gmt":"2026-03-18T18:51:09","slug":"free-personalized-book-for-children","status":"publish","type":"product","link":"https:\/\/mibooko.com\/tr\/product\/free-personalized-book-for-children\/","title":{"rendered":"\u00c7ocuklar i\u00e7in \u00dccretsiz Ki\u015fiselle\u015ftirilmi\u015f Kitap"},"content":{"rendered":"<p data-start=\"45\" data-end=\"161\">\u00c7ocuklar i\u00e7in \u00dccretsiz Ki\u015fiselle\u015ftirilmi\u015f Kitap: \u00c7ocu\u011funuza tamamen ki\u015fiselle\u015ftirilmi\u015f bir \u00f6yk\u00fc kitab\u0131n\u0131n 8 sayfal\u0131k ilk b\u00f6l\u00fcm\u00fcyle b\u00fcy\u00fcl\u00fc bir okuma deneyimi ya\u015fat\u0131n.<\/p>\n<p data-start=\"163\" data-end=\"386\">Bu b\u00f6l\u00fcm, \u00e7ocu\u011funuzu kahraman olarak tan\u0131t\u0131yor ve maceray\u0131 ba\u015flat\u0131yor; b\u00f6ylece hikayeye Sonsuz Kitap (b\u00f6l\u00fcm b\u00f6l\u00fcm) veya tam uzunlukta bir kitap olarak devam etmeye karar vermeden \u00f6nce deneyimi birka\u00e7 dakika i\u00e7inde test edebilirsiniz.<\/p>\n<h3 data-start=\"388\" data-end=\"403\">M\u00fckemmel<\/h3>\n<ul data-start=\"404\" data-end=\"567\">\n<li data-start=\"404\" data-end=\"428\">\n<p data-start=\"406\" data-end=\"428\">h\u0131zl\u0131 bir yatmadan \u00f6nce okuma kitab\u0131<\/p>\n<\/li>\n<li data-start=\"429\" data-end=\"469\">\n<p data-start=\"431\" data-end=\"469\">Sat\u0131n almadan \u00f6nce ki\u015fiselle\u015ftirmeyi denemek<\/p>\n<\/li>\n<li data-start=\"470\" data-end=\"515\">\n<p data-start=\"472\" data-end=\"515\">Dikkat s\u00fcreleri daha k\u0131sa olan k\u00fc\u00e7\u00fck \u00e7ocuklar<\/p>\n<\/li>\n<li data-start=\"516\" data-end=\"567\">\n<p data-start=\"518\" data-end=\"567\">basit bir g\u00fcnl\u00fck okuma rit\u00fceli isteyen aileler<\/p>\n<\/li>\n<\/ul>\n<h3 data-start=\"569\" data-end=\"597\">Ki\u015fiselle\u015ftirebilece\u011finiz \u015feyler<\/h3>\n<ul data-start=\"598\" data-end=\"819\">\n<li data-start=\"598\" data-end=\"637\">\n<p data-start=\"600\" data-end=\"637\">\u00e7ocu\u011fun ad\u0131 ve g\u00f6r\u00fcn\u00fcm\u00fc<\/p>\n<\/li>\n<li data-start=\"638\" data-end=\"673\">\n<p data-start=\"640\" data-end=\"673\">ya\u015f (okuma zevkine uygun olmas\u0131 i\u00e7in)<\/p>\n<\/li>\n<li data-start=\"674\" data-end=\"700\">\n<p data-start=\"676\" data-end=\"700\">ill\u00fcstrasyon stili<\/p>\n<\/li>\n<li data-start=\"701\" data-end=\"723\">\n<p data-start=\"703\" data-end=\"723\">hikaye dili<\/p>\n<\/li>\n<li data-start=\"724\" data-end=\"750\">\n<p data-start=\"726\" data-end=\"750\">k\u0131sa bir ithaf<\/p>\n<\/li>\n<li data-start=\"751\" data-end=\"819\">\n<p data-start=\"753\" data-end=\"819\">\u0130ste\u011fe ba\u011fl\u0131 ek kahramanlar ve \u00f6zel e\u015fyalar (mevcutsa)<\/p>\n<\/li>\n<\/ul>\n<h3 data-start=\"821\" data-end=\"846\">Hikaye anlat\u0131m\u0131 yakla\u015f\u0131m\u0131<\/h3>\n<p data-start=\"847\" data-end=\"1009\">MIBOOKO \u00f6yk\u00fcleri, ara\u015ft\u0131rmaya dayal\u0131 olarak ve hayal g\u00fcc\u00fcn\u00fc, \u00f6zg\u00fcveni, duygusal kelime da\u011farc\u0131\u011f\u0131n\u0131 ve merak\u0131 te\u015fvik edecek \u015fekilde tasarlanm\u0131\u015ft\u0131r; ancak bir ders gibi hissettirmez.<\/p>\n<h3 data-start=\"1011\" data-end=\"1031\">Ne alacaks\u0131n\u0131z?<\/h3>\n<ul data-start=\"1032\" data-end=\"1209\">\n<li data-start=\"1032\" data-end=\"1092\">\n<p data-start=\"1034\" data-end=\"1092\">\u00dccretsiz b\u00f6l\u00fcme (8 sayfa) an\u0131nda dijital eri\u015fim.<\/p>\n<\/li>\n<li data-start=\"1093\" data-end=\"1145\">\n<p data-start=\"1095\" data-end=\"1145\">Birlikte payla\u015fmak i\u00e7in ak\u0131c\u0131 bir okuma deneyimi.<\/p>\n<\/li>\n<li data-start=\"1146\" data-end=\"1209\">\n<p data-start=\"1148\" data-end=\"1209\">\u00c7ocu\u011funuz seviyorsa hikayeye devam etmek i\u00e7in kolay bir yol.<\/p>\n<\/li>\n<\/ul>\n<p data-start=\"1211\" data-end=\"1310\">\u0130lk b\u00f6l\u00fcme hemen \u015fimdi ba\u015flay\u0131n, \u00e7\u00fcnk\u00fc en g\u00fczel hikayeler \u00e7ocu\u011funuzun kahraman oldu\u011fu hikayelerdir.<\/p>","protected":false},"excerpt":{"rendered":"<p data-start=\"1477\" data-end=\"1685\">\u00c7ocu\u011funuzun ba\u015frolde oldu\u011fu, 8 sayfal\u0131k ki\u015fiselle\u015ftirilmi\u015f \u00fccretsiz \u00f6yk\u00fc kitab\u0131 b\u00f6l\u00fcm\u00fc. \u0130sim, g\u00f6r\u00fcn\u00fcm, ya\u015f, dil ve \u00e7izim stilini \u00f6zelle\u015ftirin. An\u0131nda dijital eri\u015fim\u2014sonsuz kitap veya tam \u00f6yk\u00fc olarak istedi\u011finiz zaman devam edin.<\/p>","protected":false},"featured_media":6418,"comment_status":"open","ping_status":"closed","template":"","meta":{"_acf_changed":false,"site-sidebar-layout":"default","site-content-layout":"","ast-site-content-layout":"default","site-content-style":"default","site-sidebar-style":"default","ast-global-header-display":"","ast-banner-title-visibility":"","ast-main-header-display":"","ast-hfb-above-header-display":"","ast-hfb-below-header-display":"","ast-hfb-mobile-header-display":"","site-post-title":"","ast-breadcrumbs-content":"","ast-featured-img":"","footer-sml-layout":"","theme-transparent-header-meta":"default","adv-header-id-meta":"","stick-header-meta":"","header-above-stick-meta":"","header-main-stick-meta":"","header-below-stick-meta":"","astra-migrate-meta-layouts":"set","ast-page-background-enabled":"default","ast-page-background-meta":{"desktop":{"background-color":"var(--ast-global-color-5)","background-image":"","background-repeat":"repeat","background-position":"center center","background-size":"auto","background-attachment":"scroll","background-type":"","background-media":"","overlay-type":"","overlay-color":"","overlay-opacity":"","overlay-gradient":""},"tablet":{"background-color":"","background-image":"","background-repeat":"repeat","background-position":"center center","background-size":"auto","background-attachment":"scroll","background-type":"","background-media":"","overlay-type":"","overlay-color":"","overlay-opacity":"","overlay-gradient":""},"mobile":{"background-color":"","background-image":"","background-repeat":"repeat","background-position":"center center","background-size":"auto","background-attachment":"scroll","background-type":"","background-media":"","overlay-type":"","overlay-color":"","overlay-opacity":"","overlay-gradient":""}},"ast-content-background-meta":{"desktop":{"background-color":"var(--ast-global-color-4)","background-image":"","background-repeat":"repeat","background-position":"center center","background-size":"auto","background-attachment":"scroll","background-type":"","background-media":"","overlay-type":"","overlay-color":"","overlay-opacity":"","overlay-gradient":""},"tablet":{"background-color":"var(--ast-global-color-4)","background-image":"","background-repeat":"repeat","background-position":"center center","background-size":"auto","background-attachment":"scroll","background-type":"","background-media":"","overlay-type":"","overlay-color":"","overlay-opacity":"","overlay-gradient":""},"mobile":{"background-color":"var(--ast-global-color-4)","background-image":"","background-repeat":"repeat","background-position":"center center","background-size":"auto","background-attachment":"scroll","background-type":"","background-media":"","overlay-type":"","overlay-color":"","overlay-opacity":"","overlay-gradient":""}},"_glsr_average":0,"_glsr_ranking":0,"_glsr_reviews":0},"product_brand":[],"product_cat":[168,18],"product_tag":[],"class_list":{"0":"post-9667","1":"product","2":"type-product","3":"status-publish","4":"has-post-thumbnail","6":"product_cat-digital-book","7":"product_cat-uncategorized","8":"desktop-align-left","9":"tablet-align-left","10":"mobile-align-left","12":"first","13":"instock","14":"downloadable","15":"taxable","16":"shipping-taxable","17":"purchasable","18":"product-type-simple"},"acf":[],"_links":{"self":[{"href":"https:\/\/mibooko.com\/tr\/wp-json\/wp\/v2\/product\/9667","targetHints":{"allow":["GET"]}}],"collection":[{"href":"https:\/\/mibooko.com\/tr\/wp-json\/wp\/v2\/product"}],"about":[{"href":"https:\/\/mibooko.com\/tr\/wp-json\/wp\/v2\/types\/product"}],"replies":[{"embeddable":true,"href":"https:\/\/mibooko.com\/tr\/wp-json\/wp\/v2\/comments?post=9667"}],"wp:featuredmedia":[{"embeddable":true,"href":"https:\/\/mibooko.com\/tr\/wp-json\/wp\/v2\/media\/6418"}],"wp:attachment":[{"href":"https:\/\/mibooko.com\/tr\/wp-json\/wp\/v2\/media?parent=9667"}],"wp:term":[{"taxonomy":"product_brand","embeddable":true,"href":"https:\/\/mibooko.com\/tr\/wp-json\/wp\/v2\/product_brand?post=9667"},{"taxonomy":"product_cat","embeddable":true,"href":"https:\/\/mibooko.com\/tr\/wp-json\/wp\/v2\/product_cat?post=9667"},{"taxonomy":"product_tag","embeddable":true,"href":"https:\/\/mibooko.com\/tr\/wp-json\/wp\/v2\/product_tag?post=9667"}],"curies":[{"name":"wp","href":"https:\/\/api.w.org\/{rel}","templated":true}]}}